{"id":15182,"date":"2025-07-21T21:24:14","date_gmt":"2025-07-21T19:24:14","guid":{"rendered":"https:\/\/guitar2amp.de\/?post_type=product&#038;p=15182"},"modified":"2025-10-31T21:03:46","modified_gmt":"2025-10-31T20:03:46","slug":"1991-tom-anderson-classic-s-burgundy-mist-2","status":"publish","type":"product","link":"https:\/\/guitar2amp.de\/index.php\/pl\/product\/1991-tom-anderson-classic-s-burgundy-mist-2\/","title":{"rendered":"1991 Tom Anderson Classic S Burgundy Mist [USED]"},"content":{"rendered":"<h3 data-start=\"115\" data-end=\"157\">Tom Anderson Classic S \u2013 Burgundy Mist<\/h3>\n<p data-start=\"159\" data-end=\"454\"><strong data-start=\"159\" data-end=\"187\">Tom Anderson Guitarworks<\/strong> to legenda kalifornijskiej klasy boutique \u2013 gitara budowana od lat 80. r\u0119cznie, z dba\u0142o\u015bci\u0105 o ka\u017cdy szczeg\u00f3\u0142. Wybierana przez profesjonalist\u00f3w na scenach i w studiach na ca\u0142ym \u015bwiecie dzi\u0119ki bezkompromisowej jako\u015bci, \u015bwietnym materia\u0142om i genialnemu uczuciu w d\u0142oni.<\/p>\n<hr data-start=\"456\" data-end=\"459\" \/>\n<h3 data-start=\"461\" data-end=\"486\">Klasyka z charakterem<\/h3>\n<p data-start=\"488\" data-end=\"772\">Model <strong data-start=\"494\" data-end=\"507\">Classic S<\/strong> to klasyczna Stratocasterowa forma \u2013 z korpusem z olchy, gryfem z klonu (satynowana tylna cz\u0119\u015b\u0107) i podstrunnic\u0105 z palisandru. Ca\u0142o\u015b\u0107 w eleganckim wyko\u0144czeniu <strong data-start=\"666\" data-end=\"683\">Burgundy Mist<\/strong>, z g\u0142\u00f3wk\u0105 lakierowan\u0105 pod kolor korpusu, co nadaje instrumentowi stylowy, sp\u00f3jny wygl\u0105d.<\/p>\n<hr data-start=\"774\" data-end=\"777\" \/>\n<h3 data-start=\"779\" data-end=\"806\">Wszechstronno\u015b\u0107 tonalna<\/h3>\n<p data-start=\"808\" data-end=\"1100\">Na pok\u0142adzie znajdziemy trzy przetworniki: <strong data-start=\"851\" data-end=\"865\">SK1 (neck)<\/strong>, <strong data-start=\"867\" data-end=\"884\">SK1R (middle)<\/strong> i <strong data-start=\"887\" data-end=\"903\">SK2 (bridge)<\/strong>, z prze\u0142\u0105cznikiem umo\u017cliwiaj\u0105cym ustawienie w trybie serii lub split. Rezultat? Szeroka paleta brzmieniowa \u2013 od szklistego, czystego Stratowego czaru po gruby, pe\u0142ny d\u017awi\u0119k zbli\u017cony do humbuckera.<\/p>\n<hr data-start=\"1102\" data-end=\"1105\" \/>\n<h3 data-start=\"1107\" data-end=\"1134\">Specyfikacja techniczna<\/h3>\n<ul data-start=\"1136\" data-end=\"1535\">\n<li data-start=\"1136\" data-end=\"1170\">\n<p data-start=\"1138\" data-end=\"1170\"><strong data-start=\"1138\" data-end=\"1149\">Korpus:<\/strong> olcha, 2-cz\u0119\u015bciowy<\/p>\n<\/li>\n<li data-start=\"1171\" data-end=\"1205\">\n<p data-start=\"1173\" data-end=\"1205\"><strong data-start=\"1173\" data-end=\"1182\">Gryf:<\/strong> klon, satynowany ty\u0142<\/p>\n<\/li>\n<li data-start=\"1206\" data-end=\"1238\">\n<p data-start=\"1208\" data-end=\"1238\"><strong data-start=\"1208\" data-end=\"1225\">Podstrunnica:<\/strong> palisander<\/p>\n<\/li>\n<li data-start=\"1239\" data-end=\"1268\">\n<p data-start=\"1241\" data-end=\"1268\"><strong data-start=\"1241\" data-end=\"1252\">Finish:<\/strong> Burgundy Mist<\/p>\n<\/li>\n<li data-start=\"1269\" data-end=\"1291\">\n<p data-start=\"1271\" data-end=\"1291\"><strong data-start=\"1271\" data-end=\"1283\">Mensura:<\/strong> 25,5&#8243;<\/p>\n<\/li>\n<li data-start=\"1292\" data-end=\"1326\">\n<p data-start=\"1294\" data-end=\"1326\"><strong data-start=\"1294\" data-end=\"1317\">Szeroko\u015b\u0107 siode\u0142ka:<\/strong> 1\u202f5\/8&#8243;<\/p>\n<\/li>\n<li data-start=\"1327\" data-end=\"1374\">\n<p data-start=\"1329\" data-end=\"1374\"><strong data-start=\"1329\" data-end=\"1341\">Pickupy:<\/strong> SK1 \/ SK1R \/ SK2, Series\/Split (Switcheroo)<\/p>\n<\/li>\n<li data-start=\"1375\" data-end=\"1408\">\n<p data-start=\"1377\" data-end=\"1408\"><strong data-start=\"1377\" data-end=\"1388\">Mostek:<\/strong> klasyczne tremolo<\/p>\n<\/li>\n<li data-start=\"1409\" data-end=\"1429\">\n<p data-start=\"1411\" data-end=\"1429\"><strong data-start=\"1411\" data-end=\"1421\">Progi:<\/strong> heavy<\/p>\n<\/li>\n<li data-start=\"1430\" data-end=\"1457\">\n<p data-start=\"1432\" data-end=\"1457\"><strong data-start=\"1432\" data-end=\"1444\">Osprz\u0119t:<\/strong> chromowany<\/p>\n<\/li>\n<li data-start=\"1458\" data-end=\"1503\">\n<p data-start=\"1460\" data-end=\"1503\"><strong data-start=\"1460\" data-end=\"1469\">Stan:<\/strong> \u015bwietny, zadbana, gotowa do gry<\/p>\n<\/li>\n<li data-start=\"1504\" data-end=\"1535\">\n<p data-start=\"1506\" data-end=\"1535\"><strong data-start=\"1506\" data-end=\"1517\">Zestaw:<\/strong> firmowy hard case<\/p>\n<\/li>\n<\/ul>\n<hr data-start=\"1537\" data-end=\"1540\" \/>\n<h3 data-start=\"1542\" data-end=\"1561\">Kto j\u0105 pokocha?<\/h3>\n<p data-start=\"1563\" data-end=\"1709\">Doskonale sprawdzi si\u0119 jako guitar stage weapon lub narz\u0119dzie do nagra\u0144 studyjnych \u2013 dla gitarzyst\u00f3w wymagaj\u0105cych tonu, komfortu i stylu w jednym.<\/p>\n<hr data-start=\"1711\" data-end=\"1714\" \/>\n<p data-start=\"1716\" data-end=\"1920\">Sprz\u0119t dost\u0119pny w <strong data-start=\"1734\" data-end=\"1748\">Guitar2Amp<\/strong>, Twoim miejscu na wyj\u0105tkowe instrumenty boutique i custom. Skontaktuj si\u0119, je\u015bli chcesz zobaczy\u0107 wi\u0119cej zdj\u0119\u0107, przetestowa\u0107 gitar\u0119 lub potrzebujesz dodatkowych informacji.<\/p>\n","protected":false},"excerpt":{"rendered":"<h3 data-start=\"115\" data-end=\"157\">Tom Anderson Classic S \u2013 Burgundy Mist<\/h3>\n<p data-start=\"159\" data-end=\"454\"><strong data-start=\"159\" data-end=\"187\">Tom Anderson Guitarworks<\/strong> to legenda kalifornijskiej klasy boutique \u2013 gitara budowana od lat 80. r\u0119cznie, z dba\u0142o\u015bci\u0105 o ka\u017cdy szczeg\u00f3\u0142. Wybierana przez profesjonalist\u00f3w na scenach i w studiach na ca\u0142ym \u015bwiecie dzi\u0119ki bezkompromisowej jako\u015bci, \u015bwietnym materia\u0142om i genialnemu uczuciu w d\u0142oni.<\/p>\n","protected":false},"featured_media":15183,"template":"","meta":{"_monsterinsights_skip_tracking":false,"_monsterinsights_sitenote_active":false,"_monsterinsights_sitenote_note":"","_monsterinsights_sitenote_category":0,"_uf_show_specific_survey":0,"_uf_disable_surveys":false,"_kadence_starter_templates_imported_post":false,"_kad_post_transparent":"default","_kad_post_title":"","_kad_post_layout":"default","_kad_post_sidebar_id":"","_kad_post_content_style":"default","_kad_post_vertical_padding":"default","_kad_post_feature":"","_kad_post_feature_position":"","_kad_post_header":false,"_kad_post_footer":false,"_kad_post_classname":""},"product_brand":[],"product_cat":[3265,3261],"product_tag":[],"class_list":{"0":"post-15182","1":"product","2":"type-product","3":"status-publish","4":"has-post-thumbnail","6":"product_cat-elektryczne-pl","7":"product_cat-gitary","9":"first","10":"instock","11":"shipping-taxable","12":"purchasable","13":"product-type-simple","14":"entry","15":"content-bg","16":"loop-entry"},"jetpack_sharing_enabled":true,"_links":{"self":[{"href":"https:\/\/guitar2amp.de\/index.php\/wp-json\/wp\/v2\/product\/15182","targetHints":{"allow":["GET"]}}],"collection":[{"href":"https:\/\/guitar2amp.de\/index.php\/wp-json\/wp\/v2\/product"}],"about":[{"href":"https:\/\/guitar2amp.de\/index.php\/wp-json\/wp\/v2\/types\/product"}],"wp:featuredmedia":[{"embeddable":true,"href":"https:\/\/guitar2amp.de\/index.php\/wp-json\/wp\/v2\/media\/15183"}],"wp:attachment":[{"href":"https:\/\/guitar2amp.de\/index.php\/wp-json\/wp\/v2\/media?parent=15182"}],"wp:term":[{"taxonomy":"product_brand","embeddable":true,"href":"https:\/\/guitar2amp.de\/index.php\/wp-json\/wp\/v2\/product_brand?post=15182"},{"taxonomy":"product_cat","embeddable":true,"href":"https:\/\/guitar2amp.de\/index.php\/wp-json\/wp\/v2\/product_cat?post=15182"},{"taxonomy":"product_tag","embeddable":true,"href":"https:\/\/guitar2amp.de\/index.php\/wp-json\/wp\/v2\/product_tag?post=15182"}],"curies":[{"name":"wp","href":"https:\/\/api.w.org\/{rel}","templated":true}]}}