{"id":15417,"date":"2025-08-29T10:34:23","date_gmt":"2025-08-29T08:34:23","guid":{"rendered":"https:\/\/guitar2amp.de\/?post_type=product&#038;p=15417"},"modified":"2025-08-29T10:37:29","modified_gmt":"2025-08-29T08:37:29","slug":"nik-huber-surfmeister-custom-2","status":"publish","type":"product","link":"https:\/\/guitar2amp.de\/index.php\/pl\/product\/nik-huber-surfmeister-custom-2\/","title":{"rendered":"Nik Huber Surfmeister Custom"},"content":{"rendered":"<h3 data-start=\"130\" data-end=\"200\"><strong data-start=\"134\" data-end=\"198\">Nik Huber Surfmeister Custom \u2013 Semi-Hollow (Tiger Eye Burst)<\/strong><\/h3>\n<p data-start=\"202\" data-end=\"281\"><strong data-start=\"202\" data-end=\"279\">Nowo\u015b\u0107 w Guitar2Amp \u2013 oficjalnym dystrybutorze Nik Huber Guitars w Polsce<\/strong><\/p>\n<p data-start=\"283\" data-end=\"543\">Nik Huber Surfmeister to wyj\u0105tkowa gitara semi-hollow, \u0142\u0105cz\u0105ca w sobie elegancj\u0119 klasycznego designu z nowoczesn\u0105 funkcjonalno\u015bci\u0105. Prezentowany egzemplarz to <strong data-start=\"442\" data-end=\"459\">wersja Custom<\/strong>, zam\u00f3wiona z wieloma p\u0142atnymi opcjami, niedost\u0119pnymi w standardowej specyfikacji.<\/p>\n<p data-start=\"545\" data-end=\"761\">Gitara zachwyca zar\u00f3wno wizualnie, jak i brzmieniowo \u2013 ultralekka (zaledwie <strong data-start=\"621\" data-end=\"632\">2,43 kg<\/strong>) i niezwykle rezonuj\u0105ca. Semi-hollow body wzbogaca d\u017awi\u0119k o bogate harmoniczne, zachowuj\u0105c jednocze\u015bnie klarowno\u015b\u0107 i dynamik\u0119.<\/p>\n<hr data-start=\"763\" data-end=\"766\" \/>\n<h4 data-start=\"768\" data-end=\"791\"><strong data-start=\"773\" data-end=\"789\">Specyfikacja<\/strong><\/h4>\n<ul data-start=\"792\" data-end=\"1420\">\n<li data-start=\"792\" data-end=\"830\">\n<p data-start=\"794\" data-end=\"830\"><strong data-start=\"794\" data-end=\"807\">Top Wood:<\/strong> Exotic Curly Redwood<\/p>\n<\/li>\n<li data-start=\"831\" data-end=\"872\">\n<p data-start=\"833\" data-end=\"872\"><strong data-start=\"833\" data-end=\"847\">Body Wood:<\/strong> Mahogany (semi-hollow)<\/p>\n<\/li>\n<li data-start=\"873\" data-end=\"900\">\n<p data-start=\"875\" data-end=\"900\"><strong data-start=\"875\" data-end=\"889\">Neck Wood:<\/strong> Mahogany<\/p>\n<\/li>\n<li data-start=\"901\" data-end=\"933\">\n<p data-start=\"903\" data-end=\"933\"><strong data-start=\"903\" data-end=\"918\">Neck Carve:<\/strong> Std. Dolphin<\/p>\n<\/li>\n<li data-start=\"934\" data-end=\"975\">\n<p data-start=\"936\" data-end=\"975\"><strong data-start=\"936\" data-end=\"952\">Fingerboard:<\/strong> East Indian Rosewood<\/p>\n<\/li>\n<li data-start=\"976\" data-end=\"1000\">\n<p data-start=\"978\" data-end=\"1000\"><strong data-start=\"978\" data-end=\"992\">Headstock:<\/strong> Ebony<\/p>\n<\/li>\n<li data-start=\"1001\" data-end=\"1047\">\n<p data-start=\"1003\" data-end=\"1047\"><strong data-start=\"1003\" data-end=\"1014\">Inlays:<\/strong> Silver Rings (Sterling Silver)<\/p>\n<\/li>\n<li data-start=\"1048\" data-end=\"1120\">\n<p data-start=\"1050\" data-end=\"1120\"><strong data-start=\"1050\" data-end=\"1070\">Colour \/ Finish:<\/strong> Tiger Eye Burst (wysoki po\u0142ysk), burstowany ty\u0142<\/p>\n<\/li>\n<li data-start=\"1121\" data-end=\"1176\">\n<p data-start=\"1123\" data-end=\"1176\"><strong data-start=\"1123\" data-end=\"1135\">Pickups:<\/strong> H. H\u00e4ussel \u2013 Vin+ (bridge), Vin (neck)<\/p>\n<\/li>\n<li data-start=\"1177\" data-end=\"1226\">\n<p data-start=\"1179\" data-end=\"1226\"><strong data-start=\"1179\" data-end=\"1190\">Tuners:<\/strong> Nik Huber \/ Schaller M6 Open Gear<\/p>\n<\/li>\n<li data-start=\"1227\" data-end=\"1262\">\n<p data-start=\"1229\" data-end=\"1262\"><strong data-start=\"1229\" data-end=\"1240\">Bridge:<\/strong> Nik Huber Stop Tail<\/p>\n<\/li>\n<li data-start=\"1263\" data-end=\"1287\">\n<p data-start=\"1265\" data-end=\"1287\"><strong data-start=\"1265\" data-end=\"1275\">Knobs:<\/strong> Bell Gold<\/p>\n<\/li>\n<li data-start=\"1288\" data-end=\"1327\">\n<p data-start=\"1290\" data-end=\"1327\"><strong data-start=\"1290\" data-end=\"1304\">Backplate:<\/strong> East Indian Rosewood<\/p>\n<\/li>\n<li data-start=\"1328\" data-end=\"1361\">\n<p data-start=\"1330\" data-end=\"1361\"><strong data-start=\"1330\" data-end=\"1340\">Setup:<\/strong> .010 \/ .046 Elixir<\/p>\n<\/li>\n<li data-start=\"1362\" data-end=\"1392\">\n<p data-start=\"1364\" data-end=\"1392\"><strong data-start=\"1364\" data-end=\"1380\">Final Check:<\/strong> Nik Huber<\/p>\n<\/li>\n<li data-start=\"1393\" data-end=\"1420\">\n<p data-start=\"1395\" data-end=\"1420\"><strong data-start=\"1395\" data-end=\"1404\">Waga:<\/strong> tylko 2,43 kg<\/p>\n<\/li>\n<\/ul>\n<hr data-start=\"1422\" data-end=\"1425\" \/>\n<h4 data-start=\"1427\" data-end=\"1463\"><strong data-start=\"1432\" data-end=\"1461\">O marce Nik Huber Guitars<\/strong><\/h4>\n<p data-start=\"1464\" data-end=\"1838\">Nik Huber Guitars to niemiecka manufaktura dzia\u0142aj\u0105ca od 1996 roku. To marka s\u0142yn\u0105ca z perfekcyjnego rzemios\u0142a, selekcji najlepszych materia\u0142\u00f3w i niezwyk\u0142ej dba\u0142o\u015bci o detale. Ka\u017cdy instrument budowany jest r\u0119cznie w ma\u0142ych ilo\u015bciach, a czas oczekiwania na zam\u00f3wienia si\u0119ga wielu miesi\u0119cy. Gitary Hubera uznawane s\u0105 za jedne z najlepszych instrument\u00f3w boutique na \u015bwiecie.<\/p>\n<hr data-start=\"1840\" data-end=\"1843\" \/>\n<h4 data-start=\"1845\" data-end=\"1903\"><strong data-start=\"1850\" data-end=\"1901\">Guitar2Amp \u2013 oficjalny dealer Nik Huber Guitars<\/strong><\/h4>\n<p data-start=\"1904\" data-end=\"2158\">Jako autoryzowany dystrybutor oferujemy zar\u00f3wno instrumenty dost\u0119pne od r\u0119ki, jak i mo\u017cliwo\u015b\u0107 indywidualnych zam\u00f3wie\u0144 customowych prosto z warsztatu Nik Hubera. Ka\u017cdy instrument obj\u0119ty jest pe\u0142n\u0105 gwarancj\u0105 producenta oraz sprzedawany z faktur\u0105 VAT 23%.<\/p>\n","protected":false},"excerpt":{"rendered":"<h3 data-start=\"130\" data-end=\"200\"><strong data-start=\"134\" data-end=\"198\">Nik Huber Surfmeister Custom \u2013 Semi-Hollow (Tiger Eye Burst)<\/strong><\/h3>\n<p data-start=\"202\" data-end=\"281\"><strong data-start=\"202\" data-end=\"279\">Nowo\u015b\u0107 w Guitar2Amp \u2013 oficjalnym dystrybutorze Nik Huber Guitars w Polsce<\/strong><\/p>\n<p data-start=\"283\" data-end=\"543\">Nik Huber Surfmeister to wyj\u0105tkowa gitara semi-hollow, \u0142\u0105cz\u0105ca w sobie elegancj\u0119 klasycznego designu z nowoczesn\u0105 funkcjonalno\u015bci\u0105. Prezentowany egzemplarz to <strong data-start=\"442\" data-end=\"459\">wersja Custom<\/strong>, zam\u00f3wiona z wieloma p\u0142atnymi opcjami, niedost\u0119pnymi w standardowej specyfikacji.<\/p>\n<p data-start=\"545\" data-end=\"761\">Gitara zachwyca zar\u00f3wno wizualnie, jak i brzmieniowo \u2013 ultralekka (zaledwie <strong data-start=\"621\" data-end=\"632\">2,43 kg<\/strong>) i niezwykle rezonuj\u0105ca. Semi-hollow body wzbogaca d\u017awi\u0119k o bogate harmoniczne, zachowuj\u0105c jednocze\u015bnie klarowno\u015b\u0107 i dynamik\u0119.<\/p>\n","protected":false},"featured_media":15418,"template":"","meta":{"_monsterinsights_skip_tracking":false,"_monsterinsights_sitenote_active":false,"_monsterinsights_sitenote_note":"","_monsterinsights_sitenote_category":0,"_uf_show_specific_survey":0,"_uf_disable_surveys":false,"_kadence_starter_templates_imported_post":false,"_kad_post_transparent":"default","_kad_post_title":"","_kad_post_layout":"default","_kad_post_sidebar_id":"","_kad_post_content_style":"default","_kad_post_vertical_padding":"default","_kad_post_feature":"","_kad_post_feature_position":"","_kad_post_header":false,"_kad_post_footer":false,"_kad_post_classname":""},"product_brand":[],"product_cat":[4898],"product_tag":[],"class_list":{"0":"post-15417","1":"product","2":"type-product","3":"status-publish","4":"has-post-thumbnail","6":"product_cat-nik_huber_pl","8":"first","9":"onbackorder","10":"shipping-taxable","11":"purchasable","12":"product-type-simple","13":"entry","14":"content-bg","15":"loop-entry"},"jetpack_sharing_enabled":true,"_links":{"self":[{"href":"https:\/\/guitar2amp.de\/index.php\/wp-json\/wp\/v2\/product\/15417","targetHints":{"allow":["GET"]}}],"collection":[{"href":"https:\/\/guitar2amp.de\/index.php\/wp-json\/wp\/v2\/product"}],"about":[{"href":"https:\/\/guitar2amp.de\/index.php\/wp-json\/wp\/v2\/types\/product"}],"wp:featuredmedia":[{"embeddable":true,"href":"https:\/\/guitar2amp.de\/index.php\/wp-json\/wp\/v2\/media\/15418"}],"wp:attachment":[{"href":"https:\/\/guitar2amp.de\/index.php\/wp-json\/wp\/v2\/media?parent=15417"}],"wp:term":[{"taxonomy":"product_brand","embeddable":true,"href":"https:\/\/guitar2amp.de\/index.php\/wp-json\/wp\/v2\/product_brand?post=15417"},{"taxonomy":"product_cat","embeddable":true,"href":"https:\/\/guitar2amp.de\/index.php\/wp-json\/wp\/v2\/product_cat?post=15417"},{"taxonomy":"product_tag","embeddable":true,"href":"https:\/\/guitar2amp.de\/index.php\/wp-json\/wp\/v2\/product_tag?post=15417"}],"curies":[{"name":"wp","href":"https:\/\/api.w.org\/{rel}","templated":true}]}}