{"id":15482,"date":"2025-08-29T11:34:03","date_gmt":"2025-08-29T09:34:03","guid":{"rendered":"https:\/\/guitar2amp.de\/?post_type=product&#038;p=15482"},"modified":"2025-08-29T11:45:13","modified_gmt":"2025-08-29T09:45:13","slug":"nik-huber-orca-custom-tremolo-3","status":"publish","type":"product","link":"https:\/\/guitar2amp.de\/index.php\/pl\/product\/nik-huber-orca-custom-tremolo-3\/","title":{"rendered":"Nik Huber Orca Custom Tremolo"},"content":{"rendered":"<h3 data-start=\"220\" data-end=\"303\"><strong data-start=\"224\" data-end=\"301\">Nik Huber Orca Custom Order \u2013 Charcoal Frost, Tremolo, Honey Comb Routing<\/strong><\/h3>\n<p data-start=\"305\" data-end=\"384\"><strong data-start=\"305\" data-end=\"382\">Nowo\u015b\u0107 w Guitar2Amp \u2013 oficjalnym dystrybutorze Nik Huber Guitars w Polsce<\/strong><\/p>\n<p data-start=\"386\" data-end=\"697\">Nik Huber Orca to flagowy model niemieckiej manufaktury \u2013 wsp\u00f3\u0142czesna interpretacja klasycznego single cuta, budowana r\u0119cznie z najlepszych materia\u0142\u00f3w. Prezentowany egzemplarz to <strong data-start=\"565\" data-end=\"588\">wersja Custom Order<\/strong>, zam\u00f3wiona z tremolo MannMade, korpusem z <strong data-start=\"631\" data-end=\"653\">Honey Comb Routing<\/strong> oraz rzadk\u0105 konfiguracj\u0105 pickup\u00f3w 3x P90.<\/p>\n<p data-start=\"699\" data-end=\"1030\">Wyko\u0144czona w eleganckim kolorze <strong data-start=\"731\" data-end=\"759\">Charcoal Frost Highgloss<\/strong>, gitara zachwyca zar\u00f3wno wygl\u0105dem, jak i brzmieniem. Honey Comb Routing zapewnia niesamowit\u0105 lekko\u015b\u0107, rezonans i bogactwo harmonicznych, a zestaw trzech przetwornik\u00f3w H\u00e4ussel P90 daje szerok\u0105 palet\u0119 brzmie\u0144 \u2013 od klasycznych, ciep\u0142ych ton\u00f3w po dynamiczne rockowe frazy.<\/p>\n<hr data-start=\"1032\" data-end=\"1035\" \/>\n<h4 data-start=\"1037\" data-end=\"1078\"><strong data-start=\"1042\" data-end=\"1076\">Specyfikacja (wg certyfikatu):<\/strong><\/h4>\n<ul data-start=\"1079\" data-end=\"1803\">\n<li data-start=\"1079\" data-end=\"1108\">\n<p data-start=\"1081\" data-end=\"1108\"><strong data-start=\"1081\" data-end=\"1094\">Top Wood:<\/strong> Flame Maple<\/p>\n<\/li>\n<li data-start=\"1109\" data-end=\"1161\">\n<p data-start=\"1111\" data-end=\"1161\"><strong data-start=\"1111\" data-end=\"1125\">Body Wood:<\/strong> Mahogany z <strong data-start=\"1137\" data-end=\"1159\">Honey Comb Routing<\/strong><\/p>\n<\/li>\n<li data-start=\"1162\" data-end=\"1189\">\n<p data-start=\"1164\" data-end=\"1189\"><strong data-start=\"1164\" data-end=\"1178\">Neck Wood:<\/strong> Mahogany<\/p>\n<\/li>\n<li data-start=\"1190\" data-end=\"1219\">\n<p data-start=\"1192\" data-end=\"1219\"><strong data-start=\"1192\" data-end=\"1207\">Neck Carve:<\/strong> Orca Std.<\/p>\n<\/li>\n<li data-start=\"1220\" data-end=\"1261\">\n<p data-start=\"1222\" data-end=\"1261\"><strong data-start=\"1222\" data-end=\"1238\">Fingerboard:<\/strong> East Indian Rosewood<\/p>\n<\/li>\n<li data-start=\"1262\" data-end=\"1299\">\n<p data-start=\"1264\" data-end=\"1299\"><strong data-start=\"1264\" data-end=\"1289\">Inlays (Fingerboard):<\/strong> Abalone<\/p>\n<\/li>\n<li data-start=\"1300\" data-end=\"1334\">\n<p data-start=\"1302\" data-end=\"1334\"><strong data-start=\"1302\" data-end=\"1321\">Binding (Body):<\/strong> Faux Maple<\/p>\n<\/li>\n<li data-start=\"1335\" data-end=\"1359\">\n<p data-start=\"1337\" data-end=\"1359\"><strong data-start=\"1337\" data-end=\"1351\">Headstock:<\/strong> Ebony<\/p>\n<\/li>\n<li data-start=\"1360\" data-end=\"1412\">\n<p data-start=\"1362\" data-end=\"1412\"><strong data-start=\"1362\" data-end=\"1382\">Colour \/ Finish:<\/strong> Charcoal Frost (High Gloss)<\/p>\n<\/li>\n<li data-start=\"1413\" data-end=\"1482\">\n<p data-start=\"1415\" data-end=\"1482\"><strong data-start=\"1415\" data-end=\"1427\">Pickups:<\/strong> 2x H\u00e4ussel P90 \u201e1956\u201d + 1x H\u00e4ussel P90 Staple Magnet<\/p>\n<\/li>\n<li data-start=\"1483\" data-end=\"1514\">\n<p data-start=\"1485\" data-end=\"1514\"><strong data-start=\"1485\" data-end=\"1496\">Tuners:<\/strong> Gotoh 510Z Lock<\/p>\n<\/li>\n<li data-start=\"1515\" data-end=\"1547\">\n<p data-start=\"1517\" data-end=\"1547\"><strong data-start=\"1517\" data-end=\"1528\">Bridge:<\/strong> MannMade Tremolo<\/p>\n<\/li>\n<li data-start=\"1548\" data-end=\"1582\">\n<p data-start=\"1550\" data-end=\"1582\"><strong data-start=\"1550\" data-end=\"1560\">Knobs:<\/strong> Bell, Black Brushed<\/p>\n<\/li>\n<li data-start=\"1583\" data-end=\"1608\">\n<p data-start=\"1585\" data-end=\"1608\"><strong data-start=\"1585\" data-end=\"1600\">Backplates:<\/strong> Ebony<\/p>\n<\/li>\n<li data-start=\"1609\" data-end=\"1738\">\n<p data-start=\"1611\" data-end=\"1738\"><strong data-start=\"1611\" data-end=\"1630\">Custom Options:<\/strong> Tremolo, Honey Comb Routing, 3x P90, Faux Maple binding, Abalone inlays, high gloss finish, ebony details<\/p>\n<\/li>\n<li data-start=\"1739\" data-end=\"1772\">\n<p data-start=\"1741\" data-end=\"1772\"><strong data-start=\"1741\" data-end=\"1751\">Setup:<\/strong> .010 \/ .046 Elixir<\/p>\n<\/li>\n<li data-start=\"1773\" data-end=\"1803\">\n<p data-start=\"1775\" data-end=\"1803\"><strong data-start=\"1775\" data-end=\"1791\">Final Check:<\/strong> Nik Huber<\/p>\n<\/li>\n<\/ul>\n<hr data-start=\"1805\" data-end=\"1808\" \/>\n<h4 data-start=\"1810\" data-end=\"1846\"><strong data-start=\"1815\" data-end=\"1844\">O marce Nik Huber Guitars<\/strong><\/h4>\n<p data-start=\"1847\" data-end=\"2123\">Od 1996 roku Nik Huber Guitars tworzy jedne z najbardziej cenionych gitar boutique na \u015bwiecie. Perfekcyjne rzemios\u0142o, starannie dobierane materia\u0142y i dba\u0142o\u015b\u0107 o ka\u017cdy detal sprawiaj\u0105, \u017ce instrumenty Nik Hubera trafiaj\u0105 do najbardziej wymagaj\u0105cych gitarzyst\u00f3w i kolekcjoner\u00f3w.<\/p>\n<hr data-start=\"2125\" data-end=\"2128\" \/>\n<h4 data-start=\"2130\" data-end=\"2188\"><strong data-start=\"2135\" data-end=\"2186\">Guitar2Amp \u2013 oficjalny dealer Nik Huber Guitars<\/strong><\/h4>\n<p data-start=\"2189\" data-end=\"2431\">Jako autoryzowany dystrybutor oferujemy zar\u00f3wno instrumenty dost\u0119pne od r\u0119ki, jak i mo\u017cliwo\u015b\u0107 zam\u00f3wienia customowych konfiguracji prosto z warsztatu Nik Hubera. Ka\u017cdy instrument sprzedajemy z pe\u0142n\u0105 gwarancj\u0105 producenta oraz faktur\u0105 VAT 23%.<\/p>\n","protected":false},"excerpt":{"rendered":"<p data-start=\"386\" data-end=\"697\">Nik Huber Orca to flagowy model niemieckiej manufaktury \u2013 wsp\u00f3\u0142czesna interpretacja klasycznego single cuta, budowana r\u0119cznie z najlepszych materia\u0142\u00f3w. Prezentowany egzemplarz to <strong data-start=\"565\" data-end=\"588\">wersja Custom Order<\/strong>, zam\u00f3wiona z tremolo MannMade, korpusem z <strong data-start=\"631\" data-end=\"653\">Honey Comb Routing<\/strong> oraz rzadk\u0105 konfiguracj\u0105 pickup\u00f3w 3x P90.<\/p>\n<p data-start=\"699\" data-end=\"1030\">Wyko\u0144czona w eleganckim kolorze <strong data-start=\"731\" data-end=\"759\">Charcoal Frost Highgloss<\/strong>, gitara zachwyca zar\u00f3wno wygl\u0105dem, jak i brzmieniem. Honey Comb Routing zapewnia niesamowit\u0105 lekko\u015b\u0107, rezonans i bogactwo harmonicznych, a zestaw trzech przetwornik\u00f3w H\u00e4ussel P90 daje szerok\u0105 palet\u0119 brzmie\u0144 \u2013 od klasycznych, ciep\u0142ych ton\u00f3w po dynamiczne rockowe frazy.<\/p>\n","protected":false},"featured_media":15483,"template":"","meta":{"_monsterinsights_skip_tracking":false,"_monsterinsights_sitenote_active":false,"_monsterinsights_sitenote_note":"","_monsterinsights_sitenote_category":0,"_uf_show_specific_survey":0,"_uf_disable_surveys":false,"_kadence_starter_templates_imported_post":false,"_kad_post_transparent":"default","_kad_post_title":"","_kad_post_layout":"default","_kad_post_sidebar_id":"","_kad_post_content_style":"default","_kad_post_vertical_padding":"default","_kad_post_feature":"","_kad_post_feature_position":"","_kad_post_header":false,"_kad_post_footer":false,"_kad_post_classname":""},"product_brand":[],"product_cat":[4898],"product_tag":[],"class_list":{"0":"post-15482","1":"product","2":"type-product","3":"status-publish","4":"has-post-thumbnail","6":"product_cat-nik_huber_pl","8":"first","9":"onbackorder","10":"shipping-taxable","11":"purchasable","12":"product-type-simple","13":"entry","14":"content-bg","15":"loop-entry"},"jetpack_sharing_enabled":true,"_links":{"self":[{"href":"https:\/\/guitar2amp.de\/index.php\/wp-json\/wp\/v2\/product\/15482","targetHints":{"allow":["GET"]}}],"collection":[{"href":"https:\/\/guitar2amp.de\/index.php\/wp-json\/wp\/v2\/product"}],"about":[{"href":"https:\/\/guitar2amp.de\/index.php\/wp-json\/wp\/v2\/types\/product"}],"wp:featuredmedia":[{"embeddable":true,"href":"https:\/\/guitar2amp.de\/index.php\/wp-json\/wp\/v2\/media\/15483"}],"wp:attachment":[{"href":"https:\/\/guitar2amp.de\/index.php\/wp-json\/wp\/v2\/media?parent=15482"}],"wp:term":[{"taxonomy":"product_brand","embeddable":true,"href":"https:\/\/guitar2amp.de\/index.php\/wp-json\/wp\/v2\/product_brand?post=15482"},{"taxonomy":"product_cat","embeddable":true,"href":"https:\/\/guitar2amp.de\/index.php\/wp-json\/wp\/v2\/product_cat?post=15482"},{"taxonomy":"product_tag","embeddable":true,"href":"https:\/\/guitar2amp.de\/index.php\/wp-json\/wp\/v2\/product_tag?post=15482"}],"curies":[{"name":"wp","href":"https:\/\/api.w.org\/{rel}","templated":true}]}}