{"id":15547,"date":"2025-09-10T11:35:27","date_gmt":"2025-09-10T09:35:27","guid":{"rendered":"https:\/\/guitar2amp.de\/?post_type=product&#038;p=15547"},"modified":"2025-12-28T17:34:20","modified_gmt":"2025-12-28T16:34:20","slug":"franchin-guitars-mercury-sunburst-heavy-relic-3","status":"publish","type":"product","link":"https:\/\/guitar2amp.de\/index.php\/pl\/product\/franchin-guitars-mercury-sunburst-heavy-relic-3\/","title":{"rendered":"Franchin Guitars Mercury Sunburst Heavy Relic"},"content":{"rendered":"<h2 data-start=\"228\" data-end=\"278\">Franchin Mercury \u2013 3-Color Sunburst Heavy Relic<\/h2>\n<h3 data-start=\"280\" data-end=\"314\">Boutique tone prosto z W\u0142och<\/h3>\n<p data-start=\"316\" data-end=\"709\"><strong data-start=\"316\" data-end=\"336\">Franchin Guitars<\/strong> to w\u0142oski Custom Shop z Vicenzy, gdzie ka\u017cdy instrument powstaje w ca\u0142o\u015bci r\u0119cznie \u2013 od selekcji drewna po finalny setup. Marka specjalizuje si\u0119 w budowie gitar inspirowanych klasyk\u0105, ale zawsze z nowoczesn\u0105 precyzj\u0105 i najwy\u017csz\u0105 dba\u0142o\u015bci\u0105 o detale. Ka\u017cdy model Mercury to instrument butikowy w pe\u0142nym tego s\u0142owa znaczeniu \u2013 jedyny w swoim rodzaju, z dusz\u0105 i charakterem.<\/p>\n<p data-start=\"711\" data-end=\"1025\">Model <strong data-start=\"717\" data-end=\"728\">Mercury<\/strong> to uk\u0142on w stron\u0119 kultowych konstrukcji typu S \u2013 lekki, wygodny i niezwykle muzykalny. Relicowane wyko\u0144czenie nitro w stylu <strong data-start=\"853\" data-end=\"885\">3-Color Sunburst Heavy Relic<\/strong> nie tylko wygl\u0105da spektakularnie, ale i pozwala drewnu naturalnie rezonowa\u0107, daj\u0105c poczucie gry na dobrze &#8220;ogranym&#8221; instrumencie vintage.<\/p>\n<p data-start=\"711\" data-end=\"1025\"><a href=\"https:\/\/guitar2amp.de\/index.php\/pl\/15057-2\/\">Wi\u0119cj o gitarach Franchin Guitars<strong>\u2192<\/strong><\/a><\/p>\n<h3 data-start=\"1027\" data-end=\"1087\">Guitar2Amp \u2013 autoryzowany dystrybutor Franchin Guitars<\/h3>\n<p data-start=\"1088\" data-end=\"1186\">Jako <strong data-start=\"1093\" data-end=\"1156\">oficjalny dystrybutor Franchin Guitars w Polsce i Niemczech<\/strong>, w Guitar2Amp gwarantujemy:<\/p>\n<ul data-start=\"1187\" data-end=\"1387\">\n<li data-start=\"1187\" data-end=\"1224\">\n<p data-start=\"1189\" data-end=\"1224\">oryginalno\u015b\u0107 ka\u017cdego instrumentu,<\/p>\n<\/li>\n<li data-start=\"1225\" data-end=\"1256\">\n<p data-start=\"1227\" data-end=\"1256\">pe\u0142n\u0105 gwarancj\u0119 producenta,<\/p>\n<\/li>\n<li data-start=\"1257\" data-end=\"1277\">\n<p data-start=\"1259\" data-end=\"1277\">faktur\u0119 VAT 23%,<\/p>\n<\/li>\n<li data-start=\"1278\" data-end=\"1387\">\n<p data-start=\"1280\" data-end=\"1387\">mo\u017cliwo\u015b\u0107 zam\u00f3wienia w\u0142asnego, customowego modelu \u2013 w dowolnym kolorze, konfiguracji pickup\u00f3w i osprz\u0119tu.<\/p>\n<\/li>\n<\/ul>\n<hr data-start=\"1389\" data-end=\"1392\" \/>\n<h3 data-start=\"1394\" data-end=\"1423\">Specyfikacja techniczna<\/h3>\n<p data-start=\"1425\" data-end=\"1649\"><strong data-start=\"1425\" data-end=\"1435\">Model:<\/strong> Mercury<br data-start=\"1443\" data-end=\"1446\" \/><strong data-start=\"1446\" data-end=\"1457\">Korpus:<\/strong> American Red Alder, 2-cz\u0119\u015bciowy<br data-start=\"1489\" data-end=\"1492\" \/><strong data-start=\"1492\" data-end=\"1523\">Konfiguracja przetwornik\u00f3w:<\/strong> SSS<br data-start=\"1527\" data-end=\"1530\" \/><strong data-start=\"1530\" data-end=\"1541\">Mostek:<\/strong> Gotoh Vintage Style (Relic)<br data-start=\"1569\" data-end=\"1572\" \/><strong data-start=\"1572\" data-end=\"1582\">Kolor:<\/strong> 3-Color Sunburst<br data-start=\"1599\" data-end=\"1602\" \/><strong data-start=\"1602\" data-end=\"1618\">Wyko\u0144czenie:<\/strong> Nitrocelluloza \u2013 Heavy Relic<\/p>\n<p data-start=\"1651\" data-end=\"1794\"><strong data-start=\"1651\" data-end=\"1660\">Gryf:<\/strong> Klon<br data-start=\"1665\" data-end=\"1668\" \/><strong data-start=\"1668\" data-end=\"1685\">Podstrunnica:<\/strong> Palisander<br data-start=\"1696\" data-end=\"1699\" \/><strong data-start=\"1699\" data-end=\"1710\">Radius:<\/strong> 9.5&#8243;<br data-start=\"1715\" data-end=\"1718\" \/><strong data-start=\"1718\" data-end=\"1728\">Progi:<\/strong> 21 Jumbo<br data-start=\"1737\" data-end=\"1740\" \/><strong data-start=\"1740\" data-end=\"1758\">Kszta\u0142t gryfu:<\/strong> C<br data-start=\"1760\" data-end=\"1763\" \/><strong data-start=\"1763\" data-end=\"1776\">Siode\u0142ko:<\/strong> Ko\u015b\u0107 (Bone Nut)<\/p>\n<p data-start=\"1796\" data-end=\"1958\"><strong data-start=\"1796\" data-end=\"1826\">Przetworniki (hand wound):<\/strong><br data-start=\"1826\" data-end=\"1829\" \/>\u2013 Mostek: Alnico 5 Staggered<br data-start=\"1857\" data-end=\"1860\" \/>\u2013 \u015arodek: Alnico 5 Staggered<br data-start=\"1888\" data-end=\"1891\" \/>\u2013 Gryf: Alnico 5 Staggered<br data-start=\"1917\" data-end=\"1920\" \/><strong data-start=\"1920\" data-end=\"1936\">Elektronika:<\/strong> Uk\u0142ad vintage style<\/p>\n<p data-start=\"1960\" data-end=\"2125\"><strong data-start=\"1960\" data-end=\"1972\">Osprz\u0119t:<\/strong><br data-start=\"1972\" data-end=\"1975\" \/>\u2013 Klucze Gotoh Relic<br data-start=\"1995\" data-end=\"1998\" \/>\u2013 Mostek Gotoh Relic, vintage style<br data-start=\"2033\" data-end=\"2036\" \/>\u2013 Pickguard Mint Green<br data-start=\"2058\" data-end=\"2061\" \/>\u2013 Pokr\u0119t\u0142a i os\u0142ony: Vintage White<br data-start=\"2095\" data-end=\"2098\" \/>\u2013 Hardware: Chrom (Relic)<\/p>\n<hr data-start=\"2127\" data-end=\"2130\" \/>\n<h3 data-start=\"2132\" data-end=\"2164\">Dlaczego Franchin Mercury?<\/h3>\n<p data-start=\"2166\" data-end=\"2446\">\u2013 <strong data-start=\"2168\" data-end=\"2185\">R\u0119czna robota<\/strong> \u2013 ka\u017cdy instrument powstaje w ma\u0142ej pracowni we W\u0142oszech<br data-start=\"2242\" data-end=\"2245\" \/>\u2013 <strong data-start=\"2247\" data-end=\"2270\">Wyj\u0105tkowe brzmienie<\/strong> \u2013 r\u0119cznie nawijane pickupy Alnico 5<br data-start=\"2306\" data-end=\"2309\" \/>\u2013 <strong data-start=\"2311\" data-end=\"2327\">Vintage vibe<\/strong> \u2013 nitro, relic, klasyczne drewno i hardware<br data-start=\"2371\" data-end=\"2374\" \/>\u2013 <strong data-start=\"2376\" data-end=\"2392\">Customizacja<\/strong> \u2013 mo\u017cliwo\u015b\u0107 zbudowania w\u0142asnej wersji na zam\u00f3wienie<\/p>\n<hr data-start=\"2448\" data-end=\"2451\" \/>\n<p data-start=\"2453\" data-end=\"2588\">Ta gitara to \u015bwietny wyb\u00f3r zar\u00f3wno dla profesjonalist\u00f3w, jak i kolekcjoner\u00f3w \u2013 lekka, dynamiczna, z charakterem i w\u0142asnym brzmieniem.<\/p>\n<p data-start=\"2590\" data-end=\"2625\">Dost\u0119pna od r\u0119ki w Guitar2Amp.<\/p>\n","protected":false},"excerpt":{"rendered":"<h3 data-start=\"280\" data-end=\"314\">Boutique tone prosto z W\u0142och<\/h3>\n<p data-start=\"316\" data-end=\"709\"><strong data-start=\"316\" data-end=\"336\">Franchin Guitars<\/strong> to w\u0142oski Custom Shop z Vicenzy, gdzie ka\u017cdy instrument powstaje w ca\u0142o\u015bci r\u0119cznie \u2013 od selekcji drewna po finalny setup. Marka specjalizuje si\u0119 w budowie gitar inspirowanych klasyk\u0105, ale zawsze z nowoczesn\u0105 precyzj\u0105 i najwy\u017csz\u0105 dba\u0142o\u015bci\u0105 o detale. Ka\u017cdy model Mercury to instrument butikowy w pe\u0142nym tego s\u0142owa znaczeniu \u2013 jedyny w swoim rodzaju, z dusz\u0105 i charakterem.<\/p>\n<p data-start=\"711\" data-end=\"1025\">Model <strong data-start=\"717\" data-end=\"728\">Mercury<\/strong> to uk\u0142on w stron\u0119 kultowych konstrukcji typu S \u2013 lekki, wygodny i niezwykle muzykalny. Relicowane wyko\u0144czenie nitro w stylu <strong data-start=\"853\" data-end=\"885\">3-Color Sunburst Heavy Relic<\/strong> nie tylko wygl\u0105da spektakularnie, ale i pozwala drewnu naturalnie rezonowa\u0107, daj\u0105c poczucie gry na dobrze &#8220;ogranym&#8221; instrumencie vintage.<\/p>\n<p data-start=\"711\" data-end=\"1025\"><a href=\"https:\/\/guitar2amp.de\/index.php\/pl\/15057-2\/\">Wi\u0119cj o gitarach Franchin Guitars<strong>\u2192<\/strong><\/a><\/p>\n","protected":false},"featured_media":15548,"template":"","meta":{"_monsterinsights_skip_tracking":false,"_monsterinsights_sitenote_active":false,"_monsterinsights_sitenote_note":"","_monsterinsights_sitenote_category":0,"_uf_show_specific_survey":0,"_uf_disable_surveys":false,"_kadence_starter_templates_imported_post":false,"_kad_post_transparent":"default","_kad_post_title":"","_kad_post_layout":"default","_kad_post_sidebar_id":"","_kad_post_content_style":"default","_kad_post_vertical_padding":"default","_kad_post_feature":"","_kad_post_feature_position":"","_kad_post_header":false,"_kad_post_footer":false,"_kad_post_classname":""},"product_brand":[],"product_cat":[3265,5030,3261],"product_tag":[],"class_list":{"0":"post-15547","1":"product","2":"type-product","3":"status-publish","4":"has-post-thumbnail","6":"product_cat-elektryczne-pl","7":"product_cat-franchin-guitars-pl","8":"product_cat-gitary","10":"first","11":"instock","12":"shipping-taxable","13":"purchasable","14":"product-type-simple","15":"entry","16":"content-bg","17":"loop-entry"},"jetpack_sharing_enabled":true,"_links":{"self":[{"href":"https:\/\/guitar2amp.de\/index.php\/wp-json\/wp\/v2\/product\/15547","targetHints":{"allow":["GET"]}}],"collection":[{"href":"https:\/\/guitar2amp.de\/index.php\/wp-json\/wp\/v2\/product"}],"about":[{"href":"https:\/\/guitar2amp.de\/index.php\/wp-json\/wp\/v2\/types\/product"}],"wp:featuredmedia":[{"embeddable":true,"href":"https:\/\/guitar2amp.de\/index.php\/wp-json\/wp\/v2\/media\/15548"}],"wp:attachment":[{"href":"https:\/\/guitar2amp.de\/index.php\/wp-json\/wp\/v2\/media?parent=15547"}],"wp:term":[{"taxonomy":"product_brand","embeddable":true,"href":"https:\/\/guitar2amp.de\/index.php\/wp-json\/wp\/v2\/product_brand?post=15547"},{"taxonomy":"product_cat","embeddable":true,"href":"https:\/\/guitar2amp.de\/index.php\/wp-json\/wp\/v2\/product_cat?post=15547"},{"taxonomy":"product_tag","embeddable":true,"href":"https:\/\/guitar2amp.de\/index.php\/wp-json\/wp\/v2\/product_tag?post=15547"}],"curies":[{"name":"wp","href":"https:\/\/api.w.org\/{rel}","templated":true}]}}