{"id":15590,"date":"2025-09-10T12:14:00","date_gmt":"2025-09-10T10:14:00","guid":{"rendered":"https:\/\/guitar2amp.de\/?post_type=product&#038;p=15590"},"modified":"2025-12-28T17:31:11","modified_gmt":"2025-12-28T16:31:11","slug":"franchin-guitars-mercury-x-olive-green-medium-relic-2","status":"publish","type":"product","link":"https:\/\/guitar2amp.de\/index.php\/de\/product\/franchin-guitars-mercury-x-olive-green-medium-relic-2\/","title":{"rendered":"Franchin Guitars Mercury X Olive Green Medium Relic"},"content":{"rendered":"<h2 data-start=\"4396\" data-end=\"4470\"><strong data-start=\"4404\" data-end=\"4470\">Franchin Guitars \u2013 Mercury X (Olive Green \/ HS \/ Medium Relic)<\/strong><\/h2>\n<p data-start=\"4472\" data-end=\"4573\"><strong data-start=\"4472\" data-end=\"4516\">Offizieller Vertriebspartner: Guitar2Amp<\/strong><br data-start=\"4516\" data-end=\"4519\" \/><strong data-start=\"4519\" data-end=\"4573\">Neues Instrument, mit voller Garantie und Rechnung<\/strong><\/p>\n<hr data-start=\"4575\" data-end=\"4578\" \/>\n<h3 data-start=\"4580\" data-end=\"4607\">\u00dcber Franchin Guitars<\/h3>\n<p data-start=\"4608\" data-end=\"4913\"><strong data-start=\"4608\" data-end=\"4628\">Franchin Guitars<\/strong> ist eine Boutique-Werkstatt aus Vicenza, Italien. Jedes Instrument wird vollst\u00e4ndig in Handarbeit gefertigt \u2013 von der Auswahl des Holzes \u00fcber das Wickeln der Pickups bis hin zum Nitro-Finish und dem Relic-Prozess. Keine Massenware \u2013 sondern echte Custom-Shop-Qualit\u00e4t mit Charakter.<\/p>\n<p data-start=\"4915\" data-end=\"5189\"><strong data-start=\"4915\" data-end=\"4929\">Guitar2Amp<\/strong> ist offizieller H\u00e4ndler von Franchin Guitars in Polen und Deutschland. Wir bieten sowohl exklusive Lagerst\u00fccke als auch die M\u00f6glichkeit, ein individuelles Custom-Instrument zu bestellen \u2013 mit frei w\u00e4hlbaren Spezifikationen, Farben, Relic-Stufen und Pickups.<\/p>\n<p data-start=\"4915\" data-end=\"5189\"><a href=\"https:\/\/guitar2amp.de\/index.php\/de\/15052-2\/\"><strong>Mehr \u00fcber Gitarren von Franchin Guitars \u2192<\/strong><\/a><\/p>\n<hr data-start=\"5191\" data-end=\"5194\" \/>\n<h3 data-start=\"5196\" data-end=\"5227\">\u00dcber das Modell Mercury X<\/h3>\n<p data-start=\"5228\" data-end=\"5667\">Die <strong data-start=\"5232\" data-end=\"5245\">Mercury X<\/strong> ist Franchins Interpretation einer klassischen <strong data-start=\"5293\" data-end=\"5311\">S-Type Gitarre<\/strong> \u2013 jedoch mit einer vielseitigeren Elektronik. Mit <strong data-start=\"5362\" data-end=\"5383\">Humbucker am Steg<\/strong> und <strong data-start=\"5388\" data-end=\"5410\">Singlecoil am Hals<\/strong> deckt sie eine gro\u00dfe Klangbandbreite ab: warme Cleans, dynamische Blues-Sounds und kr\u00e4ftige Rock-Riffs.<br data-start=\"5514\" data-end=\"5517\" \/>Das <strong data-start=\"5521\" data-end=\"5549\">Olive Green Medium Relic<\/strong> Finish verleiht ihr den Charme eines gealterten Vintage-Instruments, ohne an Pr\u00e4zision und Spielkomfort einzub\u00fc\u00dfen.<\/p>\n<hr data-start=\"5669\" data-end=\"5672\" \/>\n<h3 data-start=\"5674\" data-end=\"5696\">Technische Daten<\/h3>\n<p data-start=\"5698\" data-end=\"5711\"><strong data-start=\"5698\" data-end=\"5709\">Korpus:<\/strong><\/p>\n<ul data-start=\"5712\" data-end=\"5873\">\n<li data-start=\"5712\" data-end=\"5757\">\n<p data-start=\"5714\" data-end=\"5757\">Amerikanische Erle (2-teilig, selektiert)<\/p>\n<\/li>\n<li data-start=\"5758\" data-end=\"5801\">\n<p data-start=\"5760\" data-end=\"5801\">Finish: Olive Green Nitro, Medium Relic<\/p>\n<\/li>\n<li data-start=\"5802\" data-end=\"5831\">\n<p data-start=\"5804\" data-end=\"5831\">Pickup-Konfiguration: S+H<\/p>\n<\/li>\n<li data-start=\"5832\" data-end=\"5873\">\n<p data-start=\"5834\" data-end=\"5873\">Br\u00fccke: Gotoh Vintage Tremolo (Relic)<\/p>\n<\/li>\n<\/ul>\n<p data-start=\"5875\" data-end=\"5886\"><strong data-start=\"5875\" data-end=\"5884\">Hals:<\/strong><\/p>\n<ul data-start=\"5887\" data-end=\"6011\">\n<li data-start=\"5887\" data-end=\"5900\">\n<p data-start=\"5889\" data-end=\"5900\">Ahornhals<\/p>\n<\/li>\n<li data-start=\"5901\" data-end=\"5926\">\n<p data-start=\"5903\" data-end=\"5926\">Palisander-Griffbrett<\/p>\n<\/li>\n<li data-start=\"5927\" data-end=\"5943\">\n<p data-start=\"5929\" data-end=\"5943\">Radius: 9,5&#8243;<\/p>\n<\/li>\n<li data-start=\"5944\" data-end=\"5957\">\n<p data-start=\"5946\" data-end=\"5957\">Profil: C<\/p>\n<\/li>\n<li data-start=\"5958\" data-end=\"5976\">\n<p data-start=\"5960\" data-end=\"5976\">22 Jumbo-B\u00fcnde<\/p>\n<\/li>\n<li data-start=\"5977\" data-end=\"5993\">\n<p data-start=\"5979\" data-end=\"5993\">Punkt-Inlays<\/p>\n<\/li>\n<li data-start=\"5994\" data-end=\"6011\">\n<p data-start=\"5996\" data-end=\"6011\">Knochensattel<\/p>\n<\/li>\n<\/ul>\n<p data-start=\"6013\" data-end=\"6028\"><strong data-start=\"6013\" data-end=\"6026\">Hardware:<\/strong><\/p>\n<ul data-start=\"6029\" data-end=\"6097\">\n<li data-start=\"6029\" data-end=\"6065\">\n<p data-start=\"6031\" data-end=\"6065\">Gotoh Vintage-Mechaniken (Relic)<\/p>\n<\/li>\n<li data-start=\"6066\" data-end=\"6097\">\n<p data-start=\"6068\" data-end=\"6097\">Verchromte Hardware (Relic)<\/p>\n<\/li>\n<\/ul>\n<p data-start=\"6099\" data-end=\"6116\"><strong data-start=\"6099\" data-end=\"6114\">Elektronik:<\/strong><\/p>\n<ul data-start=\"6117\" data-end=\"6239\">\n<li data-start=\"6117\" data-end=\"6166\">\n<p data-start=\"6119\" data-end=\"6166\">Steg: P.A.F. Replica, Alnico 5, handgewickelt<\/p>\n<\/li>\n<li data-start=\"6167\" data-end=\"6211\">\n<p data-start=\"6169\" data-end=\"6211\">Hals: Alnico 5 Singlecoil, handgewickelt<\/p>\n<\/li>\n<li data-start=\"6212\" data-end=\"6239\">\n<p data-start=\"6214\" data-end=\"6239\">Vintage-Style-Schaltung<\/p>\n<\/li>\n<\/ul>\n<hr data-start=\"6241\" data-end=\"6244\" \/>\n<h3 data-start=\"6246\" data-end=\"6264\">Lieferumfang<\/h3>\n<ul data-start=\"6265\" data-end=\"6472\">\n<li data-start=\"6265\" data-end=\"6318\">\n<p data-start=\"6267\" data-end=\"6318\">Neues Instrument mit Zertifikat und Dokumentation<\/p>\n<\/li>\n<li data-start=\"6319\" data-end=\"6354\">\n<p data-start=\"6321\" data-end=\"6354\">Garantie und Rechnung inklusive<\/p>\n<\/li>\n<li data-start=\"6355\" data-end=\"6422\">\n<p data-start=\"6357\" data-end=\"6422\">Versand oder pers\u00f6nliche Abholung (Polen \/ Deutschland) m\u00f6glich<\/p>\n<\/li>\n<li data-start=\"6423\" data-end=\"6472\">\n<p data-start=\"6425\" data-end=\"6472\">Fachberatung vom offiziellen Vertriebspartner<\/p>\n<\/li>\n<\/ul>\n","protected":false},"excerpt":{"rendered":"<h2 data-start=\"4396\" data-end=\"4470\"><strong data-start=\"4404\" data-end=\"4470\">Franchin Guitars \u2013 Mercury X (Olive Green \/ HS \/ Medium Relic)<\/strong><\/h2>\n<p data-start=\"4472\" data-end=\"4573\"><strong data-start=\"4472\" data-end=\"4516\">Offizieller Vertriebspartner: Guitar2Amp<\/strong><br data-start=\"4516\" data-end=\"4519\" \/><strong data-start=\"4519\" data-end=\"4573\">Neues Instrument, mit voller Garantie und Rechnung<\/strong><\/p>\n<hr data-start=\"4575\" data-end=\"4578\" \/>\n<h3 data-start=\"4580\" data-end=\"4607\">\u00dcber Franchin Guitars<\/h3>\n<p data-start=\"4608\" data-end=\"4913\"><strong data-start=\"4608\" data-end=\"4628\">Franchin Guitars<\/strong> ist eine Boutique-Werkstatt aus Vicenza, Italien. Jedes Instrument wird vollst\u00e4ndig in Handarbeit gefertigt \u2013 von der Auswahl des Holzes \u00fcber das Wickeln der Pickups bis hin zum Nitro-Finish und dem Relic-Prozess. Keine Massenware \u2013 sondern echte Custom-Shop-Qualit\u00e4t mit Charakter.<\/p>\n<p data-start=\"4915\" data-end=\"5189\"><strong data-start=\"4915\" data-end=\"4929\">Guitar2Amp<\/strong> ist offizieller H\u00e4ndler von Franchin Guitars in Polen und Deutschland. Wir bieten sowohl exklusive Lagerst\u00fccke als auch die M\u00f6glichkeit, ein individuelles Custom-Instrument zu bestellen \u2013 mit frei w\u00e4hlbaren Spezifikationen, Farben, Relic-Stufen und Pickups.<\/p>\n<hr data-start=\"5191\" data-end=\"5194\" \/>\n<h3 data-start=\"5196\" data-end=\"5227\">\u00dcber das Modell Mercury X<\/h3>\n<p data-start=\"5228\" data-end=\"5667\">Die <strong data-start=\"5232\" data-end=\"5245\">Mercury X<\/strong> ist Franchins Interpretation einer klassischen <strong data-start=\"5293\" data-end=\"5311\">S-Type Gitarre<\/strong> \u2013 jedoch mit einer vielseitigeren Elektronik. Mit <strong data-start=\"5362\" data-end=\"5383\">Humbucker am Steg<\/strong> und <strong data-start=\"5388\" data-end=\"5410\">Singlecoil am Hals<\/strong> deckt sie eine gro\u00dfe Klangbandbreite ab: warme Cleans, dynamische Blues-Sounds und kr\u00e4ftige Rock-Riffs.<br data-start=\"5514\" data-end=\"5517\" \/>Das <strong data-start=\"5521\" data-end=\"5549\">Olive Green Medium Relic<\/strong> Finish verleiht ihr den Charme eines gealterten Vintage-Instruments, ohne an Pr\u00e4zision und Spielkomfort einzub\u00fc\u00dfen.<\/p>\n<p data-start=\"5228\" data-end=\"5667\"><a href=\"https:\/\/guitar2amp.de\/index.php\/de\/15052-2\/\"><strong>Mehr \u00fcber Gitarren von Franchin Guitars \u2192<\/strong><\/a><\/p>\n","protected":false},"featured_media":15591,"template":"","meta":{"_monsterinsights_skip_tracking":false,"_monsterinsights_sitenote_active":false,"_monsterinsights_sitenote_note":"","_monsterinsights_sitenote_category":0,"_uf_show_specific_survey":0,"_uf_disable_surveys":false,"_kadence_starter_templates_imported_post":false,"_kad_post_transparent":"default","_kad_post_title":"","_kad_post_layout":"default","_kad_post_sidebar_id":"","_kad_post_content_style":"default","_kad_post_vertical_padding":"default","_kad_post_feature":"","_kad_post_feature_position":"","_kad_post_header":false,"_kad_post_footer":false,"_kad_post_classname":""},"product_brand":[],"product_cat":[5028],"product_tag":[],"class_list":{"0":"post-15590","1":"product","2":"type-product","3":"status-publish","4":"has-post-thumbnail","6":"product_cat-franchin-guitars-de","8":"first","9":"instock","10":"shipping-taxable","11":"purchasable","12":"product-type-simple","13":"entry","14":"content-bg","15":"loop-entry"},"jetpack_sharing_enabled":true,"_links":{"self":[{"href":"https:\/\/guitar2amp.de\/index.php\/wp-json\/wp\/v2\/product\/15590","targetHints":{"allow":["GET"]}}],"collection":[{"href":"https:\/\/guitar2amp.de\/index.php\/wp-json\/wp\/v2\/product"}],"about":[{"href":"https:\/\/guitar2amp.de\/index.php\/wp-json\/wp\/v2\/types\/product"}],"wp:featuredmedia":[{"embeddable":true,"href":"https:\/\/guitar2amp.de\/index.php\/wp-json\/wp\/v2\/media\/15591"}],"wp:attachment":[{"href":"https:\/\/guitar2amp.de\/index.php\/wp-json\/wp\/v2\/media?parent=15590"}],"wp:term":[{"taxonomy":"product_brand","embeddable":true,"href":"https:\/\/guitar2amp.de\/index.php\/wp-json\/wp\/v2\/product_brand?post=15590"},{"taxonomy":"product_cat","embeddable":true,"href":"https:\/\/guitar2amp.de\/index.php\/wp-json\/wp\/v2\/product_cat?post=15590"},{"taxonomy":"product_tag","embeddable":true,"href":"https:\/\/guitar2amp.de\/index.php\/wp-json\/wp\/v2\/product_tag?post=15590"}],"curies":[{"name":"wp","href":"https:\/\/api.w.org\/{rel}","templated":true}]}}