{"id":15611,"date":"2025-09-10T12:14:21","date_gmt":"2025-09-10T10:14:21","guid":{"rendered":"https:\/\/guitar2amp.de\/?post_type=product&#038;p=15611"},"modified":"2025-12-28T17:34:49","modified_gmt":"2025-12-28T16:34:49","slug":"franchin-guitars-mercury-x-olive-green-medium-relic-3","status":"publish","type":"product","link":"https:\/\/guitar2amp.de\/index.php\/pl\/product\/franchin-guitars-mercury-x-olive-green-medium-relic-3\/","title":{"rendered":"Franchin Guitars Mercury X Olive Green Medium Relic"},"content":{"rendered":"<h2 data-start=\"154\" data-end=\"235\">Franchin Guitars \u2013 Mercury X (Olive Green \/ HS \/ Medium Relic) \u2013 Made in Italy<\/h2>\n<p data-start=\"237\" data-end=\"358\"><strong data-start=\"237\" data-end=\"314\">Nowy egzemplarz od oficjalnego dystrybutora Franchin Guitars \u2013 Guitar2Amp<\/strong><br data-start=\"314\" data-end=\"317\" \/><strong data-start=\"317\" data-end=\"358\">Gitara nowa, z gwarancj\u0105, faktura VAT<\/strong><\/p>\n<hr data-start=\"360\" data-end=\"363\" \/>\n<h3 data-start=\"365\" data-end=\"384\">Co to za marka?<\/h3>\n<p data-start=\"386\" data-end=\"958\"><strong data-start=\"386\" data-end=\"406\">Franchin Guitars<\/strong> to butikowa manufaktura z p\u00f3\u0142nocnych W\u0142och, gdzie ka\u017cdy instrument powstaje r\u0119cznie \u2013 od selekcji drewna, przez uzwajanie pickup\u00f3w, po lakier i wyko\u0144czenie. Zero produkcji ta\u015bmowej, tylko custom, pasja i ogromne do\u015bwiadczenie ludzi, kt\u00f3rzy znaj\u0105 si\u0119 na rzeczy.<br data-start=\"667\" data-end=\"670\" \/>Franchin robi g\u0142\u00f3wnie instrumenty typu S i T \u2013 ale zawsze z dusz\u0105, \u015bwietnym wywa\u017ceniem i bardzo fajn\u0105 estetyk\u0105 relic (od lekkiej po heavy). W ofercie Guitar2Amp dost\u0119pne s\u0105 od r\u0119ki gotowe modele, ale mo\u017cna te\u017c u nas zam\u00f3wi\u0107 Franchina w dowolnej konfiguracji \u2014 od koloru po pickupy i gryf.<\/p>\n<p data-start=\"386\" data-end=\"958\"><a href=\"https:\/\/guitar2amp.de\/index.php\/pl\/15057-2\/\">Wi\u0119cj o gitarach Franchin Guitars<strong>\u2192<\/strong><\/a><\/p>\n<hr data-start=\"960\" data-end=\"963\" \/>\n<h3 data-start=\"965\" data-end=\"985\">Co to za gitara?<\/h3>\n<p data-start=\"987\" data-end=\"1402\"><strong data-start=\"987\" data-end=\"1000\">Mercury X<\/strong> to troch\u0119 bardziej mi\u0119sista wersja klasyka \u2013 uk\u0142ad HS daje wi\u0119cej pazura, ale zostaje ten klasyczny vibe i wygoda gry.<br data-start=\"1119\" data-end=\"1122\" \/>Zielone wyko\u0144czenie Olive Green w wersji <strong data-start=\"1163\" data-end=\"1179\">Medium Relic<\/strong> wygl\u0105da kozacko na \u017cywo \u2013 jak dobrze zachowany vintage z histori\u0105. Ca\u0142o\u015b\u0107 jak zwykle zrobiona bardzo starannie i z pomys\u0142em. Mostek i klucze Gotoh, wszystko lekko &#8220;zm\u0119czone&#8221; czasem, ale jak najbardziej na topie jako\u015bciowo.<\/p>\n<hr data-start=\"1404\" data-end=\"1407\" \/>\n<h3 data-start=\"1409\" data-end=\"1426\">Specyfikacja:<\/h3>\n<p data-start=\"1428\" data-end=\"1440\"><strong data-start=\"1428\" data-end=\"1438\">Korpus<\/strong><\/p>\n<ul data-start=\"1441\" data-end=\"1639\">\n<li data-start=\"1441\" data-end=\"1506\">\n<p data-start=\"1443\" data-end=\"1506\">American Red Alder (2-cz\u0119\u015bciowy, selekcjonowany i sezonowany)<\/p>\n<\/li>\n<li data-start=\"1507\" data-end=\"1549\">\n<p data-start=\"1509\" data-end=\"1549\">Nitro, kolor Olive Green, Medium Relic<\/p>\n<\/li>\n<li data-start=\"1550\" data-end=\"1602\">\n<p data-start=\"1552\" data-end=\"1602\">Konfiguracja HS (PAF-style bridge + single neck)<\/p>\n<\/li>\n<li data-start=\"1603\" data-end=\"1639\">\n<p data-start=\"1605\" data-end=\"1639\">Mostek Gotoh Vintage Style (Relic)<\/p>\n<\/li>\n<\/ul>\n<p data-start=\"1641\" data-end=\"1651\"><strong data-start=\"1641\" data-end=\"1649\">Gryf<\/strong><\/p>\n<ul data-start=\"1652\" data-end=\"1830\">\n<li data-start=\"1652\" data-end=\"1688\">\n<p data-start=\"1654\" data-end=\"1688\">Klon + palisandrowa podstrunnica<\/p>\n<\/li>\n<li data-start=\"1689\" data-end=\"1704\">\n<p data-start=\"1691\" data-end=\"1704\">Radius 9.5&#8243;<\/p>\n<\/li>\n<li data-start=\"1705\" data-end=\"1717\">\n<p data-start=\"1707\" data-end=\"1717\">Profil C<\/p>\n<\/li>\n<li data-start=\"1718\" data-end=\"1743\">\n<p data-start=\"1720\" data-end=\"1743\">Progi Jumbo (22 szt.)<\/p>\n<\/li>\n<li data-start=\"1744\" data-end=\"1764\">\n<p data-start=\"1746\" data-end=\"1764\">Siode\u0142ko z ko\u015bci<\/p>\n<\/li>\n<li data-start=\"1765\" data-end=\"1793\">\n<p data-start=\"1767\" data-end=\"1793\">Inlaye: klasyczne kropki<\/p>\n<\/li>\n<li data-start=\"1794\" data-end=\"1830\">\n<p data-start=\"1796\" data-end=\"1830\">Gotoh Vintage Style tunery (Relic)<\/p>\n<\/li>\n<\/ul>\n<p data-start=\"1832\" data-end=\"1849\"><strong data-start=\"1832\" data-end=\"1847\">Elektronika<\/strong><\/p>\n<ul data-start=\"1850\" data-end=\"1993\">\n<li data-start=\"1850\" data-end=\"1900\">\n<p data-start=\"1852\" data-end=\"1900\">Pickupy nawijane r\u0119cznie przez ekip\u0119 Franchina<\/p>\n<\/li>\n<li data-start=\"1901\" data-end=\"1936\">\n<p data-start=\"1903\" data-end=\"1936\">Bridge: P.A.F. Replica Alnico 5<\/p>\n<\/li>\n<li data-start=\"1937\" data-end=\"1965\">\n<p data-start=\"1939\" data-end=\"1965\">Neck: Alnico 5 Staggered<\/p>\n<\/li>\n<li data-start=\"1966\" data-end=\"1993\">\n<p data-start=\"1968\" data-end=\"1993\">Okablowanie vintage-style<\/p>\n<\/li>\n<\/ul>\n<p data-start=\"1995\" data-end=\"2026\"><strong data-start=\"1995\" data-end=\"2026\">Made in Italy \u2013 jak trzeba!<\/strong><\/p>\n<hr data-start=\"2028\" data-end=\"2031\" \/>\n<h3 data-start=\"2033\" data-end=\"2044\">Od nas:<\/h3>\n<p data-start=\"2046\" data-end=\"2243\">Instrument nowy, prosto z warsztatu.<br data-start=\"2082\" data-end=\"2085\" \/>Pe\u0142na dokumentacja, karta spec, certyfikat.<br data-start=\"2128\" data-end=\"2131\" \/>Wystawiamy faktur\u0119 VAT, oczywi\u015bcie pe\u0142na gwarancja.<br data-start=\"2182\" data-end=\"2185\" \/>Mo\u017cliwo\u015b\u0107 testu i odbioru osobistego (Pozna\u0144 \/ Meerbusch).<\/p>\n<hr data-start=\"2245\" data-end=\"2248\" \/>\n<p data-start=\"2250\" data-end=\"2341\"><strong data-start=\"2250\" data-end=\"2341\">Franchin robi robot\u0119. A jak chcesz co\u015b pod siebie \u2013 zam\u00f3w customa. My si\u0119 tym zajmiemy.<\/strong><\/p>\n","protected":false},"excerpt":{"rendered":"<h2 data-start=\"154\" data-end=\"235\">Franchin Guitars \u2013 Mercury X (Olive Green \/ HS \/ Medium Relic) \u2013 Made in Italy<\/h2>\n<p data-start=\"237\" data-end=\"358\"><strong data-start=\"237\" data-end=\"314\">Nowy egzemplarz od oficjalnego dystrybutora Franchin Guitars \u2013 Guitar2Amp<\/strong><br data-start=\"314\" data-end=\"317\" \/><strong data-start=\"317\" data-end=\"358\">Gitara nowa, z gwarancj\u0105, faktura VAT<\/strong><\/p>\n<hr data-start=\"360\" data-end=\"363\" \/>\n<h3 data-start=\"365\" data-end=\"384\">Co to za marka?<\/h3>\n<p data-start=\"386\" data-end=\"958\"><strong data-start=\"386\" data-end=\"406\">Franchin Guitars<\/strong> to butikowa manufaktura z p\u00f3\u0142nocnych W\u0142och, gdzie ka\u017cdy instrument powstaje r\u0119cznie \u2013 od selekcji drewna, przez uzwajanie pickup\u00f3w, po lakier i wyko\u0144czenie. Zero produkcji ta\u015bmowej, tylko custom, pasja i ogromne do\u015bwiadczenie ludzi, kt\u00f3rzy znaj\u0105 si\u0119 na rzeczy.<br data-start=\"667\" data-end=\"670\" \/>Franchin robi g\u0142\u00f3wnie instrumenty typu S i T \u2013 ale zawsze z dusz\u0105, \u015bwietnym wywa\u017ceniem i bardzo fajn\u0105 estetyk\u0105 relic (od lekkiej po heavy). W ofercie Guitar2Amp dost\u0119pne s\u0105 od r\u0119ki gotowe modele, ale mo\u017cna te\u017c u nas zam\u00f3wi\u0107 Franchina w dowolnej konfiguracji \u2014 od koloru po pickupy i gryf.<\/p>\n<hr data-start=\"960\" data-end=\"963\" \/>\n<h3 data-start=\"965\" data-end=\"985\">Co to za gitara?<\/h3>\n<p data-start=\"987\" data-end=\"1402\"><strong data-start=\"987\" data-end=\"1000\">Mercury X<\/strong> to troch\u0119 bardziej mi\u0119sista wersja klasyka \u2013 uk\u0142ad HS daje wi\u0119cej pazura, ale zostaje ten klasyczny vibe i wygoda gry.<br data-start=\"1119\" data-end=\"1122\" \/>Zielone wyko\u0144czenie Olive Green w wersji <strong data-start=\"1163\" data-end=\"1179\">Medium Relic<\/strong> wygl\u0105da kozacko na \u017cywo \u2013 jak dobrze zachowany vintage z histori\u0105. Ca\u0142o\u015b\u0107 jak zwykle zrobiona bardzo starannie i z pomys\u0142em. Mostek i klucze Gotoh, wszystko lekko &#8220;zm\u0119czone&#8221; czasem, ale jak najbardziej na topie jako\u015bciowo.<\/p>\n<p data-start=\"987\" data-end=\"1402\"><a href=\"https:\/\/guitar2amp.de\/index.php\/pl\/15057-2\/\">Wi\u0119cj o gitarach Franchin Guitars<strong>\u2192<\/strong><\/a><\/p>\n","protected":false},"featured_media":15612,"template":"","meta":{"_monsterinsights_skip_tracking":false,"_monsterinsights_sitenote_active":false,"_monsterinsights_sitenote_note":"","_monsterinsights_sitenote_category":0,"_uf_show_specific_survey":0,"_uf_disable_surveys":false,"_kadence_starter_templates_imported_post":false,"_kad_post_transparent":"default","_kad_post_title":"","_kad_post_layout":"default","_kad_post_sidebar_id":"","_kad_post_content_style":"default","_kad_post_vertical_padding":"default","_kad_post_feature":"","_kad_post_feature_position":"","_kad_post_header":false,"_kad_post_footer":false,"_kad_post_classname":""},"product_brand":[],"product_cat":[5030],"product_tag":[],"class_list":{"0":"post-15611","1":"product","2":"type-product","3":"status-publish","4":"has-post-thumbnail","6":"product_cat-franchin-guitars-pl","8":"first","9":"instock","10":"shipping-taxable","11":"purchasable","12":"product-type-simple","13":"entry","14":"content-bg","15":"loop-entry"},"jetpack_sharing_enabled":true,"_links":{"self":[{"href":"https:\/\/guitar2amp.de\/index.php\/wp-json\/wp\/v2\/product\/15611","targetHints":{"allow":["GET"]}}],"collection":[{"href":"https:\/\/guitar2amp.de\/index.php\/wp-json\/wp\/v2\/product"}],"about":[{"href":"https:\/\/guitar2amp.de\/index.php\/wp-json\/wp\/v2\/types\/product"}],"wp:featuredmedia":[{"embeddable":true,"href":"https:\/\/guitar2amp.de\/index.php\/wp-json\/wp\/v2\/media\/15612"}],"wp:attachment":[{"href":"https:\/\/guitar2amp.de\/index.php\/wp-json\/wp\/v2\/media?parent=15611"}],"wp:term":[{"taxonomy":"product_brand","embeddable":true,"href":"https:\/\/guitar2amp.de\/index.php\/wp-json\/wp\/v2\/product_brand?post=15611"},{"taxonomy":"product_cat","embeddable":true,"href":"https:\/\/guitar2amp.de\/index.php\/wp-json\/wp\/v2\/product_cat?post=15611"},{"taxonomy":"product_tag","embeddable":true,"href":"https:\/\/guitar2amp.de\/index.php\/wp-json\/wp\/v2\/product_tag?post=15611"}],"curies":[{"name":"wp","href":"https:\/\/api.w.org\/{rel}","templated":true}]}}