{"id":15678,"date":"2025-09-10T12:59:15","date_gmt":"2025-09-10T10:59:15","guid":{"rendered":"https:\/\/guitar2amp.de\/?post_type=product&#038;p=15678"},"modified":"2025-10-14T13:46:49","modified_gmt":"2025-10-14T11:46:49","slug":"2006-fender-custom-shop-1963-telecaster-desert-sand-3","status":"publish","type":"product","link":"https:\/\/guitar2amp.de\/index.php\/pl\/product\/2006-fender-custom-shop-1963-telecaster-desert-sand-3\/","title":{"rendered":"2006 Fender Custom Shop 1963 Telecaster Desert Sand"},"content":{"rendered":"<h2 data-start=\"2318\" data-end=\"2393\"><strong data-start=\"2326\" data-end=\"2391\">Fender Custom Shop 1963 Telecaster Relic \u2013 Desert Sand (2006)<\/strong><\/h2>\n<p data-start=\"2395\" data-end=\"2491\"><strong data-start=\"2395\" data-end=\"2427\">Stan: u\u017cywana \u2013 bardzo dobry<\/strong><br data-start=\"2427\" data-end=\"2430\" \/><strong data-start=\"2430\" data-end=\"2489\">W zestawie: oryginalny Shop Floor Traveler i certyfikat<\/strong><\/p>\n<hr data-start=\"2493\" data-end=\"2496\" \/>\n<h3 data-start=\"2498\" data-end=\"2512\">O modelu<\/h3>\n<p data-start=\"2513\" data-end=\"2821\"><strong data-start=\"2513\" data-end=\"2556\">Fender Custom Shop \u201963 Telecaster Relic<\/strong> to jedna z najbardziej autentycznych reedycji wczesnych Telecaster\u00f3w z lat 60. Ten egzemplarz zosta\u0142 zbudowany w 2006 roku w <strong data-start=\"2682\" data-end=\"2718\">Fender Custom Shop w Corona, USA<\/strong> i \u0142\u0105czy niepowtarzalny vintage\u2019owy charakter z niezawodno\u015bci\u0105 i komfortem gry na poziomie butikowym.<\/p>\n<p data-start=\"2823\" data-end=\"3193\">Wyko\u0144czenie w <strong data-start=\"2837\" data-end=\"2867\">Desert Sand nitrocelluloza<\/strong> z fabrycznym <strong data-start=\"2881\" data-end=\"2890\">Relic<\/strong> sprawia, \u017ce gitara wygl\u0105da jak zadbany klasyk sprzed dekad, a gra si\u0119 na niej jak na profesjonalnym, wsp\u00f3\u0142czesnym instrumencie. Alderowy korpus, palisandrowa podstrunnica, pickupy Texas Special i osprz\u0119t vintage zapewniaj\u0105 pe\u0142ne spektrum brzmie\u0144 \u2013 od ciep\u0142ych clean\u00f3w po charakterystyczny Tele-twang.<\/p>\n<hr data-start=\"3195\" data-end=\"3198\" \/>\n<h3 data-start=\"3200\" data-end=\"3218\">Specyfikacja<\/h3>\n<p data-start=\"3220\" data-end=\"3233\"><strong data-start=\"3220\" data-end=\"3231\">Og\u00f3lne:<\/strong><\/p>\n<ul data-start=\"3234\" data-end=\"3401\">\n<li data-start=\"3234\" data-end=\"3285\">\n<p data-start=\"3236\" data-end=\"3285\">Model: Fender Custom Shop 1963 Telecaster Relic<\/p>\n<\/li>\n<li data-start=\"3286\" data-end=\"3299\">\n<p data-start=\"3288\" data-end=\"3299\">Rok: 2006<\/p>\n<\/li>\n<li data-start=\"3300\" data-end=\"3342\">\n<p data-start=\"3302\" data-end=\"3342\">Wyko\u0144czenie: Nitro, Desert Sand, Relic<\/p>\n<\/li>\n<li data-start=\"3343\" data-end=\"3377\">\n<p data-start=\"3345\" data-end=\"3377\">Kraj: USA (Corona Custom Shop)<\/p>\n<\/li>\n<li data-start=\"3378\" data-end=\"3401\">\n<p data-start=\"3380\" data-end=\"3401\">Wersja: prawor\u0119czna<\/p>\n<\/li>\n<\/ul>\n<p data-start=\"3403\" data-end=\"3416\"><strong data-start=\"3403\" data-end=\"3414\">Korpus:<\/strong><\/p>\n<ul data-start=\"3417\" data-end=\"3475\">\n<li data-start=\"3417\" data-end=\"3439\">\n<p data-start=\"3419\" data-end=\"3439\">Olcha, 2-cz\u0119\u015bciowa<\/p>\n<\/li>\n<li data-start=\"3440\" data-end=\"3475\">\n<p data-start=\"3442\" data-end=\"3475\">Pickguard: 3-warstwowy Tortoise<\/p>\n<\/li>\n<\/ul>\n<p data-start=\"3477\" data-end=\"3488\"><strong data-start=\"3477\" data-end=\"3486\">Gryf:<\/strong><\/p>\n<ul data-start=\"3489\" data-end=\"3656\">\n<li data-start=\"3489\" data-end=\"3510\">\n<p data-start=\"3491\" data-end=\"3510\">Klon, plain grain<\/p>\n<\/li>\n<li data-start=\"3511\" data-end=\"3535\">\n<p data-start=\"3513\" data-end=\"3535\">Profil: 1963 C-shape<\/p>\n<\/li>\n<li data-start=\"3536\" data-end=\"3574\">\n<p data-start=\"3538\" data-end=\"3574\">Podstrunnica: Palisander (Dark RW)<\/p>\n<\/li>\n<li data-start=\"3575\" data-end=\"3591\">\n<p data-start=\"3577\" data-end=\"3591\">Radius: 9.5&#8243;<\/p>\n<\/li>\n<li data-start=\"3592\" data-end=\"3618\">\n<p data-start=\"3594\" data-end=\"3618\">Progi: 21 \u00d7 Sanko 6105<\/p>\n<\/li>\n<li data-start=\"3619\" data-end=\"3637\">\n<p data-start=\"3621\" data-end=\"3637\">Inlaye: kropki<\/p>\n<\/li>\n<li data-start=\"3638\" data-end=\"3656\">\n<p data-start=\"3640\" data-end=\"3656\">Siode\u0142ko: ko\u015b\u0107<\/p>\n<\/li>\n<\/ul>\n<p data-start=\"3658\" data-end=\"3676\"><strong data-start=\"3658\" data-end=\"3674\">Elektronika:<\/strong><\/p>\n<ul data-start=\"3677\" data-end=\"3818\">\n<li data-start=\"3677\" data-end=\"3739\">\n<p data-start=\"3679\" data-end=\"3739\">Pickupy: Fender Custom Shop Texas Specials (Neck &amp; Bridge)<\/p>\n<\/li>\n<li data-start=\"3740\" data-end=\"3783\">\n<p data-start=\"3742\" data-end=\"3783\">Prze\u0142\u0105cznik: 3-pozycyjny, vintage style<\/p>\n<\/li>\n<li data-start=\"3784\" data-end=\"3818\">\n<p data-start=\"3786\" data-end=\"3818\">Kontrola: 1 \u00d7 Volume, 1 \u00d7 Tone<\/p>\n<\/li>\n<\/ul>\n<p data-start=\"3820\" data-end=\"3834\"><strong data-start=\"3820\" data-end=\"3832\">Osprz\u0119t:<\/strong><\/p>\n<ul data-start=\"3835\" data-end=\"3930\">\n<li data-start=\"3835\" data-end=\"3878\">\n<p data-start=\"3837\" data-end=\"3878\">Mostek Tele, vintage style (3 siode\u0142ka)<\/p>\n<\/li>\n<li data-start=\"3879\" data-end=\"3903\">\n<p data-start=\"3881\" data-end=\"3903\">Osprz\u0119t nikiel\/chrom<\/p>\n<\/li>\n<li data-start=\"3904\" data-end=\"3930\">\n<p data-start=\"3906\" data-end=\"3930\">Klucze w stylu vintage<\/p>\n<\/li>\n<\/ul>\n<p data-start=\"3932\" data-end=\"3955\"><strong data-start=\"3932\" data-end=\"3953\">Case i akcesoria:<\/strong><\/p>\n<ul data-start=\"3956\" data-end=\"4064\">\n<li data-start=\"3956\" data-end=\"3997\">\n<p data-start=\"3958\" data-end=\"3997\">Oryginalny futera\u0142 Fender Custom Shop<\/p>\n<\/li>\n<li data-start=\"3998\" data-end=\"4027\">\n<p data-start=\"4000\" data-end=\"4027\">Certyfikat autentyczno\u015bci<\/p>\n<\/li>\n<li data-start=\"4028\" data-end=\"4064\">\n<p data-start=\"4030\" data-end=\"4064\">Shop Floor Traveler i case candy<\/p>\n<\/li>\n<\/ul>\n<hr data-start=\"4066\" data-end=\"4069\" \/>\n<h3 data-start=\"4071\" data-end=\"4081\">Stan<\/h3>\n<p data-start=\"4082\" data-end=\"4214\">Gitara w \u015bwietnym stanie \u2013 relic fabryczny, progi w bardzo dobrym stanie, elektronika sprawna. Gotowa do gry na scenie i w studio.<\/p>\n<hr data-start=\"4216\" data-end=\"4219\" \/>\n<h3 data-start=\"4221\" data-end=\"4239\">Podsumowanie<\/h3>\n<p data-start=\"4240\" data-end=\"4415\">Pi\u0119kny egzemplarz <strong data-start=\"4258\" data-end=\"4308\">Fender Custom Shop \u201963 Telecaster Relic (2006)<\/strong> w rzadkim kolorze <strong data-start=\"4327\" data-end=\"4342\">Desert Sand<\/strong>. Perfekcyjne po\u0142\u0105czenie klimatu vintage z niezawodno\u015bci\u0105 Custom Shopu.<\/p>\n<p data-start=\"4417\" data-end=\"4445\"><strong data-start=\"4417\" data-end=\"4443\">Dost\u0119pna w Guitar2Amp.<\/strong><\/p>\n","protected":false},"excerpt":{"rendered":"<h2 data-start=\"2318\" data-end=\"2393\"><strong data-start=\"2326\" data-end=\"2391\">Fender Custom Shop 1963 Telecaster Relic \u2013 Desert Sand (2006)<\/strong><\/h2>\n<p data-start=\"2395\" data-end=\"2491\"><strong data-start=\"2395\" data-end=\"2427\">Stan: u\u017cywana \u2013 bardzo dobry<\/strong><br data-start=\"2427\" data-end=\"2430\" \/><strong data-start=\"2430\" data-end=\"2489\">W zestawie: oryginalny Shop Floor Traveler i certyfikat<\/strong><\/p>\n<hr data-start=\"2493\" data-end=\"2496\" \/>\n<h3 data-start=\"2498\" data-end=\"2512\">O modelu<\/h3>\n<p data-start=\"2513\" data-end=\"2821\"><strong data-start=\"2513\" data-end=\"2556\">Fender Custom Shop \u201963 Telecaster Relic<\/strong> to jedna z najbardziej autentycznych reedycji wczesnych Telecaster\u00f3w z lat 60. Ten egzemplarz zosta\u0142 zbudowany w 2006 roku w <strong data-start=\"2682\" data-end=\"2718\">Fender Custom Shop w Corona, USA<\/strong> i \u0142\u0105czy niepowtarzalny vintage\u2019owy charakter z niezawodno\u015bci\u0105 i komfortem gry na poziomie butikowym.<\/p>\n<p data-start=\"2823\" data-end=\"3193\">Wyko\u0144czenie w <strong data-start=\"2837\" data-end=\"2867\">Desert Sand nitrocelluloza<\/strong> z fabrycznym <strong data-start=\"2881\" data-end=\"2890\">Relic<\/strong> sprawia, \u017ce gitara wygl\u0105da jak zadbany klasyk sprzed dekad, a gra si\u0119 na niej jak na profesjonalnym, wsp\u00f3\u0142czesnym instrumencie. Alderowy korpus, palisandrowa podstrunnica, pickupy Texas Special i osprz\u0119t vintage zapewniaj\u0105 pe\u0142ne spektrum brzmie\u0144 \u2013 od ciep\u0142ych clean\u00f3w po charakterystyczny Tele-twang.<\/p>\n","protected":false},"featured_media":15679,"template":"","meta":{"_monsterinsights_skip_tracking":false,"_monsterinsights_sitenote_active":false,"_monsterinsights_sitenote_note":"","_monsterinsights_sitenote_category":0,"_uf_show_specific_survey":0,"_uf_disable_surveys":false,"_kadence_starter_templates_imported_post":false,"_kad_post_transparent":"default","_kad_post_title":"","_kad_post_layout":"default","_kad_post_sidebar_id":"","_kad_post_content_style":"default","_kad_post_vertical_padding":"default","_kad_post_feature":"","_kad_post_feature_position":"","_kad_post_header":false,"_kad_post_footer":false,"_kad_post_classname":""},"product_brand":[],"product_cat":[3265,3261],"product_tag":[],"class_list":{"0":"post-15678","1":"product","2":"type-product","3":"status-publish","4":"has-post-thumbnail","6":"product_cat-elektryczne-pl","7":"product_cat-gitary","9":"first","10":"outofstock","11":"shipping-taxable","12":"purchasable","13":"product-type-simple","14":"entry","15":"content-bg","16":"loop-entry"},"jetpack_sharing_enabled":true,"_links":{"self":[{"href":"https:\/\/guitar2amp.de\/index.php\/wp-json\/wp\/v2\/product\/15678","targetHints":{"allow":["GET"]}}],"collection":[{"href":"https:\/\/guitar2amp.de\/index.php\/wp-json\/wp\/v2\/product"}],"about":[{"href":"https:\/\/guitar2amp.de\/index.php\/wp-json\/wp\/v2\/types\/product"}],"wp:featuredmedia":[{"embeddable":true,"href":"https:\/\/guitar2amp.de\/index.php\/wp-json\/wp\/v2\/media\/15679"}],"wp:attachment":[{"href":"https:\/\/guitar2amp.de\/index.php\/wp-json\/wp\/v2\/media?parent=15678"}],"wp:term":[{"taxonomy":"product_brand","embeddable":true,"href":"https:\/\/guitar2amp.de\/index.php\/wp-json\/wp\/v2\/product_brand?post=15678"},{"taxonomy":"product_cat","embeddable":true,"href":"https:\/\/guitar2amp.de\/index.php\/wp-json\/wp\/v2\/product_cat?post=15678"},{"taxonomy":"product_tag","embeddable":true,"href":"https:\/\/guitar2amp.de\/index.php\/wp-json\/wp\/v2\/product_tag?post=15678"}],"curies":[{"name":"wp","href":"https:\/\/api.w.org\/{rel}","templated":true}]}}