{"id":15863,"date":"2025-10-08T14:35:40","date_gmt":"2025-10-08T12:35:40","guid":{"rendered":"https:\/\/guitar2amp.de\/?post_type=product&#038;p=15863"},"modified":"2026-01-01T11:30:46","modified_gmt":"2026-01-01T10:30:46","slug":"2022-fender-george-harrison-rocky-stratocaster-2","status":"publish","type":"product","link":"https:\/\/guitar2amp.de\/index.php\/pl\/product\/2022-fender-george-harrison-rocky-stratocaster-2\/","title":{"rendered":"2022 Fender George Harrison Rocky Stratocaster"},"content":{"rendered":"<h3 data-start=\"139\" data-end=\"188\">\ud83c\udfb8 Fender George Harrison Stratocaster (2022)<\/h3>\n<p data-start=\"190\" data-end=\"416\"><strong data-start=\"190\" data-end=\"278\">Limitowana edycja inspirowana legendarnym \u201eRocky\u201d Stratocasterem George\u2019a Harrisona.<\/strong><br data-start=\"278\" data-end=\"281\" \/>Instrument oddaje ducha lat 60., a jednocze\u015bnie oferuje wsp\u00f3\u0142czesn\u0105 wygod\u0119 i niezr\u00f3wnane brzmienie typowe dla Fendera z serii Artist.<\/p>\n<p data-start=\"418\" data-end=\"738\">Ten model zosta\u0142 zbudowany w <strong data-start=\"447\" data-end=\"464\">Fender Mexico<\/strong>, pod \u015bcis\u0142ym nadzorem zespo\u0142u Custom Shop, aby wiernie odwzorowa\u0107 oryginaln\u0105 gitar\u0119 Harrisona z ery The Beatles. Charakterystyczne detale wyko\u0144czenia oraz specjalnie dobrane przetworniki nadaj\u0105 instrumentowi unikalny klimat i ton, kt\u00f3ry zna ka\u017cdy fan \u201emagicznej czw\u00f3rki\u201d.<\/p>\n<hr data-start=\"740\" data-end=\"743\" \/>\n<h4 data-start=\"745\" data-end=\"765\">\u2b50 Specyfikacja:<\/h4>\n<ul data-start=\"766\" data-end=\"1266\">\n<li data-start=\"766\" data-end=\"787\">\n<p data-start=\"768\" data-end=\"787\"><strong data-start=\"768\" data-end=\"779\">Korpus:<\/strong> Alder<\/p>\n<\/li>\n<li data-start=\"788\" data-end=\"828\">\n<p data-start=\"790\" data-end=\"828\"><strong data-start=\"790\" data-end=\"799\">Gryf:<\/strong> Maple, profil \u201eMid \u201960s C\u201d<\/p>\n<\/li>\n<li data-start=\"829\" data-end=\"873\">\n<p data-start=\"831\" data-end=\"873\"><strong data-start=\"831\" data-end=\"848\">Podstrunnica:<\/strong> Rosewood, radius 7.25\u201d<\/p>\n<\/li>\n<li data-start=\"874\" data-end=\"905\">\n<p data-start=\"876\" data-end=\"905\"><strong data-start=\"876\" data-end=\"886\">Progi:<\/strong> 21 Vintage Style<\/p>\n<\/li>\n<li data-start=\"906\" data-end=\"974\">\n<p data-start=\"908\" data-end=\"974\"><strong data-start=\"908\" data-end=\"925\">Przetworniki:<\/strong> 3x Fender Vintage-Style \u201960s Single-Coil Strat<\/p>\n<\/li>\n<li data-start=\"975\" data-end=\"1034\">\n<p data-start=\"977\" data-end=\"1034\"><strong data-start=\"977\" data-end=\"988\">Mostek:<\/strong> 6-Saddle Vintage-Style Synchronized Tremolo<\/p>\n<\/li>\n<li data-start=\"1035\" data-end=\"1064\">\n<p data-start=\"1037\" data-end=\"1064\"><strong data-start=\"1037\" data-end=\"1048\">Klucze:<\/strong> Vintage-Style<\/p>\n<\/li>\n<li data-start=\"1065\" data-end=\"1118\">\n<p data-start=\"1067\" data-end=\"1118\"><strong data-start=\"1067\" data-end=\"1077\">Kolor:<\/strong> Rocky Hand-Painted Finish (Multicolor)<\/p>\n<\/li>\n<li data-start=\"1119\" data-end=\"1183\">\n<p data-start=\"1121\" data-end=\"1183\"><strong data-start=\"1121\" data-end=\"1137\">Elektronika:<\/strong> 1x Volume, 2x Tone, 5-pozycyjny prze\u0142\u0105cznik<\/p>\n<\/li>\n<li data-start=\"1184\" data-end=\"1206\">\n<p data-start=\"1186\" data-end=\"1206\"><strong data-start=\"1186\" data-end=\"1198\">Menzura:<\/strong> 25.5&#8243;<\/p>\n<\/li>\n<li data-start=\"1207\" data-end=\"1238\">\n<p data-start=\"1209\" data-end=\"1238\"><strong data-start=\"1209\" data-end=\"1229\">Wyprodukowany w:<\/strong> Mexico<\/p>\n<\/li>\n<li data-start=\"1239\" data-end=\"1266\">\n<p data-start=\"1241\" data-end=\"1266\"><strong data-start=\"1241\" data-end=\"1259\">Rok produkcji:<\/strong> 2022<\/p>\n<\/li>\n<\/ul>\n<hr data-start=\"1268\" data-end=\"1271\" \/>\n<h4 data-start=\"1273\" data-end=\"1303\">\ud83c\udfb6 Brzmienie i charakter:<\/h4>\n<p data-start=\"1304\" data-end=\"1540\">Gitara George\u2019a Harrisona to prawdziwy powr\u00f3t do brzmienia lat 60. \u2013 pe\u0142nego blasku, klarowno\u015bci i ciep\u0142a. Idealnie reaguje na dynamik\u0119 gry, a jednocze\u015bnie oferuje charakterystyczny, lekko \u201edzwoni\u0105cy\u201d ton typowy dla wczesnych Strat\u00f3w.<\/p>\n<hr data-start=\"1542\" data-end=\"1545\" \/>\n<h4 data-start=\"1547\" data-end=\"1566\">\ud83d\udcbc W zestawie:<\/h4>\n<ul data-start=\"1567\" data-end=\"1661\">\n<li data-start=\"1567\" data-end=\"1596\">\n<p data-start=\"1569\" data-end=\"1596\">Oryginalny futera\u0142 Fender<\/p>\n<\/li>\n<li data-start=\"1597\" data-end=\"1626\">\n<p data-start=\"1599\" data-end=\"1626\">Certyfikat autentyczno\u015bci<\/p>\n<\/li>\n<li data-start=\"1627\" data-end=\"1661\">\n<p data-start=\"1629\" data-end=\"1661\">Zestaw dokument\u00f3w i akcesori\u00f3w<\/p>\n<\/li>\n<\/ul>\n<hr data-start=\"1663\" data-end=\"1666\" \/>\n<h4 data-start=\"1668\" data-end=\"1681\">\ud83c\udd95 Stan:<\/h4>\n<p data-start=\"1682\" data-end=\"1768\">Instrument <strong data-start=\"1693\" data-end=\"1713\">nowy, nieu\u017cywany<\/strong>, w komplecie z oryginalnym futera\u0142em i dokumentacj\u0105.<\/p>\n","protected":false},"excerpt":{"rendered":"<h3 data-start=\"139\" data-end=\"188\">Fender George Harrison Stratocaster (2022)<\/h3>\n<p data-start=\"190\" data-end=\"416\"><strong data-start=\"190\" data-end=\"278\">Limitowana edycja inspirowana legendarnym \u201eRocky\u201d Stratocasterem George\u2019a Harrisona.<\/strong><br data-start=\"278\" data-end=\"281\" \/>Instrument oddaje ducha lat 60., a jednocze\u015bnie oferuje wsp\u00f3\u0142czesn\u0105 wygod\u0119 i niezr\u00f3wnane brzmienie typowe dla Fendera z serii Artist.<\/p>\n<p data-start=\"418\" data-end=\"738\">Ten model zosta\u0142 zbudowany w <strong data-start=\"447\" data-end=\"464\">Fender Mexico<\/strong>, pod \u015bcis\u0142ym nadzorem zespo\u0142u Custom Shop, aby wiernie odwzorowa\u0107 oryginaln\u0105 gitar\u0119 Harrisona z ery The Beatles. Charakterystyczne detale wyko\u0144czenia oraz specjalnie dobrane przetworniki nadaj\u0105 instrumentowi unikalny klimat i ton, kt\u00f3ry zna ka\u017cdy fan \u201emagicznej czw\u00f3rki\u201d.<\/p>\n","protected":false},"featured_media":15864,"template":"","meta":{"_monsterinsights_skip_tracking":false,"_monsterinsights_sitenote_active":false,"_monsterinsights_sitenote_note":"","_monsterinsights_sitenote_category":0,"_uf_show_specific_survey":0,"_uf_disable_surveys":false,"_kadence_starter_templates_imported_post":false,"_kad_post_transparent":"default","_kad_post_title":"","_kad_post_layout":"default","_kad_post_sidebar_id":"","_kad_post_content_style":"default","_kad_post_vertical_padding":"default","_kad_post_feature":"","_kad_post_feature_position":"","_kad_post_header":false,"_kad_post_footer":false,"_kad_post_classname":""},"product_brand":[],"product_cat":[3265,3261],"product_tag":[],"class_list":{"0":"post-15863","1":"product","2":"type-product","3":"status-publish","4":"has-post-thumbnail","6":"product_cat-elektryczne-pl","7":"product_cat-gitary","9":"first","10":"outofstock","11":"shipping-taxable","12":"purchasable","13":"product-type-simple","14":"entry","15":"content-bg","16":"loop-entry"},"jetpack_sharing_enabled":true,"_links":{"self":[{"href":"https:\/\/guitar2amp.de\/index.php\/wp-json\/wp\/v2\/product\/15863","targetHints":{"allow":["GET"]}}],"collection":[{"href":"https:\/\/guitar2amp.de\/index.php\/wp-json\/wp\/v2\/product"}],"about":[{"href":"https:\/\/guitar2amp.de\/index.php\/wp-json\/wp\/v2\/types\/product"}],"wp:featuredmedia":[{"embeddable":true,"href":"https:\/\/guitar2amp.de\/index.php\/wp-json\/wp\/v2\/media\/15864"}],"wp:attachment":[{"href":"https:\/\/guitar2amp.de\/index.php\/wp-json\/wp\/v2\/media?parent=15863"}],"wp:term":[{"taxonomy":"product_brand","embeddable":true,"href":"https:\/\/guitar2amp.de\/index.php\/wp-json\/wp\/v2\/product_brand?post=15863"},{"taxonomy":"product_cat","embeddable":true,"href":"https:\/\/guitar2amp.de\/index.php\/wp-json\/wp\/v2\/product_cat?post=15863"},{"taxonomy":"product_tag","embeddable":true,"href":"https:\/\/guitar2amp.de\/index.php\/wp-json\/wp\/v2\/product_tag?post=15863"}],"curies":[{"name":"wp","href":"https:\/\/api.w.org\/{rel}","templated":true}]}}