{"id":15904,"date":"2025-10-11T16:00:35","date_gmt":"2025-10-11T14:00:35","guid":{"rendered":"https:\/\/guitar2amp.de\/?post_type=product&#038;p=15904"},"modified":"2025-12-15T09:04:02","modified_gmt":"2025-12-15T08:04:02","slug":"15904","status":"publish","type":"product","link":"https:\/\/guitar2amp.de\/index.php\/de\/product\/15904\/","title":{"rendered":"LSL La Perronita Sonic Blue"},"content":{"rendered":"<h2 data-start=\"177\" data-end=\"217\"><strong data-start=\"185\" data-end=\"217\">LSL Instruments La Perronita<\/strong><\/h2>\n<p data-start=\"219\" data-end=\"547\">Die <strong data-start=\"223\" data-end=\"243\">LSL La Perronita<\/strong> ist eine moderne Boutique-Interpretation der klassischen <strong data-start=\"301\" data-end=\"320\">Telecaster-Form<\/strong> \u2013 elegant, resonant und voller Charakter.<br data-start=\"362\" data-end=\"365\" \/>Jede Gitarre wird <strong data-start=\"383\" data-end=\"407\">in Kalifornien (USA)<\/strong> vollst\u00e4ndig von Hand gebaut und verk\u00f6rpert die Pr\u00e4zision, den Ton und die Leidenschaft, f\u00fcr die <strong data-start=\"504\" data-end=\"523\">LSL Instruments<\/strong> weltweit bekannt ist.<\/p>\n<p data-start=\"549\" data-end=\"886\">Ausgestattet mit einem Paar <strong data-start=\"577\" data-end=\"597\">TV Jones Pickups<\/strong>, bietet die La Perronita ein au\u00dfergew\u00f6hnlich breites Klangspektrum \u2013 von glasklaren H\u00f6hen \u00fcber warme, dynamische Mitten bis hin zu straffen, fokussierten B\u00e4ssen.<br data-start=\"759\" data-end=\"762\" \/>Das Instrument reagiert extrem sensibel auf das Spiel des Musikers und inspiriert sowohl auf der B\u00fchne als auch im Studio.<\/p>\n<p data-start=\"888\" data-end=\"1098\">Das dezent gealterte <strong data-start=\"909\" data-end=\"934\">Nitrocellulose-Finish<\/strong> und der wundersch\u00f6ne <strong data-start=\"956\" data-end=\"969\">Ahornhals<\/strong> verleihen der Gitarre ein authentisch vintage-inspiriertes Aussehen und Spielgef\u00fchl \u2013 ein echter Klassiker mit moderner Seele.<\/p>\n<hr data-start=\"1100\" data-end=\"1103\" \/>\n<h3 data-start=\"1105\" data-end=\"1130\">\u2b50 <strong data-start=\"1111\" data-end=\"1130\">Spezifikationen<\/strong><\/h3>\n<ul data-start=\"1131\" data-end=\"1438\">\n<li data-start=\"1131\" data-end=\"1157\">\n<p data-start=\"1133\" data-end=\"1157\"><strong data-start=\"1133\" data-end=\"1144\">Korpus:<\/strong> Sumpfesche<\/p>\n<\/li>\n<li data-start=\"1158\" data-end=\"1188\">\n<p data-start=\"1160\" data-end=\"1188\"><strong data-start=\"1160\" data-end=\"1169\">Hals:<\/strong> Ger\u00f6steter Ahorn<\/p>\n<\/li>\n<li data-start=\"1189\" data-end=\"1214\">\n<p data-start=\"1191\" data-end=\"1214\"><strong data-start=\"1191\" data-end=\"1206\">Griffbrett:<\/strong> Ahorn<\/p>\n<\/li>\n<li data-start=\"1215\" data-end=\"1252\">\n<p data-start=\"1217\" data-end=\"1252\"><strong data-start=\"1217\" data-end=\"1229\">Pickups:<\/strong> TV Jones Classic Set<\/p>\n<\/li>\n<li data-start=\"1253\" data-end=\"1298\">\n<p data-start=\"1255\" data-end=\"1298\"><strong data-start=\"1255\" data-end=\"1266\">Finish:<\/strong> Leicht geaged, Nitrocellulose<\/p>\n<\/li>\n<li data-start=\"1299\" data-end=\"1334\">\n<p data-start=\"1301\" data-end=\"1334\"><strong data-start=\"1301\" data-end=\"1312\">Bridge:<\/strong> LSL Vintage T-Style<\/p>\n<\/li>\n<li data-start=\"1335\" data-end=\"1368\">\n<p data-start=\"1337\" data-end=\"1368\"><strong data-start=\"1337\" data-end=\"1351\">Pickguard:<\/strong> Tortoise Shell<\/p>\n<\/li>\n<li data-start=\"1369\" data-end=\"1414\">\n<p data-start=\"1371\" data-end=\"1414\"><strong data-start=\"1371\" data-end=\"1382\">Regler:<\/strong> Volume, Tone, 3-Wege-Schalter<\/p>\n<\/li>\n<li data-start=\"1415\" data-end=\"1438\">\n<p data-start=\"1417\" data-end=\"1438\"><strong data-start=\"1417\" data-end=\"1429\">Gewicht:<\/strong> 3,13 kg<\/p>\n<\/li>\n<\/ul>\n<hr data-start=\"1440\" data-end=\"1443\" \/>\n<h3 data-start=\"1445\" data-end=\"1475\">\ud83c\udfb8 <strong data-start=\"1452\" data-end=\"1475\">Klang &amp; Spielgef\u00fchl<\/strong><\/h3>\n<p data-start=\"1476\" data-end=\"1768\">Die <strong data-start=\"1480\" data-end=\"1496\">La Perronita<\/strong> vereint den druckvollen, direkten Charakter einer Tele-Style-Gitarre mit der offenen, artikulierten Klangwelt der <strong data-start=\"1611\" data-end=\"1631\">TV Jones Pickups<\/strong>.<br data-start=\"1632\" data-end=\"1635\" \/>Das Ergebnis ist ein harmonisch reiches, vielseitiges Instrument \u2013 perfekt geeignet f\u00fcr Blues, Rock, Country oder moderne Popmusik.<\/p>\n<hr data-start=\"1770\" data-end=\"1773\" \/>\n<h3 data-start=\"1775\" data-end=\"1806\">\ud83c\udfc1 <strong data-start=\"1782\" data-end=\"1806\">\u00dcber LSL Instruments<\/strong><\/h3>\n<p data-start=\"1807\" data-end=\"2103\">Gegr\u00fcndet im Jahr <strong data-start=\"1825\" data-end=\"1850\">2008 von Lance Lerman<\/strong>, hat sich <strong data-start=\"1861\" data-end=\"1880\">LSL Instruments<\/strong> als einer der angesehensten Boutique-Gitarrenbauer der USA etabliert.<br data-start=\"1950\" data-end=\"1953\" \/>Jede Gitarre wird in Kalifornien von Hand gefertigt und geaged \u2013 mit einzigartigem Charakter, hervorragender Resonanz und h\u00f6chster Liebe zum Detail.<\/p>\n","protected":false},"excerpt":{"rendered":"<h2 data-start=\"177\" data-end=\"217\"><strong data-start=\"185\" data-end=\"217\">LSL Instruments La Perronita<\/strong><\/h2>\n<p data-start=\"219\" data-end=\"547\">Die <strong data-start=\"223\" data-end=\"243\">LSL La Perronita<\/strong> ist eine moderne Boutique-Interpretation der klassischen <strong data-start=\"301\" data-end=\"320\">Telecaster-Form<\/strong> \u2013 elegant, resonant und voller Charakter.<br data-start=\"362\" data-end=\"365\" \/>Jede Gitarre wird <strong data-start=\"383\" data-end=\"407\">in Kalifornien (USA)<\/strong> vollst\u00e4ndig von Hand gebaut und verk\u00f6rpert die Pr\u00e4zision, den Ton und die Leidenschaft, f\u00fcr die <strong data-start=\"504\" data-end=\"523\">LSL Instruments<\/strong> weltweit bekannt ist.<\/p>\n<p data-start=\"549\" data-end=\"886\">Ausgestattet mit einem Paar <strong data-start=\"577\" data-end=\"597\">TV Jones Pickups<\/strong>, bietet die La Perronita ein au\u00dfergew\u00f6hnlich breites Klangspektrum \u2013 von glasklaren H\u00f6hen \u00fcber warme, dynamische Mitten bis hin zu straffen, fokussierten B\u00e4ssen.<br data-start=\"759\" data-end=\"762\" \/>Das Instrument reagiert extrem sensibel auf das Spiel des Musikers und inspiriert sowohl auf der B\u00fchne als auch im Studio.<\/p>\n<p data-start=\"888\" data-end=\"1098\">Das dezent gealterte <strong data-start=\"909\" data-end=\"934\">Nitrocellulose-Finish<\/strong> und der wundersch\u00f6ne <strong data-start=\"956\" data-end=\"969\">Ahornhals<\/strong> verleihen der Gitarre ein authentisch vintage-inspiriertes Aussehen und Spielgef\u00fchl \u2013 ein echter Klassiker mit moderner Seele.<\/p>\n<p>&nbsp;<br \/>\n<a href=\"https:\/\/guitar2amp.de\/index.php\/de\/lsl-instruments_de\/\"><\/p>\n<p data-start=\"888\" data-end=\"1098\"><strong>Weitere Gitarren von LSL Instruments \u2192<\/strong><\/p>\n<p><\/a><\/p>\n","protected":false},"featured_media":15905,"template":"","meta":{"_monsterinsights_skip_tracking":false,"_monsterinsights_sitenote_active":false,"_monsterinsights_sitenote_note":"","_monsterinsights_sitenote_category":0,"_uf_show_specific_survey":0,"_uf_disable_surveys":false,"_kadence_starter_templates_imported_post":false,"_kad_post_transparent":"default","_kad_post_title":"","_kad_post_layout":"default","_kad_post_sidebar_id":"","_kad_post_content_style":"default","_kad_post_vertical_padding":"default","_kad_post_feature":"","_kad_post_feature_position":"","_kad_post_header":false,"_kad_post_footer":false,"_kad_post_classname":""},"product_brand":[],"product_cat":[4275],"product_tag":[],"class_list":{"0":"post-15904","1":"product","2":"type-product","3":"status-publish","4":"has-post-thumbnail","6":"product_cat-lsl-instruments","8":"first","9":"onbackorder","10":"shipping-taxable","11":"product-type-simple","12":"entry","13":"content-bg","14":"loop-entry"},"jetpack_sharing_enabled":true,"_links":{"self":[{"href":"https:\/\/guitar2amp.de\/index.php\/wp-json\/wp\/v2\/product\/15904","targetHints":{"allow":["GET"]}}],"collection":[{"href":"https:\/\/guitar2amp.de\/index.php\/wp-json\/wp\/v2\/product"}],"about":[{"href":"https:\/\/guitar2amp.de\/index.php\/wp-json\/wp\/v2\/types\/product"}],"wp:featuredmedia":[{"embeddable":true,"href":"https:\/\/guitar2amp.de\/index.php\/wp-json\/wp\/v2\/media\/15905"}],"wp:attachment":[{"href":"https:\/\/guitar2amp.de\/index.php\/wp-json\/wp\/v2\/media?parent=15904"}],"wp:term":[{"taxonomy":"product_brand","embeddable":true,"href":"https:\/\/guitar2amp.de\/index.php\/wp-json\/wp\/v2\/product_brand?post=15904"},{"taxonomy":"product_cat","embeddable":true,"href":"https:\/\/guitar2amp.de\/index.php\/wp-json\/wp\/v2\/product_cat?post=15904"},{"taxonomy":"product_tag","embeddable":true,"href":"https:\/\/guitar2amp.de\/index.php\/wp-json\/wp\/v2\/product_tag?post=15904"}],"curies":[{"name":"wp","href":"https:\/\/api.w.org\/{rel}","templated":true}]}}