{"id":16005,"date":"2025-10-17T10:17:19","date_gmt":"2025-10-17T08:17:19","guid":{"rendered":"https:\/\/guitar2amp.de\/?post_type=product&#038;p=16005"},"modified":"2025-12-15T09:04:02","modified_gmt":"2025-12-15T08:04:02","slug":"lsl-la-perronita-sonic-blue-2","status":"publish","type":"product","link":"https:\/\/guitar2amp.de\/index.php\/pl\/product\/lsl-la-perronita-sonic-blue-2\/","title":{"rendered":"LSL La Perronita Sonic Blue"},"content":{"rendered":"<h3 data-start=\"0\" data-end=\"36\"><strong data-start=\"4\" data-end=\"36\">LSL Instruments La Perronita<\/strong><\/h3>\n<p data-start=\"38\" data-end=\"312\">Model <strong data-start=\"44\" data-end=\"64\">LSL La Perronita<\/strong> to nowoczesna, butikowa interpretacja klasycznej formy Telecastera \u2013 elegancka, rezonuj\u0105ca i pe\u0142na charakteru.<br data-start=\"175\" data-end=\"178\" \/>Ka\u017cdy egzemplarz powstaje <strong data-start=\"204\" data-end=\"234\">r\u0119cznie w Kalifornii (USA)<\/strong>, z precyzj\u0105 i pasj\u0105, z kt\u00f3rych <strong data-start=\"266\" data-end=\"285\">LSL Instruments<\/strong> s\u0142ynie na ca\u0142ym \u015bwiecie.<\/p>\n<p data-start=\"314\" data-end=\"628\">Wyposa\u017cona w zestaw <strong data-start=\"334\" data-end=\"363\">pickup\u00f3w TV Jones Classic<\/strong>, La Perronita oferuje niezwykle szerokie spektrum brzmieniowe \u2013 od krystalicznie czystych ton\u00f3w, przez ciep\u0142e, dynamiczne \u015brodki, a\u017c po zwarte, mocne basy.<br data-start=\"519\" data-end=\"522\" \/>Instrument reaguje wyj\u0105tkowo wra\u017cliwie na styl gry muzyka, inspiruj\u0105c zar\u00f3wno w studiu, jak i na scenie.<\/p>\n<p data-start=\"630\" data-end=\"813\">Delikatnie postarzone <strong data-start=\"652\" data-end=\"683\">nitrocelulozowe wyko\u0144czenie<\/strong> oraz pi\u0119kny <strong data-start=\"696\" data-end=\"712\">klonowy gryf<\/strong> nadaj\u0105 gitarze autentyczny, vintage\u2019owy wygl\u0105d i doskona\u0142y feeling \u2013 to klasyk z nowoczesn\u0105 dusz\u0105.<\/p>\n<hr data-start=\"815\" data-end=\"818\" \/>\n<p data-start=\"820\" data-end=\"838\">\u2b50 <strong data-start=\"822\" data-end=\"838\">Specyfikacja<\/strong><\/p>\n<ul data-start=\"840\" data-end=\"1195\">\n<li data-start=\"840\" data-end=\"883\">\n<p data-start=\"842\" data-end=\"883\"><strong data-start=\"842\" data-end=\"853\">Korpus:<\/strong> jesion bagienny (Swamp Ash)<\/p>\n<\/li>\n<li data-start=\"884\" data-end=\"925\">\n<p data-start=\"886\" data-end=\"925\"><strong data-start=\"886\" data-end=\"895\">Gryf:<\/strong> klon palony (Roasted Maple)<\/p>\n<\/li>\n<li data-start=\"926\" data-end=\"952\">\n<p data-start=\"928\" data-end=\"952\"><strong data-start=\"928\" data-end=\"945\">Podstrunnica:<\/strong> klon<\/p>\n<\/li>\n<li data-start=\"953\" data-end=\"998\">\n<p data-start=\"955\" data-end=\"998\"><strong data-start=\"955\" data-end=\"972\">Przetworniki:<\/strong> zestaw TV Jones Classic<\/p>\n<\/li>\n<li data-start=\"999\" data-end=\"1046\">\n<p data-start=\"1001\" data-end=\"1046\"><strong data-start=\"1001\" data-end=\"1017\">Wyko\u0144czenie:<\/strong> lekko relic, nitroceluloza<\/p>\n<\/li>\n<li data-start=\"1047\" data-end=\"1082\">\n<p data-start=\"1049\" data-end=\"1082\"><strong data-start=\"1049\" data-end=\"1060\">Mostek:<\/strong> LSL Vintage T-Style<\/p>\n<\/li>\n<li data-start=\"1083\" data-end=\"1116\">\n<p data-start=\"1085\" data-end=\"1116\"><strong data-start=\"1085\" data-end=\"1099\">Pickguard:<\/strong> Tortoise Shell<\/p>\n<\/li>\n<li data-start=\"1117\" data-end=\"1174\">\n<p data-start=\"1119\" data-end=\"1174\"><strong data-start=\"1119\" data-end=\"1134\">Kontrolery:<\/strong> Volume, Tone, 3-pozycyjny prze\u0142\u0105cznik<\/p>\n<\/li>\n<li data-start=\"1175\" data-end=\"1195\">\n<p data-start=\"1177\" data-end=\"1195\"><strong data-start=\"1177\" data-end=\"1186\">Waga:<\/strong> 3,13 kg<\/p>\n<\/li>\n<\/ul>\n<hr data-start=\"1197\" data-end=\"1200\" \/>\n<p data-start=\"1202\" data-end=\"1228\">\ud83c\udfb8 <strong data-start=\"1205\" data-end=\"1228\">Brzmienie i feeling<\/strong><\/p>\n<p data-start=\"1230\" data-end=\"1501\">La Perronita \u0142\u0105czy pot\u0119\u017cny, bezpo\u015bredni charakter gitary Tele-style z otwartym, klarownym brzmieniem przetwornik\u00f3w TV Jones.<br data-start=\"1354\" data-end=\"1357\" \/>Efektem jest instrument o bogatym, harmonicznym tonie i ogromnej uniwersalno\u015bci \u2013 idealny do bluesa, rocka, country i wsp\u00f3\u0142czesnej muzyki pop.<\/p>\n","protected":false},"excerpt":{"rendered":"<h3 data-start=\"0\" data-end=\"36\"><strong data-start=\"4\" data-end=\"36\">LSL Instruments La Perronita<\/strong><\/h3>\n<p data-start=\"38\" data-end=\"312\">Model <strong data-start=\"44\" data-end=\"64\">LSL La Perronita<\/strong> to nowoczesna, butikowa interpretacja klasycznej formy Telecastera \u2013 elegancka, rezonuj\u0105ca i pe\u0142na charakteru.<br data-start=\"175\" data-end=\"178\" \/>Ka\u017cdy egzemplarz powstaje <strong data-start=\"204\" data-end=\"234\">r\u0119cznie w Kalifornii (USA)<\/strong>, z precyzj\u0105 i pasj\u0105, z kt\u00f3rych <strong data-start=\"266\" data-end=\"285\">LSL Instruments<\/strong> s\u0142ynie na ca\u0142ym \u015bwiecie.<\/p>\n<p data-start=\"314\" data-end=\"628\">Wyposa\u017cona w zestaw <strong data-start=\"334\" data-end=\"363\">pickup\u00f3w TV Jones Classic<\/strong>, La Perronita oferuje niezwykle szerokie spektrum brzmieniowe \u2013 od krystalicznie czystych ton\u00f3w, przez ciep\u0142e, dynamiczne \u015brodki, a\u017c po zwarte, mocne basy.<br data-start=\"519\" data-end=\"522\" \/>Instrument reaguje wyj\u0105tkowo wra\u017cliwie na styl gry muzyka, inspiruj\u0105c zar\u00f3wno w studiu, jak i na scenie.<\/p>\n<p data-start=\"630\" data-end=\"813\">Delikatnie postarzone <strong data-start=\"652\" data-end=\"683\">nitrocelulozowe wyko\u0144czenie<\/strong> oraz pi\u0119kny <strong data-start=\"696\" data-end=\"712\">klonowy gryf<\/strong> nadaj\u0105 gitarze autentyczny, vintage\u2019owy wygl\u0105d i doskona\u0142y feeling \u2013 to klasyk z nowoczesn\u0105 dusz\u0105.<\/p>\n<p data-start=\"630\" data-end=\"813\">\n","protected":false},"featured_media":16006,"template":"","meta":{"_monsterinsights_skip_tracking":false,"_monsterinsights_sitenote_active":false,"_monsterinsights_sitenote_note":"","_monsterinsights_sitenote_category":0,"_uf_show_specific_survey":0,"_uf_disable_surveys":false,"_kadence_starter_templates_imported_post":false,"_kad_post_transparent":"default","_kad_post_title":"","_kad_post_layout":"default","_kad_post_sidebar_id":"","_kad_post_content_style":"default","_kad_post_vertical_padding":"default","_kad_post_feature":"","_kad_post_feature_position":"","_kad_post_header":false,"_kad_post_footer":false,"_kad_post_classname":""},"product_brand":[],"product_cat":[4277],"product_tag":[],"class_list":{"0":"post-16005","1":"product","2":"type-product","3":"status-publish","4":"has-post-thumbnail","6":"product_cat-lsl-instruments-pl","8":"first","9":"onbackorder","10":"shipping-taxable","11":"product-type-simple","12":"entry","13":"content-bg","14":"loop-entry"},"jetpack_sharing_enabled":true,"_links":{"self":[{"href":"https:\/\/guitar2amp.de\/index.php\/wp-json\/wp\/v2\/product\/16005","targetHints":{"allow":["GET"]}}],"collection":[{"href":"https:\/\/guitar2amp.de\/index.php\/wp-json\/wp\/v2\/product"}],"about":[{"href":"https:\/\/guitar2amp.de\/index.php\/wp-json\/wp\/v2\/types\/product"}],"wp:featuredmedia":[{"embeddable":true,"href":"https:\/\/guitar2amp.de\/index.php\/wp-json\/wp\/v2\/media\/16006"}],"wp:attachment":[{"href":"https:\/\/guitar2amp.de\/index.php\/wp-json\/wp\/v2\/media?parent=16005"}],"wp:term":[{"taxonomy":"product_brand","embeddable":true,"href":"https:\/\/guitar2amp.de\/index.php\/wp-json\/wp\/v2\/product_brand?post=16005"},{"taxonomy":"product_cat","embeddable":true,"href":"https:\/\/guitar2amp.de\/index.php\/wp-json\/wp\/v2\/product_cat?post=16005"},{"taxonomy":"product_tag","embeddable":true,"href":"https:\/\/guitar2amp.de\/index.php\/wp-json\/wp\/v2\/product_tag?post=16005"}],"curies":[{"name":"wp","href":"https:\/\/api.w.org\/{rel}","templated":true}]}}