{"id":16205,"date":"2025-10-25T12:54:19","date_gmt":"2025-10-25T10:54:19","guid":{"rendered":"https:\/\/guitar2amp.de\/?post_type=product&#038;p=16205"},"modified":"2025-10-31T20:59:31","modified_gmt":"2025-10-31T19:59:31","slug":"2015-gibson-custom-shop-les-paul-g0-r0-1960-reissue-bourbon-burst-2","status":"publish","type":"product","link":"https:\/\/guitar2amp.de\/index.php\/de\/product\/2015-gibson-custom-shop-les-paul-g0-r0-1960-reissue-bourbon-burst-2\/","title":{"rendered":"2015 Gibson Custom Shop Les Paul G0 \/ R0 1960 Reissue Bourbon Burst [USED]"},"content":{"rendered":"<h3 data-start=\"0\" data-end=\"71\"><strong data-start=\"4\" data-end=\"71\">2015 Gibson Les Paul G0 Bourbon Burst \u2013 Guitar Center Exclusive<\/strong><\/h3>\n<p data-start=\"73\" data-end=\"481\">Die <strong data-start=\"77\" data-end=\"83\">G0<\/strong> ist eine Sonderedition, die exklusiv f\u00fcr <strong data-start=\"125\" data-end=\"146\">Guitar Center USA<\/strong> gebaut wurde \u2013 basierend auf der <strong data-start=\"180\" data-end=\"210\">1960 Les Paul Reissue (R0)<\/strong> und handgefertigt in der <strong data-start=\"236\" data-end=\"258\">Gibson Custom Shop<\/strong>.<br data-start=\"259\" data-end=\"262\" \/>Sie teilt sich s\u00e4mtliche hochwertigen Materialien und traditionellen Bauweisen mit der R0-Serie und kombiniert den unverwechselbaren Vintage-Sound einer sp\u00e4ten 50\u2019s Les Paul mit moderner Pr\u00e4zision und Zuverl\u00e4ssigkeit.<\/p>\n<p data-start=\"483\" data-end=\"684\">Dieses Modell liefert den vollen, warmen Les-Paul-Ton mit au\u00dfergew\u00f6hnlicher Ansprache und Resonanz. Leicht, dynamisch und voller Charakter \u2013 eine Gitarre, die man kaum mehr aus der Hand legen m\u00f6chte.<\/p>\n<hr data-start=\"686\" data-end=\"689\" \/>\n<p data-start=\"691\" data-end=\"1003\">\ud83c\udfb8 <strong data-start=\"694\" data-end=\"715\">Klang &amp; Charakter<\/strong><br data-start=\"715\" data-end=\"718\" \/>Das wundersch\u00f6ne <strong data-start=\"735\" data-end=\"759\">Bourbon Burst Finish<\/strong> bringt die fein gemaserte Ahorndecke perfekt zur Geltung. Das schlanke <strong data-start=\"831\" data-end=\"861\">1960 Slim Taper Halsprofil<\/strong> sorgt f\u00fcr hervorragende Spielbarkeit, w\u00e4hrend der Mahagonikorpus mit Ahorndecke den klassischen Mix aus W\u00e4rme, Sustain und Klarheit bietet.<\/p>\n<p data-start=\"1005\" data-end=\"1216\">Mit <strong data-start=\"1009\" data-end=\"1034\">Custom Bucker Pickups<\/strong>, <strong data-start=\"1036\" data-end=\"1060\">Hide-Glue-Verleimung<\/strong>, <strong data-start=\"1062\" data-end=\"1079\">Anilin-Farben<\/strong> und <strong data-start=\"1084\" data-end=\"1113\">Nitrocellulose-Lackierung<\/strong> liefert die G0 ein authentisches Vintage-Feeling \u2013 dynamisch, ausdrucksstark und reich an Obert\u00f6nen.<\/p>\n<hr data-start=\"1218\" data-end=\"1221\" \/>\n<p data-start=\"1223\" data-end=\"1244\">\u2b50 <strong data-start=\"1225\" data-end=\"1244\">Spezifikationen<\/strong><\/p>\n<ul data-start=\"1246\" data-end=\"1963\">\n<li data-start=\"1246\" data-end=\"1310\">\n<p data-start=\"1248\" data-end=\"1310\"><strong data-start=\"1248\" data-end=\"1259\">Korpus:<\/strong> Mahagoni mit zweiteiliger, gemaserter Ahorndecke<\/p>\n<\/li>\n<li data-start=\"1311\" data-end=\"1415\">\n<p data-start=\"1313\" data-end=\"1415\"><strong data-start=\"1313\" data-end=\"1322\">Hals:<\/strong> Mahagoni, 1960 Slim Taper Profil (zwischen V2 &amp; V3 \u2013 0,83&#8243; am 1. Bund \/ 0,94&#8243; am 12. Bund)<\/p>\n<\/li>\n<li data-start=\"1416\" data-end=\"1458\">\n<p data-start=\"1418\" data-end=\"1458\"><strong data-start=\"1418\" data-end=\"1433\">Griffbrett:<\/strong> Einteiliges Palisander<\/p>\n<\/li>\n<li data-start=\"1459\" data-end=\"1480\">\n<p data-start=\"1461\" data-end=\"1480\"><strong data-start=\"1461\" data-end=\"1472\">Sattel:<\/strong> Nylon<\/p>\n<\/li>\n<li data-start=\"1481\" data-end=\"1545\">\n<p data-start=\"1483\" data-end=\"1545\"><strong data-start=\"1483\" data-end=\"1496\">Bauweise:<\/strong> Hide Glue (tierischer Leim, keine Kunststoffe)<\/p>\n<\/li>\n<li data-start=\"1546\" data-end=\"1605\">\n<p data-start=\"1548\" data-end=\"1605\"><strong data-start=\"1548\" data-end=\"1559\">Finish:<\/strong> Nitrocellulose-Lackierung mit Anilin-Farben<\/p>\n<\/li>\n<li data-start=\"1606\" data-end=\"1639\">\n<p data-start=\"1608\" data-end=\"1639\"><strong data-start=\"1608\" data-end=\"1631\">Kopfplattenfurnier:<\/strong> Holly<\/p>\n<\/li>\n<li data-start=\"1640\" data-end=\"1674\">\n<p data-start=\"1642\" data-end=\"1674\"><strong data-start=\"1642\" data-end=\"1653\">Br\u00fccke:<\/strong> ABR-1 Tune-O-Matic<\/p>\n<\/li>\n<li data-start=\"1675\" data-end=\"1745\">\n<p data-start=\"1677\" data-end=\"1745\"><strong data-start=\"1677\" data-end=\"1692\">Mechaniken:<\/strong> Kluson Deluxe (Single Line, vintage-korrekte Tips)<\/p>\n<\/li>\n<li data-start=\"1746\" data-end=\"1813\">\n<p data-start=\"1748\" data-end=\"1813\"><strong data-start=\"1748\" data-end=\"1760\">Binding:<\/strong> Historisch korrekte Farbe am Korpus und Griffbrett<\/p>\n<\/li>\n<li data-start=\"1814\" data-end=\"1878\">\n<p data-start=\"1816\" data-end=\"1878\"><strong data-start=\"1816\" data-end=\"1829\">Halsstab:<\/strong> Historische Ausf\u00fchrung ohne Kunststoffr\u00f6hrchen<\/p>\n<\/li>\n<li data-start=\"1879\" data-end=\"1921\">\n<p data-start=\"1881\" data-end=\"1921\"><strong data-start=\"1881\" data-end=\"1893\">Pickups:<\/strong> 2 \u00d7 Gibson Custom Buckers<\/p>\n<\/li>\n<li data-start=\"1922\" data-end=\"1963\">\n<p data-start=\"1924\" data-end=\"1963\"><strong data-start=\"1924\" data-end=\"1936\">Gewicht:<\/strong> ca. 3,7 kg<\/p>\n<\/li>\n<\/ul>\n<hr data-start=\"1965\" data-end=\"1968\" \/>\n<p data-start=\"1970\" data-end=\"1984\">\ud83c\udfc1 <strong data-start=\"1973\" data-end=\"1984\">Zustand<\/strong><\/p>\n<p data-start=\"1986\" data-end=\"2277\">Sehr guter Gesamtzustand \u2013 nur minimale Gebrauchsspuren.<br data-start=\"2042\" data-end=\"2045\" \/>Ein paar <strong data-start=\"2054\" data-end=\"2094\">mikrofeine Kratzer auf der R\u00fcckseite<\/strong> und ein <strong data-start=\"2103\" data-end=\"2146\">kleiner Ding von der Pickguard-Schraube<\/strong>, alles auf den Fotos sichtbar.<br data-start=\"2177\" data-end=\"2180\" \/>Die B\u00fcnde sind neuwertig, die Gitarre wurde vollst\u00e4ndig \u00fcberpr\u00fcft und funktioniert einwandfrei.<\/p>\n<hr data-start=\"2279\" data-end=\"2282\" \/>\n<p data-start=\"2284\" data-end=\"2305\">\ud83d\udc8e <strong data-start=\"2287\" data-end=\"2305\">Besonderheiten<\/strong><\/p>\n<ul data-start=\"2307\" data-end=\"2651\">\n<li data-start=\"2307\" data-end=\"2380\">\n<p data-start=\"2309\" data-end=\"2380\">Exklusive <strong data-start=\"2319\" data-end=\"2347\">G0 Guitar Center Edition<\/strong>, identisch zur 1960 R0 Reissue<\/p>\n<\/li>\n<li data-start=\"2381\" data-end=\"2460\">\n<p data-start=\"2383\" data-end=\"2460\">Authentische Materialien: <strong data-start=\"2409\" data-end=\"2422\">Hide Glue<\/strong>, <strong data-start=\"2424\" data-end=\"2440\">Anilinfarben<\/strong>, <strong data-start=\"2442\" data-end=\"2458\">Nitro-Finish<\/strong><\/p>\n<\/li>\n<li data-start=\"2461\" data-end=\"2546\">\n<p data-start=\"2463\" data-end=\"2546\">Handgewickelte <strong data-start=\"2478\" data-end=\"2503\">Custom Bucker Pickups<\/strong> \u2013 reichhaltiger, organischer Vintage-Ton<\/p>\n<\/li>\n<li data-start=\"2547\" data-end=\"2593\">\n<p data-start=\"2549\" data-end=\"2593\">Leicht, resonant und perfekt ausbalanciert<\/p>\n<\/li>\n<li data-start=\"2594\" data-end=\"2651\">\n<p data-start=\"2596\" data-end=\"2651\">Pr\u00e4zise Handarbeit aus dem <strong data-start=\"2623\" data-end=\"2649\">Gibson Custom Shop USA<\/strong><\/p>\n<\/li>\n<\/ul>\n<hr data-start=\"2653\" data-end=\"2656\" \/>\n<p data-start=\"2658\" data-end=\"2819\" data-is-last-node=\"\" data-is-only-node=\"\">Ein herausragendes Beispiel f\u00fcr die Handwerkskunst des Gibson Custom Shops \u2013 eine elegante, inspirierende Les Paul mit klassischem Ton und moderner Spielbarkeit.<\/p>\n","protected":false},"excerpt":{"rendered":"<h3 data-start=\"0\" data-end=\"71\"><strong data-start=\"4\" data-end=\"71\">2015 Gibson Les Paul G0 Bourbon Burst \u2013 Guitar Center Exclusive<\/strong><\/h3>\n<p data-start=\"73\" data-end=\"481\">Die <strong data-start=\"77\" data-end=\"83\">G0<\/strong> ist eine Sonderedition, die exklusiv f\u00fcr <strong data-start=\"125\" data-end=\"146\">Guitar Center USA<\/strong> gebaut wurde \u2013 basierend auf der <strong data-start=\"180\" data-end=\"210\">1960 Les Paul Reissue (R0)<\/strong> und handgefertigt in der <strong data-start=\"236\" data-end=\"258\">Gibson Custom Shop<\/strong>.<br data-start=\"259\" data-end=\"262\" \/>Sie teilt sich s\u00e4mtliche hochwertigen Materialien und traditionellen Bauweisen mit der R0-Serie und kombiniert den unverwechselbaren Vintage-Sound einer sp\u00e4ten 50\u2019s Les Paul mit moderner Pr\u00e4zision und Zuverl\u00e4ssigkeit.<\/p>\n<p data-start=\"483\" data-end=\"684\">Dieses Modell liefert den vollen, warmen Les-Paul-Ton mit au\u00dfergew\u00f6hnlicher Ansprache und Resonanz. Leicht, dynamisch und voller Charakter \u2013 eine Gitarre, die man kaum mehr aus der Hand legen m\u00f6chte.<\/p>\n","protected":false},"featured_media":16206,"template":"","meta":{"_monsterinsights_skip_tracking":false,"_monsterinsights_sitenote_active":false,"_monsterinsights_sitenote_note":"","_monsterinsights_sitenote_category":0,"_uf_show_specific_survey":0,"_uf_disable_surveys":false,"_kadence_starter_templates_imported_post":false,"_kad_post_transparent":"default","_kad_post_title":"","_kad_post_layout":"default","_kad_post_sidebar_id":"","_kad_post_content_style":"default","_kad_post_vertical_padding":"default","_kad_post_feature":"","_kad_post_feature_position":"","_kad_post_header":false,"_kad_post_footer":false,"_kad_post_classname":""},"product_brand":[],"product_cat":[207,203],"product_tag":[],"class_list":{"0":"post-16205","1":"product","2":"type-product","3":"status-publish","4":"has-post-thumbnail","6":"product_cat-e-gitarren","7":"product_cat-gitarren","9":"first","10":"instock","11":"shipping-taxable","12":"purchasable","13":"product-type-simple","14":"entry","15":"content-bg","16":"loop-entry"},"jetpack_sharing_enabled":true,"_links":{"self":[{"href":"https:\/\/guitar2amp.de\/index.php\/wp-json\/wp\/v2\/product\/16205","targetHints":{"allow":["GET"]}}],"collection":[{"href":"https:\/\/guitar2amp.de\/index.php\/wp-json\/wp\/v2\/product"}],"about":[{"href":"https:\/\/guitar2amp.de\/index.php\/wp-json\/wp\/v2\/types\/product"}],"wp:featuredmedia":[{"embeddable":true,"href":"https:\/\/guitar2amp.de\/index.php\/wp-json\/wp\/v2\/media\/16206"}],"wp:attachment":[{"href":"https:\/\/guitar2amp.de\/index.php\/wp-json\/wp\/v2\/media?parent=16205"}],"wp:term":[{"taxonomy":"product_brand","embeddable":true,"href":"https:\/\/guitar2amp.de\/index.php\/wp-json\/wp\/v2\/product_brand?post=16205"},{"taxonomy":"product_cat","embeddable":true,"href":"https:\/\/guitar2amp.de\/index.php\/wp-json\/wp\/v2\/product_cat?post=16205"},{"taxonomy":"product_tag","embeddable":true,"href":"https:\/\/guitar2amp.de\/index.php\/wp-json\/wp\/v2\/product_tag?post=16205"}],"curies":[{"name":"wp","href":"https:\/\/api.w.org\/{rel}","templated":true}]}}