{"id":16271,"date":"2025-10-31T08:49:46","date_gmt":"2025-10-31T07:49:46","guid":{"rendered":"https:\/\/guitar2amp.de\/?post_type=product&#038;p=16271"},"modified":"2025-10-31T08:54:04","modified_gmt":"2025-10-31T07:54:04","slug":"2019-macmull-custom-s-classic-black-used-2","status":"publish","type":"product","link":"https:\/\/guitar2amp.de\/index.php\/de\/product\/2019-macmull-custom-s-classic-black-used-2\/","title":{"rendered":"2019 Macmull Custom S Classic Black [USED]"},"content":{"rendered":"<div class=\"relative basis-auto flex-col -mb-(--composer-overlap-px) [--composer-overlap-px:28px] grow flex overflow-hidden\">\n<div class=\"relative h-full\">\n<div class=\"flex h-full flex-col overflow-y-auto thread-xl:pt-(--header-height) [scrollbar-gutter:stable_both-edges]\">\n<div class=\"flex flex-col text-sm thread-xl:pt-header-height pb-25\">\n<article class=\"text-token-text-primary w-full focus:outline-none [--shadow-height:45px] has-data-writing-block:pointer-events-none has-data-writing-block:-mt-(--shadow-height) has-data-writing-block:pt-(--shadow-height) [&amp;:has([data-writing-block])&gt;*]:pointer-events-auto [content-visibility:auto] supports-[content-visibility:auto]:[contain-intrinsic-size:auto_100lvh] scroll-mt-[calc(var(--header-height)+min(200px,max(70px,20svh)))]\" dir=\"auto\" tabindex=\"-1\" data-turn-id=\"3a7fc2c1-c845-4f62-9607-68a105c3d1ed\" data-testid=\"conversation-turn-592\" data-scroll-anchor=\"true\" data-turn=\"assistant\">\n<div class=\"text-base my-auto mx-auto pb-10 [--thread-content-margin:--spacing(4)] thread-sm:[--thread-content-margin:--spacing(6)] thread-lg:[--thread-content-margin:--spacing(16)] px-(--thread-content-margin)\">\n<div class=\"[--thread-content-max-width:40rem] thread-lg:[--thread-content-max-width:48rem] mx-auto max-w-(--thread-content-max-width) flex-1 group\/turn-messages focus-visible:outline-hidden relative flex w-full min-w-0 flex-col agent-turn\" tabindex=\"-1\">\n<div class=\"flex max-w-full flex-col grow\">\n<div class=\"min-h-8 text-message relative flex w-full flex-col items-end gap-2 text-start break-words whitespace-normal [.text-message+&amp;]:mt-1\" dir=\"auto\" data-message-author-role=\"assistant\" data-message-id=\"3a7fc2c1-c845-4f62-9607-68a105c3d1ed\" data-message-model-slug=\"gpt-5\">\n<div class=\"flex w-full flex-col gap-1 empty:hidden first:pt-[1px]\">\n<div class=\"markdown prose dark:prose-invert w-full break-words dark markdown-new-styling\">\n<p data-start=\"0\" data-end=\"36\"><strong data-start=\"0\" data-end=\"34\">Macmull S Classic Black (2019)<\/strong><\/p>\n<p data-start=\"38\" data-end=\"401\">Die <strong data-start=\"42\" data-end=\"69\">Macmull S Classic Black<\/strong> ist ein echtes Boutique-Instrument, vollst\u00e4ndig von Hand in Israel gefertigt. Inspiriert von der klassischen S-Style-Form, bietet dieses Modell dank des firmeneigenen <strong data-start=\"237\" data-end=\"264\">Real Vintage Tone (RVT)<\/strong>-Systems einen au\u00dfergew\u00f6hnlich organischen und dynamischen Klang, der an echte Vintage-Gitarren aus den 50er- und 60er-Jahren erinnert.<\/p>\n<p data-start=\"38\" data-end=\"401\"><a href=\"https:\/\/guitar2amp.de\/index.php\/de\/macmull-custom-guitars-de\/\"><strong>Mehr \u00fcber Gitarren von Macmull Custom Guitars \u2192<\/strong><\/a><\/p>\n<p data-start=\"403\" data-end=\"425\"><strong data-start=\"403\" data-end=\"423\">Spezifikationen:<\/strong><\/p>\n<ul data-start=\"426\" data-end=\"673\">\n<li data-start=\"426\" data-end=\"443\">\n<p data-start=\"428\" data-end=\"443\">Baujahr: 2019<\/p>\n<\/li>\n<li data-start=\"444\" data-end=\"460\">\n<p data-start=\"446\" data-end=\"460\">Korpus: Erle<\/p>\n<\/li>\n<li data-start=\"461\" data-end=\"476\">\n<p data-start=\"463\" data-end=\"476\">Hals: Ahorn<\/p>\n<\/li>\n<li data-start=\"477\" data-end=\"503\">\n<p data-start=\"479\" data-end=\"503\">Griffbrett: Palisander<\/p>\n<\/li>\n<li data-start=\"504\" data-end=\"541\">\n<p data-start=\"506\" data-end=\"541\">Pickups: <strong data-start=\"515\" data-end=\"535\">Macmull Alnico 3<\/strong> Set<\/p>\n<\/li>\n<li data-start=\"542\" data-end=\"578\">\n<p data-start=\"544\" data-end=\"578\">Finish: Schwarz (Nitrozellulose)<\/p>\n<\/li>\n<li data-start=\"579\" data-end=\"593\">\n<p data-start=\"581\" data-end=\"593\">Gewicht: \u2014<\/p>\n<\/li>\n<li data-start=\"594\" data-end=\"673\">\n<p data-start=\"596\" data-end=\"673\">Lieferumfang: Original Koffer, Macmull Ledergurt, Echtheitszertifikat (COA)<\/p>\n<\/li>\n<\/ul>\n<p data-start=\"675\" data-end=\"781\">Die Gitarre befindet sich in einem ausgezeichneten technischen Zustand mit nur leichten Gebrauchsspuren.<\/p>\n<p data-start=\"783\" data-end=\"1169\"><strong data-start=\"783\" data-end=\"814\">\u00dcber Macmull Custom Guitars<\/strong><br data-start=\"814\" data-end=\"817\" \/>Gegr\u00fcndet von <strong data-start=\"831\" data-end=\"846\">Tal Macmull<\/strong> und <strong data-start=\"851\" data-end=\"866\">Amit Sadras<\/strong> in Jerusalem, hat sich <strong data-start=\"890\" data-end=\"916\">Macmull Custom Guitars<\/strong> weltweit einen Namen f\u00fcr Pr\u00e4zision, Handwerkskunst und Musikalit\u00e4t gemacht. Jedes Instrument wird individuell abgestimmt, mit sorgf\u00e4ltig ausgew\u00e4hlten H\u00f6lzern und Komponenten, um perfekte tonale Balance und au\u00dfergew\u00f6hnliche Ansprache zu gew\u00e4hrleisten.<\/p>\n<p data-start=\"1171\" data-end=\"1270\" data-is-last-node=\"\" data-is-only-node=\"\">Erh\u00e4ltlich bei <strong data-start=\"1186\" data-end=\"1200\">Guitar2Amp<\/strong>, dem offiziellen Distributor von <strong data-start=\"1234\" data-end=\"1260\">Macmull Custom Guitars<\/strong> in Polen.<\/p>\n<\/div>\n<\/div>\n<\/div>\n<\/div>\n<div class=\"z-0 flex min-h-[46px] justify-start\"><\/div>\n<\/div>\n<\/div>\n<\/article>\n<\/div>\n<\/div>\n<\/div>\n<\/div>\n","protected":false},"excerpt":{"rendered":"<p data-start=\"0\" data-end=\"36\"><strong data-start=\"0\" data-end=\"34\">Macmull S Classic Black (2019)<\/strong><\/p>\n<p data-start=\"38\" data-end=\"401\">Die <strong data-start=\"42\" data-end=\"69\">Macmull S Classic Black<\/strong> ist ein echtes Boutique-Instrument, vollst\u00e4ndig von Hand in Israel gefertigt. Inspiriert von der klassischen S-Style-Form, bietet dieses Modell dank des firmeneigenen <strong data-start=\"237\" data-end=\"264\">Real Vintage Tone (RVT)<\/strong>-Systems einen au\u00dfergew\u00f6hnlich organischen und dynamischen Klang, der an echte Vintage-Gitarren aus den 50er- und 60er-Jahren erinnert.<\/p>\n<p data-start=\"38\" data-end=\"401\"><a href=\"https:\/\/guitar2amp.de\/index.php\/de\/macmull-custom-guitars-de\/\"><strong>Mehr \u00fcber Gitarren von Macmull Custom Guitars \u2192<\/strong><\/a><\/p>\n","protected":false},"featured_media":16272,"template":"","meta":{"_monsterinsights_skip_tracking":false,"_monsterinsights_sitenote_active":false,"_monsterinsights_sitenote_note":"","_monsterinsights_sitenote_category":0,"_uf_show_specific_survey":0,"_uf_disable_surveys":false,"_kadence_starter_templates_imported_post":false,"_kad_post_transparent":"default","_kad_post_title":"","_kad_post_layout":"default","_kad_post_sidebar_id":"","_kad_post_content_style":"default","_kad_post_vertical_padding":"default","_kad_post_feature":"","_kad_post_feature_position":"","_kad_post_header":false,"_kad_post_footer":false,"_kad_post_classname":""},"product_brand":[],"product_cat":[203,5344],"product_tag":[],"class_list":{"0":"post-16271","1":"product","2":"type-product","3":"status-publish","4":"has-post-thumbnail","6":"product_cat-gitarren","7":"product_cat-macmull-custom-de","9":"first","10":"instock","11":"shipping-taxable","12":"purchasable","13":"product-type-simple","14":"entry","15":"content-bg","16":"loop-entry"},"jetpack_sharing_enabled":true,"_links":{"self":[{"href":"https:\/\/guitar2amp.de\/index.php\/wp-json\/wp\/v2\/product\/16271","targetHints":{"allow":["GET"]}}],"collection":[{"href":"https:\/\/guitar2amp.de\/index.php\/wp-json\/wp\/v2\/product"}],"about":[{"href":"https:\/\/guitar2amp.de\/index.php\/wp-json\/wp\/v2\/types\/product"}],"wp:featuredmedia":[{"embeddable":true,"href":"https:\/\/guitar2amp.de\/index.php\/wp-json\/wp\/v2\/media\/16272"}],"wp:attachment":[{"href":"https:\/\/guitar2amp.de\/index.php\/wp-json\/wp\/v2\/media?parent=16271"}],"wp:term":[{"taxonomy":"product_brand","embeddable":true,"href":"https:\/\/guitar2amp.de\/index.php\/wp-json\/wp\/v2\/product_brand?post=16271"},{"taxonomy":"product_cat","embeddable":true,"href":"https:\/\/guitar2amp.de\/index.php\/wp-json\/wp\/v2\/product_cat?post=16271"},{"taxonomy":"product_tag","embeddable":true,"href":"https:\/\/guitar2amp.de\/index.php\/wp-json\/wp\/v2\/product_tag?post=16271"}],"curies":[{"name":"wp","href":"https:\/\/api.w.org\/{rel}","templated":true}]}}