{"id":16305,"date":"2025-10-31T09:12:21","date_gmt":"2025-10-31T08:12:21","guid":{"rendered":"https:\/\/guitar2amp.de\/?post_type=product&#038;p=16305"},"modified":"2025-10-31T20:58:53","modified_gmt":"2025-10-31T19:58:53","slug":"2019-macmull-custom-s-classic-black-used-3","status":"publish","type":"product","link":"https:\/\/guitar2amp.de\/index.php\/pl\/product\/2019-macmull-custom-s-classic-black-used-3\/","title":{"rendered":"2019 Macmull Custom S Classic Black [USED]"},"content":{"rendered":"<p data-start=\"0\" data-end=\"36\"><strong data-start=\"0\" data-end=\"34\">Macmull S Classic Black (2019)<\/strong><\/p>\n<p data-start=\"38\" data-end=\"392\">Gitara <strong data-start=\"45\" data-end=\"72\">Macmull S Classic Black<\/strong> to wyj\u0105tkowy instrument klasy boutique, w pe\u0142ni wykonany r\u0119cznie w Izraelu. Model ten inspirowany jest klasycznymi konstrukcjami typu <em data-start=\"207\" data-end=\"216\">S-Style<\/em>, ale dzi\u0119ki autorskiemu systemowi <strong data-start=\"251\" data-end=\"278\">Real Vintage Tone (RVT)<\/strong> oferuje brzmienie o g\u0142\u0119bi, dynamice i autentycznym vintage\u2019owym charakterze, niespotykanym w masowej produkcji.<\/p>\n<p data-start=\"38\" data-end=\"392\"><a href=\"https:\/\/guitar2amp.de\/index.php\/pl\/macmull-custom-guitars-2\/\">Wi\u0119cj o gitarach Macmull Custom Guitars<strong>\u2192<\/strong><\/a><\/p>\n<p data-start=\"394\" data-end=\"413\"><strong data-start=\"394\" data-end=\"411\">Specyfikacja:<\/strong><\/p>\n<ul data-start=\"414\" data-end=\"678\">\n<li data-start=\"414\" data-end=\"437\">\n<p data-start=\"416\" data-end=\"437\">Rok produkcji: 2019<\/p>\n<\/li>\n<li data-start=\"438\" data-end=\"455\">\n<p data-start=\"440\" data-end=\"455\">Korpus: olcha<\/p>\n<\/li>\n<li data-start=\"456\" data-end=\"470\">\n<p data-start=\"458\" data-end=\"470\">Gryf: klon<\/p>\n<\/li>\n<li data-start=\"471\" data-end=\"499\">\n<p data-start=\"473\" data-end=\"499\">Podstrunnica: palisander<\/p>\n<\/li>\n<li data-start=\"500\" data-end=\"545\">\n<p data-start=\"502\" data-end=\"545\">Przetworniki: zestaw <strong data-start=\"523\" data-end=\"543\">Macmull Alnico 3<\/strong><\/p>\n<\/li>\n<li data-start=\"546\" data-end=\"575\">\n<p data-start=\"548\" data-end=\"575\">Wyko\u0144czenie: Black, nitro<\/p>\n<\/li>\n<li data-start=\"576\" data-end=\"678\">\n<p data-start=\"578\" data-end=\"678\">W zestawie: oryginalny twardy futera\u0142, sk\u00f3rzany pasek <strong data-start=\"632\" data-end=\"643\">Macmull<\/strong>, certyfikat autentyczno\u015bci (COA)<\/p>\n<\/li>\n<\/ul>\n<p data-start=\"680\" data-end=\"778\">Gitara w bardzo dobrym stanie technicznym \u2013 posiada jedynie drobne \u015blady normalnego u\u017cytkowania.<\/p>\n<p data-start=\"780\" data-end=\"1138\"><strong data-start=\"780\" data-end=\"799\">Macmull Guitars<\/strong> to izraelska manufaktura za\u0142o\u017cona przez <strong data-start=\"840\" data-end=\"857\">Tala Macmulla<\/strong> i <strong data-start=\"860\" data-end=\"877\">Amita Sadrasa<\/strong>, specjalizuj\u0105ca si\u0119 w tworzeniu najwy\u017cszej klasy instrument\u00f3w inspirowanych brzmieniami lat 50. i 60. Ka\u017cda gitara jest budowana z precyzyjnym doborem drewna i komponent\u00f3w, aby zapewni\u0107 perfekcyjn\u0105 r\u00f3wnowag\u0119 tonaln\u0105 i wyj\u0105tkow\u0105 reakcj\u0119 na artykulacj\u0119 muzyka.<\/p>\n<p data-start=\"1140\" data-end=\"1248\" data-is-last-node=\"\" data-is-only-node=\"\">Instrument dost\u0119pny w sklepie <strong data-start=\"1170\" data-end=\"1184\">Guitar2Amp<\/strong> \u2013 oficjalnego dystrybutora <strong data-start=\"1212\" data-end=\"1238\">Macmull Custom Guitars<\/strong> w Polsce.<\/p>\n","protected":false},"excerpt":{"rendered":"<p data-start=\"0\" data-end=\"36\"><strong data-start=\"0\" data-end=\"34\">Macmull S Classic Black (2019)<\/strong><\/p>\n<p data-start=\"38\" data-end=\"392\">Gitara <strong data-start=\"45\" data-end=\"72\">Macmull S Classic Black<\/strong> to wyj\u0105tkowy instrument klasy boutique, w pe\u0142ni wykonany r\u0119cznie w Izraelu. Model ten inspirowany jest klasycznymi konstrukcjami typu <em data-start=\"207\" data-end=\"216\">S-Style<\/em>, ale dzi\u0119ki autorskiemu systemowi <strong data-start=\"251\" data-end=\"278\">Real Vintage Tone (RVT)<\/strong> oferuje brzmienie o g\u0142\u0119bi, dynamice i autentycznym vintage\u2019owym charakterze, niespotykanym w masowej produkcji.<\/p>\n<p data-start=\"38\" data-end=\"392\"><a href=\"https:\/\/guitar2amp.de\/index.php\/pl\/macmull-custom-guitars-2\/\">Wi\u0119cj o gitarach Macmull Custom Guitars<strong>\u2192<\/strong><\/a><\/p>\n","protected":false},"featured_media":16306,"template":"","meta":{"_monsterinsights_skip_tracking":false,"_monsterinsights_sitenote_active":false,"_monsterinsights_sitenote_note":"","_monsterinsights_sitenote_category":0,"_uf_show_specific_survey":0,"_uf_disable_surveys":false,"_kadence_starter_templates_imported_post":false,"_kad_post_transparent":"default","_kad_post_title":"","_kad_post_layout":"default","_kad_post_sidebar_id":"","_kad_post_content_style":"default","_kad_post_vertical_padding":"default","_kad_post_feature":"","_kad_post_feature_position":"","_kad_post_header":false,"_kad_post_footer":false,"_kad_post_classname":""},"product_brand":[],"product_cat":[3261,5346],"product_tag":[],"class_list":{"0":"post-16305","1":"product","2":"type-product","3":"status-publish","4":"has-post-thumbnail","6":"product_cat-gitary","7":"product_cat-macmull-custom-pl","9":"first","10":"instock","11":"shipping-taxable","12":"purchasable","13":"product-type-simple","14":"entry","15":"content-bg","16":"loop-entry"},"jetpack_sharing_enabled":true,"_links":{"self":[{"href":"https:\/\/guitar2amp.de\/index.php\/wp-json\/wp\/v2\/product\/16305","targetHints":{"allow":["GET"]}}],"collection":[{"href":"https:\/\/guitar2amp.de\/index.php\/wp-json\/wp\/v2\/product"}],"about":[{"href":"https:\/\/guitar2amp.de\/index.php\/wp-json\/wp\/v2\/types\/product"}],"wp:featuredmedia":[{"embeddable":true,"href":"https:\/\/guitar2amp.de\/index.php\/wp-json\/wp\/v2\/media\/16306"}],"wp:attachment":[{"href":"https:\/\/guitar2amp.de\/index.php\/wp-json\/wp\/v2\/media?parent=16305"}],"wp:term":[{"taxonomy":"product_brand","embeddable":true,"href":"https:\/\/guitar2amp.de\/index.php\/wp-json\/wp\/v2\/product_brand?post=16305"},{"taxonomy":"product_cat","embeddable":true,"href":"https:\/\/guitar2amp.de\/index.php\/wp-json\/wp\/v2\/product_cat?post=16305"},{"taxonomy":"product_tag","embeddable":true,"href":"https:\/\/guitar2amp.de\/index.php\/wp-json\/wp\/v2\/product_tag?post=16305"}],"curies":[{"name":"wp","href":"https:\/\/api.w.org\/{rel}","templated":true}]}}