{"id":16342,"date":"2025-10-31T19:16:56","date_gmt":"2025-10-31T18:16:56","guid":{"rendered":"https:\/\/guitar2amp.de\/?post_type=product&#038;p=16342"},"modified":"2025-10-31T19:19:47","modified_gmt":"2025-10-31T18:19:47","slug":"1987-marshall-jcm800-model-1987-mkii-50w-4-input-head-used-3","status":"publish","type":"product","link":"https:\/\/guitar2amp.de\/index.php\/pl\/product\/1987-marshall-jcm800-model-1987-mkii-50w-4-input-head-used-3\/","title":{"rendered":"1987 Marshall JCM800 Model 1987 MKII \u2013 50W, 4-Input Head [USED]"},"content":{"rendered":"<article class=\"text-token-text-primary w-full focus:outline-none [--shadow-height:45px] has-data-writing-block:pointer-events-none has-data-writing-block:-mt-(--shadow-height) has-data-writing-block:pt-(--shadow-height) [&amp;:has([data-writing-block])&gt;*]:pointer-events-auto [content-visibility:auto] supports-[content-visibility:auto]:[contain-intrinsic-size:auto_100lvh] scroll-mt-[calc(var(--header-height)+min(200px,max(70px,20svh)))]\" dir=\"auto\" tabindex=\"-1\" data-turn-id=\"request-6887c9c1-975c-8333-a0a8-5d05ec7c2208-2\" data-testid=\"conversation-turn-602\" data-scroll-anchor=\"true\" data-turn=\"assistant\">\n<div class=\"text-base my-auto mx-auto pb-10 [--thread-content-margin:--spacing(4)] thread-sm:[--thread-content-margin:--spacing(6)] thread-lg:[--thread-content-margin:--spacing(16)] px-(--thread-content-margin)\">\n<div class=\"[--thread-content-max-width:40rem] thread-lg:[--thread-content-max-width:48rem] mx-auto max-w-(--thread-content-max-width) flex-1 group\/turn-messages focus-visible:outline-hidden relative flex w-full min-w-0 flex-col agent-turn\" tabindex=\"-1\">\n<div class=\"flex max-w-full flex-col grow\">\n<div class=\"min-h-8 text-message relative flex w-full flex-col items-end gap-2 text-start break-words whitespace-normal [.text-message+&amp;]:mt-1\" dir=\"auto\" data-message-author-role=\"assistant\" data-message-id=\"839bfea0-6430-4ef3-8cfb-ee0de0e5f5e2\" data-message-model-slug=\"gpt-5\">\n<div class=\"flex w-full flex-col gap-1 empty:hidden first:pt-[1px]\">\n<div class=\"markdown prose dark:prose-invert w-full break-words dark markdown-new-styling\">\n<p data-start=\"0\" data-end=\"68\"><strong data-start=\"0\" data-end=\"66\">Marshall JCM800 Model 1987 MKII \u2013 50W, 4-Input Head (rok 1987)<\/strong><\/p>\n<p data-start=\"70\" data-end=\"414\">Prawdziwa legenda rocka.<br data-start=\"94\" data-end=\"97\" \/><strong data-start=\"97\" data-end=\"119\">Marshall 1987 MKII<\/strong> to 50-watowa wersja klasycznej serii <strong data-start=\"157\" data-end=\"179\">JCM800 Lead Series<\/strong>, r\u0119cznie produkowana w Anglii w drugiej po\u0142owie lat 80.<br data-start=\"235\" data-end=\"238\" \/>Zachowuje konstrukcj\u0119 i ducha s\u0142ynnych modeli <strong data-start=\"284\" data-end=\"293\">Plexi<\/strong> z ko\u0144ca lat 60., oferuj\u0105c jednocze\u015bnie wi\u0119ksz\u0105 niezawodno\u015b\u0107 i charakterystyczne, bardziej agresywne brzmienie ery JCM.<\/p>\n<p data-start=\"416\" data-end=\"792\">Wersja <strong data-start=\"423\" data-end=\"431\">MKII<\/strong> z czterema wej\u015bciami (High \/ Low Sensitivity) umo\u017cliwia klasyczne <strong data-start=\"498\" data-end=\"521\">mostkowanie kana\u0142\u00f3w<\/strong>, co daje pe\u0142niejsze, bogatsze i bardziej harmoniczne brzmienie.<br data-start=\"585\" data-end=\"588\" \/>Wzmacniacz reaguje niezwykle dynamicznie \u2013 od krystalicznie czystych d\u017awi\u0119k\u00f3w po legendarny, organiczny <strong data-start=\"692\" data-end=\"702\">crunch<\/strong>, kt\u00f3ry zdefiniowa\u0142 brzmienie takich artyst\u00f3w jak <strong data-start=\"752\" data-end=\"775\">AC\/DC, Judas Priest<\/strong> czy <strong data-start=\"780\" data-end=\"789\" data-is-only-node=\"\">Slash<\/strong>.<\/p>\n<p data-start=\"794\" data-end=\"926\">Ca\u0142kowicie lampowa konstrukcja (3 \u00d7 12AX7, 2 \u00d7 EL34) zapewnia autentyczne, pot\u0119\u017cne i przejrzyste brzmienie o imponuj\u0105cej dynamice.<\/p>\n<p data-start=\"928\" data-end=\"958\"><strong data-start=\"928\" data-end=\"956\">Specyfikacja techniczna:<\/strong><\/p>\n<ul data-start=\"959\" data-end=\"1292\">\n<li data-start=\"959\" data-end=\"986\">\n<p data-start=\"961\" data-end=\"986\">Moc wyj\u015bciowa: 50 W RMS<\/p>\n<\/li>\n<li data-start=\"987\" data-end=\"1051\">\n<p data-start=\"989\" data-end=\"1051\">Lampy: 2 \u00d7 EL34 (ko\u0144c\u00f3wka mocy), 3 \u00d7 12AX7 (przedwzmacniacz)<\/p>\n<\/li>\n<li data-start=\"1052\" data-end=\"1099\">\n<p data-start=\"1054\" data-end=\"1099\">Kana\u0142y: 2 (Normal \/ High Treble, 4 wej\u015bcia)<\/p>\n<\/li>\n<li data-start=\"1100\" data-end=\"1166\">\n<p data-start=\"1102\" data-end=\"1166\">Regulacja: Presence, Bass, Middle, Treble, Volume I, Volume II<\/p>\n<\/li>\n<li data-start=\"1167\" data-end=\"1190\">\n<p data-start=\"1169\" data-end=\"1190\">Rok produkcji: 1987<\/p>\n<\/li>\n<li data-start=\"1191\" data-end=\"1210\">\n<p data-start=\"1193\" data-end=\"1210\">Made in England<\/p>\n<\/li>\n<li data-start=\"1211\" data-end=\"1292\">\n<p data-start=\"1213\" data-end=\"1292\">Stan: bardzo dobry jak na wiek \u2013 w pe\u0142ni sprawny technicznie i gotowy do gry.<\/p>\n<\/li>\n<\/ul>\n<p data-start=\"1294\" data-end=\"1477\" data-is-last-node=\"\" data-is-only-node=\"\">Prawdziwy klasyk lat 80. \u2013 <strong data-start=\"1321\" data-end=\"1350\">Marshall JCM800 1987 MKII<\/strong> to <strong data-start=\"1354\" data-end=\"1398\">esencja brytyjskiego brzmienia rockowego<\/strong>, kt\u00f3ry do dzi\u015b pozostaje punktem odniesienia dla gitarzyst\u00f3w na ca\u0142ym \u015bwiecie.<\/p>\n<\/div>\n<\/div>\n<\/div>\n<\/div>\n<div class=\"z-0 flex min-h-[46px] justify-start\"><\/div>\n<div class=\"mt-3 w-full empty:hidden\">\n<div class=\"text-center\"><\/div>\n<\/div>\n<\/div>\n<\/div>\n<\/article>\n<div class=\"pointer-events-none h-px w-px\" aria-hidden=\"true\" data-edge=\"true\"><\/div>\n","protected":false},"excerpt":{"rendered":"<p data-start=\"0\" data-end=\"68\"><strong data-start=\"0\" data-end=\"66\">Marshall JCM800 Model 1987 MKII \u2013 50W, 4-Input Head (rok 1987)<\/strong><\/p>\n<p data-start=\"70\" data-end=\"414\">Prawdziwa legenda rocka.<br data-start=\"94\" data-end=\"97\" \/><strong data-start=\"97\" data-end=\"119\">Marshall 1987 MKII<\/strong> to 50-watowa wersja klasycznej serii <strong data-start=\"157\" data-end=\"179\">JCM800 Lead Series<\/strong>, r\u0119cznie produkowana w Anglii w drugiej po\u0142owie lat 80.<br data-start=\"235\" data-end=\"238\" \/>Zachowuje konstrukcj\u0119 i ducha s\u0142ynnych modeli <strong data-start=\"284\" data-end=\"293\">Plexi<\/strong> z ko\u0144ca lat 60., oferuj\u0105c jednocze\u015bnie wi\u0119ksz\u0105 niezawodno\u015b\u0107 i charakterystyczne, bardziej agresywne brzmienie ery JCM.<\/p>\n<p data-start=\"416\" data-end=\"792\">Wersja <strong data-start=\"423\" data-end=\"431\">MKII<\/strong> z czterema wej\u015bciami (High \/ Low Sensitivity) umo\u017cliwia klasyczne <strong data-start=\"498\" data-end=\"521\">mostkowanie kana\u0142\u00f3w<\/strong>, co daje pe\u0142niejsze, bogatsze i bardziej harmoniczne brzmienie.<br data-start=\"585\" data-end=\"588\" \/>Wzmacniacz reaguje niezwykle dynamicznie \u2013 od krystalicznie czystych d\u017awi\u0119k\u00f3w po legendarny, organiczny <strong data-start=\"692\" data-end=\"702\">crunch<\/strong>, kt\u00f3ry zdefiniowa\u0142 brzmienie takich artyst\u00f3w jak <strong data-start=\"752\" data-end=\"775\">AC\/DC, Judas Priest<\/strong> czy <strong data-start=\"780\" data-end=\"789\" data-is-only-node=\"\">Slash<\/strong>.<\/p>\n","protected":false},"featured_media":16343,"template":"","meta":{"_monsterinsights_skip_tracking":false,"_monsterinsights_sitenote_active":false,"_monsterinsights_sitenote_note":"","_monsterinsights_sitenote_category":0,"_uf_show_specific_survey":0,"_uf_disable_surveys":false,"_kadence_starter_templates_imported_post":false,"_kad_post_transparent":"default","_kad_post_title":"","_kad_post_layout":"default","_kad_post_sidebar_id":"","_kad_post_content_style":"default","_kad_post_vertical_padding":"default","_kad_post_feature":"","_kad_post_feature_position":"","_kad_post_header":false,"_kad_post_footer":false,"_kad_post_classname":""},"product_brand":[],"product_cat":[3253,3247],"product_tag":[],"class_list":{"0":"post-16342","1":"product","2":"type-product","3":"status-publish","4":"has-post-thumbnail","6":"product_cat-gitarowe","7":"product_cat-wzmacniacze","9":"first","10":"instock","11":"shipping-taxable","12":"purchasable","13":"product-type-simple","14":"entry","15":"content-bg","16":"loop-entry"},"jetpack_sharing_enabled":true,"_links":{"self":[{"href":"https:\/\/guitar2amp.de\/index.php\/wp-json\/wp\/v2\/product\/16342","targetHints":{"allow":["GET"]}}],"collection":[{"href":"https:\/\/guitar2amp.de\/index.php\/wp-json\/wp\/v2\/product"}],"about":[{"href":"https:\/\/guitar2amp.de\/index.php\/wp-json\/wp\/v2\/types\/product"}],"wp:featuredmedia":[{"embeddable":true,"href":"https:\/\/guitar2amp.de\/index.php\/wp-json\/wp\/v2\/media\/16343"}],"wp:attachment":[{"href":"https:\/\/guitar2amp.de\/index.php\/wp-json\/wp\/v2\/media?parent=16342"}],"wp:term":[{"taxonomy":"product_brand","embeddable":true,"href":"https:\/\/guitar2amp.de\/index.php\/wp-json\/wp\/v2\/product_brand?post=16342"},{"taxonomy":"product_cat","embeddable":true,"href":"https:\/\/guitar2amp.de\/index.php\/wp-json\/wp\/v2\/product_cat?post=16342"},{"taxonomy":"product_tag","embeddable":true,"href":"https:\/\/guitar2amp.de\/index.php\/wp-json\/wp\/v2\/product_tag?post=16342"}],"curies":[{"name":"wp","href":"https:\/\/api.w.org\/{rel}","templated":true}]}}