{"id":16359,"date":"2025-10-31T19:30:18","date_gmt":"2025-10-31T18:30:18","guid":{"rendered":"https:\/\/guitar2amp.de\/?post_type=product&#038;p=16359"},"modified":"2026-02-05T13:27:40","modified_gmt":"2026-02-05T12:27:40","slug":"friedman-be-100-brown-eye-friedman-vintage-412-cab-used","status":"publish","type":"product","link":"https:\/\/guitar2amp.de\/index.php\/de\/product\/friedman-be-100-brown-eye-friedman-vintage-412-cab-used\/","title":{"rendered":"Friedman BE-100 Brown Eye + Friedman Vintage 412 Cab [USED]"},"content":{"rendered":"<p data-start=\"0\" data-end=\"92\"><strong data-start=\"0\" data-end=\"90\">Friedman Brown Eye BE-100 Black \u2013 100W R\u00f6hren-Head (Made in USA) + 412 Vintage Cabinet<\/strong><\/p>\n<p data-start=\"94\" data-end=\"209\"><strong data-start=\"94\" data-end=\"106\">Zustand:<\/strong><br data-start=\"106\" data-end=\"109\" \/>Hervorragender Zustand \u2013 das Set hat den Showroom nie verlassen und wurde nur sehr wenig gespielt!<\/p>\n<p data-start=\"211\" data-end=\"559\">Der <strong data-start=\"215\" data-end=\"234\">Friedman BE-100<\/strong> gilt als einer der legend\u00e4rsten Boutique-Amps der modernen Rockwelt \u2013 ein wahrer <em data-start=\"316\" data-end=\"333\">\u201eHeiliger Gral\u201c<\/em> des britisch inspirierten High-Gain-Tons.<br data-start=\"375\" data-end=\"378\" \/>Handgefertigt in Los Angeles, liefert dieser Amp alles \u2013 von sattem Classic-Rock-Crunch bis zu dichten, singenden Lead-Sounds mit unverwechselbarer Dynamik und Durchsetzungskraft.<\/p>\n<hr data-start=\"561\" data-end=\"564\" \/>\n<h3 data-start=\"566\" data-end=\"604\"><strong data-start=\"570\" data-end=\"604\">Technische Daten &amp; Ausstattung<\/strong><\/h3>\n<p data-start=\"606\" data-end=\"763\"><strong data-start=\"606\" data-end=\"621\">Hersteller:<\/strong> Friedman Amplification<br data-start=\"644\" data-end=\"647\" \/><strong data-start=\"647\" data-end=\"658\">Modell:<\/strong> BE-100 Black (Dave Friedman Signature)<br data-start=\"697\" data-end=\"700\" \/><strong data-start=\"700\" data-end=\"719\">Hergestellt in:<\/strong> Los Angeles, USA<br data-start=\"736\" data-end=\"739\" \/><strong data-start=\"739\" data-end=\"752\">Leistung:<\/strong> 100 Watt<\/p>\n<p data-start=\"765\" data-end=\"788\"><strong data-start=\"765\" data-end=\"786\">R\u00f6hrenbest\u00fcckung:<\/strong><\/p>\n<ul data-start=\"789\" data-end=\"835\">\n<li data-start=\"789\" data-end=\"811\">\n<p data-start=\"791\" data-end=\"811\">Endstufe: 4 \u00d7 EL34<\/p>\n<\/li>\n<li data-start=\"812\" data-end=\"835\">\n<p data-start=\"814\" data-end=\"835\">Vorstufe: 4 \u00d7 12AX7<\/p>\n<\/li>\n<\/ul>\n<p data-start=\"837\" data-end=\"974\"><strong data-start=\"837\" data-end=\"848\">Kan\u00e4le:<\/strong> 2 (Clean \/ BE \/ HBE)<br data-start=\"869\" data-end=\"872\" \/><strong data-start=\"872\" data-end=\"883\">Regler:<\/strong> Presence, Bass, Middle, Treble, Master, Gain, Clean Volume, Treble (Clean), Bass (Clean)<\/p>\n<p data-start=\"976\" data-end=\"1046\"><strong data-start=\"976\" data-end=\"1002\">Frontseitige Schalter:<\/strong> Power, Standby, Voice, Bright, CLN\u2013BE\u2013HBE<\/p>\n<p data-start=\"1048\" data-end=\"1064\"><strong data-start=\"1048\" data-end=\"1062\">R\u00fcckseite:<\/strong><\/p>\n<ul data-start=\"1065\" data-end=\"1230\">\n<li data-start=\"1065\" data-end=\"1136\">\n<p data-start=\"1067\" data-end=\"1136\"><strong data-start=\"1067\" data-end=\"1082\">Anschl\u00fcsse:<\/strong> Footswitch, Send, Return, Line Out, Speaker Outputs<\/p>\n<\/li>\n<li data-start=\"1137\" data-end=\"1185\">\n<p data-start=\"1139\" data-end=\"1185\"><strong data-start=\"1139\" data-end=\"1152\">Schalter:<\/strong> Fat, C45, Sat, Loop, Impedance<\/p>\n<\/li>\n<li data-start=\"1186\" data-end=\"1230\">\n<p data-start=\"1188\" data-end=\"1230\"><strong data-start=\"1188\" data-end=\"1199\">Regler:<\/strong> Return Level, Line Out Level<\/p>\n<\/li>\n<\/ul>\n<p data-start=\"1232\" data-end=\"1297\"><strong data-start=\"1232\" data-end=\"1253\">Ma\u00dfe (B \u00d7 H \u00d7 T):<\/strong> 760 \u00d7 311 \u00d7 222 mm<br data-start=\"1272\" data-end=\"1275\" \/><strong data-start=\"1275\" data-end=\"1287\">Gewicht:<\/strong> 19,5 kg<\/p>\n<hr data-start=\"1299\" data-end=\"1302\" \/>\n<h3 data-start=\"1304\" data-end=\"1326\"><strong data-start=\"1308\" data-end=\"1326\">Besonderheiten<\/strong><\/h3>\n<ul data-start=\"1328\" data-end=\"1703\">\n<li data-start=\"1328\" data-end=\"1424\">\n<p data-start=\"1330\" data-end=\"1424\">Handverdrahtet auf Turret-Board mit speziell angefertigten Transformatoren und Kondensatoren<\/p>\n<\/li>\n<li data-start=\"1425\" data-end=\"1472\">\n<p data-start=\"1427\" data-end=\"1472\">Offizielle Dave Friedman Upgrades enthalten<\/p>\n<\/li>\n<li data-start=\"1473\" data-end=\"1575\">\n<p data-start=\"1475\" data-end=\"1575\">Legend\u00e4rer britischer Ton mit amerikanischer Pr\u00e4zision \u2013 kraftvoll, klar und unglaublich dynamisch<\/p>\n<\/li>\n<li data-start=\"1576\" data-end=\"1637\">\n<p data-start=\"1578\" data-end=\"1637\">Hochwertige Verarbeitung, entwickelt f\u00fcr B\u00fchne und Studio<\/p>\n<\/li>\n<li data-start=\"1638\" data-end=\"1703\">\n<p data-start=\"1640\" data-end=\"1703\">Lebenslange Garantie (ausgenommen Verschlei\u00dfteile wie R\u00f6hren)<\/p>\n<\/li>\n<\/ul>\n<hr data-start=\"1705\" data-end=\"1708\" \/>\n<h3 data-start=\"1710\" data-end=\"1730\"><strong data-start=\"1714\" data-end=\"1730\">Lieferumfang<\/strong><\/h3>\n<ul data-start=\"1732\" data-end=\"1831\">\n<li data-start=\"1732\" data-end=\"1765\">\n<p data-start=\"1734\" data-end=\"1765\">Original Footswitch mit Kabel<\/p>\n<\/li>\n<li data-start=\"1766\" data-end=\"1779\">\n<p data-start=\"1768\" data-end=\"1779\">Netzkabel<\/p>\n<\/li>\n<li data-start=\"1780\" data-end=\"1810\">\n<p data-start=\"1782\" data-end=\"1810\">Soft Case (Head + Cabinet)<\/p>\n<\/li>\n<li data-start=\"1811\" data-end=\"1831\">\n<p data-start=\"1813\" data-end=\"1831\">Hard Case (Head)<\/p>\n<\/li>\n<\/ul>\n<p data-start=\"1833\" data-end=\"2055\">Der <strong data-start=\"1837\" data-end=\"1847\">BE-100<\/strong> ist der Verst\u00e4rker, mit dem viele gro\u00dfe Gitarristen ihren Sound definiert haben \u2013 von Classic Rock bis Modern Metal.<br data-start=\"1964\" data-end=\"1967\" \/>Ein absoluter Traumamp f\u00fcr Puristen, Sammler und professionelle Musiker gleicherma\u00dfen.<\/p>\n<hr data-start=\"2057\" data-end=\"2060\" \/>\n<h3 data-start=\"2062\" data-end=\"2145\"><strong data-start=\"2066\" data-end=\"2143\">Friedman Vintage 412 Cabinet \u2013 4\u00d712&#8243; Celestion Lautsprecher (Made in USA)<\/strong><\/h3>\n<p data-start=\"2147\" data-end=\"2172\"><strong data-start=\"2147\" data-end=\"2170\">Technische Details:<\/strong><\/p>\n<ul data-start=\"2173\" data-end=\"2458\">\n<li data-start=\"2173\" data-end=\"2213\">\n<p data-start=\"2175\" data-end=\"2213\"><strong data-start=\"2175\" data-end=\"2193\">Konfiguration:<\/strong> 4\u00d712&#8243; Closed-Back<\/p>\n<\/li>\n<li data-start=\"2214\" data-end=\"2303\">\n<p data-start=\"2216\" data-end=\"2303\"><strong data-start=\"2216\" data-end=\"2233\">Lautsprecher:<\/strong> 2 \u00d7 Celestion Vintage 30 + 2 \u00d7 Celestion G12M Greenback (X-Pattern)<\/p>\n<\/li>\n<li data-start=\"2304\" data-end=\"2330\">\n<p data-start=\"2306\" data-end=\"2330\"><strong data-start=\"2306\" data-end=\"2319\">Leistung:<\/strong> 120 Watt<\/p>\n<\/li>\n<li data-start=\"2331\" data-end=\"2355\">\n<p data-start=\"2333\" data-end=\"2355\"><strong data-start=\"2333\" data-end=\"2346\">Impedanz:<\/strong> 16 Ohm<\/p>\n<\/li>\n<li data-start=\"2356\" data-end=\"2394\">\n<p data-start=\"2358\" data-end=\"2394\"><strong data-start=\"2358\" data-end=\"2370\">Geh\u00e4use:<\/strong> Baltisches Birkenholz<\/p>\n<\/li>\n<li data-start=\"2395\" data-end=\"2431\">\n<p data-start=\"2397\" data-end=\"2431\"><strong data-start=\"2397\" data-end=\"2406\">Ma\u00dfe:<\/strong> ca. 760 \u00d7 760 \u00d7 360 mm<\/p>\n<\/li>\n<li data-start=\"2432\" data-end=\"2458\">\n<p data-start=\"2434\" data-end=\"2458\"><strong data-start=\"2434\" data-end=\"2446\">Gewicht:<\/strong> ca. 36 kg<\/p>\n<\/li>\n<\/ul>\n<p data-start=\"2460\" data-end=\"2629\" data-is-last-node=\"\" data-is-only-node=\"\">Eine professionelle Gitarrenbox mit dem unverwechselbaren <strong data-start=\"2518\" data-end=\"2536\">Friedman-Sound<\/strong> \u2013 kraftvoll, dynamisch und lebendig.<br data-start=\"2573\" data-end=\"2576\" \/>Perfekt geeignet f\u00fcr <strong data-start=\"2597\" data-end=\"2606\">B\u00fchne<\/strong> und <strong data-start=\"2611\" data-end=\"2628\">Studioeinsatz<\/strong>.<\/p>\n","protected":false},"excerpt":{"rendered":"<p data-start=\"0\" data-end=\"92\"><strong data-start=\"0\" data-end=\"90\">Friedman Brown Eye BE-100 Black \u2013 100W R\u00f6hren-Head (Made in USA) + 412 Vintage Cabinet<\/strong><\/p>\n<p data-start=\"94\" data-end=\"209\"><strong data-start=\"94\" data-end=\"106\">Zustand:<\/strong><br data-start=\"106\" data-end=\"109\" \/>Hervorragender Zustand \u2013 das Set hat den Showroom nie verlassen und wurde nur sehr wenig gespielt!<\/p>\n<p data-start=\"211\" data-end=\"559\">Der <strong data-start=\"215\" data-end=\"234\">Friedman BE-100<\/strong> gilt als einer der legend\u00e4rsten Boutique-Amps der modernen Rockwelt \u2013 ein wahrer <em data-start=\"316\" data-end=\"333\">\u201eHeiliger Gral\u201c<\/em> des britisch inspirierten High-Gain-Tons.<br data-start=\"375\" data-end=\"378\" \/>Handgefertigt in Los Angeles, liefert dieser Amp alles \u2013 von sattem Classic-Rock-Crunch bis zu dichten, singenden Lead-Sounds mit unverwechselbarer Dynamik und Durchsetzungskraft.<\/p>\n","protected":false},"featured_media":16360,"template":"","meta":{"_monsterinsights_skip_tracking":false,"_monsterinsights_sitenote_active":false,"_monsterinsights_sitenote_note":"","_monsterinsights_sitenote_category":0,"_uf_show_specific_survey":0,"_uf_disable_surveys":false,"_kadence_starter_templates_imported_post":false,"_kad_post_transparent":"default","_kad_post_title":"","_kad_post_layout":"default","_kad_post_sidebar_id":"","_kad_post_content_style":"default","_kad_post_vertical_padding":"default","_kad_post_feature":"","_kad_post_feature_position":"","_kad_post_header":false,"_kad_post_footer":false,"_kad_post_classname":""},"product_brand":[],"product_cat":[221,219],"product_tag":[],"class_list":{"0":"post-16359","1":"product","2":"type-product","3":"status-publish","4":"has-post-thumbnail","6":"product_cat-e-gitarren-verstaerke","7":"product_cat-verstaerke","8":"product_shipping_class-heavy-set","10":"first","11":"outofstock","12":"shipping-taxable","13":"purchasable","14":"product-type-simple","15":"entry","16":"content-bg","17":"loop-entry"},"jetpack_sharing_enabled":true,"_links":{"self":[{"href":"https:\/\/guitar2amp.de\/index.php\/wp-json\/wp\/v2\/product\/16359","targetHints":{"allow":["GET"]}}],"collection":[{"href":"https:\/\/guitar2amp.de\/index.php\/wp-json\/wp\/v2\/product"}],"about":[{"href":"https:\/\/guitar2amp.de\/index.php\/wp-json\/wp\/v2\/types\/product"}],"wp:featuredmedia":[{"embeddable":true,"href":"https:\/\/guitar2amp.de\/index.php\/wp-json\/wp\/v2\/media\/16360"}],"wp:attachment":[{"href":"https:\/\/guitar2amp.de\/index.php\/wp-json\/wp\/v2\/media?parent=16359"}],"wp:term":[{"taxonomy":"product_brand","embeddable":true,"href":"https:\/\/guitar2amp.de\/index.php\/wp-json\/wp\/v2\/product_brand?post=16359"},{"taxonomy":"product_cat","embeddable":true,"href":"https:\/\/guitar2amp.de\/index.php\/wp-json\/wp\/v2\/product_cat?post=16359"},{"taxonomy":"product_tag","embeddable":true,"href":"https:\/\/guitar2amp.de\/index.php\/wp-json\/wp\/v2\/product_tag?post=16359"}],"curies":[{"name":"wp","href":"https:\/\/api.w.org\/{rel}","templated":true}]}}