{"id":16404,"date":"2025-10-31T20:33:00","date_gmt":"2025-10-31T19:33:00","guid":{"rendered":"https:\/\/guitar2amp.de\/?post_type=product&#038;p=16404"},"modified":"2025-10-31T21:39:10","modified_gmt":"2025-10-31T20:39:10","slug":"16404","status":"publish","type":"product","link":"https:\/\/guitar2amp.de\/index.php\/de\/product\/16404\/","title":{"rendered":"Macmull Custom T Classic Aged Daphne Blue &#8211; Guitar Summit 2025 Edition"},"content":{"rendered":"<h3 data-start=\"144\" data-end=\"237\"><span style=\"color: #000000;\"><strong data-start=\"148\" data-end=\"235\">Macmull Custom T Classic Aged Daphne Blue \u2013 Guitar Summit 2025 Edition (S\/N 082506)<\/strong><\/span><\/h3>\n<p data-start=\"239\" data-end=\"588\">Eine besondere <strong data-start=\"254\" data-end=\"273\">Limited Edition<\/strong>, gebaut exklusiv f\u00fcr die <strong data-start=\"299\" data-end=\"321\">Guitar Summit 2025<\/strong> \u2013 die <strong data-start=\"328\" data-end=\"349\">Macmull T Classic<\/strong> im wundersch\u00f6n gealterten <strong data-start=\"376\" data-end=\"391\">Daphne Blue<\/strong> Finish.<br data-start=\"399\" data-end=\"402\" \/>Dieses au\u00dfergew\u00f6hnliche Instrument vereint den zeitlosen Charakter einer klassischen T-Style-Gitarre mit der Pr\u00e4zision, Bespielbarkeit und Klangtiefe eines echten Boutique-Instruments.<\/p>\n<p data-start=\"590\" data-end=\"1044\">Jede Macmull-Gitarre wird in <strong data-start=\"619\" data-end=\"641\">Jerusalem (Israel)<\/strong> vollst\u00e4ndig von Hand gefertigt \u2013 von einem kleinen Team unter der Leitung von <strong data-start=\"720\" data-end=\"735\">Tal Macmull<\/strong> und <strong data-start=\"740\" data-end=\"755\">Amit Sadras<\/strong>.<br data-start=\"756\" data-end=\"759\" \/>Das einzigartige <strong data-start=\"776\" data-end=\"803\">Real Vintage Tone (RVT)<\/strong>-System ist das Ergebnis jahrelanger Forschung \u00fcber das Zusammenspiel von Tonholz, Elektronik und Konstruktion. Es garantiert die nat\u00fcrliche Resonanz und harmonische Balance, die sonst nur bei den besten Vintage-Instrumenten zu finden ist.<\/p>\n<p data-start=\"1046\" data-end=\"1332\">Die <strong data-start=\"1050\" data-end=\"1063\">T Classic<\/strong> verk\u00f6rpert die Seele der traditionellen Telecaster-Form \u2013 leicht, resonant und unglaublich ansprechend.<br data-start=\"1167\" data-end=\"1170\" \/>Sie liefert den typischen \u201eSnap\u201c und die Artikulation klassischer Vintage-Gitarren, jedoch mit der Stabilit\u00e4t und Pr\u00e4zision eines modernen Boutique-Instruments.<\/p>\n<p><a href=\"https:\/\/guitar2amp.de\/index.php\/de\/macmull-custom-guitars-de\/\"><strong>Mehr \u00fcber Gitarren von Macmull Custom Guitars \u2192<\/strong><\/a><\/p>\n<p>&nbsp;<\/p>\n<hr data-start=\"1334\" data-end=\"1337\" \/>\n<h3 data-start=\"1339\" data-end=\"1362\"><span style=\"color: #000000;\"><strong data-start=\"1343\" data-end=\"1362\">Spezifikationen<\/strong><\/span><\/h3>\n<ul data-start=\"1363\" data-end=\"1886\">\n<li data-start=\"1363\" data-end=\"1417\">\n<p data-start=\"1365\" data-end=\"1417\"><strong data-start=\"1365\" data-end=\"1376\">Modell:<\/strong> T Classic \u2013 Guitar Summit 2025 Edition<\/p>\n<\/li>\n<li data-start=\"1418\" data-end=\"1447\">\n<p data-start=\"1420\" data-end=\"1447\"><strong data-start=\"1420\" data-end=\"1437\">Seriennummer:<\/strong> #082506<\/p>\n<\/li>\n<li data-start=\"1448\" data-end=\"1476\">\n<p data-start=\"1450\" data-end=\"1476\"><strong data-start=\"1450\" data-end=\"1461\">Korpus:<\/strong> Erle (Alder)<\/p>\n<\/li>\n<li data-start=\"1477\" data-end=\"1516\">\n<p data-start=\"1479\" data-end=\"1516\"><strong data-start=\"1479\" data-end=\"1488\">Hals:<\/strong> Einteiliges Premium-Ahorn<\/p>\n<\/li>\n<li data-start=\"1517\" data-end=\"1558\">\n<p data-start=\"1519\" data-end=\"1558\"><strong data-start=\"1519\" data-end=\"1534\">Griffbrett:<\/strong> Madagaskar-Palisander<\/p>\n<\/li>\n<li data-start=\"1559\" data-end=\"1579\">\n<p data-start=\"1561\" data-end=\"1579\"><strong data-start=\"1561\" data-end=\"1572\">Radius:<\/strong> 9,5\u2033<\/p>\n<\/li>\n<li data-start=\"1580\" data-end=\"1636\">\n<p data-start=\"1582\" data-end=\"1636\"><strong data-start=\"1582\" data-end=\"1593\">Finish:<\/strong> Daphne Blue \u2013 Medium Aged Nitrocellulose<\/p>\n<\/li>\n<li data-start=\"1637\" data-end=\"1661\">\n<p data-start=\"1639\" data-end=\"1661\"><strong data-start=\"1639\" data-end=\"1651\">Gewicht:<\/strong> 3,44 kg<\/p>\n<\/li>\n<li data-start=\"1662\" data-end=\"1703\">\n<p data-start=\"1664\" data-end=\"1703\"><strong data-start=\"1664\" data-end=\"1676\">Pickups:<\/strong> Macmull Custom Wound Set<\/p>\n<\/li>\n<li data-start=\"1704\" data-end=\"1733\">\n<p data-start=\"1706\" data-end=\"1733\"><strong data-start=\"1706\" data-end=\"1719\">Hardware:<\/strong> Aged Nickel<\/p>\n<\/li>\n<li data-start=\"1734\" data-end=\"1773\">\n<p data-start=\"1736\" data-end=\"1773\"><strong data-start=\"1736\" data-end=\"1747\">Bridge:<\/strong> Macmull Vintage T-Style<\/p>\n<\/li>\n<li data-start=\"1774\" data-end=\"1812\">\n<p data-start=\"1776\" data-end=\"1812\"><strong data-start=\"1776\" data-end=\"1791\">Mechaniken:<\/strong> Deluxe Aged Nickel<\/p>\n<\/li>\n<li data-start=\"1813\" data-end=\"1886\">\n<p data-start=\"1815\" data-end=\"1886\"><strong data-start=\"1815\" data-end=\"1832\">Lieferumfang:<\/strong> Original Macmull Koffer + Echtheitszertifikat (COA)<\/p>\n<\/li>\n<\/ul>\n<hr data-start=\"1888\" data-end=\"1891\" \/>\n<h3 data-start=\"1893\" data-end=\"1908\"><span style=\"color: #000000;\"><strong data-start=\"1897\" data-end=\"1908\">Zustand<\/strong><\/span><\/h3>\n<p data-start=\"1909\" data-end=\"2022\">Neues Instrument \u2013 mit voller <strong data-start=\"1939\" data-end=\"1961\">Herstellergarantie<\/strong> und <strong data-start=\"1966\" data-end=\"2019\">Rechnung mit ausgewiesener Mehrwertsteuer (MwSt.)<\/strong>.<\/p>\n<hr data-start=\"2024\" data-end=\"2027\" \/>\n<h3 data-start=\"2029\" data-end=\"2056\"><span style=\"color: #000000;\"><strong data-start=\"2033\" data-end=\"2056\">Klang &amp; Spielgef\u00fchl<\/strong><\/span><\/h3>\n<p data-start=\"2057\" data-end=\"2424\">Diese Gitarre bietet den typischen Macmull-Klang \u2013 funkelnde H\u00f6hen, warme Mitten und definierte, straffe B\u00e4sse.<br data-start=\"2168\" data-end=\"2171\" \/>Jeder Ton reagiert extrem dynamisch und detailreich \u2013 vom sanften Fingerstyle bis hin zum druckvollen Rock-Drive.<br data-start=\"2284\" data-end=\"2287\" \/>Ein Boutique-Instrument, das inspiriert \u2013 perfekt geeignet f\u00fcr B\u00fchne, Studio oder als Sammlerst\u00fcck f\u00fcr Liebhaber echter Handwerkskunst.<\/p>\n<hr data-start=\"2426\" data-end=\"2429\" \/>\n<h3 data-start=\"2431\" data-end=\"2466\"><span style=\"color: #000000;\"><strong data-start=\"2435\" data-end=\"2466\">\u00dcber Macmull Custom Guitars<\/strong><\/span><\/h3>\n<p data-start=\"2467\" data-end=\"3127\">Gegr\u00fcndet in <strong data-start=\"2480\" data-end=\"2493\">Jerusalem<\/strong> von <strong data-start=\"2498\" data-end=\"2513\">Tal Macmull<\/strong> und <strong data-start=\"2518\" data-end=\"2533\">Amit Sadras<\/strong>, ist <strong data-start=\"2539\" data-end=\"2565\">Macmull Custom Guitars<\/strong> eine kleine, hochspezialisierte Manufaktur, die sich kompromissloser Klangqualit\u00e4t und handwerklicher Perfektion verschrieben hat.<br data-start=\"2696\" data-end=\"2699\" \/>Jede Gitarre wird vollst\u00e4ndig von Hand gebaut und individuell abgestimmt \u2013 mithilfe des firmeneigenen <strong data-start=\"2801\" data-end=\"2828\">RVT \u2013 Real Vintage Tone<\/strong>-Systems, das jedes Bauteil f\u00fcr optimale Resonanz und harmonische Balance aufeinander abstimmt.<br data-start=\"2923\" data-end=\"2926\" \/>Macmull produziert nur eine begrenzte Anzahl an Instrumenten pro Jahr, was die au\u00dfergew\u00f6hnliche Qualit\u00e4t und den weltweiten Ruf der Marke garantiert.<br data-start=\"3075\" data-end=\"3078\" \/><em data-start=\"3078\" data-end=\"3125\">(Quellen: NAMM Show 2025, stljewishlight.org)<\/em><\/p>\n<hr data-start=\"3129\" data-end=\"3132\" \/>\n<h3 data-start=\"3134\" data-end=\"3208\"><span style=\"color: #000000;\"><strong data-start=\"3138\" data-end=\"3206\">Guitar2Amp \u2013 Offizieller Macmull-H\u00e4ndler f\u00fcr Polen &amp; Deutschland<\/strong><\/span><\/h3>\n<p data-start=\"3209\" data-end=\"3552\"><strong data-start=\"3209\" data-end=\"3223\">Guitar2Amp<\/strong> ist offizieller autorisierter H\u00e4ndler von <strong data-start=\"3266\" data-end=\"3292\">Macmull Custom Guitars<\/strong> in Polen.<br data-start=\"3318\" data-end=\"3321\" \/>Besuche unseren Showroom, um verf\u00fcgbare Modelle zu testen, oder lass dich von uns bei der Konfiguration deiner eigenen <strong data-start=\"3440\" data-end=\"3456\">Traumgitarre<\/strong> unterst\u00fctzen \u2013 von der Holzauswahl \u00fcber das Aging bis hin zu individuellen Hardware-Optionen.<\/p>\n<p data-start=\"3554\" data-end=\"3699\">\ud83d\udccd <strong data-start=\"3557\" data-end=\"3597\">Guitar2Amp \u2013 Boutique Guitars &amp; Amps<\/strong><br data-start=\"3597\" data-end=\"3600\" \/>Wir helfen dir, das Instrument zu finden, zu testen und zu gestalten, das deinen Sound definiert.<\/p>\n","protected":false},"excerpt":{"rendered":"<h3 data-start=\"144\" data-end=\"237\"><span style=\"color: #000000;\"><strong data-start=\"148\" data-end=\"235\">Macmull Custom T Classic Aged Daphne Blue \u2013 Guitar Summit 2025 Edition (S\/N 082506)<\/strong><\/span><\/h3>\n<p data-start=\"239\" data-end=\"588\">Eine besondere <strong data-start=\"254\" data-end=\"273\">Limited Edition<\/strong>, gebaut exklusiv f\u00fcr die <strong data-start=\"299\" data-end=\"321\">Guitar Summit 2025<\/strong> \u2013 die <strong data-start=\"328\" data-end=\"349\">Macmull T Classic<\/strong> im wundersch\u00f6n gealterten <strong data-start=\"376\" data-end=\"391\">Daphne Blue<\/strong> Finish.<br data-start=\"399\" data-end=\"402\" \/>Dieses au\u00dfergew\u00f6hnliche Instrument vereint den zeitlosen Charakter einer klassischen T-Style-Gitarre mit der Pr\u00e4zision, Bespielbarkeit und Klangtiefe eines echten Boutique-Instruments.<\/p>\n<p><a href=\"https:\/\/guitar2amp.de\/index.php\/de\/macmull-custom-guitars-de\/\"><strong>Mehr \u00fcber Gitarren von Macmull Custom Guitars \u2192<\/strong><\/a><\/p>\n<p>&nbsp;<\/p>\n","protected":false},"featured_media":16405,"template":"","meta":{"_monsterinsights_skip_tracking":false,"_monsterinsights_sitenote_active":false,"_monsterinsights_sitenote_note":"","_monsterinsights_sitenote_category":0,"_uf_show_specific_survey":0,"_uf_disable_surveys":false,"_kadence_starter_templates_imported_post":false,"_kad_post_transparent":"default","_kad_post_title":"","_kad_post_layout":"default","_kad_post_sidebar_id":"","_kad_post_content_style":"default","_kad_post_vertical_padding":"default","_kad_post_feature":"","_kad_post_feature_position":"","_kad_post_header":false,"_kad_post_footer":false,"_kad_post_classname":""},"product_brand":[],"product_cat":[203,5344],"product_tag":[],"class_list":{"0":"post-16404","1":"product","2":"type-product","3":"status-publish","4":"has-post-thumbnail","6":"product_cat-gitarren","7":"product_cat-macmull-custom-de","9":"first","10":"instock","11":"shipping-taxable","12":"purchasable","13":"product-type-simple","14":"entry","15":"content-bg","16":"loop-entry"},"jetpack_sharing_enabled":true,"_links":{"self":[{"href":"https:\/\/guitar2amp.de\/index.php\/wp-json\/wp\/v2\/product\/16404","targetHints":{"allow":["GET"]}}],"collection":[{"href":"https:\/\/guitar2amp.de\/index.php\/wp-json\/wp\/v2\/product"}],"about":[{"href":"https:\/\/guitar2amp.de\/index.php\/wp-json\/wp\/v2\/types\/product"}],"wp:featuredmedia":[{"embeddable":true,"href":"https:\/\/guitar2amp.de\/index.php\/wp-json\/wp\/v2\/media\/16405"}],"wp:attachment":[{"href":"https:\/\/guitar2amp.de\/index.php\/wp-json\/wp\/v2\/media?parent=16404"}],"wp:term":[{"taxonomy":"product_brand","embeddable":true,"href":"https:\/\/guitar2amp.de\/index.php\/wp-json\/wp\/v2\/product_brand?post=16404"},{"taxonomy":"product_cat","embeddable":true,"href":"https:\/\/guitar2amp.de\/index.php\/wp-json\/wp\/v2\/product_cat?post=16404"},{"taxonomy":"product_tag","embeddable":true,"href":"https:\/\/guitar2amp.de\/index.php\/wp-json\/wp\/v2\/product_tag?post=16404"}],"curies":[{"name":"wp","href":"https:\/\/api.w.org\/{rel}","templated":true}]}}