{"id":16430,"date":"2025-10-31T20:43:50","date_gmt":"2025-10-31T19:43:50","guid":{"rendered":"https:\/\/guitar2amp.de\/?post_type=product&#038;p=16430"},"modified":"2025-10-31T21:43:43","modified_gmt":"2025-10-31T20:43:43","slug":"16430","status":"publish","type":"product","link":"https:\/\/guitar2amp.de\/index.php\/pl\/product\/16430\/","title":{"rendered":"Macmull Custom T Classic Aged Daphne Blue &#8211; Guitar Summit 2025 Edition"},"content":{"rendered":"<h3 data-start=\"147\" data-end=\"240\"><span style=\"color: #000000;\"><strong data-start=\"151\" data-end=\"238\">Macmull Custom T Classic Aged Daphne Blue \u2013 Guitar Summit 2025 Edition (S\/N 082506)<\/strong><\/span><\/h3>\n<p data-start=\"242\" data-end=\"526\">Limitowana edycja przygotowana specjalnie na <strong data-start=\"287\" data-end=\"309\">Guitar Summit 2025<\/strong> \u2013 wyj\u0105tkowa <strong data-start=\"322\" data-end=\"343\">Macmull T Classic<\/strong> w wyko\u0144czeniu <strong data-start=\"358\" data-end=\"378\">Aged Daphne Blue<\/strong>.<br data-start=\"379\" data-end=\"382\" \/>Instrument \u0142\u0105czy klasyczny charakter gitary typu T z precyzj\u0105, komfortem gry i tonaln\u0105 g\u0142\u0119bi\u0105, z kt\u00f3rych s\u0142ynie izraelska manufaktura Macmull.<\/p>\n<p data-start=\"528\" data-end=\"999\">Ka\u017cdy instrument Macmull powstaje <strong data-start=\"562\" data-end=\"596\">r\u0119cznie w Jerozolimie (Izrael)<\/strong> w niewielkim warsztacie prowadzonym przez <strong data-start=\"639\" data-end=\"656\">Tala Macmulla<\/strong> i <strong data-start=\"659\" data-end=\"675\">Amita Sadras<\/strong>.<br data-start=\"676\" data-end=\"679\" \/>Opracowany przez nich autorski system <strong data-start=\"717\" data-end=\"744\">Real Vintage Tone (RVT)<\/strong> to rezultat wieloletnich bada\u0144 nad wp\u0142ywem drewna, elektroniki i konstrukcji na rezonans instrumentu.<br data-start=\"846\" data-end=\"849\" \/>Dzi\u0119ki temu ka\u017cda gitara Macmull brzmi naturalnie, dynamicznie i wyj\u0105tkowo muzycznie \u2013 jak najlepsze vintage\u2019y, ale z nowoczesn\u0105 precyzj\u0105 wykonania.<\/p>\n<p data-start=\"1001\" data-end=\"1235\">Model <strong data-start=\"1007\" data-end=\"1020\">T Classic<\/strong> to uk\u0142on w stron\u0119 legendarnej Telecasterowej prostoty \u2013 lekki, rezonuj\u0105cy, niezwykle czu\u0142y na artykulacj\u0119.<br data-start=\"1127\" data-end=\"1130\" \/>Oferuje charakterystyczny \u201esnap\u201d i klarowno\u015b\u0107 brzmienia, kt\u00f3re od lat definiuj\u0105 brzmienie gitar typu T.<\/p>\n<p data-start=\"1001\" data-end=\"1235\"><a href=\"https:\/\/guitar2amp.de\/index.php\/pl\/macmull-custom-guitars-2\/\">Wi\u0119cj o gitarach Macmull Custom Guitars<strong>\u2192<\/strong><\/a><\/p>\n<hr data-start=\"1237\" data-end=\"1240\" \/>\n<h3 data-start=\"1242\" data-end=\"1262\"><span style=\"color: #000000;\"><strong data-start=\"1246\" data-end=\"1262\">Specyfikacja<\/strong><\/span><\/h3>\n<ul data-start=\"1263\" data-end=\"1810\">\n<li data-start=\"1263\" data-end=\"1316\">\n<p data-start=\"1265\" data-end=\"1316\"><strong data-start=\"1265\" data-end=\"1275\">Model:<\/strong> T Classic \u2013 Guitar Summit 2025 Edition<\/p>\n<\/li>\n<li data-start=\"1317\" data-end=\"1347\">\n<p data-start=\"1319\" data-end=\"1347\"><strong data-start=\"1319\" data-end=\"1337\">Numer seryjny:<\/strong> #082506<\/p>\n<\/li>\n<li data-start=\"1348\" data-end=\"1377\">\n<p data-start=\"1350\" data-end=\"1377\"><strong data-start=\"1350\" data-end=\"1361\">Korpus:<\/strong> Alder (olcha)<\/p>\n<\/li>\n<li data-start=\"1378\" data-end=\"1425\">\n<p data-start=\"1380\" data-end=\"1425\"><strong data-start=\"1380\" data-end=\"1389\">Gryf:<\/strong> Jednocz\u0119\u015bciowy klon klasy Premium<\/p>\n<\/li>\n<li data-start=\"1426\" data-end=\"1472\">\n<p data-start=\"1428\" data-end=\"1472\"><strong data-start=\"1428\" data-end=\"1445\">Podstrunnica:<\/strong> Palisander madagaskarski<\/p>\n<\/li>\n<li data-start=\"1473\" data-end=\"1494\">\n<p data-start=\"1475\" data-end=\"1494\"><strong data-start=\"1475\" data-end=\"1487\">Promie\u0144:<\/strong> 9.5\u2033<\/p>\n<\/li>\n<li data-start=\"1495\" data-end=\"1556\">\n<p data-start=\"1497\" data-end=\"1556\"><strong data-start=\"1497\" data-end=\"1513\">Wyko\u0144czenie:<\/strong> Daphne Blue \u2013 Medium Aged Nitrocellulose<\/p>\n<\/li>\n<li data-start=\"1557\" data-end=\"1578\">\n<p data-start=\"1559\" data-end=\"1578\"><strong data-start=\"1559\" data-end=\"1568\">Waga:<\/strong> 3,44 kg<\/p>\n<\/li>\n<li data-start=\"1579\" data-end=\"1625\">\n<p data-start=\"1581\" data-end=\"1625\"><strong data-start=\"1581\" data-end=\"1598\">Przetworniki:<\/strong> Macmull Custom Wound Set<\/p>\n<\/li>\n<li data-start=\"1626\" data-end=\"1654\">\n<p data-start=\"1628\" data-end=\"1654\"><strong data-start=\"1628\" data-end=\"1640\">Osprz\u0119t:<\/strong> Aged Nickel<\/p>\n<\/li>\n<li data-start=\"1655\" data-end=\"1694\">\n<p data-start=\"1657\" data-end=\"1694\"><strong data-start=\"1657\" data-end=\"1668\">Mostek:<\/strong> Macmull Vintage T-Style<\/p>\n<\/li>\n<li data-start=\"1695\" data-end=\"1729\">\n<p data-start=\"1697\" data-end=\"1729\"><strong data-start=\"1697\" data-end=\"1708\">Klucze:<\/strong> Deluxe Aged Nickel<\/p>\n<\/li>\n<li data-start=\"1730\" data-end=\"1810\">\n<p data-start=\"1732\" data-end=\"1810\"><strong data-start=\"1732\" data-end=\"1747\">W zestawie:<\/strong> oryginalny futera\u0142 Macmull + certyfikat autentyczno\u015bci (COA)<\/p>\n<\/li>\n<\/ul>\n<hr data-start=\"1812\" data-end=\"1815\" \/>\n<h3 data-start=\"1817\" data-end=\"1829\"><span style=\"color: #000000;\"><strong data-start=\"1821\" data-end=\"1829\">Stan<\/strong><\/span><\/h3>\n<p data-start=\"1830\" data-end=\"1920\">Gitara <strong data-start=\"1837\" data-end=\"1845\">nowa<\/strong>, obj\u0119ta <strong data-start=\"1854\" data-end=\"1884\">pe\u0142n\u0105 gwarancj\u0105 producenta<\/strong>.<br data-start=\"1885\" data-end=\"1888\" \/>Sprzedawana z <strong data-start=\"1902\" data-end=\"1917\">faktur\u0105 VAT<\/strong>.<\/p>\n<hr data-start=\"1922\" data-end=\"1925\" \/>\n<h3 data-start=\"1927\" data-end=\"1961\"><span style=\"color: #000000;\"><strong data-start=\"1931\" data-end=\"1961\">Brzmienie i wra\u017cenia z gry<\/strong><\/span><\/h3>\n<p data-start=\"1962\" data-end=\"2311\">Macmull T Classic oferuje idealny balans mi\u0119dzy krystaliczn\u0105 g\u00f3r\u0105, ciep\u0142\u0105 \u015brednic\u0105 i spr\u0119\u017cystym do\u0142em.<br data-start=\"2064\" data-end=\"2067\" \/>Ka\u017cdy d\u017awi\u0119k ma wyj\u0105tkow\u0105 dynamik\u0119 i definicj\u0119 \u2013 od delikatnego fingerstyle po pe\u0142ny rockowy atak.<br data-start=\"2165\" data-end=\"2168\" \/>To instrument, kt\u00f3ry inspiruje do grania \u2013 zaprojektowany z my\u015bl\u0105 o muzykach ceni\u0105cych <strong data-start=\"2255\" data-end=\"2308\">organiczne brzmienie i najwy\u017cszy poziom rzemios\u0142a<\/strong>.<\/p>\n<hr data-start=\"2313\" data-end=\"2316\" \/>\n<h3 data-start=\"2318\" data-end=\"2356\"><span style=\"color: #000000;\"><strong data-start=\"2322\" data-end=\"2356\">O marce Macmull Custom Guitars<\/strong><\/span><\/h3>\n<p data-start=\"2357\" data-end=\"3077\"><strong data-start=\"2357\" data-end=\"2383\">Macmull Custom Guitars<\/strong> to izraelska manufaktura z siedzib\u0105 w <strong data-start=\"2422\" data-end=\"2437\">Jerozolimie<\/strong>, za\u0142o\u017cona przez <strong data-start=\"2454\" data-end=\"2471\">Tala Macmulla<\/strong> i <strong data-start=\"2474\" data-end=\"2490\">Amita Sadras<\/strong>.<br data-start=\"2491\" data-end=\"2494\" \/>To butikowy producent, kt\u00f3ry wytwarza rocznie jedynie niewielk\u0105 liczb\u0119 instrument\u00f3w, koncentruj\u0105c si\u0119 na bezkompromisowej jako\u015bci, tonalnej sp\u00f3jno\u015bci i perfekcji wykonania.<br data-start=\"2666\" data-end=\"2669\" \/>Ka\u017cda gitara jest r\u0119cznie budowana i indywidualnie dopasowywana przy u\u017cyciu autorskiego systemu <strong data-start=\"2765\" data-end=\"2792\">RVT \u2013 Real Vintage Tone<\/strong>, kt\u00f3ry zapewnia idealny balans mi\u0119dzy wszystkimi elementami konstrukcyjnymi.<br data-start=\"2869\" data-end=\"2872\" \/>Macmull to po\u0142\u0105czenie <strong data-start=\"2894\" data-end=\"2911\">duszy vintage<\/strong> i <strong data-start=\"2914\" data-end=\"2939\">wsp\u00f3\u0142czesnej precyzji<\/strong> \u2013 instrumenty, kt\u00f3re zachwycaj\u0105 zar\u00f3wno graczy, jak i kolekcjoner\u00f3w.<br data-start=\"3008\" data-end=\"3011\" \/><em data-start=\"3011\" data-end=\"3075\">(\u0179r\u00f3d\u0142a: NAMM Show 2025 Exhibitor Listing, stljewishlight.org)<\/em><\/p>\n<hr data-start=\"3079\" data-end=\"3082\" \/>\n<h3 data-start=\"3084\" data-end=\"3163\"><span style=\"color: #000000;\"><strong data-start=\"3088\" data-end=\"3163\">Guitar2Amp \u2013 Oficjalny dystrybutor Macmull Guitars w Polsce.<\/strong><\/span><\/h3>\n<p data-start=\"3164\" data-end=\"3445\">Jeste\u015bmy autoryzowanym dystrybutorem <strong data-start=\"3201\" data-end=\"3227\">Macmull Custom Guitars<\/strong> w Polsce i Niemczech.<br data-start=\"3249\" data-end=\"3252\" \/>W naszym showroomie mo\u017cesz przetestowa\u0107 dost\u0119pne egzemplarze lub z\u0142o\u017cy\u0107 zam\u00f3wienie na <strong data-start=\"3338\" data-end=\"3375\">sw\u00f3j wymarzony instrument Macmull<\/strong> \u2013 z indywidualnie dobranym drewnem, kolorem i stopniem postarzenia.<\/p>\n<p data-start=\"3447\" data-end=\"3598\">\ud83d\udccd <strong data-start=\"3450\" data-end=\"3490\">Guitar2Amp \u2013 Boutique Guitars &amp; Amps<\/strong><br data-start=\"3490\" data-end=\"3493\" \/>Pomagamy dobra\u0107, przetestowa\u0107 i skonfigurowa\u0107 gitar\u0119, kt\u00f3ra stanie si\u0119 Twoim nowym punktem odniesienia.<\/p>\n","protected":false},"excerpt":{"rendered":"<h3 data-start=\"147\" data-end=\"240\"><span style=\"color: #000000;\"><strong data-start=\"151\" data-end=\"238\">Macmull Custom T Classic Aged Daphne Blue \u2013 Guitar Summit 2025 Edition (S\/N 082506)<\/strong><\/span><\/h3>\n<p data-start=\"242\" data-end=\"526\">Limitowana edycja przygotowana specjalnie na <strong data-start=\"287\" data-end=\"309\">Guitar Summit 2025<\/strong> \u2013 wyj\u0105tkowa <strong data-start=\"322\" data-end=\"343\">Macmull T Classic<\/strong> w wyko\u0144czeniu <strong data-start=\"358\" data-end=\"378\">Aged Daphne Blue<\/strong>.<br data-start=\"379\" data-end=\"382\" \/>Instrument \u0142\u0105czy klasyczny charakter gitary typu T z precyzj\u0105, komfortem gry i tonaln\u0105 g\u0142\u0119bi\u0105, z kt\u00f3rych s\u0142ynie izraelska manufaktura Macmull.<\/p>\n<p><a href=\"https:\/\/guitar2amp.de\/index.php\/pl\/macmull-custom-guitars-2\/\">Wi\u0119cj o gitarach Macmull Custom Guitars<strong>\u2192<\/strong><\/a><\/p>\n","protected":false},"featured_media":16431,"template":"","meta":{"_monsterinsights_skip_tracking":false,"_monsterinsights_sitenote_active":false,"_monsterinsights_sitenote_note":"","_monsterinsights_sitenote_category":0,"_uf_show_specific_survey":0,"_uf_disable_surveys":false,"_kadence_starter_templates_imported_post":false,"_kad_post_transparent":"default","_kad_post_title":"","_kad_post_layout":"default","_kad_post_sidebar_id":"","_kad_post_content_style":"default","_kad_post_vertical_padding":"default","_kad_post_feature":"","_kad_post_feature_position":"","_kad_post_header":false,"_kad_post_footer":false,"_kad_post_classname":""},"product_brand":[],"product_cat":[3261,5346],"product_tag":[],"class_list":{"0":"post-16430","1":"product","2":"type-product","3":"status-publish","4":"has-post-thumbnail","6":"product_cat-gitary","7":"product_cat-macmull-custom-pl","9":"first","10":"instock","11":"shipping-taxable","12":"purchasable","13":"product-type-simple","14":"entry","15":"content-bg","16":"loop-entry"},"jetpack_sharing_enabled":true,"_links":{"self":[{"href":"https:\/\/guitar2amp.de\/index.php\/wp-json\/wp\/v2\/product\/16430","targetHints":{"allow":["GET"]}}],"collection":[{"href":"https:\/\/guitar2amp.de\/index.php\/wp-json\/wp\/v2\/product"}],"about":[{"href":"https:\/\/guitar2amp.de\/index.php\/wp-json\/wp\/v2\/types\/product"}],"wp:featuredmedia":[{"embeddable":true,"href":"https:\/\/guitar2amp.de\/index.php\/wp-json\/wp\/v2\/media\/16431"}],"wp:attachment":[{"href":"https:\/\/guitar2amp.de\/index.php\/wp-json\/wp\/v2\/media?parent=16430"}],"wp:term":[{"taxonomy":"product_brand","embeddable":true,"href":"https:\/\/guitar2amp.de\/index.php\/wp-json\/wp\/v2\/product_brand?post=16430"},{"taxonomy":"product_cat","embeddable":true,"href":"https:\/\/guitar2amp.de\/index.php\/wp-json\/wp\/v2\/product_cat?post=16430"},{"taxonomy":"product_tag","embeddable":true,"href":"https:\/\/guitar2amp.de\/index.php\/wp-json\/wp\/v2\/product_tag?post=16430"}],"curies":[{"name":"wp","href":"https:\/\/api.w.org\/{rel}","templated":true}]}}