{"id":16480,"date":"2025-10-31T21:35:33","date_gmt":"2025-10-31T20:35:33","guid":{"rendered":"https:\/\/guitar2amp.de\/?post_type=product&#038;p=16480"},"modified":"2025-10-31T21:38:02","modified_gmt":"2025-10-31T20:38:02","slug":"16480","status":"publish","type":"product","link":"https:\/\/guitar2amp.de\/index.php\/de\/product\/16480\/","title":{"rendered":"Macmull S Classic Two-Tone Sunburst \u2013 Guitar Summit 2025 Edition"},"content":{"rendered":"<h3 data-start=\"214\" data-end=\"301\"><span style=\"color: #000000;\"><strong data-start=\"218\" data-end=\"299\">Macmull S Classic Two-Tone Sunburst \u2013 Guitar Summit 2025 Edition (S\/N 082509)<\/strong><\/span><\/h3>\n<p data-start=\"303\" data-end=\"637\">Eine streng limitierte Sonderedition, gebaut exklusiv f\u00fcr die <strong data-start=\"365\" data-end=\"387\">Guitar Summit 2025<\/strong> \u2013 die <strong data-start=\"394\" data-end=\"415\">Macmull S Classic<\/strong> im zeitlosen <strong data-start=\"429\" data-end=\"457\">Two-Tone Sunburst-Finish<\/strong>.<br data-start=\"458\" data-end=\"461\" \/>Dieses Instrument vereint den legend\u00e4ren S-Style-Charakter mit der au\u00dfergew\u00f6hnlichen Pr\u00e4zision, Dynamik und Tonf\u00fclle, f\u00fcr die <strong data-start=\"587\" data-end=\"613\">Macmull Custom Guitars<\/strong> weltweit bekannt ist.<\/p>\n<p data-start=\"639\" data-end=\"1088\">Jede Macmull-Gitarre wird <strong data-start=\"665\" data-end=\"699\">von Hand in Jerusalem (Israel)<\/strong> gefertigt \u2013 in der kleinen Werkstatt von <strong data-start=\"741\" data-end=\"756\">Tal Macmull<\/strong> und <strong data-start=\"761\" data-end=\"776\">Amit Sadras<\/strong>.<br data-start=\"777\" data-end=\"780\" \/>Dank des firmeneigenen <strong data-start=\"803\" data-end=\"838\">RVT-Systems (Real Vintage Tone)<\/strong> werden H\u00f6lzer, Elektronik und Bauteile sorgf\u00e4ltig aufeinander abgestimmt, um die nat\u00fcrliche Resonanz und das harmonische Gleichgewicht klassischer Vintage-Instrumente zu erreichen \u2013 jedoch mit moderner Zuverl\u00e4ssigkeit und perfekter Bespielbarkeit.<\/p>\n<p data-start=\"1090\" data-end=\"1350\">Das Modell <strong data-start=\"1101\" data-end=\"1114\">S Classic<\/strong> ist Macmulls Interpretation des legend\u00e4ren S-Style-Designs: leicht, ausgewogen und \u00e4u\u00dferst reaktionsfreudig.<br data-start=\"1223\" data-end=\"1226\" \/>Das elegante Two-Tone Sunburst-Nitrofinish verleiht ihr den authentischen Vintage-Look und ein inspirierendes Spielgef\u00fchl.<\/p>\n<p data-start=\"1090\" data-end=\"1350\"><a href=\"https:\/\/guitar2amp.de\/index.php\/de\/macmull-custom-guitars-de\/\"><strong>Mehr \u00fcber Gitarren von Macmull Custom Guitars \u2192<\/strong><\/a><\/p>\n<hr data-start=\"1352\" data-end=\"1355\" \/>\n<h3 data-start=\"1357\" data-end=\"1380\"><span style=\"color: #000000;\"><strong data-start=\"1361\" data-end=\"1380\">Spezifikationen<\/strong><\/span><\/h3>\n<ul data-start=\"1381\" data-end=\"2024\">\n<li data-start=\"1381\" data-end=\"1435\">\n<p data-start=\"1383\" data-end=\"1435\"><strong data-start=\"1383\" data-end=\"1394\">Modell:<\/strong> S Classic \u2013 Guitar Summit 2025 Edition<\/p>\n<\/li>\n<li data-start=\"1436\" data-end=\"1465\">\n<p data-start=\"1438\" data-end=\"1465\"><strong data-start=\"1438\" data-end=\"1455\">Seriennummer:<\/strong> #082509<\/p>\n<\/li>\n<li data-start=\"1466\" data-end=\"1506\">\n<p data-start=\"1468\" data-end=\"1506\"><strong data-start=\"1468\" data-end=\"1479\">Korpus:<\/strong> Sumpfesche (Super Light)<\/p>\n<\/li>\n<li data-start=\"1507\" data-end=\"1554\">\n<p data-start=\"1509\" data-end=\"1554\"><strong data-start=\"1509\" data-end=\"1518\">Hals:<\/strong> Einteiliger Ahorn (Premium Grade)<\/p>\n<\/li>\n<li data-start=\"1555\" data-end=\"1628\">\n<p data-start=\"1557\" data-end=\"1628\"><strong data-start=\"1557\" data-end=\"1572\">Griffbrett:<\/strong> Ahorn oder Madagaskar-Palisander (je nach Ausf\u00fchrung)<\/p>\n<\/li>\n<li data-start=\"1629\" data-end=\"1649\">\n<p data-start=\"1631\" data-end=\"1649\"><strong data-start=\"1631\" data-end=\"1642\">Radius:<\/strong> 9,5\u2033<\/p>\n<\/li>\n<li data-start=\"1650\" data-end=\"1691\">\n<p data-start=\"1652\" data-end=\"1691\"><strong data-start=\"1652\" data-end=\"1662\">B\u00fcnde:<\/strong> Jescar 55090 (Medium High)<\/p>\n<\/li>\n<li data-start=\"1692\" data-end=\"1756\">\n<p data-start=\"1694\" data-end=\"1756\"><strong data-start=\"1694\" data-end=\"1705\">Finish:<\/strong> Two-Tone Sunburst \u2013 Nitrocellulose (Medium Aged)<\/p>\n<\/li>\n<li data-start=\"1757\" data-end=\"1796\">\n<p data-start=\"1759\" data-end=\"1796\"><strong data-start=\"1759\" data-end=\"1771\">Gewicht:<\/strong> ca. 3,23 kg \/ 7,12 lbs<\/p>\n<\/li>\n<li data-start=\"1797\" data-end=\"1848\">\n<p data-start=\"1799\" data-end=\"1848\"><strong data-start=\"1799\" data-end=\"1811\">Pickups:<\/strong> Macmull hand-wound RVT Matched Set<\/p>\n<\/li>\n<li data-start=\"1849\" data-end=\"1878\">\n<p data-start=\"1851\" data-end=\"1878\"><strong data-start=\"1851\" data-end=\"1864\">Hardware:<\/strong> Aged Nickel<\/p>\n<\/li>\n<li data-start=\"1879\" data-end=\"1918\">\n<p data-start=\"1881\" data-end=\"1918\"><strong data-start=\"1881\" data-end=\"1892\">Bridge:<\/strong> Macmull Vintage S-Style<\/p>\n<\/li>\n<li data-start=\"1919\" data-end=\"1957\">\n<p data-start=\"1921\" data-end=\"1957\"><strong data-start=\"1921\" data-end=\"1936\">Mechaniken:<\/strong> Deluxe Aged Nickel<\/p>\n<\/li>\n<li data-start=\"1958\" data-end=\"2024\">\n<p data-start=\"1960\" data-end=\"2024\"><strong data-start=\"1960\" data-end=\"1977\">Lieferumfang:<\/strong> Original Macmull Hardcase + Zertifikat (COA)<\/p>\n<\/li>\n<\/ul>\n<hr data-start=\"2026\" data-end=\"2029\" \/>\n<h3 data-start=\"2031\" data-end=\"2046\"><span style=\"color: #000000;\"><strong data-start=\"2035\" data-end=\"2046\">Zustand<\/strong><\/span><\/h3>\n<p data-start=\"2047\" data-end=\"2136\"><strong data-start=\"2047\" data-end=\"2067\">Neues Instrument<\/strong>, inklusive <strong data-start=\"2079\" data-end=\"2101\">Herstellergarantie<\/strong> und <strong data-start=\"2106\" data-end=\"2133\">Mehrwertsteuer-Rechnung<\/strong>.<\/p>\n<hr data-start=\"2138\" data-end=\"2141\" \/>\n<h3 data-start=\"2143\" data-end=\"2170\"><span style=\"color: #000000;\"><strong data-start=\"2147\" data-end=\"2170\">Klang &amp; Spielgef\u00fchl<\/strong><\/span><\/h3>\n<p data-start=\"2171\" data-end=\"2552\">Die S Classic liefert den typischen <strong data-start=\"2207\" data-end=\"2224\">Macmull-Sound<\/strong> \u2013 kristallklare H\u00f6hen, offene Mitten und straffe, pr\u00e4zise B\u00e4sse.<br data-start=\"2289\" data-end=\"2292\" \/>Das Instrument reagiert \u00e4u\u00dferst sensibel auf die Spielweise und erm\u00f6glicht eine gro\u00dfe Bandbreite von glasklaren Clean-Sounds bis zu ausdrucksstarkem Drive.<br data-start=\"2447\" data-end=\"2450\" \/>Eine echte Boutique-Gitarre f\u00fcr Musiker, die Vintage-Seele mit moderner Pr\u00e4zision verbinden m\u00f6chten.<\/p>\n<hr data-start=\"2554\" data-end=\"2557\" \/>\n<h3 data-start=\"2559\" data-end=\"2594\"><span style=\"color: #000000;\"><strong data-start=\"2563\" data-end=\"2594\">\u00dcber Macmull Custom Guitars<\/strong><\/span><\/h3>\n<p data-start=\"2595\" data-end=\"3106\"><strong data-start=\"2595\" data-end=\"2621\">Macmull Custom Guitars<\/strong> wurde in <strong data-start=\"2631\" data-end=\"2644\">Jerusalem<\/strong> von <strong data-start=\"2649\" data-end=\"2664\">Tal Macmull<\/strong> und <strong data-start=\"2669\" data-end=\"2684\">Amit Sadras<\/strong> gegr\u00fcndet.<br data-start=\"2695\" data-end=\"2698\" \/>Die Manufaktur baut nur eine begrenzte Anzahl von Instrumenten pro Jahr \u2013 jedes davon vollst\u00e4ndig von Hand und individuell abgestimmt.<br data-start=\"2832\" data-end=\"2835\" \/>Das exklusive <strong data-start=\"2849\" data-end=\"2883\">RVT-System (Real Vintage Tone)<\/strong> sorgt f\u00fcr eine optimale Klangbalance zwischen allen Bauteilen und macht jede Macmull zu einem einzigartigen Instrument mit Charakter und Authentizit\u00e4t.<br data-start=\"3035\" data-end=\"3038\" \/><em data-start=\"3038\" data-end=\"3104\">(Quellen: Macmull-Guitars.com, NAMM Show 2025 Exhibitor Listing)<\/em><\/p>\n<hr data-start=\"3108\" data-end=\"3111\" \/>\n<h3 data-start=\"3113\" data-end=\"3187\"><span style=\"color: #000000;\"><strong data-start=\"3117\" data-end=\"3187\">Guitar2Amp \u2013 Offizieller Macmull-H\u00e4ndler f\u00fcr Polen.<\/strong><\/span><\/h3>\n<p data-start=\"3188\" data-end=\"3455\"><strong data-start=\"3188\" data-end=\"3202\">Guitar2Amp<\/strong> ist autorisierter H\u00e4ndler von <strong data-start=\"3233\" data-end=\"3259\">Macmull Custom Guitars<\/strong> in Polen und Deutschland.<br data-start=\"3285\" data-end=\"3288\" \/>Besuche unseren Showroom oder kontaktiere uns, um dein <strong data-start=\"3343\" data-end=\"3375\">Wunschinstrument von Macmull<\/strong> zu konfigurieren \u2013 vom Holz und Finish bis hin zu Aging-Details und Hardware.<\/p>\n<p data-start=\"3457\" data-end=\"3574\">\ud83d\udccd <strong data-start=\"3460\" data-end=\"3500\">Guitar2Amp \u2013 Boutique Guitars &amp; Amps<\/strong><br data-start=\"3500\" data-end=\"3503\" \/>Wir helfen dir, das Instrument zu finden, das deinen Sound definiert.<\/p>\n","protected":false},"excerpt":{"rendered":"<h3 data-start=\"214\" data-end=\"301\"><span style=\"color: #000000;\"><strong data-start=\"218\" data-end=\"299\">Macmull S Classic Two-Tone Sunburst \u2013 Guitar Summit 2025 Edition (S\/N 082509)<\/strong><\/span><\/h3>\n<p data-start=\"303\" data-end=\"637\">Eine streng limitierte Sonderedition, gebaut exklusiv f\u00fcr die <strong data-start=\"365\" data-end=\"387\">Guitar Summit 2025<\/strong> \u2013 die <strong data-start=\"394\" data-end=\"415\">Macmull S Classic<\/strong> im zeitlosen <strong data-start=\"429\" data-end=\"457\">Two-Tone Sunburst-Finish<\/strong>.<br data-start=\"458\" data-end=\"461\" \/>Dieses Instrument vereint den legend\u00e4ren S-Style-Charakter mit der au\u00dfergew\u00f6hnlichen Pr\u00e4zision, Dynamik und Tonf\u00fclle, f\u00fcr die <strong data-start=\"587\" data-end=\"613\">Macmull Custom Guitars<\/strong> weltweit bekannt ist.<\/p>\n<p data-start=\"303\" data-end=\"637\"><a href=\"https:\/\/guitar2amp.de\/index.php\/de\/macmull-custom-guitars-de\/\"><strong>Mehr \u00fcber Gitarren von Macmull Custom Guitars \u2192<\/strong><\/a><\/p>\n","protected":false},"featured_media":16481,"template":"","meta":{"_monsterinsights_skip_tracking":false,"_monsterinsights_sitenote_active":false,"_monsterinsights_sitenote_note":"","_monsterinsights_sitenote_category":0,"_uf_show_specific_survey":0,"_uf_disable_surveys":false,"_kadence_starter_templates_imported_post":false,"_kad_post_transparent":"default","_kad_post_title":"","_kad_post_layout":"default","_kad_post_sidebar_id":"","_kad_post_content_style":"default","_kad_post_vertical_padding":"default","_kad_post_feature":"","_kad_post_feature_position":"","_kad_post_header":false,"_kad_post_footer":false,"_kad_post_classname":""},"product_brand":[],"product_cat":[5344],"product_tag":[],"class_list":{"0":"post-16480","1":"product","2":"type-product","3":"status-publish","4":"has-post-thumbnail","6":"product_cat-macmull-custom-de","8":"first","9":"onbackorder","10":"shipping-taxable","11":"purchasable","12":"product-type-simple","13":"entry","14":"content-bg","15":"loop-entry"},"jetpack_sharing_enabled":true,"_links":{"self":[{"href":"https:\/\/guitar2amp.de\/index.php\/wp-json\/wp\/v2\/product\/16480","targetHints":{"allow":["GET"]}}],"collection":[{"href":"https:\/\/guitar2amp.de\/index.php\/wp-json\/wp\/v2\/product"}],"about":[{"href":"https:\/\/guitar2amp.de\/index.php\/wp-json\/wp\/v2\/types\/product"}],"wp:featuredmedia":[{"embeddable":true,"href":"https:\/\/guitar2amp.de\/index.php\/wp-json\/wp\/v2\/media\/16481"}],"wp:attachment":[{"href":"https:\/\/guitar2amp.de\/index.php\/wp-json\/wp\/v2\/media?parent=16480"}],"wp:term":[{"taxonomy":"product_brand","embeddable":true,"href":"https:\/\/guitar2amp.de\/index.php\/wp-json\/wp\/v2\/product_brand?post=16480"},{"taxonomy":"product_cat","embeddable":true,"href":"https:\/\/guitar2amp.de\/index.php\/wp-json\/wp\/v2\/product_cat?post=16480"},{"taxonomy":"product_tag","embeddable":true,"href":"https:\/\/guitar2amp.de\/index.php\/wp-json\/wp\/v2\/product_tag?post=16480"}],"curies":[{"name":"wp","href":"https:\/\/api.w.org\/{rel}","templated":true}]}}