{"id":16574,"date":"2025-11-18T12:21:35","date_gmt":"2025-11-18T11:21:35","guid":{"rendered":"https:\/\/guitar2amp.de\/?post_type=product&#038;p=16574"},"modified":"2026-01-17T17:16:03","modified_gmt":"2026-01-17T16:16:03","slug":"macmull-heartbreaker-custom-humbackers-sparkling-imperial-pink-3","status":"publish","type":"product","link":"https:\/\/guitar2amp.de\/index.php\/pl\/product\/macmull-heartbreaker-custom-humbackers-sparkling-imperial-pink-3\/","title":{"rendered":"Macmull Heartbreaker Custom HH &#8211; Sparkling Imperial Pink"},"content":{"rendered":"<h2 data-start=\"73\" data-end=\"188\"><span style=\"color: #000000;\"><strong data-start=\"73\" data-end=\"188\">Macmull Heartbreaker Humbuckers \u2013 Sparkling Imperial Pink<br data-start=\"132\" data-end=\"135\" \/>B-Stock (Showroom), wersja z wieloma opcjami Custom<\/strong><\/span><\/h2>\n<p data-start=\"190\" data-end=\"673\">Macmull Guitars to jedna z najbardziej wyj\u0105tkowych i presti\u017cowych manufaktur gitarowych na \u015bwiecie. Budowane w Izraelu pod okiem Tal Macmulla i Amit Sandrasa, ich instrumenty s\u0105 znane z absolutnej transparentno\u015bci brzmienia, perfekcyjnej reakcji na artykulacj\u0119 i unikalnej filozofii \u201eReal Vintage Tone\u201d, kt\u00f3ra pozwala uzyska\u0107 niezwykle sp\u00f3jne, organiczne brzmienie. Ka\u017cdy instrument powstaje w ca\u0142o\u015bci r\u0119cznie \u2013 od selekcji drewna, przez nawijanie pickup\u00f3w, a\u017c po wyko\u0144czenie nitro.<\/p>\n<p data-start=\"675\" data-end=\"895\">Guitar2Amp jest oficjalnym dystrybutorem Macmull Guitars i wsp\u00f3\u0142pracuje bezpo\u015brednio z manufaktur\u0105. Pomagamy r\u00f3wnie\u017c w konfiguracji wymarzonych modeli na zam\u00f3wienie, zar\u00f3wno w wersjach standardowych, jak i Private Stock.<\/p>\n<hr data-start=\"897\" data-end=\"900\" \/>\n<h3 data-start=\"902\" data-end=\"921\"><strong data-start=\"906\" data-end=\"921\">Opis modelu<\/strong><\/h3>\n<p data-start=\"923\" data-end=\"1313\">Prezentowany egzemplarz to <strong data-start=\"950\" data-end=\"985\">Macmull Heartbreaker Humbuckers<\/strong> w wyko\u0144czeniu <strong data-start=\"1000\" data-end=\"1027\">Sparkling Imperial Pink<\/strong>, z wieloma dodatkowymi, p\u0142atnymi opcjami custom \u2013 w tym humbuckerami Macmulla, matching headstock oraz bakelitowym, dopasowanym pickguardem. Gitara jest w wersji <strong data-start=\"1190\" data-end=\"1201\">B-Stock<\/strong>, pochodzi bezpo\u015brednio z showroomu Macmulla i ma jedynie minimalne \u015blady u\u017cytkowania (praktycznie niewidoczne).<\/p>\n<p data-start=\"1315\" data-end=\"1629\">Brzmieniowo to wyj\u0105tkowy instrument \u2013 po\u0142\u0105czenie klasycznego vibe\u2019u oldschoolowego alnico z nowoczesn\u0105 dynamik\u0105 i przejrzysto\u015bci\u0105. Humbuckery Macmulla oferuj\u0105 du\u017cy zakres tonalny: od ciep\u0142ego cleanu po pe\u0142ne, kremowe overdrive&#8217;y z niesamowit\u0105 separacj\u0105 d\u017awi\u0119k\u00f3w. Gitara jest lekka (3,42 kg) i niezwykle rezonuj\u0105ca.<\/p>\n<hr data-start=\"1631\" data-end=\"1634\" \/>\n<h3 data-start=\"1636\" data-end=\"1656\"><strong data-start=\"1640\" data-end=\"1656\">Specyfikacja<\/strong><\/h3>\n<p data-start=\"1658\" data-end=\"2455\"><strong data-start=\"1658\" data-end=\"1674\">Orientation:<\/strong> Right Handed<br data-start=\"1687\" data-end=\"1690\" \/><strong data-start=\"1690\" data-end=\"1708\">Body Material:<\/strong> Alder<br data-start=\"1714\" data-end=\"1717\" \/><strong data-start=\"1717\" data-end=\"1735\">Neck Material:<\/strong> One Piece Premium Maple<br data-start=\"1759\" data-end=\"1762\" \/><strong data-start=\"1762\" data-end=\"1778\">Fingerboard:<\/strong> Madagascar Rosewood (Private Stock)<br data-start=\"1814\" data-end=\"1817\" \/><strong data-start=\"1817\" data-end=\"1828\">Weight:<\/strong> 3.42 kg \/ 7.54 lbs<br data-start=\"1847\" data-end=\"1850\" \/><strong data-start=\"1850\" data-end=\"1867\">Neck Profile:<\/strong> Oval C (20.5 mm 1st fret \u2013 23.5 mm 12th fret)<br data-start=\"1913\" data-end=\"1916\" \/><strong data-start=\"1916\" data-end=\"1931\">Neck Width:<\/strong> 42 mm at nut \/ 55.6 mm at 21st fret<br data-start=\"1967\" data-end=\"1970\" \/><strong data-start=\"1970\" data-end=\"1993\">Fingerboard Radius:<\/strong> 9.5&#8243;<br data-start=\"1998\" data-end=\"2001\" \/><strong data-start=\"2001\" data-end=\"2011\">Frets:<\/strong> 6105<br data-start=\"2016\" data-end=\"2019\" data-is-only-node=\"\" \/><strong data-start=\"2019\" data-end=\"2051\">Finish (Top \/ Back \/ Sides):<\/strong> Nitrocellulose \u2013 Sparkling Imperial Pink (Top + Back + Sides)<br data-start=\"2113\" data-end=\"2116\" \/><strong data-start=\"2116\" data-end=\"2130\">Pickguard:<\/strong> Bakelite, dopasowany kolor Sparkling Imperial Pink (opcja p\u0142atna)<br data-start=\"2196\" data-end=\"2199\" \/><strong data-start=\"2199\" data-end=\"2213\">Headstock:<\/strong> Matching Headstock + Silkscreen Logo (opcja p\u0142atna)<br data-start=\"2265\" data-end=\"2268\" \/><strong data-start=\"2268\" data-end=\"2280\">Pickups:<\/strong> Macmull Humbuckers Set (opcja p\u0142atna)<br data-start=\"2318\" data-end=\"2321\" \/><strong data-start=\"2321\" data-end=\"2332\">Bridge:<\/strong> Heartbreaker Half Bridge<br data-start=\"2357\" data-end=\"2360\" \/><strong data-start=\"2360\" data-end=\"2370\">Aging:<\/strong> NOS (Aged)<br data-start=\"2381\" data-end=\"2384\" \/><strong data-start=\"2384\" data-end=\"2396\">Strings:<\/strong> D\u2019Addario XL .10<br data-start=\"2413\" data-end=\"2416\" \/><strong data-start=\"2416\" data-end=\"2425\">Case:<\/strong> Custom Macmull G&amp;G Hardcase<\/p>\n<hr data-start=\"2457\" data-end=\"2460\" \/>\n<h3 data-start=\"2462\" data-end=\"2489\"><strong data-start=\"2466\" data-end=\"2489\">Dodatkowe materia\u0142y<\/strong><\/h3>\n<p data-start=\"2491\" data-end=\"2655\">Na tej gitarze gra David Levi z Macmull \u2013 poni\u017cej znajdziesz linki do nagra\u0144.<br data-start=\"2568\" data-end=\"2571\" \/>Na jego YouTube mo\u017cna zobaczy\u0107 wi\u0119cej materia\u0142\u00f3w prezentuj\u0105cych ten konkretny model:<\/p>\n<p data-start=\"3901\" data-end=\"4046\"><span style=\"color: #000000;\"><span style=\"color: #ff00ff;\"><a style=\"color: #ff00ff;\" href=\"https:\/\/davidleviguitar.com\/\">David Levi<\/a><\/span> on this guitar:<\/span><\/p>\n<p><iframe loading=\"lazy\" title=\"It&#039;s midnight blues time!  #davidleviguitar\" width=\"563\" height=\"1000\" src=\"https:\/\/www.youtube.com\/embed\/Q7EHSdto-qQ?feature=oembed\" frameborder=\"0\" allow=\"accelerometer; autoplay; clipboard-write; encrypted-media; gyroscope; picture-in-picture; web-share\" referrerpolicy=\"strict-origin-when-cross-origin\" allowfullscreen><\/iframe><\/p>\n<p><iframe loading=\"lazy\" title=\"Midnight blues time\" width=\"563\" height=\"1000\" src=\"https:\/\/www.youtube.com\/embed\/yceif9qMFPE?feature=oembed\" frameborder=\"0\" allow=\"accelerometer; autoplay; clipboard-write; encrypted-media; gyroscope; picture-in-picture; web-share\" referrerpolicy=\"strict-origin-when-cross-origin\" allowfullscreen><\/iframe><\/p>\n<p>&nbsp;<\/p>\n<p data-start=\"3901\" data-end=\"4046\"><span style=\"color: #000000;\">More videos with this instrument on <span style=\"color: #ff00ff;\"><a style=\"color: #ff00ff;\" href=\"https:\/\/www.youtube.com\/@DavidLeviGuitar\/shorts\">David Levi youtube chanel<\/a>.<\/span><\/span><\/p>\n<p data-start=\"3901\" data-end=\"4046\">\n","protected":false},"excerpt":{"rendered":"<p data-start=\"190\" data-end=\"673\">Macmull Guitars to jedna z najbardziej wyj\u0105tkowych i presti\u017cowych manufaktur gitarowych na \u015bwiecie. Budowane w Izraelu pod okiem Tal Macmulla i Amit Sandrasa, ich instrumenty s\u0105 znane z absolutnej transparentno\u015bci brzmienia, perfekcyjnej reakcji na artykulacj\u0119 i unikalnej filozofii \u201eReal Vintage Tone\u201d, kt\u00f3ra pozwala uzyska\u0107 niezwykle sp\u00f3jne, organiczne brzmienie. Ka\u017cdy instrument powstaje w ca\u0142o\u015bci r\u0119cznie \u2013 od selekcji drewna, przez nawijanie pickup\u00f3w, a\u017c po wyko\u0144czenie nitro.<\/p>\n<p data-start=\"675\" data-end=\"895\">Guitar2Amp jest oficjalnym dystrybutorem Macmull Guitars i wsp\u00f3\u0142pracuje bezpo\u015brednio z manufaktur\u0105. Pomagamy r\u00f3wnie\u017c w konfiguracji wymarzonych modeli na zam\u00f3wienie, zar\u00f3wno w wersjach standardowych, jak i Private Stock.<\/p>\n<p data-start=\"675\" data-end=\"895\"><a href=\"https:\/\/guitar2amp.de\/index.php\/pl\/macmull-custom-guitars-2\/\">Wi\u0119cj o gitarach Macmull Custom Guitars<strong>\u2192<\/strong><\/a><\/p>\n","protected":false},"featured_media":16575,"template":"","meta":{"_monsterinsights_skip_tracking":false,"_monsterinsights_sitenote_active":false,"_monsterinsights_sitenote_note":"","_monsterinsights_sitenote_category":0,"_uf_show_specific_survey":0,"_uf_disable_surveys":false,"_kadence_starter_templates_imported_post":false,"_kad_post_transparent":"default","_kad_post_title":"","_kad_post_layout":"default","_kad_post_sidebar_id":"","_kad_post_content_style":"default","_kad_post_vertical_padding":"default","_kad_post_feature":"","_kad_post_feature_position":"","_kad_post_header":false,"_kad_post_footer":false,"_kad_post_classname":""},"product_brand":[],"product_cat":[5346],"product_tag":[],"class_list":{"0":"post-16574","1":"product","2":"type-product","3":"status-publish","4":"has-post-thumbnail","6":"product_cat-macmull-custom-pl","8":"first","9":"onbackorder","10":"shipping-taxable","11":"purchasable","12":"product-type-simple","13":"entry","14":"content-bg","15":"loop-entry"},"jetpack_sharing_enabled":true,"_links":{"self":[{"href":"https:\/\/guitar2amp.de\/index.php\/wp-json\/wp\/v2\/product\/16574","targetHints":{"allow":["GET"]}}],"collection":[{"href":"https:\/\/guitar2amp.de\/index.php\/wp-json\/wp\/v2\/product"}],"about":[{"href":"https:\/\/guitar2amp.de\/index.php\/wp-json\/wp\/v2\/types\/product"}],"wp:featuredmedia":[{"embeddable":true,"href":"https:\/\/guitar2amp.de\/index.php\/wp-json\/wp\/v2\/media\/16575"}],"wp:attachment":[{"href":"https:\/\/guitar2amp.de\/index.php\/wp-json\/wp\/v2\/media?parent=16574"}],"wp:term":[{"taxonomy":"product_brand","embeddable":true,"href":"https:\/\/guitar2amp.de\/index.php\/wp-json\/wp\/v2\/product_brand?post=16574"},{"taxonomy":"product_cat","embeddable":true,"href":"https:\/\/guitar2amp.de\/index.php\/wp-json\/wp\/v2\/product_cat?post=16574"},{"taxonomy":"product_tag","embeddable":true,"href":"https:\/\/guitar2amp.de\/index.php\/wp-json\/wp\/v2\/product_tag?post=16574"}],"curies":[{"name":"wp","href":"https:\/\/api.w.org\/{rel}","templated":true}]}}