{"id":16621,"date":"2025-11-18T13:46:44","date_gmt":"2025-11-18T12:46:44","guid":{"rendered":"https:\/\/guitar2amp.de\/?post_type=product&#038;p=16621"},"modified":"2025-11-21T16:30:12","modified_gmt":"2025-11-21T15:30:12","slug":"2021-fender-custom-shop-stratocaster-limited-edition-double-bound-aztec-gold-used","status":"publish","type":"product","link":"https:\/\/guitar2amp.de\/index.php\/pl\/product\/2021-fender-custom-shop-stratocaster-limited-edition-double-bound-aztec-gold-used\/","title":{"rendered":"2021 Fender Custom Shop Stratocaster Limited Edition Double Bound Aztec Gold [USED]"},"content":{"rendered":"<h1 data-start=\"242\" data-end=\"324\"><span style=\"color: #000000;\"><strong data-start=\"244\" data-end=\"322\">Fender Custom Shop \u201960s Double Bound Stratocaster JRN \u2013 Aztec Gold (Relic)<\/strong><\/span><\/h1>\n<p data-start=\"325\" data-end=\"397\"><span style=\"color: #000000;\"><strong data-start=\"325\" data-end=\"397\">Rok produkcji: 2021 \u2022 Dealer Select Limited Edition<\/strong><\/span><\/p>\n<p data-start=\"418\" data-end=\"893\"><span style=\"color: #000000;\">Fender Custom Shop \u201960s Double Bound Stratocaster JRN w kolorze <strong data-start=\"482\" data-end=\"496\">Aztec Gold<\/strong> to wyj\u0105tkowy, limitowany model Dealer Select, zbudowany wed\u0142ug specyfikacji inspirowanej klasycznymi Stratami z pocz\u0105tku lat 60. Korpus z olchy otrzyma\u0142 podw\u00f3jne bindowanie \u201eDouble Bound\u201d, kt\u00f3re rzadko spotyka si\u0119 w modelach Stratocaster \u2014 nadaje to gitarze charakterystyczny, bardziej \u201eelegancki\u201d wygl\u0105d, nawi\u0105zuj\u0105cy stylistycznie do Telecaster\u00f3w Custom i rzadkich prototyp\u00f3w z archiw\u00f3w Fendera.<\/span><\/p>\n<p data-start=\"895\" data-end=\"1132\"><span style=\"color: #000000;\">Wyko\u0144czenie <strong data-start=\"907\" data-end=\"927\">Journeyman Relic<\/strong> zapewnia subtelne postarzenie: delikatne \u015blady u\u017cytkowania, naturalne matowienia i niewielkie obicia, bez przerysowanego efektu \u201eheavy relic\u201d. Ca\u0142o\u015b\u0107 prezentuje si\u0119 autentycznie, stylowo i bardzo premium.<\/span><\/p>\n<hr data-start=\"1134\" data-end=\"1137\" \/>\n<h1 data-start=\"1139\" data-end=\"1151\"><span style=\"color: #000000;\"><strong data-start=\"1141\" data-end=\"1151\">Korpus<\/strong><\/span><\/h1>\n<ul data-start=\"1152\" data-end=\"1451\">\n<li data-start=\"1152\" data-end=\"1181\">\n<p data-start=\"1154\" data-end=\"1181\"><span style=\"color: #000000;\"><strong data-start=\"1154\" data-end=\"1165\">Drewno:<\/strong> Alder (olcha)<\/span><\/p>\n<\/li>\n<li data-start=\"1182\" data-end=\"1241\">\n<p data-start=\"1184\" data-end=\"1241\"><span style=\"color: #000000;\"><strong data-start=\"1184\" data-end=\"1200\">Konstrukcja:<\/strong> 60s Strat, Double Bound (top &amp; bottom)<\/span><\/p>\n<\/li>\n<li data-start=\"1242\" data-end=\"1306\">\n<p data-start=\"1244\" data-end=\"1306\"><span style=\"color: #000000;\"><strong data-start=\"1244\" data-end=\"1260\">Wyko\u0144czenie:<\/strong> Nitrocellulose Lacquer \u2013 <em data-start=\"1286\" data-end=\"1304\">Journeyman Relic<\/em><\/span><\/p>\n<\/li>\n<li data-start=\"1307\" data-end=\"1332\">\n<p data-start=\"1309\" data-end=\"1332\"><span style=\"color: #000000;\"><strong data-start=\"1309\" data-end=\"1319\">Kolor:<\/strong> Aztec Gold<\/span><\/p>\n<\/li>\n<li data-start=\"1333\" data-end=\"1397\">\n<p data-start=\"1335\" data-end=\"1397\"><span style=\"color: #000000;\"><strong data-start=\"1335\" data-end=\"1365\">Routing i rozstaw otwor\u00f3w:<\/strong> zgodne ze specyfikacj\u0105 lat 60<\/span><\/p>\n<\/li>\n<li data-start=\"1398\" data-end=\"1451\">\n<p data-start=\"1400\" data-end=\"1451\"><span style=\"color: #000000;\"><strong data-start=\"1400\" data-end=\"1419\">P\u0142yta frontowa:<\/strong> Strat Parchment Relic (3-ply)<\/span><\/p>\n<\/li>\n<\/ul>\n<p data-start=\"1453\" data-end=\"1646\"><span style=\"color: #000000;\">Korpus jest lekki, \u015bwietnie rezonuje i bardzo szybko reaguje na artykulacj\u0119. Aztec Gold w po\u0142\u0105czeniu z bia\u0142ym bindingiem daje jeden z najbardziej efektownych wygl\u0105d\u00f3w w ca\u0142ej linii Custom Shop.<\/span><\/p>\n<hr data-start=\"1648\" data-end=\"1651\" \/>\n<h1 data-start=\"1653\" data-end=\"1663\"><span style=\"color: #000000;\"><strong data-start=\"1655\" data-end=\"1663\">Gryf<\/strong><\/span><\/h1>\n<ul data-start=\"1664\" data-end=\"2041\">\n<li data-start=\"1664\" data-end=\"1708\">\n<p data-start=\"1666\" data-end=\"1708\"><span style=\"color: #000000;\"><strong data-start=\"1666\" data-end=\"1679\">Materia\u0142:<\/strong> Roasted Quarter-Sawn Maple<\/span><\/p>\n<\/li>\n<li data-start=\"1709\" data-end=\"1742\">\n<p data-start=\"1711\" data-end=\"1742\"><span style=\"color: #000000;\"><strong data-start=\"1711\" data-end=\"1722\">Profil:<\/strong> 60 Style Oval \u201cC\u201d<\/span><\/p>\n<\/li>\n<li data-start=\"1743\" data-end=\"1812\">\n<p data-start=\"1745\" data-end=\"1765\"><span style=\"color: #000000;\"><strong data-start=\"1745\" data-end=\"1763\">Grubo\u015b\u0107 gryfu:<\/strong><\/span><\/p>\n<ul data-start=\"1768\" data-end=\"1812\">\n<li data-start=\"1768\" data-end=\"1788\">\n<p data-start=\"1770\" data-end=\"1788\"><span style=\"color: #000000;\">1st fret: 0.790&#8243;<\/span><\/p>\n<\/li>\n<li data-start=\"1791\" data-end=\"1812\">\n<p data-start=\"1793\" data-end=\"1812\"><span style=\"color: #000000;\">12th fret: 0.930&#8243;<\/span><\/p>\n<\/li>\n<\/ul>\n<\/li>\n<li data-start=\"1813\" data-end=\"1856\">\n<p data-start=\"1815\" data-end=\"1856\"><span style=\"color: #000000;\"><strong data-start=\"1815\" data-end=\"1832\">Podstrunnica:<\/strong> AAA Rosewood Flat-Lam<\/span><\/p>\n<\/li>\n<li data-start=\"1857\" data-end=\"1892\">\n<p data-start=\"1859\" data-end=\"1892\"><span style=\"color: #000000;\"><strong data-start=\"1859\" data-end=\"1870\">Radius:<\/strong> 9.5&#8243; \u2013 12&#8243; Compound<\/span><\/p>\n<\/li>\n<li data-start=\"1893\" data-end=\"1932\">\n<p data-start=\"1895\" data-end=\"1932\"><span style=\"color: #000000;\"><strong data-start=\"1895\" data-end=\"1905\">Progi:<\/strong> Narrow Tall (6105 style)<\/span><\/p>\n<\/li>\n<li data-start=\"1933\" data-end=\"1966\">\n<p data-start=\"1935\" data-end=\"1966\"><span style=\"color: #000000;\"><strong data-start=\"1935\" data-end=\"1946\">Inlaye:<\/strong> Vintage Clay Dots<\/span><\/p>\n<\/li>\n<li data-start=\"1967\" data-end=\"1989\">\n<p data-start=\"1969\" data-end=\"1989\"><span style=\"color: #000000;\"><strong data-start=\"1969\" data-end=\"1982\">Siode\u0142ko:<\/strong> Bone<\/span><\/p>\n<\/li>\n<li data-start=\"1990\" data-end=\"2041\">\n<p data-start=\"1992\" data-end=\"2041\"><span style=\"color: #000000;\"><strong data-start=\"1992\" data-end=\"2008\">Wyko\u0144czenie:<\/strong> Nitrocellulose Medium Tint Relic<\/span><\/p>\n<\/li>\n<\/ul>\n<p data-start=\"2043\" data-end=\"2257\"><span style=\"color: #000000;\">Profil 60s Oval C w po\u0142\u0105czeniu z compound radiusem daje wyj\u0105tkowy komfort zar\u00f3wno do klasycznych zagrywek vintage, jak i wsp\u00f3\u0142czesnego grania z wy\u017csz\u0105 dynamik\u0105. Gryf jest stabilny, szybki i \u015bwietnie u\u0142o\u017cony w r\u0119ce.<\/span><\/p>\n<hr data-start=\"2259\" data-end=\"2262\" \/>\n<h1 data-start=\"2264\" data-end=\"2296\"><span style=\"color: #000000;\"><strong data-start=\"2266\" data-end=\"2296\">Elektronika i przetworniki<\/strong><\/span><\/h1>\n<ul data-start=\"2297\" data-end=\"2639\">\n<li data-start=\"2297\" data-end=\"2324\">\n<p data-start=\"2299\" data-end=\"2324\"><span style=\"color: #000000;\"><strong data-start=\"2299\" data-end=\"2316\">Konfiguracja:<\/strong> S-S-S<\/span><\/p>\n<\/li>\n<li data-start=\"2325\" data-end=\"2475\">\n<p data-start=\"2327\" data-end=\"2346\"><span style=\"color: #000000;\"><strong data-start=\"2327\" data-end=\"2344\">Przetworniki:<\/strong><\/span><\/p>\n<ul data-start=\"2349\" data-end=\"2475\">\n<li data-start=\"2349\" data-end=\"2385\">\n<p data-start=\"2351\" data-end=\"2385\"><span style=\"color: #000000;\">Hand-Wound Strat JCE Custom Neck<\/span><\/p>\n<\/li>\n<li data-start=\"2388\" data-end=\"2434\">\n<p data-start=\"2390\" data-end=\"2434\"><span style=\"color: #000000;\">Hand-Wound Strat JCE Custom Middle (RW\/RP)<\/span><\/p>\n<\/li>\n<li data-start=\"2437\" data-end=\"2475\">\n<p data-start=\"2439\" data-end=\"2475\"><span style=\"color: #000000;\">Hand-Wound Strat JCE Custom Bridge<\/span><\/p>\n<\/li>\n<\/ul>\n<\/li>\n<li data-start=\"2476\" data-end=\"2502\">\n<p data-start=\"2478\" data-end=\"2502\"><span style=\"color: #000000;\"><strong data-start=\"2478\" data-end=\"2494\">Prze\u0142\u0105cznik:<\/strong> 5-way<\/span><\/p>\n<\/li>\n<li data-start=\"2503\" data-end=\"2544\">\n<p data-start=\"2505\" data-end=\"2544\"><span style=\"color: #000000;\"><strong data-start=\"2505\" data-end=\"2523\">Potencjometry:<\/strong> Volume + Tone\/Tone<\/span><\/p>\n<\/li>\n<li data-start=\"2545\" data-end=\"2592\">\n<p data-start=\"2547\" data-end=\"2592\"><span style=\"color: #000000;\"><strong data-start=\"2547\" data-end=\"2563\">Okablowanie:<\/strong> <em data-start=\"2564\" data-end=\"2590\">Strat 1\/2 Blender Wiring<\/em><\/span><\/p>\n<\/li>\n<li data-start=\"2593\" data-end=\"2639\">\n<p data-start=\"2595\" data-end=\"2639\"><span style=\"color: #000000;\"><strong data-start=\"2595\" data-end=\"2611\">Kondensator:<\/strong> .1 PIO (Paper in Oil) Relic<\/span><\/p>\n<\/li>\n<\/ul>\n<p data-start=\"2641\" data-end=\"3014\"><span style=\"color: #000000;\">Zestaw <strong data-start=\"2648\" data-end=\"2673\">Hand-Wound JCE Custom<\/strong> to r\u0119cznie nawijane pickupy \u2014 niezwykle dynamiczne, organiczne i ciep\u0142e. Brzmieniowo to idealny balans mi\u0119dzy szklank\u0105 lat 60, a pe\u0142niejszym, bardziej muzykalnym \u015brodkiem.<\/span><br data-start=\"2881\" data-end=\"2884\" \/><span style=\"color: #000000;\">Uk\u0142ad <strong data-start=\"2890\" data-end=\"2905\">1\/2 Blender<\/strong> pozwala \u0142\u0105czy\u0107 pickup neck z bridge, tworz\u0105c dodatkowe brzmienia niedost\u0119pne w tradycyjnych Stratocasterach.<\/span><\/p>\n<hr data-start=\"3016\" data-end=\"3019\" \/>\n<h1 data-start=\"3021\" data-end=\"3043\"><span style=\"color: #000000;\"><strong data-start=\"3023\" data-end=\"3043\">Mostek i osprz\u0119t<\/strong><\/span><\/h1>\n<ul data-start=\"3044\" data-end=\"3290\">\n<li data-start=\"3044\" data-end=\"3088\">\n<p data-start=\"3046\" data-end=\"3088\"><span style=\"color: #000000;\"><strong data-start=\"3046\" data-end=\"3057\">Mostek:<\/strong> Vintage Strat Bridge \u2013 Relic<\/span><\/p>\n<\/li>\n<li data-start=\"3089\" data-end=\"3127\">\n<p data-start=\"3091\" data-end=\"3127\"><span style=\"color: #000000;\"><strong data-start=\"3091\" data-end=\"3102\">Klucze:<\/strong> Vintage Locking Tuners<\/span><\/p>\n<\/li>\n<li data-start=\"3128\" data-end=\"3165\">\n<p data-start=\"3130\" data-end=\"3165\"><span style=\"color: #000000;\"><strong data-start=\"3130\" data-end=\"3147\">Trem Arm Tip:<\/strong> Parchment Relic<\/span><\/p>\n<\/li>\n<li data-start=\"3166\" data-end=\"3216\">\n<p data-start=\"3168\" data-end=\"3216\"><span style=\"color: #000000;\"><strong data-start=\"3168\" data-end=\"3183\">Neck Plate:<\/strong> Engraved Limited Edition Relic<\/span><\/p>\n<\/li>\n<li data-start=\"3217\" data-end=\"3256\">\n<p data-start=\"3219\" data-end=\"3256\"><span style=\"color: #000000;\"><strong data-start=\"3219\" data-end=\"3234\">Back Plate:<\/strong> Vintage Strat Relic<\/span><\/p>\n<\/li>\n<li data-start=\"3257\" data-end=\"3290\">\n<p data-start=\"3259\" data-end=\"3290\"><span style=\"color: #000000;\"><strong data-start=\"3259\" data-end=\"3272\">Hardware:<\/strong> wyko\u0144czenie Relic<\/span><\/p>\n<\/li>\n<\/ul>\n<p data-start=\"3292\" data-end=\"3405\"><span style=\"color: #000000;\">Wyko\u0144czenie osprz\u0119tu jest sp\u00f3jne z reszt\u0105 instrumentu \u2013 naturalne postarzenie nadaje mu autentycznego charakteru.<\/span><\/p>\n<hr data-start=\"3407\" data-end=\"3410\" \/>\n<h1 data-start=\"3412\" data-end=\"3432\"><span style=\"color: #000000;\"><strong data-start=\"3414\" data-end=\"3432\">Wra\u017cenia z gry<\/strong><\/span><\/h1>\n<p data-start=\"3433\" data-end=\"3746\"><span style=\"color: #000000;\">Gitara jest wyj\u0105tkowo \u017cywa, szybka w odpowiedzi i \u015bwietnie reaguje na artykulacj\u0119.<\/span><br data-start=\"3515\" data-end=\"3518\" \/><span style=\"color: #000000;\">Struny \u201ewchodz\u0105 pod palce\u201d, a profil gryfu oraz compound radius pozwalaj\u0105 na nisk\u0105 akcj\u0119 bez niechcianego fret-buzzu. Pickupy JCE Hand-Wound oferuj\u0105 szerokie spektrum barw \u2013 od szklistego cleanu po pe\u0142ne, dynamiczne overdrive\u2019y.<\/span><\/p>\n<p data-start=\"3748\" data-end=\"3830\"><span style=\"color: #000000;\">To instrument, kt\u00f3ry bez problemu odnajdzie si\u0119 zar\u00f3wno w studiu, jak i na scenie.<\/span><\/p>\n<hr data-start=\"3832\" data-end=\"3835\" \/>\n<h1 data-start=\"3837\" data-end=\"3863\"><span style=\"color: #000000;\"><strong data-start=\"3839\" data-end=\"3863\">Zestaw \/ w komplecie<\/strong><\/span><\/h1>\n<ul data-start=\"3864\" data-end=\"4017\">\n<li data-start=\"3864\" data-end=\"3912\">\n<p data-start=\"3866\" data-end=\"3912\"><span style=\"color: #000000;\">Oryginalny Fender Custom Shop Hardshell Case<\/span><\/p>\n<\/li>\n<li data-start=\"3913\" data-end=\"3948\">\n<p data-start=\"3915\" data-end=\"3948\"><span style=\"color: #000000;\">Certyfikat autentyczno\u015bci (COA)<\/span><\/p>\n<\/li>\n<li data-start=\"3949\" data-end=\"3993\">\n<p data-start=\"3951\" data-end=\"3993\"><span style=\"color: #000000;\">Shop Floor Traveler (pe\u0142na specyfikacja)<\/span><\/p>\n<\/li>\n<li data-start=\"3994\" data-end=\"4017\">\n<p data-start=\"3996\" data-end=\"4017\"><span style=\"color: #000000;\">Akcesoria Custom Shop<\/span><\/p>\n<\/li>\n<\/ul>\n<hr data-start=\"4019\" data-end=\"4022\" \/>\n<h1 data-start=\"4024\" data-end=\"4034\"><span style=\"color: #000000;\"><strong data-start=\"4026\" data-end=\"4034\">Stan<\/strong><\/span><\/h1>\n<p data-start=\"4035\" data-end=\"4096\"><span style=\"color: #000000;\">Gitara w stanie bardzo dobrym z kompletem dokument\u00f3w.<\/span><\/p>\n<hr data-start=\"4098\" data-end=\"4101\" \/>\n<h1 data-start=\"4103\" data-end=\"4121\"><span style=\"color: #000000;\"><strong data-start=\"4105\" data-end=\"4121\">Podsumowanie<\/strong><\/span><\/h1>\n<p data-start=\"4122\" data-end=\"4536\"><span style=\"color: #000000;\">Fender Custom Shop \u201960s Double Bound Stratocaster JRN Aztec Gold to rzadko spotykany, pi\u0119knie wykonany model z najwy\u017cszej p\u00f3\u0142ki. \u0141\u0105czy klasyczne brzmienie vintage z nowoczesn\u0105 wygod\u0105 gry i unikalnym wygl\u0105dem dzi\u0119ki podw\u00f3jnemu bindowaniu. R\u0119cznie nawijane pickupy i wysokiej klasy materia\u0142y czyni\u0105 z niej instrument dla wymagaj\u0105cych gitarzyst\u00f3w, kolekcjoner\u00f3w oraz fan\u00f3w Custom Shopu szukaj\u0105cych czego\u015b wyj\u0105tkowego.<\/span><\/p>\n","protected":false},"excerpt":{"rendered":"<h1 data-start=\"242\" data-end=\"324\"><span style=\"color: #000000;\"><strong data-start=\"244\" data-end=\"322\">Fender Custom Shop \u201960s Double Bound Stratocaster JRN \u2013 Aztec Gold (Relic)<\/strong><\/span><\/h1>\n<p data-start=\"325\" data-end=\"397\"><span style=\"color: #000000;\"><strong data-start=\"325\" data-end=\"397\">Rok produkcji: 2021 \u2022 Dealer Select Limited Edition<\/strong><\/span><\/p>\n<p data-start=\"418\" data-end=\"893\"><span style=\"color: #000000;\">Fender Custom Shop \u201960s Double Bound Stratocaster JRN w kolorze <strong data-start=\"482\" data-end=\"496\">Aztec Gold<\/strong> to wyj\u0105tkowy, limitowany model Dealer Select, zbudowany wed\u0142ug specyfikacji inspirowanej klasycznymi Stratami z pocz\u0105tku lat 60. Korpus z olchy otrzyma\u0142 podw\u00f3jne bindowanie \u201eDouble Bound\u201d, kt\u00f3re rzadko spotyka si\u0119 w modelach Stratocaster \u2014 nadaje to gitarze charakterystyczny, bardziej \u201eelegancki\u201d wygl\u0105d, nawi\u0105zuj\u0105cy stylistycznie do Telecaster\u00f3w Custom i rzadkich prototyp\u00f3w z archiw\u00f3w Fendera.<\/span><\/p>\n","protected":false},"featured_media":16622,"template":"","meta":{"_monsterinsights_skip_tracking":false,"_monsterinsights_sitenote_active":false,"_monsterinsights_sitenote_note":"","_monsterinsights_sitenote_category":0,"_uf_show_specific_survey":0,"_uf_disable_surveys":false,"_kadence_starter_templates_imported_post":false,"_kad_post_transparent":"default","_kad_post_title":"","_kad_post_layout":"default","_kad_post_sidebar_id":"","_kad_post_content_style":"default","_kad_post_vertical_padding":"default","_kad_post_feature":"","_kad_post_feature_position":"","_kad_post_header":false,"_kad_post_footer":false,"_kad_post_classname":""},"product_brand":[],"product_cat":[3265,3261],"product_tag":[],"class_list":{"0":"post-16621","1":"product","2":"type-product","3":"status-publish","4":"has-post-thumbnail","6":"product_cat-elektryczne-pl","7":"product_cat-gitary","9":"first","10":"outofstock","11":"shipping-taxable","12":"purchasable","13":"product-type-simple","14":"entry","15":"content-bg","16":"loop-entry"},"jetpack_sharing_enabled":true,"_links":{"self":[{"href":"https:\/\/guitar2amp.de\/index.php\/wp-json\/wp\/v2\/product\/16621","targetHints":{"allow":["GET"]}}],"collection":[{"href":"https:\/\/guitar2amp.de\/index.php\/wp-json\/wp\/v2\/product"}],"about":[{"href":"https:\/\/guitar2amp.de\/index.php\/wp-json\/wp\/v2\/types\/product"}],"wp:featuredmedia":[{"embeddable":true,"href":"https:\/\/guitar2amp.de\/index.php\/wp-json\/wp\/v2\/media\/16622"}],"wp:attachment":[{"href":"https:\/\/guitar2amp.de\/index.php\/wp-json\/wp\/v2\/media?parent=16621"}],"wp:term":[{"taxonomy":"product_brand","embeddable":true,"href":"https:\/\/guitar2amp.de\/index.php\/wp-json\/wp\/v2\/product_brand?post=16621"},{"taxonomy":"product_cat","embeddable":true,"href":"https:\/\/guitar2amp.de\/index.php\/wp-json\/wp\/v2\/product_cat?post=16621"},{"taxonomy":"product_tag","embeddable":true,"href":"https:\/\/guitar2amp.de\/index.php\/wp-json\/wp\/v2\/product_tag?post=16621"}],"curies":[{"name":"wp","href":"https:\/\/api.w.org\/{rel}","templated":true}]}}