{"id":16734,"date":"2025-11-18T20:42:04","date_gmt":"2025-11-18T19:42:04","guid":{"rendered":"https:\/\/guitar2amp.de\/?post_type=product&#038;p=16734"},"modified":"2025-11-18T21:30:14","modified_gmt":"2025-11-18T20:30:14","slug":"2020-nik-huber-krautster-ii-goldtop-used-2","status":"publish","type":"product","link":"https:\/\/guitar2amp.de\/index.php\/pl\/product\/2020-nik-huber-krautster-ii-goldtop-used-2\/","title":{"rendered":"2020 Nik Huber Krautster II Goldtop [USED]"},"content":{"rendered":"<h1 data-start=\"117\" data-end=\"168\"><span style=\"color: #000000;\"><strong data-start=\"119\" data-end=\"168\">Nik Huber Krautster II \u2013 Worn Gold Top (2020)<\/strong><\/span><\/h1>\n<p data-start=\"170\" data-end=\"472\"><span style=\"color: #000000;\">Nik Huber Krautster II to r\u0119cznie wykonany instrument klasy premium, \u0142\u0105cz\u0105cy minimalistyczny wygl\u0105d z doskona\u0142ym rzemios\u0142em. Ten egzemplarz z 2020 roku posiada wyko\u0144czenie <strong data-start=\"342\" data-end=\"359\">Worn Gold Top.<\/strong><\/span><\/p>\n<p data-start=\"474\" data-end=\"851\"><span style=\"color: #000000;\">Gitara zosta\u0142a zbudowana z <strong data-start=\"501\" data-end=\"531\">litego mahoniowego korpusu<\/strong>, <strong data-start=\"533\" data-end=\"554\">mahoniowego gryfu<\/strong> oraz <strong data-start=\"560\" data-end=\"599\">podstrunnicy z East Indian Rosewood<\/strong>. Na pok\u0142adzie znajduj\u0105 si\u0119 przetworniki Haussel: <strong data-start=\"649\" data-end=\"663\">\u201e1956\u201d P90<\/strong> przy gryfie oraz <strong data-start=\"681\" data-end=\"711\">\u201e1959 B Vintage\u201d Humbucker<\/strong> na mostku. Uk\u0142ad sterowania jest prosty i funkcjonalny: Volume, Tone z push\/pull (roz\u0142\u0105czeniecewki humbuckera) oraz 3-pozycyjny prze\u0142\u0105cznik.<\/span><\/p>\n<hr data-start=\"853\" data-end=\"856\" \/>\n<h2 data-start=\"858\" data-end=\"877\"><span style=\"color: #000000;\"><strong data-start=\"861\" data-end=\"877\">Specyfikacja<\/strong><\/span><\/h2>\n<h3 data-start=\"879\" data-end=\"893\"><span style=\"color: #000000;\"><strong data-start=\"883\" data-end=\"893\">Korpus<\/strong><\/span><\/h3>\n<ul data-start=\"894\" data-end=\"1005\">\n<li data-start=\"894\" data-end=\"934\">\n<p data-start=\"896\" data-end=\"934\"><span style=\"color: #000000;\"><strong data-start=\"896\" data-end=\"915\">Drewno korpusu:<\/strong> Mahogany (maho\u0144)<\/span><\/p>\n<\/li>\n<li data-start=\"935\" data-end=\"969\">\n<p data-start=\"937\" data-end=\"969\"><span style=\"color: #000000;\"><strong data-start=\"937\" data-end=\"953\">Wyko\u0144czenie:<\/strong> Worn Gold Top<\/span><\/p>\n<\/li>\n<li data-start=\"970\" data-end=\"1005\">\n<p data-start=\"972\" data-end=\"1005\"><span style=\"color: #000000;\"><strong data-start=\"972\" data-end=\"988\">Ty\u0142 korpusu:<\/strong> Open Pore Back<\/span><\/p>\n<\/li>\n<\/ul>\n<h3 data-start=\"1007\" data-end=\"1019\"><span style=\"color: #000000;\"><strong data-start=\"1011\" data-end=\"1019\">Gryf<\/strong><\/span><\/h3>\n<ul data-start=\"1020\" data-end=\"1148\">\n<li data-start=\"1020\" data-end=\"1050\">\n<p data-start=\"1022\" data-end=\"1050\"><span style=\"color: #000000;\"><strong data-start=\"1022\" data-end=\"1039\">Drewno gryfu:<\/strong> Mahogany<\/span><\/p>\n<\/li>\n<li data-start=\"1051\" data-end=\"1093\">\n<p data-start=\"1053\" data-end=\"1093\"><span style=\"color: #000000;\"><strong data-start=\"1053\" data-end=\"1070\">Podstrunnica:<\/strong> East Indian Rosewood<\/span><\/p>\n<\/li>\n<li data-start=\"1094\" data-end=\"1127\">\n<p data-start=\"1096\" data-end=\"1127\"><span style=\"color: #000000;\"><strong data-start=\"1096\" data-end=\"1116\">Mocowanie gryfu:<\/strong> Set Neck<\/span><\/p>\n<\/li>\n<li data-start=\"1128\" data-end=\"1148\">\n<p data-start=\"1130\" data-end=\"1148\"><span style=\"color: #000000;\"><strong data-start=\"1130\" data-end=\"1141\">Inlaye:<\/strong> Dots<\/span><\/p>\n<\/li>\n<\/ul>\n<h3 data-start=\"1150\" data-end=\"1173\"><span style=\"color: #000000;\"><strong data-start=\"1154\" data-end=\"1173\">Menzura \/ Progi<\/strong><\/span><\/h3>\n<ul data-start=\"1174\" data-end=\"1261\">\n<li data-start=\"1174\" data-end=\"1194\">\n<p data-start=\"1176\" data-end=\"1194\"><span style=\"color: #000000;\"><strong data-start=\"1176\" data-end=\"1188\">Menzura:<\/strong> 25&#8243;<\/span><\/p>\n<\/li>\n<li data-start=\"1195\" data-end=\"1233\">\n<p data-start=\"1197\" data-end=\"1233\"><span style=\"color: #000000;\"><strong data-start=\"1197\" data-end=\"1221\">Radius podstrunnicy:<\/strong> 10&#8243; \u2013 14&#8243;<\/span><\/p>\n<\/li>\n<li data-start=\"1234\" data-end=\"1261\">\n<p data-start=\"1236\" data-end=\"1261\"><span style=\"color: #000000;\"><strong data-start=\"1236\" data-end=\"1246\">Progi:<\/strong> Medium Jumbo<\/span><\/p>\n<\/li>\n<\/ul>\n<h3 data-start=\"1263\" data-end=\"1278\"><span style=\"color: #000000;\"><strong data-start=\"1267\" data-end=\"1278\">Osprz\u0119t<\/strong><\/span><\/h3>\n<ul data-start=\"1279\" data-end=\"1399\">\n<li data-start=\"1279\" data-end=\"1324\">\n<p data-start=\"1281\" data-end=\"1324\"><span style=\"color: #000000;\"><strong data-start=\"1281\" data-end=\"1292\">Mostek:<\/strong> Nik Huber Adjustable Stoptail<\/span><\/p>\n<\/li>\n<li data-start=\"1325\" data-end=\"1362\">\n<p data-start=\"1327\" data-end=\"1362\"><span style=\"color: #000000;\"><strong data-start=\"1327\" data-end=\"1338\">Klucze:<\/strong> Open Gear \u201e510\u201d \/ 3+3<\/span><\/p>\n<\/li>\n<li data-start=\"1363\" data-end=\"1399\">\n<p data-start=\"1365\" data-end=\"1399\"><span style=\"color: #000000;\"><strong data-start=\"1365\" data-end=\"1390\">Wyko\u0144czenie osprz\u0119tu:<\/strong> Nickel<\/span><\/p>\n<\/li>\n<\/ul>\n<h3 data-start=\"1401\" data-end=\"1420\"><span style=\"color: #000000;\"><strong data-start=\"1405\" data-end=\"1420\">Elektronika<\/strong><\/span><\/h3>\n<ul data-start=\"1421\" data-end=\"1686\">\n<li data-start=\"1421\" data-end=\"1530\">\n<p data-start=\"1423\" data-end=\"1442\"><span style=\"color: #000000;\"><strong data-start=\"1423\" data-end=\"1440\">Przetworniki:<\/strong><\/span><\/p>\n<ul data-start=\"1445\" data-end=\"1530\">\n<li data-start=\"1445\" data-end=\"1477\">\n<p data-start=\"1447\" data-end=\"1477\"><span style=\"color: #000000;\"><strong data-start=\"1447\" data-end=\"1456\">Gryf:<\/strong> Haussel \u201e1956\u201d P90<\/span><\/p>\n<\/li>\n<li data-start=\"1480\" data-end=\"1530\">\n<p data-start=\"1482\" data-end=\"1530\"><span style=\"color: #000000;\"><strong data-start=\"1482\" data-end=\"1493\">Mostek:<\/strong> Haussel \u201e1959 B Vintage\u201d Humbucker<\/span><\/p>\n<\/li>\n<\/ul>\n<\/li>\n<li data-start=\"1531\" data-end=\"1621\">\n<p data-start=\"1533\" data-end=\"1548\"><span style=\"color: #000000;\"><strong data-start=\"1533\" data-end=\"1546\">Kontrola:<\/strong><\/span><\/p>\n<ul data-start=\"1551\" data-end=\"1621\">\n<li data-start=\"1551\" data-end=\"1561\">\n<p data-start=\"1553\" data-end=\"1561\"><span style=\"color: #000000;\">Volume<\/span><\/p>\n<\/li>\n<li data-start=\"1564\" data-end=\"1597\">\n<p data-start=\"1566\" data-end=\"1597\"><span style=\"color: #000000;\">Tone (push\/pull \u2013 coil split)<\/span><\/p>\n<\/li>\n<li data-start=\"1600\" data-end=\"1621\">\n<p data-start=\"1602\" data-end=\"1621\"><span style=\"color: #000000;\">Prze\u0142\u0105cznik 3-way<\/span><\/p>\n<\/li>\n<\/ul>\n<\/li>\n<li data-start=\"1622\" data-end=\"1658\">\n<p data-start=\"1624\" data-end=\"1658\"><span style=\"color: #000000;\"><strong data-start=\"1624\" data-end=\"1650\">Ko\u0144c\u00f3wka prze\u0142\u0105cznika:<\/strong> Cream<\/span><\/p>\n<\/li>\n<li data-start=\"1659\" data-end=\"1686\">\n<p data-start=\"1661\" data-end=\"1686\"><span style=\"color: #000000;\"><strong data-start=\"1661\" data-end=\"1671\">Ga\u0142ki:<\/strong> Speed Button<\/span><\/p>\n<\/li>\n<\/ul>\n<h3 data-start=\"1688\" data-end=\"1705\"><span style=\"color: #000000;\"><strong data-start=\"1692\" data-end=\"1705\">Pozosta\u0142e<\/strong><\/span><\/h3>\n<ul data-start=\"1706\" data-end=\"1752\">\n<li data-start=\"1706\" data-end=\"1728\">\n<p data-start=\"1708\" data-end=\"1728\"><span style=\"color: #000000;\"><strong data-start=\"1708\" data-end=\"1721\">Siode\u0142ko:<\/strong> Bone<\/span><\/p>\n<\/li>\n<li data-start=\"1729\" data-end=\"1752\">\n<p data-start=\"1731\" data-end=\"1752\"><span style=\"color: #000000;\"><strong data-start=\"1731\" data-end=\"1742\">Struny:<\/strong> 010\u2013046<\/span><\/p>\n<\/li>\n<\/ul>\n<hr data-start=\"1754\" data-end=\"1757\" \/>\n<h2 data-start=\"1759\" data-end=\"1798\"><span style=\"color: #000000;\"><strong data-start=\"1762\" data-end=\"1798\">Autoryzowany dealer \u2013 Guitar2Amp<\/strong><\/span><\/h2>\n<p data-start=\"1800\" data-end=\"2167\"><span style=\"color: #000000;\">Guitar2Amp jest <strong data-start=\"1816\" data-end=\"1866\">autoryzowanym dealerem marki Nik Huber Guitars<\/strong>. Oznacza to, \u017ce mo\u017cesz zam\u00f3wi\u0107 u nas swoj\u0105 wymarzon\u0105 gitar\u0119 w dowolnej konfiguracji \u2014 Krautster, Orca, Dolphin, modele limitowane, a tak\u017ce pe\u0142ne customy. W przypadku pyta\u0144 zapraszamy do kontaktu \u2014 z przyjemno\u015bci\u0105 pomo\u017cemy dobra\u0107 idealn\u0105 specyfikacj\u0119 i przeprowadzimy Ci\u0119 przez ca\u0142y proces zam\u00f3wienia.<\/span><\/p>\n<p data-start=\"1800\" data-end=\"2167\"><a href=\"https:\/\/guitar2amp.de\/index.php\/pl\/nik-huber-guitars-pl\/\">Wi\u0119cj o gitarach Nik Huber Guitars<strong>\u2192<\/strong><\/a><\/p>\n<p data-start=\"1800\" data-end=\"2167\">\n","protected":false},"excerpt":{"rendered":"<h1 data-start=\"117\" data-end=\"168\"><\/h1>\n<p data-start=\"170\" data-end=\"472\"><span style=\"color: #000000;\">Nik Huber Krautster II to r\u0119cznie wykonany instrument klasy premium, \u0142\u0105cz\u0105cy minimalistyczny wygl\u0105d z doskona\u0142ym rzemios\u0142em. Ten egzemplarz z 2020 roku posiada wyko\u0144czenie <strong data-start=\"342\" data-end=\"359\">Worn Gold Top<\/strong>, kt\u00f3re nadaje mu delikatnie postarzon\u0105, charakterystyczn\u0105 estetyk\u0119.<\/span><\/p>\n<p data-start=\"170\" data-end=\"472\"><a href=\"https:\/\/guitar2amp.de\/index.php\/pl\/nik-huber-guitars-pl\/\">Wi\u0119cj o gitarach Nik Huber Guitars<strong>\u2192<\/strong><\/a><\/p>\n","protected":false},"featured_media":16713,"template":"","meta":{"_monsterinsights_skip_tracking":false,"_monsterinsights_sitenote_active":false,"_monsterinsights_sitenote_note":"","_monsterinsights_sitenote_category":0,"_uf_show_specific_survey":0,"_uf_disable_surveys":false,"_kadence_starter_templates_imported_post":false,"_kad_post_transparent":"default","_kad_post_title":"","_kad_post_layout":"default","_kad_post_sidebar_id":"","_kad_post_content_style":"default","_kad_post_vertical_padding":"default","_kad_post_feature":"","_kad_post_feature_position":"","_kad_post_header":false,"_kad_post_footer":false,"_kad_post_classname":""},"product_brand":[],"product_cat":[3265,3261,4898],"product_tag":[],"class_list":{"0":"post-16734","1":"product","2":"type-product","3":"status-publish","4":"has-post-thumbnail","6":"product_cat-elektryczne-pl","7":"product_cat-gitary","8":"product_cat-nik_huber_pl","10":"first","11":"instock","12":"shipping-taxable","13":"purchasable","14":"product-type-simple","15":"entry","16":"content-bg","17":"loop-entry"},"jetpack_sharing_enabled":true,"_links":{"self":[{"href":"https:\/\/guitar2amp.de\/index.php\/wp-json\/wp\/v2\/product\/16734","targetHints":{"allow":["GET"]}}],"collection":[{"href":"https:\/\/guitar2amp.de\/index.php\/wp-json\/wp\/v2\/product"}],"about":[{"href":"https:\/\/guitar2amp.de\/index.php\/wp-json\/wp\/v2\/types\/product"}],"wp:featuredmedia":[{"embeddable":true,"href":"https:\/\/guitar2amp.de\/index.php\/wp-json\/wp\/v2\/media\/16713"}],"wp:attachment":[{"href":"https:\/\/guitar2amp.de\/index.php\/wp-json\/wp\/v2\/media?parent=16734"}],"wp:term":[{"taxonomy":"product_brand","embeddable":true,"href":"https:\/\/guitar2amp.de\/index.php\/wp-json\/wp\/v2\/product_brand?post=16734"},{"taxonomy":"product_cat","embeddable":true,"href":"https:\/\/guitar2amp.de\/index.php\/wp-json\/wp\/v2\/product_cat?post=16734"},{"taxonomy":"product_tag","embeddable":true,"href":"https:\/\/guitar2amp.de\/index.php\/wp-json\/wp\/v2\/product_tag?post=16734"}],"curies":[{"name":"wp","href":"https:\/\/api.w.org\/{rel}","templated":true}]}}