{"id":16886,"date":"2025-11-19T16:36:30","date_gmt":"2025-11-19T15:36:30","guid":{"rendered":"https:\/\/guitar2amp.de\/?post_type=product&#038;p=16886"},"modified":"2025-11-19T16:36:30","modified_gmt":"2025-11-19T15:36:30","slug":"2012-fender-custom-shop-65-stratocaster-limited-edition-lake-placid-blue-used-2","status":"publish","type":"product","link":"https:\/\/guitar2amp.de\/index.php\/de\/product\/2012-fender-custom-shop-65-stratocaster-limited-edition-lake-placid-blue-used-2\/","title":{"rendered":"2012 Fender Custom Shop &#8217;65 Stratocaster Limited Edition Lake Placid Blue [USED]"},"content":{"rendered":"<h1 data-start=\"220\" data-end=\"314\"><span style=\"color: #000000;\"><strong data-start=\"222\" data-end=\"312\">Fender Custom Shop Limited Edition 1965 Stratocaster Closet Classic \u2013 Lake Placid Blue<\/strong><\/span><\/h1>\n<p data-start=\"315\" data-end=\"412\"><span style=\"color: #000000;\"><strong data-start=\"315\" data-end=\"412\">Seltene Limited-Edition-Serie \u2022 Abby Red Hot Pickups \u2022 Moderne Spielbarkeit mit Vintage-Seele<\/strong><\/span><\/p>\n<p data-start=\"414\" data-end=\"880\"><span style=\"color: #000000;\">Hier pr\u00e4sentieren wir eine ganz besondere und \u00e4u\u00dferst seltene Interpretation eines klassischen Stratocasters. Die <strong data-start=\"528\" data-end=\"598\">Fender Custom Shop Limited Edition \u201965 Stratocaster Closet Classic<\/strong> w\u00fcrdigt eine der seltensten Varianten in der Fender-Geschichte. Im Jahr 1965 waren Stratocaster-Modelle mit Binding am Griffbrett nur f\u00fcr kurze Zeit als Sonderbestellung erh\u00e4ltlich \u2013 heute z\u00e4hlen die Originale zu den begehrtesten Vintage-St\u00fccken mit entsprechend hohen Marktwerten.<\/span><\/p>\n<p data-start=\"882\" data-end=\"1295\"><span style=\"color: #000000;\">Diese limitierte Edition f\u00e4ngt das Aussehen und den Charakter dieser seltenen fr\u00fchen Modelle perfekt ein und erg\u00e4nzt sie zugleich mit modernen Verbesserungen in Bezug auf Spielgef\u00fchl und Bespielbarkeit. Das wundersch\u00f6ne <strong data-start=\"1102\" data-end=\"1144\">Lake Placid Blue Closet Classic Finish<\/strong> zeigt dezente, geschmackvolle Alterungseffekte mit feinen Lackrissen \u2013 ganz wie eine Gitarre, die jahrzehntelang unber\u00fchrt im Koffer geschlummert hat.<\/span><\/p>\n<p data-start=\"1297\" data-end=\"1994\"><span style=\"color: #000000;\">Ein absolutes Highlight ist der Satz <strong data-start=\"1334\" data-end=\"1395\">handgewickelter \u201eAbby Red Hot\u201c-Pickups von Abigail Ybarra<\/strong>.<\/span><br data-start=\"1396\" data-end=\"1399\" \/><span style=\"color: #000000;\">Dies sind die echten, vollst\u00e4ndig handgewickelten Red Hots \u2013 nicht die einfacheren initialierten Versionen. Solche Pickup-Sets erzielen regelm\u00e4\u00dfig Preise von \u00fcber <strong data-start=\"1562\" data-end=\"1574\">1000 USD<\/strong> auf dem Gebrauchtmarkt, dank ihres au\u00dfergew\u00f6hnlichen Tons, ihrer Klarheit und ihrer beeindruckenden Dynamik. Sie liefern einen hei\u00dferen, brillanteren Output als normale Strat-Pickups und decken alles ab: vom klassischen Strat-Quack bis hin zu knackigen, aggressiven, singenden Leads. Abigail Ybarra gilt als eine der besten Pickup-Winderinnen in der Geschichte von Fender \u2013 und diese Gitarre zeigt eindrucksvoll, warum.<\/span><\/p>\n<p data-start=\"1996\" data-end=\"2392\"><span style=\"color: #000000;\">Der moderne <strong data-start=\"2008\" data-end=\"2033\">9.5&#8243;-Griffbrettradius<\/strong> und die <strong data-start=\"2042\" data-end=\"2063\">Dunlop 6105-B\u00fcnde<\/strong> erm\u00f6glichen m\u00fchelose Bendings und sorgen f\u00fcr ein geschmeidiges, komfortables Spielgef\u00fchl \u00fcber das gesamte Griffbrett. Das <strong data-start=\"2186\" data-end=\"2204\">1965 Large \u201cC\u201d<\/strong> Halsprofil bietet ein substanzreiches, aber ergonomisches Vintage-Feeling mit moderner Stabilit\u00e4t. Das Round-Lam-Rosewood-Griffbrett liefert W\u00e4rme, Sustain und hervorragende Artikulation.<\/span><\/p>\n<p data-start=\"2394\" data-end=\"2600\"><span style=\"color: #000000;\">Diese Ausf\u00fchrung ist eine <strong data-start=\"2420\" data-end=\"2447\">seltene Limited Edition<\/strong>, produziert in einer sehr kleinen Serie, was sie nicht nur zu einer hervorragenden Spieler-Gitarre, sondern auch zu einem wertvollen Sammlerst\u00fcck macht.<\/span><\/p>\n<hr data-start=\"2602\" data-end=\"2605\" \/>\n<h2 data-start=\"2607\" data-end=\"2629\"><span style=\"color: #000000;\"><strong data-start=\"2610\" data-end=\"2629\">Spezifikationen<\/strong><\/span><\/h2>\n<h3 data-start=\"2631\" data-end=\"2645\"><span style=\"color: #000000;\"><strong data-start=\"2635\" data-end=\"2645\">Korpus<\/strong><\/span><\/h3>\n<ul data-start=\"2646\" data-end=\"2728\">\n<li data-start=\"2646\" data-end=\"2654\">\n<p data-start=\"2648\" data-end=\"2654\"><span style=\"color: #000000;\">Erle<\/span><\/p>\n<\/li>\n<li data-start=\"2655\" data-end=\"2700\">\n<p data-start=\"2657\" data-end=\"2700\"><span style=\"color: #000000;\">Finish: Closet Classic \u2013 Lake Placid Blue<\/span><\/p>\n<\/li>\n<li data-start=\"2701\" data-end=\"2728\">\n<p data-start=\"2703\" data-end=\"2728\"><span style=\"color: #000000;\">Stil: 1965 Stratocaster<\/span><\/p>\n<\/li>\n<\/ul>\n<h3 data-start=\"2730\" data-end=\"2742\"><span style=\"color: #000000;\"><strong data-start=\"2734\" data-end=\"2742\">Hals<\/strong><\/span><\/h3>\n<ul data-start=\"2743\" data-end=\"3016\">\n<li data-start=\"2743\" data-end=\"2769\">\n<p data-start=\"2745\" data-end=\"2769\"><span style=\"color: #000000;\">Profil: 1965 \u201cC\u201d Shape<\/span><\/p>\n<\/li>\n<li data-start=\"2770\" data-end=\"2812\">\n<p data-start=\"2772\" data-end=\"2812\"><span style=\"color: #000000;\">Ahorn (plain grain), Medium Tint Nitro<\/span><\/p>\n<\/li>\n<li data-start=\"2813\" data-end=\"2846\">\n<p data-start=\"2815\" data-end=\"2846\"><span style=\"color: #000000;\">Round-Lam Rosewood Griffbrett<\/span><\/p>\n<\/li>\n<li data-start=\"2847\" data-end=\"2864\">\n<p data-start=\"2849\" data-end=\"2864\"><span style=\"color: #000000;\">Mensur: 25.5&#8243;<\/span><\/p>\n<\/li>\n<li data-start=\"2865\" data-end=\"2891\">\n<p data-start=\"2867\" data-end=\"2891\"><span style=\"color: #000000;\">Griffbrettradius: 9.5&#8243;<\/span><\/p>\n<\/li>\n<li data-start=\"2892\" data-end=\"2918\">\n<p data-start=\"2894\" data-end=\"2918\"><span style=\"color: #000000;\">21 \u00d7 Dunlop 6105 B\u00fcnde<\/span><\/p>\n<\/li>\n<li data-start=\"2919\" data-end=\"2942\">\n<p data-start=\"2921\" data-end=\"2942\"><span style=\"color: #000000;\">Sattelbreite: 1.65&#8243;<\/span><\/p>\n<\/li>\n<li data-start=\"2943\" data-end=\"2962\">\n<p data-start=\"2945\" data-end=\"2962\"><span style=\"color: #000000;\">Sattel: Micarta<\/span><\/p>\n<\/li>\n<li data-start=\"2963\" data-end=\"3016\">\n<p data-start=\"2965\" data-end=\"3016\"><span style=\"color: #000000;\">65er Strat-Kopfplatte mit periodenkorrektem Decal<\/span><\/p>\n<\/li>\n<\/ul>\n<h3 data-start=\"3018\" data-end=\"3068\"><span style=\"color: #000000;\"><strong data-start=\"3022\" data-end=\"3068\">Pickups \u2013 Handgewickelt von Abigail Ybarra<\/strong><\/span><\/h3>\n<ul data-start=\"3069\" data-end=\"3145\">\n<li data-start=\"3069\" data-end=\"3091\">\n<p data-start=\"3071\" data-end=\"3091\"><span style=\"color: #000000;\">Hals: Abby Red Hot<\/span><\/p>\n<\/li>\n<li data-start=\"3092\" data-end=\"3122\">\n<p data-start=\"3094\" data-end=\"3122\"><span style=\"color: #000000;\">Mitte: Abby Red Hot (RWRP)<\/span><\/p>\n<\/li>\n<li data-start=\"3123\" data-end=\"3145\">\n<p data-start=\"3125\" data-end=\"3145\"><span style=\"color: #000000;\">Steg: Abby Red Hot<\/span><\/p>\n<\/li>\n<\/ul>\n<h3 data-start=\"3147\" data-end=\"3165\"><span style=\"color: #000000;\"><strong data-start=\"3151\" data-end=\"3165\">Elektronik<\/strong><\/span><\/h3>\n<ul data-start=\"3166\" data-end=\"3248\">\n<li data-start=\"3166\" data-end=\"3183\">\n<p data-start=\"3168\" data-end=\"3183\"><span style=\"color: #000000;\">Master Volume<\/span><\/p>\n<\/li>\n<li data-start=\"3184\" data-end=\"3204\">\n<p data-start=\"3186\" data-end=\"3204\"><span style=\"color: #000000;\">Zwei Tone-Regler<\/span><\/p>\n<\/li>\n<li data-start=\"3205\" data-end=\"3224\">\n<p data-start=\"3207\" data-end=\"3224\"><span style=\"color: #000000;\">5-Wege-Schalter<\/span><\/p>\n<\/li>\n<li data-start=\"3225\" data-end=\"3248\">\n<p data-start=\"3227\" data-end=\"3248\"><span style=\"color: #000000;\">Modern Strat Wiring<\/span><\/p>\n<\/li>\n<\/ul>\n<h3 data-start=\"3250\" data-end=\"3266\"><span style=\"color: #000000;\"><strong data-start=\"3254\" data-end=\"3266\">Hardware<\/strong><\/span><\/h3>\n<ul data-start=\"3267\" data-end=\"3427\">\n<li data-start=\"3267\" data-end=\"3308\">\n<p data-start=\"3269\" data-end=\"3308\"><span style=\"color: #000000;\">American Vintage Synchronized Tremolo<\/span><\/p>\n<\/li>\n<li data-start=\"3309\" data-end=\"3343\">\n<p data-start=\"3311\" data-end=\"3343\"><span style=\"color: #000000;\">Gotoh Vintage Style Mechaniken<\/span><\/p>\n<\/li>\n<li data-start=\"3344\" data-end=\"3379\">\n<p data-start=\"3346\" data-end=\"3379\"><span style=\"color: #000000;\">63\u201369 Parchment Relic Pickguard<\/span><\/p>\n<\/li>\n<li data-start=\"3380\" data-end=\"3427\">\n<p data-start=\"3382\" data-end=\"3427\"><span style=\"color: #000000;\">Closet Classic wei\u00dfe Kn\u00f6pfe und Abdeckungen<\/span><\/p>\n<\/li>\n<\/ul>\n<h3 data-start=\"3429\" data-end=\"3444\"><span style=\"color: #000000;\"><strong data-start=\"3433\" data-end=\"3444\">Gewicht<\/strong><\/span><\/h3>\n<ul data-start=\"3445\" data-end=\"3476\">\n<li data-start=\"3445\" data-end=\"3476\">\n<p data-start=\"3447\" data-end=\"3476\"><span style=\"color: #000000;\"><strong data-start=\"3447\" data-end=\"3462\">7 lbs 14 oz<\/strong> (ca. 3,56 kg)<\/span><\/p>\n<\/li>\n<\/ul>\n<hr data-start=\"3478\" data-end=\"3481\" \/>\n<h2 data-start=\"3483\" data-end=\"3529\"><span style=\"color: #000000;\"><strong data-start=\"3486\" data-end=\"3529\">Warum die \u201eAbby Red Hots\u201c legend\u00e4r sind<\/strong><\/span><\/h2>\n<p data-start=\"3531\" data-end=\"3646\"><span style=\"color: #000000;\">Sobald man diese Gitarre einsteckt, h\u00f6rt man es sofort \u2013 diese Pickups sind anders.<\/span><br data-start=\"3614\" data-end=\"3617\" \/><span style=\"color: #000000;\">Die <strong data-start=\"3621\" data-end=\"3638\">Abby Red Hots<\/strong> bieten:<\/span><\/p>\n<ul data-start=\"3648\" data-end=\"3884\">\n<li data-start=\"3648\" data-end=\"3681\">\n<p data-start=\"3650\" data-end=\"3681\"><span style=\"color: #000000;\">hei\u00dferen, brillanteren Output<\/span><\/p>\n<\/li>\n<li data-start=\"3682\" data-end=\"3729\">\n<p data-start=\"3684\" data-end=\"3729\"><span style=\"color: #000000;\">au\u00dfergew\u00f6hnliche Klarheit und Notentrennung<\/span><\/p>\n<\/li>\n<li data-start=\"3730\" data-end=\"3754\">\n<p data-start=\"3732\" data-end=\"3754\"><span style=\"color: #000000;\">dynamische Ansprache<\/span><\/p>\n<\/li>\n<li data-start=\"3755\" data-end=\"3816\">\n<p data-start=\"3757\" data-end=\"3816\"><span style=\"color: #000000;\">unverwechselbaren Fender-Charakter mit zus\u00e4tzlichem Punch<\/span><\/p>\n<\/li>\n<li data-start=\"3817\" data-end=\"3884\">\n<p data-start=\"3819\" data-end=\"3884\"><span style=\"color: #000000;\">echten Sammlerwert (vollst\u00e4ndig handgewickelt von Abigail Ybarra)<\/span><\/p>\n<\/li>\n<\/ul>\n<p data-start=\"3886\" data-end=\"3973\"><span style=\"color: #000000;\">Kurz gesagt: Diese Pickups definieren, wie ein High-End-Custom-Shop-Strat klingen kann.<\/span><\/p>\n<hr data-start=\"3975\" data-end=\"3978\" \/>\n<h2 data-start=\"3980\" data-end=\"4002\"><span style=\"color: #000000;\"><strong data-start=\"3983\" data-end=\"4002\">Zusammenfassung<\/strong><\/span><\/h2>\n<p data-start=\"4004\" data-end=\"4446\"><span style=\"color: #000000;\">Die Fender Custom Shop \u201965 Stratocaster Closet Classic ist eine seltene Gelegenheit, ein Instrument zu besitzen, das Vintage-Authentizit\u00e4t, Sammlerwert und modernen Spielkomfort vereint. Produziert in einer <strong data-start=\"4211\" data-end=\"4243\">sehr kleinen Limited Edition<\/strong>, ausgestattet mit echten Abby Red Hot Pickups, einem komfortablen 9.5&#8243;-Radius und der zeitlosen Eleganz von Lake Placid Blue, ist diese Gitarre perfekt f\u00fcr anspruchsvolle Spieler und ernsthafte Sammler.<\/span><\/p>\n<p data-start=\"4448\" data-end=\"4608\"><span style=\"color: #000000;\">Wenn Sie eine Stratocaster mit einzigartigem Charakter, historischer Bedeutung und herausragender Handwerkskunst suchen \u2013 dann ist dies genau die richtige Wahl.<\/span><\/p>\n","protected":false},"excerpt":{"rendered":"<p data-start=\"315\" data-end=\"412\"><span style=\"color: #000000;\"><strong data-start=\"315\" data-end=\"412\">Seltene Limited-Edition-Serie \u2022 Abby Red Hot Pickups \u2022 Moderne Spielbarkeit mit Vintage-Seele<\/strong><\/span><\/p>\n<p data-start=\"414\" data-end=\"880\"><span style=\"color: #000000;\">Hier pr\u00e4sentieren wir eine ganz besondere und \u00e4u\u00dferst seltene Interpretation eines klassischen Stratocasters. Die <strong data-start=\"528\" data-end=\"598\">Fender Custom Shop Limited Edition \u201965 Stratocaster Closet Classic<\/strong> w\u00fcrdigt eine der seltensten Varianten in der Fender-Geschichte. Im Jahr 1965 waren Stratocaster-Modelle mit Binding am Griffbrett nur f\u00fcr kurze Zeit als Sonderbestellung erh\u00e4ltlich \u2013 heute z\u00e4hlen die Originale zu den begehrtesten Vintage-St\u00fccken mit entsprechend hohen Marktwerten.<\/span><\/p>\n","protected":false},"featured_media":16887,"template":"","meta":{"_monsterinsights_skip_tracking":false,"_monsterinsights_sitenote_active":false,"_monsterinsights_sitenote_note":"","_monsterinsights_sitenote_category":0,"_uf_show_specific_survey":0,"_uf_disable_surveys":false,"_kadence_starter_templates_imported_post":false,"_kad_post_transparent":"default","_kad_post_title":"","_kad_post_layout":"default","_kad_post_sidebar_id":"","_kad_post_content_style":"default","_kad_post_vertical_padding":"default","_kad_post_feature":"","_kad_post_feature_position":"","_kad_post_header":false,"_kad_post_footer":false,"_kad_post_classname":""},"product_brand":[],"product_cat":[207,203],"product_tag":[],"class_list":{"0":"post-16886","1":"product","2":"type-product","3":"status-publish","4":"has-post-thumbnail","6":"product_cat-e-gitarren","7":"product_cat-gitarren","9":"first","10":"instock","11":"shipping-taxable","12":"purchasable","13":"product-type-simple","14":"entry","15":"content-bg","16":"loop-entry"},"jetpack_sharing_enabled":true,"_links":{"self":[{"href":"https:\/\/guitar2amp.de\/index.php\/wp-json\/wp\/v2\/product\/16886","targetHints":{"allow":["GET"]}}],"collection":[{"href":"https:\/\/guitar2amp.de\/index.php\/wp-json\/wp\/v2\/product"}],"about":[{"href":"https:\/\/guitar2amp.de\/index.php\/wp-json\/wp\/v2\/types\/product"}],"wp:featuredmedia":[{"embeddable":true,"href":"https:\/\/guitar2amp.de\/index.php\/wp-json\/wp\/v2\/media\/16887"}],"wp:attachment":[{"href":"https:\/\/guitar2amp.de\/index.php\/wp-json\/wp\/v2\/media?parent=16886"}],"wp:term":[{"taxonomy":"product_brand","embeddable":true,"href":"https:\/\/guitar2amp.de\/index.php\/wp-json\/wp\/v2\/product_brand?post=16886"},{"taxonomy":"product_cat","embeddable":true,"href":"https:\/\/guitar2amp.de\/index.php\/wp-json\/wp\/v2\/product_cat?post=16886"},{"taxonomy":"product_tag","embeddable":true,"href":"https:\/\/guitar2amp.de\/index.php\/wp-json\/wp\/v2\/product_tag?post=16886"}],"curies":[{"name":"wp","href":"https:\/\/api.w.org\/{rel}","templated":true}]}}