{"id":16908,"date":"2025-11-19T16:40:49","date_gmt":"2025-11-19T15:40:49","guid":{"rendered":"https:\/\/guitar2amp.de\/?post_type=product&#038;p=16908"},"modified":"2025-11-19T16:40:49","modified_gmt":"2025-11-19T15:40:49","slug":"2012-fender-custom-shop-65-stratocaster-limited-edition-lake-placid-blue-used-3","status":"publish","type":"product","link":"https:\/\/guitar2amp.de\/index.php\/pl\/product\/2012-fender-custom-shop-65-stratocaster-limited-edition-lake-placid-blue-used-3\/","title":{"rendered":"2012 Fender Custom Shop &#8217;65 Stratocaster Limited Edition Lake Placid Blue [USED]"},"content":{"rendered":"<h1 data-start=\"91\" data-end=\"185\"><span style=\"color: #000000;\"><strong data-start=\"93\" data-end=\"183\">Fender Custom Shop Limited Edition 1965 Stratocaster Closet Classic \u2013 Lake Placid Blue<\/strong><\/span><\/h1>\n<p data-start=\"186\" data-end=\"286\"><span style=\"color: #000000;\"><strong data-start=\"186\" data-end=\"286\">Rzadki model z limitowanej edycji \u2022 Abby Red Hot Pickups \u2022 Nowoczesna wygoda gry z dusz\u0105 vintage<\/strong><\/span><\/p>\n<p data-start=\"288\" data-end=\"742\"><span style=\"color: #000000;\">Przedstawiamy wyj\u0105tkowe i niezwykle rzadkie wcielenie klasycznego Stratocastera. <strong data-start=\"369\" data-end=\"439\">Fender Custom Shop Limited Edition \u201965 Stratocaster Closet Classic<\/strong> nawi\u0105zuje do jednej z najrzadszych odmian w historii Fendera. W 1965 roku modele Stratocaster z bindingiem na podstrunnicy by\u0142y dost\u0119pne wy\u0142\u0105cznie jako kr\u00f3tkotrwa\u0142a opcja zam\u00f3wienia specjalnego \u2014 dzi\u015b orygina\u0142y s\u0105 jednymi z najbardziej poszukiwanych instrument\u00f3w vintage, osi\u0105gaj\u0105c bardzo wysokie ceny.<\/span><\/p>\n<p data-start=\"744\" data-end=\"1143\"><span style=\"color: #000000;\">Ta limitowana edycja wiernie oddaje wygl\u0105d i charakter tamtych wyj\u0105tkowych egzemplarzy, wzbogacaj\u0105c je o nowoczesne ulepszenia pod wzgl\u0119dem grywalno\u015bci i ergonomii. Wyko\u0144czenie <strong data-start=\"921\" data-end=\"956\">Lake Placid Blue Closet Classic<\/strong> prezentuje subtelne, gustowne postarzenie z drobnymi p\u0119kni\u0119ciami lakieru \u2014 dok\u0142adnie jak instrument, kt\u00f3ry przez lata spoczywa\u0142 bezpiecznie w futerale, czekaj\u0105c na w\u0142a\u015bciwego gitarzyst\u0119.<\/span><\/p>\n<p data-start=\"1145\" data-end=\"1835\"><span style=\"color: #000000;\">Jednym z najwi\u0119kszych atut\u00f3w tej gitary jest zestaw <strong data-start=\"1197\" data-end=\"1273\">r\u0119cznie nawijanych przetwornik\u00f3w \u201eAbby Red Hot\u201d autorstwa Abigail Ybarra<\/strong>.<\/span><br data-start=\"1274\" data-end=\"1277\" \/><span style=\"color: #000000;\">To <em data-start=\"1280\" data-end=\"1291\">prawdziwe<\/em>, w pe\u0142ni r\u0119cznie nawijane Red Hoty \u2014 nie prostsze modele sygnowane jedynie inicja\u0142em. Na rynku wt\u00f3rnym osi\u0105gaj\u0105 ceny <strong data-start=\"1409\" data-end=\"1427\">ponad 1000 USD<\/strong> za komplet, dzi\u0119ki swojemu wyj\u0105tkowemu brzmieniu, klarowno\u015bci i dynamice. Daj\u0105 one mocniejszy, ja\u015bniejszy sygna\u0142 ni\u017c standardowe single Stratocastera, oferuj\u0105c pe\u0142ne spektrum: od klasycznego \u201eStrat quack\u201d, przez chrupi\u0105ce funkowe cleany, a\u017c po wyraziste, \u015bpiewne leady. Abigail Ybarra uchodzi za jedn\u0105 z najwybitniejszych nawijaczek przetwornik\u00f3w w historii Fendera \u2014 a ta gitara \u015bwietnie pokazuje dlaczego.<\/span><\/p>\n<p data-start=\"1837\" data-end=\"2200\"><span style=\"color: #000000;\">Nowoczesny <strong data-start=\"1848\" data-end=\"1863\">radius 9.5&#8243;<\/strong> oraz progi <strong data-start=\"1875\" data-end=\"1890\">Dunlop 6105<\/strong> zapewniaj\u0105 wyj\u0105tkowy komfort gry i \u0142atwo\u015b\u0107 bend\u00f3w w ca\u0142ym zakresie gryfu. Profil <strong data-start=\"1972\" data-end=\"1990\">1965 Large &#8220;C&#8221;<\/strong> jest masywny, ale niezwykle ergonomiczny \u2014 idealnie \u0142\u0105czy feeling vintage z nowoczesn\u0105 stabilno\u015bci\u0105. Podstrunnica typu round-lam z palisandru zapewnia ciep\u0142e brzmienie, \u015bwietny sustain i znakomit\u0105 artykulacj\u0119.<\/span><\/p>\n<p data-start=\"2202\" data-end=\"2369\"><span style=\"color: #000000;\">Jest to <strong data-start=\"2210\" data-end=\"2237\">rzadki model limitowany<\/strong>, wyprodukowany w bardzo niewielkiej serii przez Fender Custom Shop \u2014 idealny zar\u00f3wno dla kolekcjoner\u00f3w, jak i wymagaj\u0105cych muzyk\u00f3w.<\/span><\/p>\n<hr data-start=\"2371\" data-end=\"2374\" \/>\n<h1 data-start=\"2376\" data-end=\"2394\"><span style=\"color: #000000;\"><strong data-start=\"2378\" data-end=\"2394\">Specyfikacja<\/strong><\/span><\/h1>\n<h3 data-start=\"2396\" data-end=\"2410\"><span style=\"color: #000000;\"><strong data-start=\"2400\" data-end=\"2410\">Korpus<\/strong><\/span><\/h3>\n<ul data-start=\"2411\" data-end=\"2499\">\n<li data-start=\"2411\" data-end=\"2420\">\n<p data-start=\"2413\" data-end=\"2420\"><span style=\"color: #000000;\">Olcha<\/span><\/p>\n<\/li>\n<li data-start=\"2421\" data-end=\"2471\">\n<p data-start=\"2423\" data-end=\"2471\"><span style=\"color: #000000;\">Wyko\u0144czenie: Closet Classic \u2013 Lake Placid Blue<\/span><\/p>\n<\/li>\n<li data-start=\"2472\" data-end=\"2499\">\n<p data-start=\"2474\" data-end=\"2499\"><span style=\"color: #000000;\">Styl: 1965 Stratocaster<\/span><\/p>\n<\/li>\n<\/ul>\n<h3 data-start=\"2501\" data-end=\"2513\"><span style=\"color: #000000;\"><strong data-start=\"2505\" data-end=\"2513\">Gryf<\/strong><\/span><\/h3>\n<ul data-start=\"2514\" data-end=\"2783\">\n<li data-start=\"2514\" data-end=\"2540\">\n<p data-start=\"2516\" data-end=\"2540\"><span style=\"color: #000000;\">Profil: 1965 \u201cC\u201d Shape<\/span><\/p>\n<\/li>\n<li data-start=\"2541\" data-end=\"2582\">\n<p data-start=\"2543\" data-end=\"2582\"><span style=\"color: #000000;\">Klon (plain grain), Medium Tint Nitro<\/span><\/p>\n<\/li>\n<li data-start=\"2583\" data-end=\"2619\">\n<p data-start=\"2585\" data-end=\"2619\"><span style=\"color: #000000;\">Podstrunnica: Round-Lam Rosewood<\/span><\/p>\n<\/li>\n<li data-start=\"2620\" data-end=\"2638\">\n<p data-start=\"2622\" data-end=\"2638\"><span style=\"color: #000000;\">Menzura: 25.5&#8243;<\/span><\/p>\n<\/li>\n<li data-start=\"2639\" data-end=\"2655\">\n<p data-start=\"2641\" data-end=\"2655\"><span style=\"color: #000000;\">Radius: 9.5&#8243;<\/span><\/p>\n<\/li>\n<li data-start=\"2656\" data-end=\"2681\">\n<p data-start=\"2658\" data-end=\"2681\"><span style=\"color: #000000;\">21 prog\u00f3w Dunlop 6105<\/span><\/p>\n<\/li>\n<li data-start=\"2682\" data-end=\"2711\">\n<p data-start=\"2684\" data-end=\"2711\"><span style=\"color: #000000;\">Szeroko\u015b\u0107 siode\u0142ka: 1.65&#8243;<\/span><\/p>\n<\/li>\n<li data-start=\"2712\" data-end=\"2733\">\n<p data-start=\"2714\" data-end=\"2733\"><span style=\"color: #000000;\">Siode\u0142ko: Micarta<\/span><\/p>\n<\/li>\n<li data-start=\"2734\" data-end=\"2783\">\n<p data-start=\"2736\" data-end=\"2783\"><span style=\"color: #000000;\">G\u0142\u00f3wka: styl 65 Strat z odpowiednim dekalkiem<\/span><\/p>\n<\/li>\n<\/ul>\n<h3 data-start=\"2785\" data-end=\"2845\"><span style=\"color: #000000;\"><strong data-start=\"2789\" data-end=\"2845\">Przetworniki \u2013 r\u0119cznie nawijane przez Abigail Ybarra<\/strong><\/span><\/h3>\n<ul data-start=\"2846\" data-end=\"2925\">\n<li data-start=\"2846\" data-end=\"2868\">\n<p data-start=\"2848\" data-end=\"2868\"><span style=\"color: #000000;\">Neck: Abby Red Hot<\/span><\/p>\n<\/li>\n<li data-start=\"2869\" data-end=\"2900\">\n<p data-start=\"2871\" data-end=\"2900\"><span style=\"color: #000000;\">Middle: Abby Red Hot (RWRP)<\/span><\/p>\n<\/li>\n<li data-start=\"2901\" data-end=\"2925\">\n<p data-start=\"2903\" data-end=\"2925\"><span style=\"color: #000000;\">Bridge: Abby Red Hot<\/span><\/p>\n<\/li>\n<\/ul>\n<h3 data-start=\"2927\" data-end=\"2946\"><span style=\"color: #000000;\"><strong data-start=\"2931\" data-end=\"2946\">Elektronika<\/strong><\/span><\/h3>\n<ul data-start=\"2947\" data-end=\"3029\">\n<li data-start=\"2947\" data-end=\"2964\">\n<p data-start=\"2949\" data-end=\"2964\"><span style=\"color: #000000;\">Master Volume<\/span><\/p>\n<\/li>\n<li data-start=\"2965\" data-end=\"2977\">\n<p data-start=\"2967\" data-end=\"2977\"><span style=\"color: #000000;\">2 \u00d7 Tone<\/span><\/p>\n<\/li>\n<li data-start=\"2978\" data-end=\"3005\">\n<p data-start=\"2980\" data-end=\"3005\"><span style=\"color: #000000;\">5-pozycyjny prze\u0142\u0105cznik<\/span><\/p>\n<\/li>\n<li data-start=\"3006\" data-end=\"3029\">\n<p data-start=\"3008\" data-end=\"3029\"><span style=\"color: #000000;\">Modern Strat Wiring<\/span><\/p>\n<\/li>\n<\/ul>\n<h3 data-start=\"3031\" data-end=\"3046\"><span style=\"color: #000000;\"><strong data-start=\"3035\" data-end=\"3046\">Osprz\u0119t<\/strong><\/span><\/h3>\n<ul data-start=\"3047\" data-end=\"3197\">\n<li data-start=\"3047\" data-end=\"3088\">\n<p data-start=\"3049\" data-end=\"3088\"><span style=\"color: #000000;\">American Vintage Synchronized Tremolo<\/span><\/p>\n<\/li>\n<li data-start=\"3089\" data-end=\"3119\">\n<p data-start=\"3091\" data-end=\"3119\"><span style=\"color: #000000;\">Klucze Gotoh Vintage Style<\/span><\/p>\n<\/li>\n<li data-start=\"3120\" data-end=\"3156\">\n<p data-start=\"3122\" data-end=\"3156\"><span style=\"color: #000000;\">Pickguard: 63\u201369 Parchment Relic<\/span><\/p>\n<\/li>\n<li data-start=\"3157\" data-end=\"3197\">\n<p data-start=\"3159\" data-end=\"3197\"><span style=\"color: #000000;\">Ga\u0142ki i os\u0142ony: Closet Classic White<\/span><\/p>\n<\/li>\n<\/ul>\n<h3 data-start=\"3199\" data-end=\"3211\"><span style=\"color: #000000;\"><strong data-start=\"3203\" data-end=\"3211\">Waga<\/strong><\/span><\/h3>\n<ul data-start=\"3212\" data-end=\"3243\">\n<li data-start=\"3212\" data-end=\"3243\">\n<p data-start=\"3214\" data-end=\"3243\"><span style=\"color: #000000;\"><strong data-start=\"3214\" data-end=\"3229\">7 lbs 14 oz<\/strong> (ok. 3.56 kg)<\/span><\/p>\n<\/li>\n<\/ul>\n<hr data-start=\"3245\" data-end=\"3248\" \/>\n<h1 data-start=\"3250\" data-end=\"3295\"><span style=\"color: #000000;\"><strong data-start=\"3252\" data-end=\"3295\">Dlaczego \u201eAbby Red Hots\u201d s\u0105 legendarne?<\/strong><\/span><\/h1>\n<p data-start=\"3297\" data-end=\"3412\"><span style=\"color: #000000;\">Po pod\u0142\u0105czeniu gitary do wzmacniacza s\u0142ycha\u0107 to natychmiast \u2014 te przetworniki s\u0105 inne.<\/span><br data-start=\"3383\" data-end=\"3386\" \/><span style=\"color: #000000;\"><strong data-start=\"3386\" data-end=\"3403\">Abby Red Hots<\/strong> oferuj\u0105:<\/span><\/p>\n<ul data-start=\"3414\" data-end=\"3620\">\n<li data-start=\"3414\" data-end=\"3447\">\n<p data-start=\"3416\" data-end=\"3447\"><span style=\"color: #000000;\">mocniejszy, ja\u015bniejszy sygna\u0142<\/span><\/p>\n<\/li>\n<li data-start=\"3448\" data-end=\"3488\">\n<p data-start=\"3450\" data-end=\"3488\"><span style=\"color: #000000;\">niezwyk\u0142\u0105 klarowno\u015b\u0107 i separacj\u0119 nut<\/span><\/p>\n<\/li>\n<li data-start=\"3489\" data-end=\"3513\">\n<p data-start=\"3491\" data-end=\"3513\"><span style=\"color: #000000;\">ekspresyjn\u0105 dynamik\u0119<\/span><\/p>\n<\/li>\n<li data-start=\"3514\" data-end=\"3558\">\n<p data-start=\"3516\" data-end=\"3558\"><span style=\"color: #000000;\">charakter Fendera z dodatkowym \u201epazurem\u201d<\/span><\/p>\n<\/li>\n<li data-start=\"3559\" data-end=\"3620\">\n<p data-start=\"3561\" data-end=\"3620\"><span style=\"color: #000000;\">prawdziw\u0105 warto\u015b\u0107 kolekcjonersk\u0105 (w pe\u0142ni r\u0119cznie nawijane)<\/span><\/p>\n<\/li>\n<\/ul>\n<p data-start=\"3622\" data-end=\"3719\"><span style=\"color: #000000;\">Kr\u00f3tko: to przetworniki, kt\u00f3re pokazuj\u0105, jak powinien brzmie\u0107 najwy\u017cszej klasy Custom Shop Strat.<\/span><\/p>\n<hr data-start=\"3721\" data-end=\"3724\" \/>\n<h1 data-start=\"3726\" data-end=\"3744\"><span style=\"color: #000000;\"><strong data-start=\"3728\" data-end=\"3744\">Podsumowanie<\/strong><\/span><\/h1>\n<p data-start=\"3746\" data-end=\"4186\"><span style=\"color: #000000;\">Fender Custom Shop \u201965 Stratocaster Closet Classic to rzadko spotykana okazja, aby sta\u0107 si\u0119 w\u0142a\u015bcicielem instrumentu, kt\u00f3ry \u0142\u0105czy autentyczn\u0105 dusz\u0119 vintage, warto\u015b\u0107 kolekcjonersk\u0105 oraz nowoczesny komfort gry. Wyprodukowany w <strong data-start=\"3971\" data-end=\"4000\">bardzo ograniczonej serii<\/strong>, wyposa\u017cony w prawdziwe Abby Red Hots, z wygodnym radiusem 9.5&#8243; i ponadczasowym kolorem Lake Placid Blue \u2014 ten instrument zachwyci zar\u00f3wno wymagaj\u0105cych gitarzyst\u00f3w, jak i kolekcjoner\u00f3w.<\/span><\/p>\n<p data-start=\"4188\" data-end=\"4325\"><span style=\"color: #000000;\">Je\u017celi szukasz Stratocastera o unikatowym charakterze, historycznym znaczeniu i perfekcyjnym wykonaniu \u2014 to jest ten w\u0142a\u015bciwy egzemplarz.<\/span><\/p>\n","protected":false},"excerpt":{"rendered":"<p data-start=\"186\" data-end=\"286\"><span style=\"color: #000000;\"><strong data-start=\"186\" data-end=\"286\">Rzadki model z limitowanej edycji \u2022 Abby Red Hot Pickups \u2022 Nowoczesna wygoda gry z dusz\u0105 vintage<\/strong><\/span><\/p>\n<p data-start=\"288\" data-end=\"742\"><span style=\"color: #000000;\">Przedstawiamy wyj\u0105tkowe i niezwykle rzadkie wcielenie klasycznego Stratocastera. <strong data-start=\"369\" data-end=\"439\">Fender Custom Shop Limited Edition \u201965 Stratocaster Closet Classic<\/strong> nawi\u0105zuje do jednej z najrzadszych odmian w historii Fendera. W 1965 roku modele Stratocaster z bindingiem na podstrunnicy by\u0142y dost\u0119pne wy\u0142\u0105cznie jako kr\u00f3tkotrwa\u0142a opcja zam\u00f3wienia specjalnego \u2014 dzi\u015b orygina\u0142y s\u0105 jednymi z najbardziej poszukiwanych instrument\u00f3w vintage, osi\u0105gaj\u0105c bardzo wysokie ceny.<\/span><\/p>\n","protected":false},"featured_media":16909,"template":"","meta":{"_monsterinsights_skip_tracking":false,"_monsterinsights_sitenote_active":false,"_monsterinsights_sitenote_note":"","_monsterinsights_sitenote_category":0,"_uf_show_specific_survey":0,"_uf_disable_surveys":false,"_kadence_starter_templates_imported_post":false,"_kad_post_transparent":"default","_kad_post_title":"","_kad_post_layout":"default","_kad_post_sidebar_id":"","_kad_post_content_style":"default","_kad_post_vertical_padding":"default","_kad_post_feature":"","_kad_post_feature_position":"","_kad_post_header":false,"_kad_post_footer":false,"_kad_post_classname":""},"product_brand":[],"product_cat":[3265,3261],"product_tag":[],"class_list":{"0":"post-16908","1":"product","2":"type-product","3":"status-publish","4":"has-post-thumbnail","6":"product_cat-elektryczne-pl","7":"product_cat-gitary","9":"first","10":"instock","11":"shipping-taxable","12":"purchasable","13":"product-type-simple","14":"entry","15":"content-bg","16":"loop-entry"},"jetpack_sharing_enabled":true,"_links":{"self":[{"href":"https:\/\/guitar2amp.de\/index.php\/wp-json\/wp\/v2\/product\/16908","targetHints":{"allow":["GET"]}}],"collection":[{"href":"https:\/\/guitar2amp.de\/index.php\/wp-json\/wp\/v2\/product"}],"about":[{"href":"https:\/\/guitar2amp.de\/index.php\/wp-json\/wp\/v2\/types\/product"}],"wp:featuredmedia":[{"embeddable":true,"href":"https:\/\/guitar2amp.de\/index.php\/wp-json\/wp\/v2\/media\/16909"}],"wp:attachment":[{"href":"https:\/\/guitar2amp.de\/index.php\/wp-json\/wp\/v2\/media?parent=16908"}],"wp:term":[{"taxonomy":"product_brand","embeddable":true,"href":"https:\/\/guitar2amp.de\/index.php\/wp-json\/wp\/v2\/product_brand?post=16908"},{"taxonomy":"product_cat","embeddable":true,"href":"https:\/\/guitar2amp.de\/index.php\/wp-json\/wp\/v2\/product_cat?post=16908"},{"taxonomy":"product_tag","embeddable":true,"href":"https:\/\/guitar2amp.de\/index.php\/wp-json\/wp\/v2\/product_tag?post=16908"}],"curies":[{"name":"wp","href":"https:\/\/api.w.org\/{rel}","templated":true}]}}