{"id":17033,"date":"2025-11-28T15:52:25","date_gmt":"2025-11-28T14:52:25","guid":{"rendered":"https:\/\/guitar2amp.de\/?post_type=product&#038;p=17033"},"modified":"2026-01-23T09:00:34","modified_gmt":"2026-01-23T08:00:34","slug":"nik-huber-krautster-ii-worn-dessert-sand-2","status":"publish","type":"product","link":"https:\/\/guitar2amp.de\/index.php\/pl\/product\/nik-huber-krautster-ii-worn-dessert-sand-2\/","title":{"rendered":"Nik Huber Krautster II Worn Dessert Sand"},"content":{"rendered":"<h1 class=\"product_title entry-title\">Nik Huber Krautster II Worn Dessert Sand<\/h1>\n<p data-start=\"76\" data-end=\"451\"><strong data-start=\"76\" data-end=\"92\">Krautster II<\/strong> to interpretacja Nik Hubera na temat \u201esurowej rockowej mocy\u201d \u2013 minimum kontroli, maksimum ekspresji i zero kompromis\u00f3w. R\u0119cznie zbudowana w Niemczech, \u0142\u0105czy w sobie dusz\u0119 vintage z butikow\u0105 precyzj\u0105 i znakomitym feelingiem. To instrument dla graczy, kt\u00f3rzy szukaj\u0105 naturalnego brzmienia, \u015bwietnej reakcji na artykulacj\u0119 i najwy\u017cszej klasy rzemios\u0142a w jednym.<\/p>\n<p data-start=\"453\" data-end=\"842\">Prezentowany egzemplarz \u2013 <strong data-start=\"479\" data-end=\"489\">#55167<\/strong> \u2013 wyr\u00f3\u017cnia si\u0119 pi\u0119knym wyko\u0144czeniem <strong data-start=\"526\" data-end=\"546\">Worn Desert Sand<\/strong> w satynie, z naturalnym, otwartopowym ty\u0142em oraz eleganckim kremowym bindingiem na topie. Korpus z lekkiego <strong data-start=\"655\" data-end=\"665\">maho\u0144u<\/strong> zestawiono z gryfem z falistego klonu oraz podstrunnic\u0105 z <strong data-start=\"724\" data-end=\"750\">palisandru indyjskiego<\/strong>. Gitara rezonuje mocno, a jednocze\u015bnie pozostaje \u015bwietnie wywa\u017cona i bardzo wygodna w grze.<\/p>\n<h2 data-start=\"844\" data-end=\"863\"><strong data-start=\"847\" data-end=\"863\">Specyfikacja<\/strong><\/h2>\n<ul data-start=\"865\" data-end=\"1599\">\n<li data-start=\"865\" data-end=\"890\">\n<p data-start=\"867\" data-end=\"890\"><strong data-start=\"867\" data-end=\"878\">Korpus:<\/strong> Mahoniowy<\/p>\n<\/li>\n<li data-start=\"891\" data-end=\"925\">\n<p data-start=\"893\" data-end=\"925\"><strong data-start=\"893\" data-end=\"905\">Binding:<\/strong> Cr\u00e8me (tylko top)<\/p>\n<\/li>\n<li data-start=\"926\" data-end=\"967\">\n<p data-start=\"928\" data-end=\"967\"><strong data-start=\"928\" data-end=\"937\">Gryf:<\/strong> Flamed Maple (falisty klon)<\/p>\n<\/li>\n<li data-start=\"968\" data-end=\"1008\">\n<p data-start=\"970\" data-end=\"1008\"><strong data-start=\"970\" data-end=\"987\">Profil gryfu:<\/strong> Standard Krautster<\/p>\n<\/li>\n<li data-start=\"1009\" data-end=\"1051\">\n<p data-start=\"1011\" data-end=\"1051\"><strong data-start=\"1011\" data-end=\"1028\">Podstrunnica:<\/strong> East Indian Rosewood<\/p>\n<\/li>\n<li data-start=\"1052\" data-end=\"1076\">\n<p data-start=\"1054\" data-end=\"1076\"><strong data-start=\"1054\" data-end=\"1065\">Inlaye:<\/strong> Bone Dot<\/p>\n<\/li>\n<li data-start=\"1077\" data-end=\"1101\">\n<p data-start=\"1079\" data-end=\"1101\"><strong data-start=\"1079\" data-end=\"1090\">G\u0142\u00f3wka:<\/strong> Ebenholz<\/p>\n<\/li>\n<li data-start=\"1102\" data-end=\"1157\">\n<p data-start=\"1104\" data-end=\"1157\"><strong data-start=\"1104\" data-end=\"1120\">Wyko\u0144czenie:<\/strong> Worn Desert Sand \u2013 Open Pore (ty\u0142)<\/p>\n<\/li>\n<li data-start=\"1158\" data-end=\"1223\">\n<p data-start=\"1160\" data-end=\"1223\"><strong data-start=\"1160\" data-end=\"1180\">Pickup mostkowy:<\/strong> Nik Huber Krautster-B (custom humbucker)<\/p>\n<\/li>\n<li data-start=\"1224\" data-end=\"1258\">\n<p data-start=\"1226\" data-end=\"1258\"><strong data-start=\"1226\" data-end=\"1245\">Pickup gryfowy:<\/strong> P90 \u201e1956\u201d<\/p>\n<\/li>\n<li data-start=\"1259\" data-end=\"1311\">\n<p data-start=\"1261\" data-end=\"1311\"><strong data-start=\"1261\" data-end=\"1272\">Mostek:<\/strong> Nik Huber Stop Tailpiece (aluminium)<\/p>\n<\/li>\n<li data-start=\"1312\" data-end=\"1353\">\n<p data-start=\"1314\" data-end=\"1353\"><strong data-start=\"1314\" data-end=\"1325\">Klucze:<\/strong> Nik Huber 510 \u201eOpen Gear\u201d<\/p>\n<\/li>\n<li data-start=\"1354\" data-end=\"1384\">\n<p data-start=\"1356\" data-end=\"1384\"><strong data-start=\"1356\" data-end=\"1376\">Ko\u0144c\u00f3wki kluczy:<\/strong> Tulip<\/p>\n<\/li>\n<li data-start=\"1385\" data-end=\"1431\">\n<p data-start=\"1387\" data-end=\"1431\"><strong data-start=\"1387\" data-end=\"1397\">Ga\u0142ki:<\/strong> Bell-style, czarne szczotkowane<\/p>\n<\/li>\n<li data-start=\"1432\" data-end=\"1482\">\n<p data-start=\"1434\" data-end=\"1482\"><strong data-start=\"1434\" data-end=\"1460\">Ko\u0144c\u00f3wka prze\u0142\u0105cznika:<\/strong> Czarna szczotkowana<\/p>\n<\/li>\n<li data-start=\"1483\" data-end=\"1521\">\n<p data-start=\"1485\" data-end=\"1521\"><strong data-start=\"1485\" data-end=\"1496\">Struny:<\/strong> Elixir Nanoweb 010\u2013046<\/p>\n<\/li>\n<li data-start=\"1522\" data-end=\"1599\">\n<p data-start=\"1524\" data-end=\"1599\"><strong data-start=\"1524\" data-end=\"1545\">Uwagi zam\u00f3wienia:<\/strong> Specjalna konfiguracja drewna i wyko\u0144czenia korpusu<\/p>\n<\/li>\n<\/ul>\n<h2 data-start=\"1601\" data-end=\"1633\"><strong data-start=\"1604\" data-end=\"1633\">Brzmienie i charakter gry<\/strong><\/h2>\n<p data-start=\"1635\" data-end=\"1735\">Krautster II zosta\u0142a zaprojektowana tak, aby dostarcza\u0107 naturalny, organiczny, lekko chropowaty ton:<\/p>\n<ul data-start=\"1737\" data-end=\"1930\">\n<li data-start=\"1737\" data-end=\"1847\">\n<p data-start=\"1739\" data-end=\"1847\"><strong data-start=\"1739\" data-end=\"1764\">Humbucker Krautster-B<\/strong> przy mostku \u2014 mocny, t\u0142usty, z charakterystycznym \u201egrowlem\u201d i \u015bwietnym \u015brodkiem.<\/p>\n<\/li>\n<li data-start=\"1848\" data-end=\"1930\">\n<p data-start=\"1850\" data-end=\"1930\"><strong data-start=\"1850\" data-end=\"1864\">P90 \u201e1956\u201d<\/strong> przy gryfie \u2014 ciep\u0142o, klarownie, bardzo dynamicznie i bluesowo.<\/p>\n<\/li>\n<\/ul>\n<p data-start=\"1932\" data-end=\"2070\">Od vintage\u2019owego charakteru, przez otwarte drive\u2019y, po uniwersaln\u0105 baz\u0119 pod efekty \u2014 gitara znakomicie reaguje na ka\u017cdy niuans Twojej gry.<\/p>\n<h2 data-start=\"2072\" data-end=\"2096\"><strong data-start=\"2075\" data-end=\"2096\">O marce Nik Huber<\/strong><\/h2>\n<p data-start=\"2098\" data-end=\"2469\">Nik Huber Guitars to jeden z najwy\u017cej cenionych butikowych producent\u00f3w gitar na \u015bwiecie. Firma z Rodgau s\u0142ynie z perfekcyjnego wykonania, selekcjonowanych tonowych materia\u0142\u00f3w oraz stylu \u0142\u0105cz\u0105cego elegancj\u0119 z praktyczno\u015bci\u0105. Ka\u017cdy instrument powstaje w niewielkim zespole mistrz\u00f3w lutnictwa, z my\u015bl\u0105 o trwa\u0142o\u015bci, ponadczasowej warto\u015bci i inspiruj\u0105cej grze przez wiele lat.<\/p>\n<h2 data-start=\"2471\" data-end=\"2517\"><strong data-start=\"2474\" data-end=\"2517\">Guitar2Amp \u2013 Oficjalny Dealer Nik Huber<\/strong><\/h2>\n<p data-start=\"2519\" data-end=\"2773\">Jako <strong data-start=\"2524\" data-end=\"2554\">oficjalny dealer Nik Huber<\/strong> oferujemy dost\u0119p do Custom Shopu, limitowanych wyko\u0144cze\u0144 oraz opcji specjalnych prosto z warsztatu. Ka\u017cda gitara trafia do nas bezpo\u015brednio z Rodgau i posiada pe\u0142n\u0105 dokumentacj\u0119, gwarancj\u0119 oraz wsparcie mi\u0119dzynarodowe.<\/p>\n<p data-start=\"2775\" data-end=\"2862\">Masz pomys\u0142 na w\u0142asn\u0105 customow\u0105 gitar\u0119? Ch\u0119tnie pomo\u017cemy w ca\u0142ym procesie konfiguracji.<\/p>\n<h2 data-start=\"2864\" data-end=\"2883\"><strong data-start=\"2867\" data-end=\"2883\">Podsumowanie<\/strong><\/h2>\n<p data-start=\"2885\" data-end=\"3124\"><strong data-start=\"2885\" data-end=\"2918\">Nik Huber Krautster II #55167<\/strong> to niezwykle muzyczny, elegancko prosty i inspiruj\u0105cy instrument. Z osza\u0142amiaj\u0105cym wyko\u0144czeniem, dopracowanymi detalami i pot\u0119\u017cnym zestawem pickup\u00f3w z \u0142atwo\u015bci\u0105 stanie si\u0119 per\u0142\u0105 w ka\u017cdej powa\u017cnej kolekcji.<\/p>\n<p data-start=\"3126\" data-end=\"3272\">\ud83d\uded2 <strong data-start=\"3129\" data-end=\"3171\">Dost\u0119pna od r\u0119ki \u2013 tylko w Guitar2Amp.<\/strong><br data-start=\"3171\" data-end=\"3174\" \/>\ud83d\udc49 Skontaktuj si\u0119 z nami, aby zarezerwowa\u0107, poprosi\u0107 o dodatkowe zdj\u0119cia lub um\u00f3wi\u0107 prywatny test.<\/p>\n","protected":false},"excerpt":{"rendered":"<p data-start=\"76\" data-end=\"451\"><strong data-start=\"76\" data-end=\"92\">Krautster II<\/strong> to interpretacja Nik Hubera na temat \u201esurowej rockowej mocy\u201d \u2013 minimum kontroli, maksimum ekspresji i zero kompromis\u00f3w. R\u0119cznie zbudowana w Niemczech, \u0142\u0105czy w sobie dusz\u0119 vintage z butikow\u0105 precyzj\u0105 i znakomitym feelingiem. To instrument dla graczy, kt\u00f3rzy szukaj\u0105 naturalnego brzmienia, \u015bwietnej reakcji na artykulacj\u0119 i najwy\u017cszej klasy rzemios\u0142a w jednym.<\/p>\n<p data-start=\"453\" data-end=\"842\">Prezentowany egzemplarz \u2013 <strong data-start=\"479\" data-end=\"489\">#55167<\/strong> \u2013 wyr\u00f3\u017cnia si\u0119 pi\u0119knym wyko\u0144czeniem <strong data-start=\"526\" data-end=\"546\">Worn Desert Sand<\/strong> w satynie, z naturalnym, otwartopowym ty\u0142em oraz eleganckim kremowym bindingiem na topie. Korpus z lekkiego <strong data-start=\"655\" data-end=\"665\">maho\u0144u<\/strong> zestawiono z gryfem z falistego klonu oraz podstrunnic\u0105 z <strong data-start=\"724\" data-end=\"750\">palisandru indyjskiego<\/strong>. Gitara rezonuje mocno, a jednocze\u015bnie pozostaje \u015bwietnie wywa\u017cona i bardzo wygodna w grze.<\/p>\n<p><a href=\"https:\/\/guitar2amp.de\/index.php\/pl\/nik-huber-guitars-pl\/\">Wi\u0119cj o gitarach Nik Huber Guitars<strong>\u2192<\/strong><\/a><\/p>\n","protected":false},"featured_media":17034,"template":"","meta":{"_monsterinsights_skip_tracking":false,"_monsterinsights_sitenote_active":false,"_monsterinsights_sitenote_note":"","_monsterinsights_sitenote_category":0,"_uf_show_specific_survey":0,"_uf_disable_surveys":false,"_kadence_starter_templates_imported_post":false,"_kad_post_transparent":"default","_kad_post_title":"","_kad_post_layout":"default","_kad_post_sidebar_id":"","_kad_post_content_style":"default","_kad_post_vertical_padding":"default","_kad_post_feature":"","_kad_post_feature_position":"","_kad_post_header":false,"_kad_post_footer":false,"_kad_post_classname":""},"product_brand":[],"product_cat":[4898],"product_tag":[],"class_list":{"0":"post-17033","1":"product","2":"type-product","3":"status-publish","4":"has-post-thumbnail","6":"product_cat-nik_huber_pl","8":"first","9":"onbackorder","10":"shipping-taxable","11":"purchasable","12":"product-type-simple","13":"entry","14":"content-bg","15":"loop-entry"},"jetpack_sharing_enabled":true,"_links":{"self":[{"href":"https:\/\/guitar2amp.de\/index.php\/wp-json\/wp\/v2\/product\/17033","targetHints":{"allow":["GET"]}}],"collection":[{"href":"https:\/\/guitar2amp.de\/index.php\/wp-json\/wp\/v2\/product"}],"about":[{"href":"https:\/\/guitar2amp.de\/index.php\/wp-json\/wp\/v2\/types\/product"}],"wp:featuredmedia":[{"embeddable":true,"href":"https:\/\/guitar2amp.de\/index.php\/wp-json\/wp\/v2\/media\/17034"}],"wp:attachment":[{"href":"https:\/\/guitar2amp.de\/index.php\/wp-json\/wp\/v2\/media?parent=17033"}],"wp:term":[{"taxonomy":"product_brand","embeddable":true,"href":"https:\/\/guitar2amp.de\/index.php\/wp-json\/wp\/v2\/product_brand?post=17033"},{"taxonomy":"product_cat","embeddable":true,"href":"https:\/\/guitar2amp.de\/index.php\/wp-json\/wp\/v2\/product_cat?post=17033"},{"taxonomy":"product_tag","embeddable":true,"href":"https:\/\/guitar2amp.de\/index.php\/wp-json\/wp\/v2\/product_tag?post=17033"}],"curies":[{"name":"wp","href":"https:\/\/api.w.org\/{rel}","templated":true}]}}