{"id":17430,"date":"2025-12-28T17:29:37","date_gmt":"2025-12-28T16:29:37","guid":{"rendered":"https:\/\/guitar2amp.de\/?post_type=product&#038;p=17430"},"modified":"2025-12-28T17:42:46","modified_gmt":"2025-12-28T16:42:46","slug":"franchin-guitars-mars-lake-placid-blue-metallic-3","status":"publish","type":"product","link":"https:\/\/guitar2amp.de\/index.php\/de\/product\/franchin-guitars-mars-lake-placid-blue-metallic-3\/","title":{"rendered":"Franchin Guitars Mars Lake Placid Blue Metallic"},"content":{"rendered":"<h2 data-start=\"140\" data-end=\"215\"><strong data-start=\"143\" data-end=\"215\">Franchin Guitars Mars \u2013 Lake Placid Blue Metallic (Very Light Relic)<\/strong><\/h2>\n<p data-start=\"217\" data-end=\"559\">Die <strong data-start=\"221\" data-end=\"238\">Franchin Mars<\/strong> ist eine Boutique-Gitarre im klassischen T-Style, die traditionelles Design mit feiner italienischer Handwerkskunst verbindet.<br data-start=\"365\" data-end=\"368\" \/>Sorgf\u00e4ltig ausgew\u00e4hlte H\u00f6lzer, eine d\u00fcnne Nitrolackierung und ein sehr sensibles Setup sorgen f\u00fcr authentischen Vintage-Charakter bei gleichzeitig moderner Bespielbarkeit und Zuverl\u00e4ssigkeit.<\/p>\n<p data-start=\"561\" data-end=\"684\">Ein Instrument f\u00fcr Gitarristen, die Wert auf Gef\u00fchl, Dynamik und ausdrucksstarken Ton legen \u2013 perfekt f\u00fcr B\u00fchne und Studio.<\/p>\n<p data-start=\"561\" data-end=\"684\"><a href=\"https:\/\/guitar2amp.de\/index.php\/de\/15052-2\/\"><strong>Mehr \u00fcber Gitarren von Franchin Guitars \u2192<\/strong><\/a><\/p>\n<hr data-start=\"686\" data-end=\"689\" \/>\n<h2 data-start=\"691\" data-end=\"719\"><strong data-start=\"694\" data-end=\"719\">\u00dcber Franchin Guitars<\/strong><\/h2>\n<p data-start=\"721\" data-end=\"966\"><strong data-start=\"721\" data-end=\"741\">Franchin Guitars<\/strong> ist eine italienische Boutique-Marke, bekannt f\u00fcr handgefertigte Instrumente mit starkem Vintage-Fokus.<br data-start=\"845\" data-end=\"848\" \/>Jede Gitarre wird in kleinen St\u00fcckzahlen gebaut, mit besonderem Augenmerk auf Holzauswahl, Resonanz und finales Setup.<\/p>\n<p data-start=\"968\" data-end=\"1157\">Franchin verbindet klassische \u00c4sthetik mit pers\u00f6nlicher Handschrift des Gitarrenbauers \u2013 keine Massenproduktion, keine Abk\u00fcrzungen, sondern ehrliches Handwerk und Instrumente mit Charakter.<\/p>\n<hr data-start=\"1159\" data-end=\"1162\" \/>\n<h2 data-start=\"1164\" data-end=\"1206\"><strong data-start=\"1167\" data-end=\"1206\">Spezifikationen \u2013 Dieses Instrument<\/strong><\/h2>\n<ul data-start=\"1208\" data-end=\"1445\">\n<li data-start=\"1208\" data-end=\"1228\">\n<p data-start=\"1210\" data-end=\"1228\"><strong data-start=\"1210\" data-end=\"1221\">Modell:<\/strong> Mars<\/p>\n<\/li>\n<li data-start=\"1229\" data-end=\"1262\">\n<p data-start=\"1231\" data-end=\"1262\"><strong data-start=\"1231\" data-end=\"1247\">Ausrichtung:<\/strong> Rechtsh\u00e4ndig<\/p>\n<\/li>\n<li data-start=\"1263\" data-end=\"1294\">\n<p data-start=\"1265\" data-end=\"1294\"><strong data-start=\"1265\" data-end=\"1282\">Seriennummer:<\/strong> #21481025<\/p>\n<\/li>\n<li data-start=\"1295\" data-end=\"1328\">\n<p data-start=\"1297\" data-end=\"1328\"><strong data-start=\"1297\" data-end=\"1309\">Baujahr:<\/strong> 31. Oktober 2023<\/p>\n<\/li>\n<li data-start=\"1329\" data-end=\"1374\">\n<p data-start=\"1331\" data-end=\"1374\"><strong data-start=\"1331\" data-end=\"1342\">Korpus:<\/strong> American Red Alder (3-teilig)<\/p>\n<\/li>\n<li data-start=\"1375\" data-end=\"1400\">\n<p data-start=\"1377\" data-end=\"1400\"><strong data-start=\"1377\" data-end=\"1395\">Konfiguration:<\/strong> SS<\/p>\n<\/li>\n<li data-start=\"1401\" data-end=\"1445\">\n<p data-start=\"1403\" data-end=\"1445\"><strong data-start=\"1403\" data-end=\"1419\">Bridge Type:<\/strong> Standard, Vintage Style<\/p>\n<\/li>\n<\/ul>\n<p data-start=\"1447\" data-end=\"1460\"><strong data-start=\"1447\" data-end=\"1458\">Finish:<\/strong><\/p>\n<ul data-start=\"1461\" data-end=\"1591\">\n<li data-start=\"1461\" data-end=\"1483\">\n<p data-start=\"1463\" data-end=\"1483\">Nitrozelluloselack<\/p>\n<\/li>\n<li data-start=\"1484\" data-end=\"1524\">\n<p data-start=\"1486\" data-end=\"1524\"><strong data-start=\"1486\" data-end=\"1496\">Farbe:<\/strong> Lake Placid Blue Metallic<\/p>\n<\/li>\n<li data-start=\"1525\" data-end=\"1591\">\n<p data-start=\"1527\" data-end=\"1591\"><strong data-start=\"1527\" data-end=\"1543\">Relic Level:<\/strong> Very Light Relic (dezente Lackrisse \/ Checking)<\/p>\n<\/li>\n<\/ul>\n<p data-start=\"1593\" data-end=\"1604\"><strong data-start=\"1593\" data-end=\"1602\">Hals:<\/strong><\/p>\n<ul data-start=\"1605\" data-end=\"1732\">\n<li data-start=\"1605\" data-end=\"1614\">\n<p data-start=\"1607\" data-end=\"1614\">Ahorn<\/p>\n<\/li>\n<li data-start=\"1615\" data-end=\"1645\">\n<p data-start=\"1617\" data-end=\"1645\"><strong data-start=\"1617\" data-end=\"1632\">Griffbrett:<\/strong> Palisander<\/p>\n<\/li>\n<li data-start=\"1646\" data-end=\"1663\">\n<p data-start=\"1648\" data-end=\"1663\"><strong data-start=\"1648\" data-end=\"1659\">Profil:<\/strong> C<\/p>\n<\/li>\n<li data-start=\"1664\" data-end=\"1684\">\n<p data-start=\"1666\" data-end=\"1684\"><strong data-start=\"1666\" data-end=\"1677\">Radius:<\/strong> 9,5\u201d<\/p>\n<\/li>\n<li data-start=\"1685\" data-end=\"1708\">\n<p data-start=\"1687\" data-end=\"1708\"><strong data-start=\"1687\" data-end=\"1697\">B\u00fcnde:<\/strong> 22 Jumbo<\/p>\n<\/li>\n<li data-start=\"1709\" data-end=\"1732\">\n<p data-start=\"1711\" data-end=\"1732\"><strong data-start=\"1711\" data-end=\"1722\">Sattel:<\/strong> Knochen<\/p>\n<\/li>\n<\/ul>\n<p data-start=\"1734\" data-end=\"1751\"><strong data-start=\"1734\" data-end=\"1749\">Elektronik:<\/strong><\/p>\n<ul data-start=\"1752\" data-end=\"1902\">\n<li data-start=\"1752\" data-end=\"1867\">\n<p data-start=\"1754\" data-end=\"1803\"><strong data-start=\"1754\" data-end=\"1766\">Pickups:<\/strong> Handgewickelt von Franchin Guitars<\/p>\n<ul data-start=\"1806\" data-end=\"1867\">\n<li data-start=\"1806\" data-end=\"1835\">\n<p data-start=\"1808\" data-end=\"1835\">Steg: Alnico 5, staggered<\/p>\n<\/li>\n<li data-start=\"1838\" data-end=\"1867\">\n<p data-start=\"1840\" data-end=\"1867\">Hals: Alnico 5, staggered<\/p>\n<\/li>\n<\/ul>\n<\/li>\n<li data-start=\"1868\" data-end=\"1902\">\n<p data-start=\"1870\" data-end=\"1902\"><strong data-start=\"1870\" data-end=\"1886\">Verdrahtung:<\/strong> Vintage Style<\/p>\n<\/li>\n<\/ul>\n<p data-start=\"1904\" data-end=\"1919\"><strong data-start=\"1904\" data-end=\"1917\">Hardware:<\/strong><\/p>\n<ul data-start=\"1920\" data-end=\"2092\">\n<li data-start=\"1920\" data-end=\"1948\">\n<p data-start=\"1922\" data-end=\"1948\"><strong data-start=\"1922\" data-end=\"1932\">Farbe:<\/strong> Chrom (Relic)<\/p>\n<\/li>\n<li data-start=\"1949\" data-end=\"1992\">\n<p data-start=\"1951\" data-end=\"1992\"><strong data-start=\"1951\" data-end=\"1962\">Bridge:<\/strong> Gotoh, relic, Vintage Style<\/p>\n<\/li>\n<li data-start=\"1993\" data-end=\"2025\">\n<p data-start=\"1995\" data-end=\"2025\"><strong data-start=\"1995\" data-end=\"2010\">Mechaniken:<\/strong> Gotoh, relic<\/p>\n<\/li>\n<li data-start=\"2027\" data-end=\"2060\">\n<p data-start=\"2029\" data-end=\"2060\"><strong data-start=\"2029\" data-end=\"2043\">Pickguard:<\/strong> Schwarz, 1-ply<\/p>\n<\/li>\n<li data-start=\"2061\" data-end=\"2092\">\n<p data-start=\"2063\" data-end=\"2092\"><strong data-start=\"2063\" data-end=\"2076\">Herkunft:<\/strong> Made in Italy<\/p>\n<\/li>\n<\/ul>\n<hr data-start=\"2094\" data-end=\"2097\" \/>\n<h2 data-start=\"2099\" data-end=\"2137\"><strong data-start=\"2102\" data-end=\"2137\">Franchin Guitars bei Guitar2Amp<\/strong><\/h2>\n<p data-start=\"2139\" data-end=\"2346\"><strong data-start=\"2139\" data-end=\"2199\">Guitar2Amp ist offizieller H\u00e4ndler von Franchin Guitars.<\/strong><br data-start=\"2199\" data-end=\"2202\" \/>Wir bieten sowohl verf\u00fcgbare Instrumente als auch die M\u00f6glichkeit, <strong data-start=\"2269\" data-end=\"2332\">jedes Franchin-Modell in vollst\u00e4ndiger Custom-Konfiguration<\/strong> zu bestellen.<\/p>\n<p data-start=\"2348\" data-end=\"2601\">Wir begleiten den gesamten Bestellprozess pers\u00f6nlich \u2013 von der Auswahl der H\u00f6lzer, Finishes und Pickups bis hin zu individuellen Details und dem finalen Setup.<br data-start=\"2507\" data-end=\"2510\" \/>Alle Franchin Gitarren werden in Italien handgefertigt, exakt nach den Vorgaben des Kunden.<\/p>\n<p data-start=\"2603\" data-end=\"2702\">F\u00fcr Verf\u00fcgbarkeit, Custom-Anfragen oder einen Besuch im Showroom kontaktieren Sie uns gerne direkt.<\/p>\n","protected":false},"excerpt":{"rendered":"<h2 data-start=\"140\" data-end=\"215\"><strong data-start=\"143\" data-end=\"215\">Franchin Guitars Mars \u2013 Lake Placid Blue Metallic (Very Light Relic)<\/strong><\/h2>\n<p data-start=\"217\" data-end=\"559\">Die <strong data-start=\"221\" data-end=\"238\">Franchin Mars<\/strong> ist eine Boutique-Gitarre im klassischen T-Style, die traditionelles Design mit feiner italienischer Handwerkskunst verbindet.<br data-start=\"365\" data-end=\"368\" \/>Sorgf\u00e4ltig ausgew\u00e4hlte H\u00f6lzer, eine d\u00fcnne Nitrolackierung und ein sehr sensibles Setup sorgen f\u00fcr authentischen Vintage-Charakter bei gleichzeitig moderner Bespielbarkeit und Zuverl\u00e4ssigkeit.<\/p>\n<p data-start=\"561\" data-end=\"684\">Ein Instrument f\u00fcr Gitarristen, die Wert auf Gef\u00fchl, Dynamik und ausdrucksstarken Ton legen \u2013 perfekt f\u00fcr B\u00fchne und Studio.<\/p>\n<p data-start=\"561\" data-end=\"684\"><a href=\"https:\/\/guitar2amp.de\/index.php\/de\/15052-2\/\"><strong>Mehr \u00fcber Gitarren von Franchin Guitars \u2192<\/strong><\/a><\/p>\n","protected":false},"featured_media":17431,"template":"","meta":{"_monsterinsights_skip_tracking":false,"_monsterinsights_sitenote_active":false,"_monsterinsights_sitenote_note":"","_monsterinsights_sitenote_category":0,"_uf_show_specific_survey":0,"_uf_disable_surveys":false,"_kadence_starter_templates_imported_post":false,"_kad_post_transparent":"default","_kad_post_title":"","_kad_post_layout":"default","_kad_post_sidebar_id":"","_kad_post_content_style":"default","_kad_post_vertical_padding":"default","_kad_post_feature":"","_kad_post_feature_position":"","_kad_post_header":false,"_kad_post_footer":false,"_kad_post_classname":""},"product_brand":[],"product_cat":[207,5028,203],"product_tag":[],"class_list":{"0":"post-17430","1":"product","2":"type-product","3":"status-publish","4":"has-post-thumbnail","6":"product_cat-e-gitarren","7":"product_cat-franchin-guitars-de","8":"product_cat-gitarren","10":"first","11":"instock","12":"shipping-taxable","13":"purchasable","14":"product-type-simple","15":"entry","16":"content-bg","17":"loop-entry"},"jetpack_sharing_enabled":true,"_links":{"self":[{"href":"https:\/\/guitar2amp.de\/index.php\/wp-json\/wp\/v2\/product\/17430","targetHints":{"allow":["GET"]}}],"collection":[{"href":"https:\/\/guitar2amp.de\/index.php\/wp-json\/wp\/v2\/product"}],"about":[{"href":"https:\/\/guitar2amp.de\/index.php\/wp-json\/wp\/v2\/types\/product"}],"wp:featuredmedia":[{"embeddable":true,"href":"https:\/\/guitar2amp.de\/index.php\/wp-json\/wp\/v2\/media\/17431"}],"wp:attachment":[{"href":"https:\/\/guitar2amp.de\/index.php\/wp-json\/wp\/v2\/media?parent=17430"}],"wp:term":[{"taxonomy":"product_brand","embeddable":true,"href":"https:\/\/guitar2amp.de\/index.php\/wp-json\/wp\/v2\/product_brand?post=17430"},{"taxonomy":"product_cat","embeddable":true,"href":"https:\/\/guitar2amp.de\/index.php\/wp-json\/wp\/v2\/product_cat?post=17430"},{"taxonomy":"product_tag","embeddable":true,"href":"https:\/\/guitar2amp.de\/index.php\/wp-json\/wp\/v2\/product_tag?post=17430"}],"curies":[{"name":"wp","href":"https:\/\/api.w.org\/{rel}","templated":true}]}}