{"id":17523,"date":"2025-12-28T18:51:14","date_gmt":"2025-12-28T17:51:14","guid":{"rendered":"https:\/\/guitar2amp.de\/?post_type=product&#038;p=17523"},"modified":"2026-05-06T13:55:14","modified_gmt":"2026-05-06T11:55:14","slug":"17523","status":"publish","type":"product","link":"https:\/\/guitar2amp.de\/index.php\/pl\/product\/17523\/","title":{"rendered":"Nashguitars S63 Olimpic White Medium Relic"},"content":{"rendered":"<h2 data-start=\"194\" data-end=\"247\"><span style=\"color: #000000;\"><strong data-start=\"197\" data-end=\"247\">Nashguitars S-63 \u2013 Olympic White (Medium Aged)<\/strong><\/span><\/h2>\n<p data-start=\"249\" data-end=\"554\"><span style=\"color: #000000;\"><strong data-start=\"249\" data-end=\"269\">Nashguitars S-63<\/strong> to klasyczna, butikowa gitara typu S-Style, inspirowana instrumentami z wczesnych lat 60. Model ten powsta\u0142 z my\u015bl\u0105 o gitarzystach, kt\u00f3rzy szukaj\u0105 autentycznego vintage\u2019owego brzmienia, naturalnego feelingu oraz instrumentu, kt\u00f3ry od pierwszych minut sprawia wra\u017cenie dobrze ogranego.<\/span><\/p>\n<p data-start=\"556\" data-end=\"739\"><span style=\"color: #000000;\">Wyko\u0144czenie <strong data-start=\"568\" data-end=\"585\">Olympic White<\/strong> z <strong data-start=\"588\" data-end=\"604\">Medium Aging<\/strong> nadaje gitarze wygl\u0105d i charakter prawdziwego road-worn instrumentu \u2014 bez kompromis\u00f3w zwi\u0105zanych z posiadaniem oryginalnego vintage\u2019a.<\/span><\/p>\n<hr data-start=\"741\" data-end=\"744\" \/>\n<h2 data-start=\"746\" data-end=\"772\"><span style=\"color: #000000;\"><strong data-start=\"749\" data-end=\"772\">O marce Nashguitars<\/strong><\/span><\/h2>\n<p data-start=\"774\" data-end=\"1041\"><span style=\"color: #000000;\"><strong data-start=\"774\" data-end=\"789\">Nashguitars<\/strong> to ceniona ameryka\u0144ska marka butikowa, za\u0142o\u017cona przez Billa Nasha.<\/span><br data-start=\"856\" data-end=\"859\" \/><span style=\"color: #000000;\">Firma specjalizuje si\u0119 w budowie gitar inspirowanych klasycznymi modelami vintage, stawiaj\u0105c na lekkie korpusy, cienkie wyko\u0144czenia nitrocelulozowe oraz starannie postarzany osprz\u0119t.<\/span><\/p>\n<p data-start=\"1043\" data-end=\"1204\"><span style=\"color: #000000;\">Instrumenty Nashguitars s\u0105 tworzone jako gitary \u201edo grania\u201d \u2014 rezonuj\u0105ce, dynamiczne i niezwykle muzykalne, \u0142\u0105cz\u0105ce klasyczny design z nowoczesn\u0105 niezawodno\u015bci\u0105.<\/span><\/p>\n<hr data-start=\"1206\" data-end=\"1209\" \/>\n<h2 data-start=\"1211\" data-end=\"1228\"><span style=\"color: #000000;\"><strong data-start=\"1214\" data-end=\"1228\">Model S-63<\/strong><\/span><\/h2>\n<p data-start=\"1230\" data-end=\"1510\"><span style=\"color: #000000;\">Model <strong data-start=\"1236\" data-end=\"1244\">S-63<\/strong> to interpretacja wczesnych stratocaster\u00f3w z lat 60.<\/span><br data-start=\"1296\" data-end=\"1299\" \/><span style=\"color: #000000;\">Komfortowy profil gryfu typu C, nieco bardziej p\u0142aski radius oraz wysokiej klasy przetworniki zapewniaj\u0105 doskona\u0142\u0105 grywalno\u015b\u0107 i szerok\u0105 palet\u0119 brzmie\u0144 \u2014 od krystalicznych clean\u00f3w po t\u0142uste, dynamiczne przestery.<\/span><\/p>\n<p data-start=\"1512\" data-end=\"1681\"><span style=\"color: #000000;\">To jeden z najch\u0119tniej wybieranych modeli Nashguitars przez gitarzyst\u00f3w poszukuj\u0105cych prawdziwego stratowego charakteru bez ogranicze\u0144 typowych dla starych instrument\u00f3w.<\/span><\/p>\n<hr data-start=\"1683\" data-end=\"1686\" \/>\n<h2 data-start=\"1688\" data-end=\"1724\"><span style=\"color: #000000;\"><strong data-start=\"1691\" data-end=\"1724\">Specyfikacja<\/strong><\/span><\/h2>\n<ul data-start=\"1726\" data-end=\"1888\">\n<li data-start=\"1726\" data-end=\"1745\">\n<p data-start=\"1728\" data-end=\"1745\"><span style=\"color: #000000;\"><strong data-start=\"1728\" data-end=\"1738\">Model:<\/strong> S-63<\/span><\/p>\n<\/li>\n<li data-start=\"1810\" data-end=\"1831\">\n<p data-start=\"1812\" data-end=\"1831\"><span style=\"color: #000000;\"><strong data-start=\"1812\" data-end=\"1823\">Korpus:<\/strong> olcha<\/span><\/p>\n<\/li>\n<li data-start=\"1832\" data-end=\"1866\">\n<p data-start=\"1834\" data-end=\"1866\"><span style=\"color: #000000;\"><strong data-start=\"1834\" data-end=\"1850\">Wyko\u0144czenie:<\/strong> Olympic White<\/span><\/p>\n<\/li>\n<li data-start=\"1867\" data-end=\"1888\">\n<p data-start=\"1869\" data-end=\"1888\"><span style=\"color: #000000;\"><strong data-start=\"1869\" data-end=\"1879\">Aging:<\/strong> Medium<\/span><\/p>\n<\/li>\n<\/ul>\n<p data-start=\"1890\" data-end=\"1901\"><span style=\"color: #000000;\"><strong data-start=\"1890\" data-end=\"1899\">Gryf:<\/strong><\/span><\/p>\n<ul data-start=\"1902\" data-end=\"1978\">\n<li data-start=\"1902\" data-end=\"1934\">\n<p data-start=\"1904\" data-end=\"1934\"><span style=\"color: #000000;\"><strong data-start=\"1904\" data-end=\"1921\">Podstrunnica:<\/strong> palisander<\/span><\/p>\n<\/li>\n<li data-start=\"1935\" data-end=\"1958\">\n<p data-start=\"1937\" data-end=\"1958\"><span style=\"color: #000000;\"><strong data-start=\"1937\" data-end=\"1954\">Profil gryfu:<\/strong> C<\/span><\/p>\n<\/li>\n<li data-start=\"1959\" data-end=\"1978\">\n<p data-start=\"1961\" data-end=\"1978\"><span style=\"color: #000000;\"><strong data-start=\"1961\" data-end=\"1972\">Radius:<\/strong> 10\u201d<\/span><\/p>\n<\/li>\n<\/ul>\n<p data-start=\"1980\" data-end=\"2006\"><span style=\"color: #000000;\"><strong data-start=\"1980\" data-end=\"1997\">Przetworniki:<\/strong> Lollar<\/span><\/p>\n<ul data-start=\"2007\" data-end=\"2093\">\n<li data-start=\"2007\" data-end=\"2034\">\n<p data-start=\"2009\" data-end=\"2034\"><span style=\"color: #000000;\"><strong data-start=\"2009\" data-end=\"2018\">Neck:<\/strong> Lollar Blonde<\/span><\/p>\n<\/li>\n<li data-start=\"2035\" data-end=\"2064\">\n<p data-start=\"2037\" data-end=\"2064\"><span style=\"color: #000000;\"><strong data-start=\"2037\" data-end=\"2048\">Middle:<\/strong> Lollar Blonde<\/span><\/p>\n<\/li>\n<li data-start=\"2065\" data-end=\"2093\">\n<p data-start=\"2067\" data-end=\"2093\"><span style=\"color: #000000;\"><strong data-start=\"2067\" data-end=\"2078\">Bridge:<\/strong> Nash Special<\/span><\/p>\n<\/li>\n<\/ul>\n<p data-start=\"2095\" data-end=\"2129\"><span style=\"color: #000000;\"><strong data-start=\"2095\" data-end=\"2109\">Pickguard:<\/strong> 3-warstwowy, Mint<\/span><\/p>\n<hr data-start=\"2131\" data-end=\"2134\" \/>\n<h2 data-start=\"2136\" data-end=\"2167\"><span style=\"color: #000000;\"><strong data-start=\"2139\" data-end=\"2167\">Nashguitars w Guitar2Amp<\/strong><\/span><\/h2>\n<p data-start=\"2169\" data-end=\"2429\"><span style=\"color: #000000;\"><strong data-start=\"2169\" data-end=\"2221\">Guitar2Amp jest oficjalnym dealerem Nashguitars.<\/strong><\/span><br data-start=\"2221\" data-end=\"2224\" \/><span style=\"color: #000000;\">Oferujemy starannie wyselekcjonowane instrumenty dost\u0119pne od r\u0119ki, a tak\u017ce pe\u0142ne wsparcie przy zam\u00f3wieniach specjalnych \u2014 od wyboru modelu i wyko\u0144czenia, po poziom postarzania i konfiguracj\u0119 przetwornik\u00f3w.<\/span><\/p>\n<p data-start=\"2431\" data-end=\"2632\"><span style=\"color: #000000;\">Je\u015bli szukasz autentycznej gitary w stylu vintage, z doskona\u0142ym brzmieniem i grywalno\u015bci\u0105, Nashguitars to sprawdzony wyb\u00f3r \u2014 a Guitar2Amp pomo\u017ce dobra\u0107 instrument idealnie dopasowany do Twoich potrzeb.<\/span><\/p>\n<p data-start=\"2634\" data-end=\"2713\"><span style=\"color: #000000;\">W sprawie dost\u0119pno\u015bci, zam\u00f3wie\u0144 lub wizyty w showroomie zapraszamy do kontaktu.<\/span><\/p>\n","protected":false},"excerpt":{"rendered":"<h2 data-start=\"194\" data-end=\"247\"><span style=\"color: #000000;\"><strong data-start=\"197\" data-end=\"247\">Nashguitars S-63 \u2013 Olympic White (Medium Aged)<\/strong><\/span><\/h2>\n<p data-start=\"249\" data-end=\"554\"><span style=\"color: #000000;\"><strong data-start=\"249\" data-end=\"269\">Nashguitars S-63<\/strong> to klasyczna, butikowa gitara typu S-Style, inspirowana instrumentami z wczesnych lat 60. Model ten powsta\u0142 z my\u015bl\u0105 o gitarzystach, kt\u00f3rzy szukaj\u0105 autentycznego vintage\u2019owego brzmienia, naturalnego feelingu oraz instrumentu, kt\u00f3ry od pierwszych minut sprawia wra\u017cenie dobrze ogranego.<\/span><\/p>\n<p data-start=\"556\" data-end=\"739\"><span style=\"color: #000000;\">Wyko\u0144czenie <strong data-start=\"568\" data-end=\"585\">Olympic White<\/strong> z <strong data-start=\"588\" data-end=\"604\">Medium Aging<\/strong> nadaje gitarze wygl\u0105d i charakter prawdziwego road-worn instrumentu \u2014 bez kompromis\u00f3w zwi\u0105zanych z posiadaniem oryginalnego vintage\u2019a.<\/span><\/p>\n","protected":false},"featured_media":17524,"template":"","meta":{"_monsterinsights_skip_tracking":false,"_monsterinsights_sitenote_active":false,"_monsterinsights_sitenote_note":"","_monsterinsights_sitenote_category":0,"_uf_show_specific_survey":0,"_uf_disable_surveys":false,"_kadence_starter_templates_imported_post":false,"_kad_post_transparent":"default","_kad_post_title":"","_kad_post_layout":"default","_kad_post_sidebar_id":"","_kad_post_content_style":"default","_kad_post_vertical_padding":"default","_kad_post_feature":"","_kad_post_feature_position":"","_kad_post_header":false,"_kad_post_footer":false,"_kad_post_classname":""},"product_brand":[],"product_cat":[3265,3261,5910],"product_tag":[],"class_list":{"0":"post-17523","1":"product","2":"type-product","3":"status-publish","4":"has-post-thumbnail","6":"product_cat-elektryczne-pl","7":"product_cat-gitary","8":"product_cat-nashguitars-pl","10":"first","11":"onbackorder","12":"shipping-taxable","13":"product-type-simple","14":"entry","15":"content-bg","16":"loop-entry"},"jetpack_sharing_enabled":true,"_links":{"self":[{"href":"https:\/\/guitar2amp.de\/index.php\/wp-json\/wp\/v2\/product\/17523","targetHints":{"allow":["GET"]}}],"collection":[{"href":"https:\/\/guitar2amp.de\/index.php\/wp-json\/wp\/v2\/product"}],"about":[{"href":"https:\/\/guitar2amp.de\/index.php\/wp-json\/wp\/v2\/types\/product"}],"wp:featuredmedia":[{"embeddable":true,"href":"https:\/\/guitar2amp.de\/index.php\/wp-json\/wp\/v2\/media\/17524"}],"wp:attachment":[{"href":"https:\/\/guitar2amp.de\/index.php\/wp-json\/wp\/v2\/media?parent=17523"}],"wp:term":[{"taxonomy":"product_brand","embeddable":true,"href":"https:\/\/guitar2amp.de\/index.php\/wp-json\/wp\/v2\/product_brand?post=17523"},{"taxonomy":"product_cat","embeddable":true,"href":"https:\/\/guitar2amp.de\/index.php\/wp-json\/wp\/v2\/product_cat?post=17523"},{"taxonomy":"product_tag","embeddable":true,"href":"https:\/\/guitar2amp.de\/index.php\/wp-json\/wp\/v2\/product_tag?post=17523"}],"curies":[{"name":"wp","href":"https:\/\/api.w.org\/{rel}","templated":true}]}}