{"id":17543,"date":"2025-12-28T19:05:08","date_gmt":"2025-12-28T18:05:08","guid":{"rendered":"https:\/\/guitar2amp.de\/?post_type=product&#038;p=17543"},"modified":"2025-12-28T19:06:22","modified_gmt":"2025-12-28T18:06:22","slug":"nashguitars-s63-dakota-red-hardtail-medium-relic-2","status":"publish","type":"product","link":"https:\/\/guitar2amp.de\/index.php\/de\/product\/nashguitars-s63-dakota-red-hardtail-medium-relic-2\/","title":{"rendered":"Nashguitars S63 Dakota Red Hardtail Medium Relic"},"content":{"rendered":"<h2 data-start=\"123\" data-end=\"173\"><span style=\"color: #000000;\"><strong data-start=\"126\" data-end=\"173\">Nashguitars S-63 \u2013 Dakota Red (Medium Aged)<\/strong><\/span><\/h2>\n<p data-start=\"175\" data-end=\"463\"><span style=\"color: #000000;\">Die <strong data-start=\"179\" data-end=\"199\">Nashguitars S-63<\/strong> in <strong data-start=\"203\" data-end=\"217\">Dakota Red<\/strong> ist eine klassische Boutique-S-Style-Gitarre, inspiriert von Instrumenten aus den fr\u00fchen 1960er-Jahren. Dieses Exemplar bietet authentischen Vintage-Charakter, hervorragende Resonanz und ein nat\u00fcrlich eingespieltes Spielgef\u00fchl vom ersten Ton an.<\/span><\/p>\n<p data-start=\"465\" data-end=\"740\"><span style=\"color: #000000;\">Das <strong data-start=\"469\" data-end=\"490\">Dakota-Red-Finish<\/strong> mit <strong data-start=\"495\" data-end=\"511\">Medium Aging<\/strong> unterstreicht den klassischen Look, w\u00e4hrend die <strong data-start=\"560\" data-end=\"579\">Hardtail-Bridge<\/strong> f\u00fcr erh\u00f6hte Stimmstabilit\u00e4t, st\u00e4rkeren Attack und eine sehr direkte Ansprache sorgt \u2013 ideal f\u00fcr Gitarristen, die Klarheit, Sustain und Zuverl\u00e4ssigkeit sch\u00e4tzen.<\/span><\/p>\n<hr data-start=\"742\" data-end=\"745\" \/>\n<h2 data-start=\"747\" data-end=\"770\"><span style=\"color: #000000;\"><strong data-start=\"750\" data-end=\"770\">\u00dcber Nashguitars<\/strong><\/span><\/h2>\n<p data-start=\"772\" data-end=\"1029\"><span style=\"color: #000000;\"><strong data-start=\"772\" data-end=\"787\">Nashguitars<\/strong> ist eine renommierte amerikanische Boutique-Marke, gegr\u00fcndet von Bill Nash.<\/span><br data-start=\"863\" data-end=\"866\" \/><span style=\"color: #000000;\">Die Marke steht f\u00fcr kompromisslose Vintage-Authentizit\u00e4t: leichte Korpusse, d\u00fcnne Nitrolackierungen, sorgf\u00e4ltig gealterte Hardware und perfekt abgestimmte Pickups.<\/span><\/p>\n<p data-start=\"1031\" data-end=\"1157\"><span style=\"color: #000000;\">Nashguitars-Instrumente sind echte Arbeitsgitarren \u2013 lebendig, dynamisch und sowohl auf der B\u00fchne als auch im Studio zu Hause.<\/span><\/p>\n<hr data-start=\"1159\" data-end=\"1162\" \/>\n<h2 data-start=\"1164\" data-end=\"1186\"><span style=\"color: #000000;\"><strong data-start=\"1167\" data-end=\"1186\">Das Modell S-63<\/strong><\/span><\/h2>\n<p data-start=\"1188\" data-end=\"1496\"><span style=\"color: #000000;\">Die <strong data-start=\"1192\" data-end=\"1200\">S-63<\/strong> ist Nashguitars\u2019 Interpretation einer fr\u00fchen 60er-Jahre S-Style-Gitarre, erg\u00e4nzt um moderne Bespielbarkeit.<\/span><br data-start=\"1308\" data-end=\"1311\" \/><span style=\"color: #000000;\">Ein komfortables C-Halsprofil, ein 10\u201d-Radius und die klassische Pickup-Best\u00fcckung bieten eine gro\u00dfe klangliche Bandbreite \u2013 von glockenklaren Clean-Sounds bis zu druckvollem Overdrive.<\/span><\/p>\n<p data-start=\"1498\" data-end=\"1606\"><span style=\"color: #000000;\">Die <strong data-start=\"1502\" data-end=\"1522\">Hardtail-Version<\/strong> sorgt zus\u00e4tzlich f\u00fcr mehr Sustain und ein besonders stabiles, direktes Spielgef\u00fchl.<\/span><\/p>\n<hr data-start=\"1608\" data-end=\"1611\" \/>\n<h2 data-start=\"1613\" data-end=\"1655\"><span style=\"color: #000000;\"><strong data-start=\"1616\" data-end=\"1655\">Spezifikationen \u2013 Dieses Instrument<\/strong><\/span><\/h2>\n<ul data-start=\"1657\" data-end=\"1833\">\n<li data-start=\"1657\" data-end=\"1677\">\n<p data-start=\"1659\" data-end=\"1677\"><span style=\"color: #000000;\"><strong data-start=\"1659\" data-end=\"1670\">Modell:<\/strong> S-63<\/span><\/p>\n<\/li>\n<li data-start=\"1678\" data-end=\"1704\">\n<p data-start=\"1680\" data-end=\"1704\"><span style=\"color: #000000;\"><strong data-start=\"1680\" data-end=\"1697\">Seriennummer:<\/strong> 6374<\/span><\/p>\n<\/li>\n<li data-start=\"1705\" data-end=\"1739\">\n<p data-start=\"1707\" data-end=\"1739\"><span style=\"color: #000000;\"><strong data-start=\"1707\" data-end=\"1719\">Baujahr:<\/strong> 12. Dezember 2025<\/span><\/p>\n<\/li>\n<li data-start=\"1740\" data-end=\"1760\">\n<p data-start=\"1742\" data-end=\"1760\"><span style=\"color: #000000;\"><strong data-start=\"1742\" data-end=\"1753\">Korpus:<\/strong> Erle<\/span><\/p>\n<\/li>\n<li data-start=\"1761\" data-end=\"1786\">\n<p data-start=\"1763\" data-end=\"1786\"><span style=\"color: #000000;\"><strong data-start=\"1763\" data-end=\"1773\">Farbe:<\/strong> Dakota Red<\/span><\/p>\n<\/li>\n<li data-start=\"1787\" data-end=\"1808\">\n<p data-start=\"1789\" data-end=\"1808\"><span style=\"color: #000000;\"><strong data-start=\"1789\" data-end=\"1799\">Aging:<\/strong> Medium<\/span><\/p>\n<\/li>\n<li data-start=\"1809\" data-end=\"1833\">\n<p data-start=\"1811\" data-end=\"1833\"><span style=\"color: #000000;\"><strong data-start=\"1811\" data-end=\"1822\">Bridge:<\/strong> Hardtail<\/span><\/p>\n<\/li>\n<\/ul>\n<p data-start=\"1835\" data-end=\"1846\"><span style=\"color: #000000;\"><strong data-start=\"1835\" data-end=\"1844\">Hals:<\/strong><\/span><\/p>\n<ul data-start=\"1847\" data-end=\"1919\">\n<li data-start=\"1847\" data-end=\"1877\">\n<p data-start=\"1849\" data-end=\"1877\"><span style=\"color: #000000;\"><strong data-start=\"1849\" data-end=\"1864\">Griffbrett:<\/strong> Palisander<\/span><\/p>\n<\/li>\n<li data-start=\"1878\" data-end=\"1899\">\n<p data-start=\"1880\" data-end=\"1899\"><span style=\"color: #000000;\"><strong data-start=\"1880\" data-end=\"1895\">Halsprofil:<\/strong> C<\/span><\/p>\n<\/li>\n<li data-start=\"1900\" data-end=\"1919\">\n<p data-start=\"1902\" data-end=\"1919\"><span style=\"color: #000000;\"><strong data-start=\"1902\" data-end=\"1913\">Radius:<\/strong> 10\u201d<\/span><\/p>\n<\/li>\n<\/ul>\n<p data-start=\"1921\" data-end=\"1942\"><span style=\"color: #000000;\"><strong data-start=\"1921\" data-end=\"1933\">Pickups:<\/strong> Lollar<\/span><\/p>\n<ul data-start=\"1943\" data-end=\"2029\">\n<li data-start=\"1943\" data-end=\"1970\">\n<p data-start=\"1945\" data-end=\"1970\"><span style=\"color: #000000;\"><strong data-start=\"1945\" data-end=\"1954\">Neck:<\/strong> Lollar Blonde<\/span><\/p>\n<\/li>\n<li data-start=\"1971\" data-end=\"2000\">\n<p data-start=\"1973\" data-end=\"2000\"><span style=\"color: #000000;\"><strong data-start=\"1973\" data-end=\"1984\">Middle:<\/strong> Lollar Blonde<\/span><\/p>\n<\/li>\n<li data-start=\"2001\" data-end=\"2029\">\n<p data-start=\"2003\" data-end=\"2029\"><span style=\"color: #000000;\"><strong data-start=\"2003\" data-end=\"2014\">Bridge:<\/strong> Nash Special<\/span><\/p>\n<\/li>\n<\/ul>\n<p data-start=\"2031\" data-end=\"2059\"><span style=\"color: #000000;\"><strong data-start=\"2031\" data-end=\"2045\">Pickguard:<\/strong> 3-ply, Wei\u00df<\/span><\/p>\n<hr data-start=\"2061\" data-end=\"2064\" \/>\n<h2 data-start=\"2066\" data-end=\"2099\"><span style=\"color: #000000;\"><strong data-start=\"2069\" data-end=\"2099\">Nashguitars bei Guitar2Amp<\/strong><\/span><\/h2>\n<p data-start=\"2101\" data-end=\"2364\"><span style=\"color: #000000;\"><strong data-start=\"2101\" data-end=\"2152\">Guitar2Amp ist offizieller Nashguitars-H\u00e4ndler.<\/strong><\/span><br data-start=\"2152\" data-end=\"2155\" \/><span style=\"color: #000000;\">Wir bieten sorgf\u00e4ltig ausgew\u00e4hlte Lagerinstrumente sowie umfassende Unterst\u00fctzung bei Sonder- und Custom-Bestellungen \u2013 von der Modellauswahl \u00fcber Finish und Aging bis hin zur Pickup- und Bridge-Konfiguration.<\/span><\/p>\n<p data-start=\"2366\" data-end=\"2554\"><span style=\"color: #000000;\">Wenn Sie eine authentische Vintage-Style-Gitarre mit hervorragendem Klang, Spielgef\u00fchl und der Stabilit\u00e4t einer Hardtail-Bridge suchen, ist diese Nashguitars S-63 eine ausgezeichnete Wahl.<\/span><\/p>\n","protected":false},"excerpt":{"rendered":"<h2 data-start=\"123\" data-end=\"173\"><span style=\"color: #000000;\"><strong data-start=\"126\" data-end=\"173\">Nashguitars S-63 \u2013 Dakota Red (Medium Aged)<\/strong><\/span><\/h2>\n<p data-start=\"175\" data-end=\"463\"><span style=\"color: #000000;\">Die <strong data-start=\"179\" data-end=\"199\">Nashguitars S-63<\/strong> in <strong data-start=\"203\" data-end=\"217\">Dakota Red<\/strong> ist eine klassische Boutique-S-Style-Gitarre, inspiriert von Instrumenten aus den fr\u00fchen 1960er-Jahren. Dieses Exemplar bietet authentischen Vintage-Charakter, hervorragende Resonanz und ein nat\u00fcrlich eingespieltes Spielgef\u00fchl vom ersten Ton an.<\/span><\/p>\n<p data-start=\"465\" data-end=\"740\"><span style=\"color: #000000;\">Das <strong data-start=\"469\" data-end=\"490\">Dakota-Red-Finish<\/strong> mit <strong data-start=\"495\" data-end=\"511\">Medium Aging<\/strong> unterstreicht den klassischen Look, w\u00e4hrend die <strong data-start=\"560\" data-end=\"579\">Hardtail-Bridge<\/strong> f\u00fcr erh\u00f6hte Stimmstabilit\u00e4t, st\u00e4rkeren Attack und eine sehr direkte Ansprache sorgt \u2013 ideal f\u00fcr Gitarristen, die Klarheit, Sustain und Zuverl\u00e4ssigkeit sch\u00e4tzen.<\/span><\/p>\n","protected":false},"featured_media":17544,"template":"","meta":{"_monsterinsights_skip_tracking":false,"_monsterinsights_sitenote_active":false,"_monsterinsights_sitenote_note":"","_monsterinsights_sitenote_category":0,"_uf_show_specific_survey":0,"_uf_disable_surveys":false,"_kadence_starter_templates_imported_post":false,"_kad_post_transparent":"default","_kad_post_title":"","_kad_post_layout":"default","_kad_post_sidebar_id":"","_kad_post_content_style":"default","_kad_post_vertical_padding":"default","_kad_post_feature":"","_kad_post_feature_position":"","_kad_post_header":false,"_kad_post_footer":false,"_kad_post_classname":""},"product_brand":[],"product_cat":[207,203,5908],"product_tag":[],"class_list":{"0":"post-17543","1":"product","2":"type-product","3":"status-publish","4":"has-post-thumbnail","6":"product_cat-e-gitarren","7":"product_cat-gitarren","8":"product_cat-nashguitars-de","10":"first","11":"instock","12":"shipping-taxable","13":"purchasable","14":"product-type-simple","15":"entry","16":"content-bg","17":"loop-entry"},"jetpack_sharing_enabled":true,"_links":{"self":[{"href":"https:\/\/guitar2amp.de\/index.php\/wp-json\/wp\/v2\/product\/17543","targetHints":{"allow":["GET"]}}],"collection":[{"href":"https:\/\/guitar2amp.de\/index.php\/wp-json\/wp\/v2\/product"}],"about":[{"href":"https:\/\/guitar2amp.de\/index.php\/wp-json\/wp\/v2\/types\/product"}],"wp:featuredmedia":[{"embeddable":true,"href":"https:\/\/guitar2amp.de\/index.php\/wp-json\/wp\/v2\/media\/17544"}],"wp:attachment":[{"href":"https:\/\/guitar2amp.de\/index.php\/wp-json\/wp\/v2\/media?parent=17543"}],"wp:term":[{"taxonomy":"product_brand","embeddable":true,"href":"https:\/\/guitar2amp.de\/index.php\/wp-json\/wp\/v2\/product_brand?post=17543"},{"taxonomy":"product_cat","embeddable":true,"href":"https:\/\/guitar2amp.de\/index.php\/wp-json\/wp\/v2\/product_cat?post=17543"},{"taxonomy":"product_tag","embeddable":true,"href":"https:\/\/guitar2amp.de\/index.php\/wp-json\/wp\/v2\/product_tag?post=17543"}],"curies":[{"name":"wp","href":"https:\/\/api.w.org\/{rel}","templated":true}]}}