{"id":17587,"date":"2025-12-28T19:18:54","date_gmt":"2025-12-28T18:18:54","guid":{"rendered":"https:\/\/guitar2amp.de\/?post_type=product&#038;p=17587"},"modified":"2025-12-28T19:18:55","modified_gmt":"2025-12-28T18:18:55","slug":"nashguitars-t63-sonic-blue-medium-relic-2","status":"publish","type":"product","link":"https:\/\/guitar2amp.de\/index.php\/pl\/product\/nashguitars-t63-sonic-blue-medium-relic-2\/","title":{"rendered":"Nashguitars T63 Sonic Blue Medium Relic"},"content":{"rendered":"<h2 data-start=\"184\" data-end=\"235\"><span style=\"color: #000000;\"><strong data-start=\"187\" data-end=\"235\">Nashguitars T-63 \u2013 Sonic Blue (Medium Relic)<\/strong><\/span><\/h2>\n<p data-start=\"237\" data-end=\"485\"><span style=\"color: #000000;\"><strong data-start=\"237\" data-end=\"257\">Nashguitars T-63<\/strong> to klasyczna, butikowa gitara typu T-Style, inspirowana instrumentami z pocz\u0105tku lat 60. Model ten \u0142\u0105czy surowy, bezpo\u015bredni charakter telecasterowego brzmienia z doskona\u0142\u0105 grywalno\u015bci\u0105 i feelingiem \u201edobrze ogranego\u201d vintage\u2019a.<\/span><\/p>\n<p data-start=\"487\" data-end=\"677\"><span style=\"color: #000000;\">Wyko\u0144czenie <strong data-start=\"499\" data-end=\"513\">Sonic Blue<\/strong> z <strong data-start=\"516\" data-end=\"532\">Medium Relic<\/strong> nadaje gitarze autentyczny, sceniczny wygl\u0105d oraz podkre\u015bla jej oldschoolowy charakter \u2014 bez kompromis\u00f3w w zakresie stabilno\u015bci i niezawodno\u015bci.<\/span><\/p>\n<hr data-start=\"679\" data-end=\"682\" \/>\n<h2 data-start=\"684\" data-end=\"710\"><span style=\"color: #000000;\"><strong data-start=\"687\" data-end=\"710\">O marce Nashguitars<\/strong><\/span><\/h2>\n<p data-start=\"712\" data-end=\"940\"><span style=\"color: #000000;\"><strong data-start=\"712\" data-end=\"727\">Nashguitars<\/strong> to uznana ameryka\u0144ska marka butikowa za\u0142o\u017cona przez Billa Nasha.<\/span><br data-start=\"792\" data-end=\"795\" \/><span style=\"color: #000000;\">Instrumenty Nashguitars s\u0142yn\u0105 z lekkich korpus\u00f3w, cienkich lakier\u00f3w nitro, starannie postarzanego osprz\u0119tu oraz \u015bwietnie dobranych przetwornik\u00f3w.<\/span><\/p>\n<p data-start=\"942\" data-end=\"1080\"><span style=\"color: #000000;\">To gitary budowane z my\u015bl\u0105 o muzykach \u2014 dynamiczne, rezonuj\u0105ce i reaguj\u0105ce na ka\u017cdy niuans artykulacji, zar\u00f3wno na scenie, jak i w studio.<\/span><\/p>\n<hr data-start=\"1082\" data-end=\"1085\" \/>\n<h2 data-start=\"1087\" data-end=\"1104\"><span style=\"color: #000000;\"><strong data-start=\"1090\" data-end=\"1104\">Model T-63<\/strong><\/span><\/h2>\n<p data-start=\"1106\" data-end=\"1436\"><span style=\"color: #000000;\">Model <strong data-start=\"1112\" data-end=\"1120\">T-63<\/strong> to interpretacja wczesnych telecaster\u00f3w z lat 60., oferuj\u0105ca klasyczny \u201etwang\u201d, klarowny atak i \u015bwietn\u0105 czytelno\u015b\u0107 w miksie.<\/span><br data-start=\"1245\" data-end=\"1248\" \/><span style=\"color: #000000;\">Profil gryfu typu C oraz radius 10\u201d zapewniaj\u0105 wysoki komfort gry, a starannie dobrana elektronika daje szerok\u0105 palet\u0119 brzmie\u0144 \u2014 od czystych, szklanych clean\u00f3w po agresywny, rockowy drive.<\/span><\/p>\n<hr data-start=\"1438\" data-end=\"1441\" \/>\n<h2 data-start=\"1443\" data-end=\"1479\"><span style=\"color: #000000;\"><strong data-start=\"1446\" data-end=\"1479\">Specyfikacja:<\/strong><\/span><\/h2>\n<ul data-start=\"1481\" data-end=\"1634\">\n<li data-start=\"1481\" data-end=\"1500\">\n<p data-start=\"1483\" data-end=\"1500\"><span style=\"color: #000000;\"><strong data-start=\"1483\" data-end=\"1493\">Model:<\/strong> T-63<\/span><\/p>\n<\/li>\n<li data-start=\"1565\" data-end=\"1586\">\n<p data-start=\"1567\" data-end=\"1586\"><span style=\"color: #000000;\"><strong data-start=\"1567\" data-end=\"1578\">Korpus:<\/strong> olcha<\/span><\/p>\n<\/li>\n<li data-start=\"1587\" data-end=\"1612\">\n<p data-start=\"1589\" data-end=\"1612\"><span style=\"color: #000000;\"><strong data-start=\"1589\" data-end=\"1599\">Kolor:<\/strong> Sonic Blue<\/span><\/p>\n<\/li>\n<li data-start=\"1613\" data-end=\"1634\">\n<p data-start=\"1615\" data-end=\"1634\"><span style=\"color: #000000;\"><strong data-start=\"1615\" data-end=\"1625\">Aging:<\/strong> Medium<\/span><\/p>\n<\/li>\n<\/ul>\n<p data-start=\"1636\" data-end=\"1647\"><span style=\"color: #000000;\"><strong data-start=\"1636\" data-end=\"1645\">Gryf:<\/strong><\/span><\/p>\n<ul data-start=\"1648\" data-end=\"1724\">\n<li data-start=\"1648\" data-end=\"1680\">\n<p data-start=\"1650\" data-end=\"1680\"><span style=\"color: #000000;\"><strong data-start=\"1650\" data-end=\"1667\">Podstrunnica:<\/strong> palisander<\/span><\/p>\n<\/li>\n<li data-start=\"1681\" data-end=\"1704\">\n<p data-start=\"1683\" data-end=\"1704\"><span style=\"color: #000000;\"><strong data-start=\"1683\" data-end=\"1700\">Profil gryfu:<\/strong> C<\/span><\/p>\n<\/li>\n<li data-start=\"1705\" data-end=\"1724\">\n<p data-start=\"1707\" data-end=\"1724\"><span style=\"color: #000000;\"><strong data-start=\"1707\" data-end=\"1718\">Radius:<\/strong> 10\u201d<\/span><\/p>\n<\/li>\n<\/ul>\n<p data-start=\"1726\" data-end=\"1752\"><span style=\"color: #000000;\"><strong data-start=\"1726\" data-end=\"1743\">Przetworniki:<\/strong> Lollar<\/span><\/p>\n<ul data-start=\"1753\" data-end=\"1816\">\n<li data-start=\"1753\" data-end=\"1783\">\n<p data-start=\"1755\" data-end=\"1783\"><span style=\"color: #000000;\"><strong data-start=\"1755\" data-end=\"1764\">Neck:<\/strong> Lollar Vintage T<\/span><\/p>\n<\/li>\n<li data-start=\"1784\" data-end=\"1816\">\n<p data-start=\"1786\" data-end=\"1816\"><span style=\"color: #000000;\"><strong data-start=\"1786\" data-end=\"1797\">Bridge:<\/strong> Lollar Special T<\/span><\/p>\n<\/li>\n<\/ul>\n<p data-start=\"1818\" data-end=\"1853\"><span style=\"color: #000000;\"><strong data-start=\"1818\" data-end=\"1832\">Pickguard:<\/strong> 3-warstwowy, bia\u0142y<\/span><\/p>\n<hr data-start=\"1855\" data-end=\"1858\" \/>\n<h2 data-start=\"1860\" data-end=\"1891\"><span style=\"color: #000000;\"><strong data-start=\"1863\" data-end=\"1891\">Nashguitars w Guitar2Amp<\/strong><\/span><\/h2>\n<p data-start=\"1893\" data-end=\"2136\"><span style=\"color: #000000;\"><strong data-start=\"1893\" data-end=\"1945\">Guitar2Amp jest oficjalnym dealerem Nashguitars.<\/strong><\/span><br data-start=\"1945\" data-end=\"1948\" \/><span style=\"color: #000000;\">Oferujemy starannie wyselekcjonowane instrumenty dost\u0119pne od r\u0119ki oraz mo\u017cliwo\u015b\u0107 realizacji zam\u00f3wie\u0144 specjalnych \u2014 od wyboru modelu i koloru, po poziom postarzania i konfiguracj\u0119 osprz\u0119tu.<\/span><\/p>\n<p data-start=\"2138\" data-end=\"2259\"><span style=\"color: #000000;\">Je\u015bli szukasz prawdziwego telecasterowego charakteru w butikowym wydaniu, Nashguitars T-63 to wyb\u00f3r, kt\u00f3ry nie zawiedzie.<\/span><\/p>\n","protected":false},"excerpt":{"rendered":"<p>Nashguitars T-63 \u2013 Sonic Blue (Medium Relic) Nashguitars T-63 to klasyczna, butikowa gitara typu T-Style, inspirowana instrumentami z pocz\u0105tku lat 60. Model ten \u0142\u0105czy surowy, bezpo\u015bredni charakter telecasterowego brzmienia z doskona\u0142\u0105 grywalno\u015bci\u0105 i feelingiem \u201edobrze ogranego\u201d vintage\u2019a. Wyko\u0144czenie Sonic Blue z Medium Relic nadaje gitarze autentyczny, sceniczny wygl\u0105d oraz podkre\u015bla jej oldschoolowy charakter \u2014 bez&#8230;<\/p>\n","protected":false},"featured_media":17588,"template":"","meta":{"_monsterinsights_skip_tracking":false,"_monsterinsights_sitenote_active":false,"_monsterinsights_sitenote_note":"","_monsterinsights_sitenote_category":0,"_uf_show_specific_survey":0,"_uf_disable_surveys":false,"_kadence_starter_templates_imported_post":false,"_kad_post_transparent":"default","_kad_post_title":"","_kad_post_layout":"default","_kad_post_sidebar_id":"","_kad_post_content_style":"default","_kad_post_vertical_padding":"default","_kad_post_feature":"","_kad_post_feature_position":"","_kad_post_header":false,"_kad_post_footer":false,"_kad_post_classname":""},"product_brand":[],"product_cat":[3265,3261,5910],"product_tag":[],"class_list":{"0":"post-17587","1":"product","2":"type-product","3":"status-publish","4":"has-post-thumbnail","6":"product_cat-elektryczne-pl","7":"product_cat-gitary","8":"product_cat-nashguitars-pl","10":"first","11":"instock","12":"shipping-taxable","13":"purchasable","14":"product-type-simple","15":"entry","16":"content-bg","17":"loop-entry"},"jetpack_sharing_enabled":true,"_links":{"self":[{"href":"https:\/\/guitar2amp.de\/index.php\/wp-json\/wp\/v2\/product\/17587","targetHints":{"allow":["GET"]}}],"collection":[{"href":"https:\/\/guitar2amp.de\/index.php\/wp-json\/wp\/v2\/product"}],"about":[{"href":"https:\/\/guitar2amp.de\/index.php\/wp-json\/wp\/v2\/types\/product"}],"wp:featuredmedia":[{"embeddable":true,"href":"https:\/\/guitar2amp.de\/index.php\/wp-json\/wp\/v2\/media\/17588"}],"wp:attachment":[{"href":"https:\/\/guitar2amp.de\/index.php\/wp-json\/wp\/v2\/media?parent=17587"}],"wp:term":[{"taxonomy":"product_brand","embeddable":true,"href":"https:\/\/guitar2amp.de\/index.php\/wp-json\/wp\/v2\/product_brand?post=17587"},{"taxonomy":"product_cat","embeddable":true,"href":"https:\/\/guitar2amp.de\/index.php\/wp-json\/wp\/v2\/product_cat?post=17587"},{"taxonomy":"product_tag","embeddable":true,"href":"https:\/\/guitar2amp.de\/index.php\/wp-json\/wp\/v2\/product_tag?post=17587"}],"curies":[{"name":"wp","href":"https:\/\/api.w.org\/{rel}","templated":true}]}}