{"id":17608,"date":"2025-12-28T19:46:27","date_gmt":"2025-12-28T18:46:27","guid":{"rendered":"https:\/\/guitar2amp.de\/?post_type=product&#038;p=17608"},"modified":"2025-12-28T19:46:58","modified_gmt":"2025-12-28T18:46:58","slug":"nashguitars-t63-sonic-blue-medium-relic-3","status":"publish","type":"product","link":"https:\/\/guitar2amp.de\/index.php\/de\/product\/nashguitars-t63-sonic-blue-medium-relic-3\/","title":{"rendered":"Nashguitars T63 Sonic Blue Medium Relic"},"content":{"rendered":"<h2 data-start=\"139\" data-end=\"190\"><strong data-start=\"142\" data-end=\"190\">Nashguitars T-63 \u2013 Sonic Blue (Medium Relic)<\/strong><\/h2>\n<p data-start=\"192\" data-end=\"507\">Die <strong data-start=\"196\" data-end=\"216\">Nashguitars T-63<\/strong> ist eine klassische Boutique-Gitarre im T-Style, inspiriert von Instrumenten aus den fr\u00fchen 1960er-Jahren. Sie liefert den rohen, direkten Charakter und den typischen Twang klassischer T-Style-Gitarren \u2013 kombiniert mit hervorragender Bespielbarkeit und einem nat\u00fcrlich eingespielten Gef\u00fchl.<\/p>\n<p data-start=\"509\" data-end=\"726\">Das <strong data-start=\"513\" data-end=\"534\">Sonic-Blue-Finish<\/strong> mit <strong data-start=\"539\" data-end=\"555\">Medium Relic<\/strong> verleiht der Gitarre den Look und die Ausstrahlung eines gut gespielten Vintage-Instruments, ohne Kompromisse bei Stabilit\u00e4t, Zuverl\u00e4ssigkeit oder Performance einzugehen.<\/p>\n<hr data-start=\"728\" data-end=\"731\" \/>\n<h2 data-start=\"733\" data-end=\"756\"><strong data-start=\"736\" data-end=\"756\">\u00dcber Nashguitars<\/strong><\/h2>\n<p data-start=\"758\" data-end=\"991\"><strong data-start=\"758\" data-end=\"773\">Nashguitars<\/strong> ist eine renommierte amerikanische Boutique-Gitarrenmarke, gegr\u00fcndet von Bill Nash.<br data-start=\"857\" data-end=\"860\" \/>Die Marke ist bekannt f\u00fcr leichte Korpusse, d\u00fcnne Nitrolackierungen, sorgf\u00e4ltig gealterte Hardware und perfekt abgestimmte Pickups.<\/p>\n<p data-start=\"993\" data-end=\"1134\">Nashguitars-Instrumente sind echte Arbeitsgitarren \u2013 lebendig, resonant und extrem reaktionsschnell, sowohl auf der B\u00fchne als auch im Studio.<\/p>\n<hr data-start=\"1136\" data-end=\"1139\" \/>\n<h2 data-start=\"1141\" data-end=\"1163\"><strong data-start=\"1144\" data-end=\"1163\">Das Modell T-63<\/strong><\/h2>\n<p data-start=\"1165\" data-end=\"1531\">Die <strong data-start=\"1169\" data-end=\"1177\">T-63<\/strong> ist Nashguitars\u2019 Interpretation einer fr\u00fchen 60er-Jahre T-Style-Gitarre.<br data-start=\"1250\" data-end=\"1253\" \/>Sie bietet klassischen Twang, klaren Attack und exzellente Durchsetzung im Bandkontext.<br data-start=\"1340\" data-end=\"1343\" \/>Ein komfortables C-Halsprofil und ein 10\u201d-Radius sorgen f\u00fcr moderne Bespielbarkeit, w\u00e4hrend die Elektronik ein breites Klangspektrum von glockigen Cleans bis zu kernigem Overdrive liefert.<\/p>\n<hr data-start=\"1533\" data-end=\"1536\" \/>\n<h2 data-start=\"1538\" data-end=\"1580\"><strong data-start=\"1541\" data-end=\"1580\">Spezifikationen \u2013 Dieses Instrument<\/strong><\/h2>\n<ul data-start=\"1582\" data-end=\"1737\">\n<li data-start=\"1582\" data-end=\"1602\">\n<p data-start=\"1584\" data-end=\"1602\"><strong data-start=\"1584\" data-end=\"1595\">Modell:<\/strong> T-63<\/p>\n<\/li>\n<li data-start=\"1603\" data-end=\"1627\">\n<p data-start=\"1605\" data-end=\"1627\"><strong data-start=\"1605\" data-end=\"1617\">Order #:<\/strong> NG-6343<\/p>\n<\/li>\n<li data-start=\"1628\" data-end=\"1662\">\n<p data-start=\"1630\" data-end=\"1662\"><strong data-start=\"1630\" data-end=\"1642\">Baujahr:<\/strong> 12. Dezember 2025<\/p>\n<\/li>\n<li data-start=\"1663\" data-end=\"1683\">\n<p data-start=\"1665\" data-end=\"1683\"><strong data-start=\"1665\" data-end=\"1676\">Korpus:<\/strong> Erle<\/p>\n<\/li>\n<li data-start=\"1684\" data-end=\"1709\">\n<p data-start=\"1686\" data-end=\"1709\"><strong data-start=\"1686\" data-end=\"1696\">Farbe:<\/strong> Sonic Blue<\/p>\n<\/li>\n<li data-start=\"1710\" data-end=\"1737\">\n<p data-start=\"1712\" data-end=\"1737\"><strong data-start=\"1712\" data-end=\"1722\">Aging:<\/strong> Medium Relic<\/p>\n<\/li>\n<\/ul>\n<p data-start=\"1739\" data-end=\"1750\"><strong data-start=\"1739\" data-end=\"1748\">Hals:<\/strong><\/p>\n<ul data-start=\"1751\" data-end=\"1823\">\n<li data-start=\"1751\" data-end=\"1781\">\n<p data-start=\"1753\" data-end=\"1781\"><strong data-start=\"1753\" data-end=\"1768\">Griffbrett:<\/strong> Palisander<\/p>\n<\/li>\n<li data-start=\"1782\" data-end=\"1803\">\n<p data-start=\"1784\" data-end=\"1803\"><strong data-start=\"1784\" data-end=\"1799\">Halsprofil:<\/strong> C<\/p>\n<\/li>\n<li data-start=\"1804\" data-end=\"1823\">\n<p data-start=\"1806\" data-end=\"1823\"><strong data-start=\"1806\" data-end=\"1817\">Radius:<\/strong> 10\u201d<\/p>\n<\/li>\n<\/ul>\n<p data-start=\"1825\" data-end=\"1846\"><strong data-start=\"1825\" data-end=\"1837\">Pickups:<\/strong> Lollar<\/p>\n<ul data-start=\"1847\" data-end=\"1910\">\n<li data-start=\"1847\" data-end=\"1877\">\n<p data-start=\"1849\" data-end=\"1877\"><strong data-start=\"1849\" data-end=\"1858\">Neck:<\/strong> Lollar Vintage T<\/p>\n<\/li>\n<li data-start=\"1878\" data-end=\"1910\">\n<p data-start=\"1880\" data-end=\"1910\"><strong data-start=\"1880\" data-end=\"1891\">Bridge:<\/strong> Lollar Special T<\/p>\n<\/li>\n<\/ul>\n<p data-start=\"1912\" data-end=\"1940\"><strong data-start=\"1912\" data-end=\"1926\">Pickguard:<\/strong> 3-ply, Wei\u00df<\/p>\n<hr data-start=\"1942\" data-end=\"1945\" \/>\n<h2 data-start=\"1947\" data-end=\"1980\"><strong data-start=\"1950\" data-end=\"1980\">Nashguitars bei Guitar2Amp<\/strong><\/h2>\n<p data-start=\"1982\" data-end=\"2235\"><strong data-start=\"1982\" data-end=\"2037\">Guitar2Amp ist offizieller H\u00e4ndler von Nashguitars.<\/strong><br data-start=\"2037\" data-end=\"2040\" \/>Wir bieten sorgf\u00e4ltig ausgew\u00e4hlte Lagerinstrumente sowie umfassende Unterst\u00fctzung bei Sonderbestellungen \u2013 von der Wahl des Modells und Finishes bis hin zu Aging-Level und Hardware-Konfiguration.<\/p>\n<p data-start=\"2237\" data-end=\"2404\">Wenn Sie auf der Suche nach authentischem T-Style-Ton mit echtem Vintage-Charakter und Boutique-Handwerkskunst sind, ist die Nashguitars T-63 eine ausgezeichnete Wahl.<\/p>\n","protected":false},"excerpt":{"rendered":"<p>Nashguitars T-63 \u2013 Sonic Blue (Medium Relic) Die Nashguitars T-63 ist eine klassische Boutique-Gitarre im T-Style, inspiriert von Instrumenten aus den fr\u00fchen 1960er-Jahren. Sie liefert den rohen, direkten Charakter und den typischen Twang klassischer T-Style-Gitarren \u2013 kombiniert mit hervorragender Bespielbarkeit und einem nat\u00fcrlich eingespielten Gef\u00fchl. Das Sonic-Blue-Finish mit Medium Relic verleiht der Gitarre den Look&#8230;<\/p>\n","protected":false},"featured_media":17609,"template":"","meta":{"_monsterinsights_skip_tracking":false,"_monsterinsights_sitenote_active":false,"_monsterinsights_sitenote_note":"","_monsterinsights_sitenote_category":0,"_uf_show_specific_survey":0,"_uf_disable_surveys":false,"_kadence_starter_templates_imported_post":false,"_kad_post_transparent":"default","_kad_post_title":"","_kad_post_layout":"default","_kad_post_sidebar_id":"","_kad_post_content_style":"default","_kad_post_vertical_padding":"default","_kad_post_feature":"","_kad_post_feature_position":"","_kad_post_header":false,"_kad_post_footer":false,"_kad_post_classname":""},"product_brand":[],"product_cat":[207,203,5908],"product_tag":[],"class_list":{"0":"post-17608","1":"product","2":"type-product","3":"status-publish","4":"has-post-thumbnail","6":"product_cat-e-gitarren","7":"product_cat-gitarren","8":"product_cat-nashguitars-de","10":"first","11":"instock","12":"shipping-taxable","13":"purchasable","14":"product-type-simple","15":"entry","16":"content-bg","17":"loop-entry"},"jetpack_sharing_enabled":true,"_links":{"self":[{"href":"https:\/\/guitar2amp.de\/index.php\/wp-json\/wp\/v2\/product\/17608","targetHints":{"allow":["GET"]}}],"collection":[{"href":"https:\/\/guitar2amp.de\/index.php\/wp-json\/wp\/v2\/product"}],"about":[{"href":"https:\/\/guitar2amp.de\/index.php\/wp-json\/wp\/v2\/types\/product"}],"wp:featuredmedia":[{"embeddable":true,"href":"https:\/\/guitar2amp.de\/index.php\/wp-json\/wp\/v2\/media\/17609"}],"wp:attachment":[{"href":"https:\/\/guitar2amp.de\/index.php\/wp-json\/wp\/v2\/media?parent=17608"}],"wp:term":[{"taxonomy":"product_brand","embeddable":true,"href":"https:\/\/guitar2amp.de\/index.php\/wp-json\/wp\/v2\/product_brand?post=17608"},{"taxonomy":"product_cat","embeddable":true,"href":"https:\/\/guitar2amp.de\/index.php\/wp-json\/wp\/v2\/product_cat?post=17608"},{"taxonomy":"product_tag","embeddable":true,"href":"https:\/\/guitar2amp.de\/index.php\/wp-json\/wp\/v2\/product_tag?post=17608"}],"curies":[{"name":"wp","href":"https:\/\/api.w.org\/{rel}","templated":true}]}}