{"id":17708,"date":"2026-01-02T11:18:12","date_gmt":"2026-01-02T10:18:12","guid":{"rendered":"https:\/\/guitar2amp.de\/?post_type=product&#038;p=17708"},"modified":"2026-03-01T23:53:25","modified_gmt":"2026-03-01T22:53:25","slug":"suhr-bella-head-case-used-2","status":"publish","type":"product","link":"https:\/\/guitar2amp.de\/index.php\/de\/product\/suhr-bella-head-case-used-2\/","title":{"rendered":"Suhr Bella Head + Case [USED]"},"content":{"rendered":"<h2 data-start=\"103\" data-end=\"125\"><span style=\"color: #000000;\"><strong data-start=\"106\" data-end=\"125\">Suhr Bella Head<\/strong><\/span><\/h2>\n<p data-start=\"127\" data-end=\"444\"><span style=\"color: #000000;\">Der <strong data-start=\"131\" data-end=\"150\">Suhr Bella Head<\/strong> ist ein vollr\u00f6hriger Boutique-Gitarrenverst\u00e4rker aus den USA, entwickelt f\u00fcr Gitarristen, die klassischen amerikanischen Cleansound, gro\u00dfe Dynamik und maximale Pedal-Kompatibilit\u00e4t suchen. Er bietet viel Headroom, eine offene Ansprache und reagiert \u00e4u\u00dferst sensibel auf Spielweise und Effekte.<\/span><\/p>\n<p data-start=\"446\" data-end=\"572\"><span style=\"color: #000000;\">Bella ist als vielseitige Clean-Plattform konzipiert, die auch bei h\u00f6heren Lautst\u00e4rken klar, definiert und musikalisch bleibt.<\/span><\/p>\n<hr data-start=\"574\" data-end=\"577\" \/>\n<h2 data-start=\"579\" data-end=\"603\"><span style=\"color: #000000;\"><strong data-start=\"582\" data-end=\"603\">Sound &amp; Charakter<\/strong><\/span><\/h2>\n<p data-start=\"605\" data-end=\"937\"><span style=\"color: #000000;\">Im Zentrum des Bella Head arbeitet eine <strong data-start=\"645\" data-end=\"661\">6L6-Endstufe<\/strong>, die f\u00fcr druckvolle, volle Clean-Sounds mit hervorragender Klarheit und stabilem Bassfundament sorgt. Der Verst\u00e4rker bietet <strong data-start=\"786\" data-end=\"824\">zwei Leistungsstufen (44 W \/ 22 W)<\/strong>, sodass zwischen maximalem Headroom oder fr\u00fcherem Endstufen-Drive bei geringerer Lautst\u00e4rke gew\u00e4hlt werden kann.<\/span><\/p>\n<p data-start=\"939\" data-end=\"1139\"><span style=\"color: #000000;\">Der Vorverst\u00e4rker liefert einen ausgewogenen Frequenzgang mit warmen H\u00f6hen, straffen B\u00e4ssen und einer sehr offenen Klangstruktur \u2013 ideal f\u00fcr Clean-Sounds, Edge-of-Breakup und pedalbasierte Zerrsounds.<\/span><\/p>\n<hr data-start=\"1141\" data-end=\"1144\" \/>\n<h2 data-start=\"1146\" data-end=\"1178\"><span style=\"color: #000000;\"><strong data-start=\"1149\" data-end=\"1178\">Bedienelemente &amp; Features<\/strong><\/span><\/h2>\n<ul data-start=\"1180\" data-end=\"1589\">\n<li data-start=\"1180\" data-end=\"1221\">\n<p data-start=\"1182\" data-end=\"1221\"><span style=\"color: #000000;\"><strong data-start=\"1182\" data-end=\"1195\">Leistung:<\/strong> umschaltbar 44 W \/ 22 W<\/span><\/p>\n<\/li>\n<li data-start=\"1222\" data-end=\"1254\">\n<p data-start=\"1224\" data-end=\"1254\"><span style=\"color: #000000;\"><strong data-start=\"1224\" data-end=\"1244\">Endstufenr\u00f6hren:<\/strong> 2\u00d76L6GC<\/span><\/p>\n<\/li>\n<li data-start=\"1255\" data-end=\"1287\">\n<p data-start=\"1257\" data-end=\"1287\"><span style=\"color: #000000;\"><strong data-start=\"1257\" data-end=\"1277\">Vorstufenr\u00f6hren:<\/strong> 3\u00d712AX7<\/span><\/p>\n<\/li>\n<li data-start=\"1288\" data-end=\"1329\">\n<p data-start=\"1290\" data-end=\"1329\"><span style=\"color: #000000;\"><strong data-start=\"1290\" data-end=\"1309\">Boost-Schalter:<\/strong> +6 dB Input-Boost<\/span><\/p>\n<\/li>\n<li data-start=\"1330\" data-end=\"1379\">\n<p data-start=\"1332\" data-end=\"1379\"><span style=\"color: #000000;\"><strong data-start=\"1332\" data-end=\"1352\">Bright-Schalter:<\/strong> 3-stufige H\u00f6henanpassung<\/span><\/p>\n<\/li>\n<li data-start=\"1380\" data-end=\"1426\">\n<p data-start=\"1382\" data-end=\"1426\"><span style=\"color: #000000;\"><strong data-start=\"1382\" data-end=\"1393\">Regler:<\/strong> Volume, Treble, Bass, Presence<\/span><\/p>\n<\/li>\n<li data-start=\"1427\" data-end=\"1489\">\n<p data-start=\"1429\" data-end=\"1489\"><span style=\"color: #000000;\"><strong data-start=\"1429\" data-end=\"1460\">R\u00f6hrengepufferter Effektweg<\/strong> mit Send- und Return-Level<\/span><\/p>\n<\/li>\n<li data-start=\"1490\" data-end=\"1534\">\n<p data-start=\"1492\" data-end=\"1534\"><span style=\"color: #000000;\"><strong data-start=\"1492\" data-end=\"1517\">Lautsprecherausg\u00e4nge:<\/strong> 2\u00d78 \u03a9 \/ 1\u00d716 \u03a9<\/span><\/p>\n<\/li>\n<li data-start=\"1535\" data-end=\"1571\">\n<p data-start=\"1537\" data-end=\"1571\"><span style=\"color: #000000;\"><strong data-start=\"1537\" data-end=\"1569\">Vollr\u00f6hren-Boutique-Bauweise<\/strong><\/span><\/p>\n<\/li>\n<li data-start=\"1572\" data-end=\"1589\">\n<p data-start=\"1574\" data-end=\"1589\"><span style=\"color: #000000;\"><strong data-start=\"1574\" data-end=\"1589\">Made in USA<\/strong><\/span><\/p>\n<\/li>\n<\/ul>\n<hr data-start=\"1591\" data-end=\"1594\" \/>\n<h2 data-start=\"1596\" data-end=\"1629\"><span style=\"color: #000000;\"><strong data-start=\"1599\" data-end=\"1629\">Warum der Suhr Bella Head?<\/strong><\/span><\/h2>\n<p data-start=\"1631\" data-end=\"1975\"><span style=\"color: #000000;\">Der Suhr Bella Head verbindet klassischen amerikanischen R\u00f6hrenton mit moderner Flexibilit\u00e4t und erstklassiger Verarbeitungsqualit\u00e4t. Dank der hervorragenden Pedal-Tauglichkeit, der umschaltbaren Leistung und der extrem musikalischen Ansprache ist er die perfekte Wahl f\u00fcr Gitarristen, die eine hochwertige Clean-Plattform mit Charakter suchen.<\/span><\/p>\n<p data-start=\"1977\" data-end=\"2007\"><span style=\"color: #000000;\">Erh\u00e4ltlich bei <strong data-start=\"1992\" data-end=\"2006\">Guitar2Amp<\/strong>.<\/span><\/p>\n","protected":false},"excerpt":{"rendered":"<h2 data-start=\"103\" data-end=\"125\"><span style=\"color: #000000;\"><strong data-start=\"106\" data-end=\"125\">Suhr Bella Head<\/strong><\/span><\/h2>\n<p data-start=\"127\" data-end=\"444\"><span style=\"color: #000000;\">Der <strong data-start=\"131\" data-end=\"150\">Suhr Bella Head<\/strong> ist ein vollr\u00f6hriger Boutique-Gitarrenverst\u00e4rker aus den USA, entwickelt f\u00fcr Gitarristen, die klassischen amerikanischen Cleansound, gro\u00dfe Dynamik und maximale Pedal-Kompatibilit\u00e4t suchen. Er bietet viel Headroom, eine offene Ansprache und reagiert \u00e4u\u00dferst sensibel auf Spielweise und Effekte.<\/span><\/p>\n<p data-start=\"446\" data-end=\"572\"><span style=\"color: #000000;\">Bella ist als vielseitige Clean-Plattform konzipiert, die auch bei h\u00f6heren Lautst\u00e4rken klar, definiert und musikalisch bleibt.<\/span><\/p>\n","protected":false},"featured_media":17709,"template":"","meta":{"_monsterinsights_skip_tracking":false,"_monsterinsights_sitenote_active":false,"_monsterinsights_sitenote_note":"","_monsterinsights_sitenote_category":0,"_uf_show_specific_survey":0,"_uf_disable_surveys":false,"_kadence_starter_templates_imported_post":false,"_kad_post_transparent":"default","_kad_post_title":"","_kad_post_layout":"default","_kad_post_sidebar_id":"","_kad_post_content_style":"default","_kad_post_vertical_padding":"default","_kad_post_feature":"","_kad_post_feature_position":"","_kad_post_header":false,"_kad_post_footer":false,"_kad_post_classname":""},"product_brand":[],"product_cat":[221,219],"product_tag":[],"class_list":{"0":"post-17708","1":"product","2":"type-product","3":"status-publish","4":"has-post-thumbnail","6":"product_cat-e-gitarren-verstaerke","7":"product_cat-verstaerke","9":"first","10":"outofstock","11":"shipping-taxable","12":"purchasable","13":"product-type-simple","14":"entry","15":"content-bg","16":"loop-entry"},"jetpack_sharing_enabled":true,"_links":{"self":[{"href":"https:\/\/guitar2amp.de\/index.php\/wp-json\/wp\/v2\/product\/17708","targetHints":{"allow":["GET"]}}],"collection":[{"href":"https:\/\/guitar2amp.de\/index.php\/wp-json\/wp\/v2\/product"}],"about":[{"href":"https:\/\/guitar2amp.de\/index.php\/wp-json\/wp\/v2\/types\/product"}],"wp:featuredmedia":[{"embeddable":true,"href":"https:\/\/guitar2amp.de\/index.php\/wp-json\/wp\/v2\/media\/17709"}],"wp:attachment":[{"href":"https:\/\/guitar2amp.de\/index.php\/wp-json\/wp\/v2\/media?parent=17708"}],"wp:term":[{"taxonomy":"product_brand","embeddable":true,"href":"https:\/\/guitar2amp.de\/index.php\/wp-json\/wp\/v2\/product_brand?post=17708"},{"taxonomy":"product_cat","embeddable":true,"href":"https:\/\/guitar2amp.de\/index.php\/wp-json\/wp\/v2\/product_cat?post=17708"},{"taxonomy":"product_tag","embeddable":true,"href":"https:\/\/guitar2amp.de\/index.php\/wp-json\/wp\/v2\/product_tag?post=17708"}],"curies":[{"name":"wp","href":"https:\/\/api.w.org\/{rel}","templated":true}]}}