{"id":17895,"date":"2026-01-06T18:56:46","date_gmt":"2026-01-06T17:56:46","guid":{"rendered":"https:\/\/guitar2amp.de\/?post_type=product&#038;p=17895"},"modified":"2026-02-05T13:07:50","modified_gmt":"2026-02-05T12:07:50","slug":"macmull-s-evolution-aged-white-olimpic-white-soft-relic-3","status":"publish","type":"product","link":"https:\/\/guitar2amp.de\/index.php\/pl\/product\/macmull-s-evolution-aged-white-olimpic-white-soft-relic-3\/","title":{"rendered":"Macmull S Evolution Aged White \/ Olimpic White Soft Relic"},"content":{"rendered":"<h2 data-start=\"155\" data-end=\"206\"><span style=\"color: #000000;\"><strong data-start=\"158\" data-end=\"204\">Macmull S-Evo \u2013 Olympic White (Soft Relic)<\/strong><\/span><\/h2>\n<p data-start=\"207\" data-end=\"268\"><span style=\"color: #000000;\"><strong data-start=\"207\" data-end=\"268\">Boutique S-Style Electric Guitar | Macmull Custom Guitars<\/strong><\/span><\/p>\n<p data-start=\"270\" data-end=\"599\"><span style=\"color: #000000;\"><strong data-start=\"270\" data-end=\"287\">Macmull S-Evo<\/strong> to butikowa gitara elektryczna typu S-style, \u0142\u0105cz\u0105ca autentyczny vintage\u2019owy charakter z nowoczesn\u0105 grywalno\u015bci\u0105 i niezawodno\u015bci\u0105. Instrument powsta\u0142 zgodnie z filozofi\u0105 <strong data-start=\"458\" data-end=\"488\">R.V.T. \u2013 Real Vintage Tone<\/strong>, gdzie ka\u017cdy element jest starannie dobrany i zestrojony tak, aby ca\u0142o\u015b\u0107 rezonowa\u0142a jako jeden, sp\u00f3jny system.<\/span><\/p>\n<p data-start=\"601\" data-end=\"763\"><span style=\"color: #000000;\">Lekka, dynamiczna i niezwykle responsywna \u2014 S-Evo zosta\u0142a zaprojektowana dla gitarzyst\u00f3w, kt\u00f3rzy ceni\u0105 <strong data-start=\"704\" data-end=\"762\">feeling, artykulacj\u0119 i prawdziwy charakter instrumentu<\/strong>.<\/span><\/p>\n<hr data-start=\"765\" data-end=\"768\" \/>\n<h2 data-start=\"770\" data-end=\"807\"><span style=\"color: #000000;\"><strong data-start=\"773\" data-end=\"807\">Macmull Custom Guitars \u2013 marka<\/strong><\/span><\/h2>\n<p data-start=\"809\" data-end=\"1109\"><span style=\"color: #000000;\"><strong data-start=\"809\" data-end=\"835\">Macmull Custom Guitars<\/strong> to renomowana marka butikowa z Izraela, za\u0142o\u017cona przez <strong data-start=\"891\" data-end=\"906\">Tal Macmull<\/strong> i <strong data-start=\"909\" data-end=\"924\">Amit Sadras<\/strong>. Gitary Macmull s\u0105 budowane w bardzo ograniczonych ilo\u015bciach, z naciskiem na selekcj\u0119 drewna, r\u0119czne strojenie instrumentu oraz brzmienie inspirowane najlepszymi egzemplarzami vintage.<\/span><\/p>\n<p data-start=\"1111\" data-end=\"1237\"><span style=\"color: #000000;\">Ka\u017cda gitara Macmull jest indywidualnie \u201evoicowana\u201d, dzi\u0119ki czemu wyr\u00f3\u017cnia si\u0119 wyj\u0105tkow\u0105 dynamik\u0105, rezonansem i muzykalno\u015bci\u0105.<\/span><\/p>\n<hr data-start=\"1239\" data-end=\"1242\" \/>\n<h2 data-start=\"1244\" data-end=\"1262\"><span style=\"color: #000000;\"><strong data-start=\"1247\" data-end=\"1262\">Model S-Evo<\/strong><\/span><\/h2>\n<p data-start=\"1264\" data-end=\"1540\"><span style=\"color: #000000;\">Model <strong data-start=\"1270\" data-end=\"1279\">S-Evo<\/strong> to rozwini\u0119cie klasycznej formy S-style o subtelne, nowoczesne rozwi\u0105zania. <strong data-start=\"1356\" data-end=\"1374\">Korpus z olchy<\/strong>, <strong data-start=\"1376\" data-end=\"1407\">jednocz\u0119\u015bciowy gryf z klonu<\/strong> oraz <strong data-start=\"1413\" data-end=\"1459\">podstrunnica z palisandru madagaskarskiego<\/strong> zapewniaj\u0105 zbalansowane, otwarte brzmienie z doskona\u0142\u0105 czytelno\u015bci\u0105 i sustainem.<\/span><\/p>\n<p data-start=\"1542\" data-end=\"1810\"><span style=\"color: #000000;\">Profil gryfu <strong data-start=\"1555\" data-end=\"1573\">Macmull Oval C<\/strong> gwarantuje komfort zar\u00f3wno przy grze akordowej, jak i solowej. Wyko\u0144czenie <strong data-start=\"1649\" data-end=\"1679\">Aged White \/ Olympic White<\/strong> z delikatnym <strong data-start=\"1693\" data-end=\"1707\">Soft Relic<\/strong> sprawia, \u017ce gitara od pierwszego kontaktu wygl\u0105da i czuje si\u0119 jak doskonale ograny instrument vintage.<\/span><\/p>\n<hr data-start=\"1812\" data-end=\"1815\" \/>\n<h2 data-start=\"1817\" data-end=\"1836\"><span style=\"color: #000000;\"><strong data-start=\"1820\" data-end=\"1836\">Specyfikacja<\/strong><\/span><\/h2>\n<ul data-start=\"1838\" data-end=\"2515\">\n<li data-start=\"1838\" data-end=\"1869\">\n<p data-start=\"1840\" data-end=\"1869\"><span style=\"color: #000000;\"><strong data-start=\"1840\" data-end=\"1855\">Orientacja:<\/strong> prawor\u0119czna<\/span><\/p>\n<\/li>\n<li data-start=\"1870\" data-end=\"1898\">\n<p data-start=\"1872\" data-end=\"1898\"><span style=\"color: #000000;\"><strong data-start=\"1872\" data-end=\"1881\">Waga:<\/strong> ok. <strong data-start=\"1886\" data-end=\"1896\">3,4 kg<\/strong><\/span><\/p>\n<\/li>\n<li data-start=\"1899\" data-end=\"1920\">\n<p data-start=\"1901\" data-end=\"1920\"><span style=\"color: #000000;\"><strong data-start=\"1901\" data-end=\"1912\">Korpus:<\/strong> olcha<\/span><\/p>\n<\/li>\n<li data-start=\"1921\" data-end=\"1963\">\n<p data-start=\"1923\" data-end=\"1963\"><span style=\"color: #000000;\"><strong data-start=\"1923\" data-end=\"1932\">Gryf:<\/strong> jednocz\u0119\u015bciowy, klon premium<\/span><\/p>\n<\/li>\n<li data-start=\"1964\" data-end=\"2010\">\n<p data-start=\"1966\" data-end=\"2010\"><span style=\"color: #000000;\"><strong data-start=\"1966\" data-end=\"1983\">Podstrunnica:<\/strong> palisander madagaskarski<\/span><\/p>\n<\/li>\n<li data-start=\"2011\" data-end=\"2093\">\n<p data-start=\"2013\" data-end=\"2047\"><span style=\"color: #000000;\"><strong data-start=\"2013\" data-end=\"2030\">Profil gryfu:<\/strong> Macmull Oval C<\/span><\/p>\n<ul data-start=\"2050\" data-end=\"2093\">\n<li data-start=\"2050\" data-end=\"2070\">\n<p data-start=\"2052\" data-end=\"2070\"><span style=\"color: #000000;\">20,6 mm \u2013 I pr\u00f3g<\/span><\/p>\n<\/li>\n<li data-start=\"2073\" data-end=\"2093\">\n<p data-start=\"2075\" data-end=\"2093\"><span style=\"color: #000000;\">24 mm \u2013 XII pr\u00f3g<\/span><\/p>\n<\/li>\n<\/ul>\n<\/li>\n<li data-start=\"2094\" data-end=\"2127\">\n<p data-start=\"2096\" data-end=\"2127\"><span style=\"color: #000000;\"><strong data-start=\"2096\" data-end=\"2119\">Szeroko\u015b\u0107 siode\u0142ka:<\/strong> 42 mm<\/span><\/p>\n<\/li>\n<li data-start=\"2128\" data-end=\"2171\">\n<p data-start=\"2130\" data-end=\"2171\"><span style=\"color: #000000;\"><strong data-start=\"2130\" data-end=\"2161\">Szeroko\u015b\u0107 gryfu (XXI pr\u00f3g):<\/strong> 55,6 mm<\/span><\/p>\n<\/li>\n<li data-start=\"2172\" data-end=\"2192\">\n<p data-start=\"2174\" data-end=\"2192\"><span style=\"color: #000000;\"><strong data-start=\"2174\" data-end=\"2185\">Radius:<\/strong> 9,5&#8243;<\/span><\/p>\n<\/li>\n<li data-start=\"2193\" data-end=\"2226\">\n<p data-start=\"2195\" data-end=\"2226\"><span style=\"color: #000000;\"><strong data-start=\"2195\" data-end=\"2205\">Progi:<\/strong> Jescar 57110 Jumbo<\/span><\/p>\n<\/li>\n<li data-start=\"2227\" data-end=\"2263\">\n<p data-start=\"2229\" data-end=\"2263\"><span style=\"color: #000000;\"><strong data-start=\"2229\" data-end=\"2243\">Pickguard:<\/strong> Mint Green, 3-ply<\/span><\/p>\n<\/li>\n<li data-start=\"2264\" data-end=\"2317\">\n<p data-start=\"2266\" data-end=\"2317\"><span style=\"color: #000000;\"><strong data-start=\"2266\" data-end=\"2282\">Wyko\u0144czenie:<\/strong> Aged White \/ Olympic White (mat)<\/span><\/p>\n<\/li>\n<li data-start=\"2318\" data-end=\"2343\">\n<p data-start=\"2320\" data-end=\"2343\"><span style=\"color: #000000;\"><strong data-start=\"2320\" data-end=\"2330\">Aging:<\/strong> Soft Relic<\/span><\/p>\n<\/li>\n<li data-start=\"2344\" data-end=\"2394\">\n<p data-start=\"2346\" data-end=\"2394\"><span style=\"color: #000000;\"><strong data-start=\"2346\" data-end=\"2357\">G\u0142\u00f3wka:<\/strong> Americana (naturalna, czarne logo)<\/span><\/p>\n<\/li>\n<li data-start=\"2395\" data-end=\"2430\">\n<p data-start=\"2397\" data-end=\"2430\"><span style=\"color: #000000;\"><strong data-start=\"2397\" data-end=\"2408\">Struny:<\/strong> D\u2019Addario NYXL .010<\/span><\/p>\n<\/li>\n<li data-start=\"2431\" data-end=\"2478\">\n<p data-start=\"2433\" data-end=\"2478\"><span style=\"color: #000000;\"><strong data-start=\"2433\" data-end=\"2445\">Futera\u0142:<\/strong> Custom Macmull Hard Case (G&amp;G)<\/span><\/p>\n<\/li>\n<li data-start=\"2479\" data-end=\"2515\">\n<p data-start=\"2481\" data-end=\"2515\"><span style=\"color: #000000;\"><strong data-start=\"2481\" data-end=\"2495\">Neckplate:<\/strong> grawer \u201eGuitar2Amp\u201d<\/span><\/p>\n<\/li>\n<\/ul>\n<hr data-start=\"2517\" data-end=\"2520\" \/>\n<h2 data-start=\"2522\" data-end=\"2549\"><span style=\"color: #000000;\"><strong data-start=\"2525\" data-end=\"2549\">Macmull w Guitar2Amp<\/strong><\/span><\/h2>\n<p data-start=\"2551\" data-end=\"2775\"><span style=\"color: #000000;\"><strong data-start=\"2551\" data-end=\"2565\">Guitar2Amp<\/strong> jest <strong data-start=\"2571\" data-end=\"2620\">autoryzowanym dealerem Macmull Custom Guitars<\/strong>.<\/span><br data-start=\"2621\" data-end=\"2624\" \/><span style=\"color: #000000;\">Oferujemy mo\u017cliwo\u015b\u0107 <strong data-start=\"2644\" data-end=\"2712\">zam\u00f3wienia dowolnego modelu Macmull w pe\u0142nej konfiguracji custom<\/strong> \u2014 od drewna i profilu gryfu, po wyko\u0144czenie, pickupy i detale.<\/span><\/p>\n<p data-start=\"2777\" data-end=\"2873\"><span style=\"color: #000000;\">Skontaktuj si\u0119 z nami lub odwied\u017a showroom, aby uzyska\u0107 wi\u0119cej informacji i indywidualn\u0105 wycen\u0119.<\/span><\/p>\n","protected":false},"excerpt":{"rendered":"<h2 data-start=\"155\" data-end=\"206\"><span style=\"color: #000000;\"><strong data-start=\"158\" data-end=\"204\">Macmull S-Evo \u2013 Olympic White (Soft Relic)<\/strong><\/span><\/h2>\n<p data-start=\"207\" data-end=\"268\"><span style=\"color: #000000;\"><strong data-start=\"207\" data-end=\"268\">Boutique S-Style Electric Guitar | Macmull Custom Guitars<\/strong><\/span><\/p>\n<p data-start=\"270\" data-end=\"599\"><span style=\"color: #000000;\"><strong data-start=\"270\" data-end=\"287\">Macmull S-Evo<\/strong> to butikowa gitara elektryczna typu S-style, \u0142\u0105cz\u0105ca autentyczny vintage\u2019owy charakter z nowoczesn\u0105 grywalno\u015bci\u0105 i niezawodno\u015bci\u0105. Instrument powsta\u0142 zgodnie z filozofi\u0105 <strong data-start=\"458\" data-end=\"488\">R.V.T. \u2013 Real Vintage Tone<\/strong>, gdzie ka\u017cdy element jest starannie dobrany i zestrojony tak, aby ca\u0142o\u015b\u0107 rezonowa\u0142a jako jeden, sp\u00f3jny system.<\/span><\/p>\n<p data-start=\"601\" data-end=\"763\"><span style=\"color: #000000;\">Lekka, dynamiczna i niezwykle responsywna \u2014 S-Evo zosta\u0142a zaprojektowana dla gitarzyst\u00f3w, kt\u00f3rzy ceni\u0105 <strong data-start=\"704\" data-end=\"762\">feeling, artykulacj\u0119 i prawdziwy charakter instrumentu<\/strong>.<\/span><\/p>\n<p data-start=\"601\" data-end=\"763\"><a href=\"https:\/\/guitar2amp.de\/index.php\/pl\/macmull-custom-guitars-2\/\">Wi\u0119cj o gitarach Macmull Custom Guitars<strong>\u2192<\/strong><\/a><\/p>\n","protected":false},"featured_media":17896,"template":"","meta":{"_monsterinsights_skip_tracking":false,"_monsterinsights_sitenote_active":false,"_monsterinsights_sitenote_note":"","_monsterinsights_sitenote_category":0,"_uf_show_specific_survey":0,"_uf_disable_surveys":false,"_kadence_starter_templates_imported_post":false,"_kad_post_transparent":"default","_kad_post_title":"","_kad_post_layout":"default","_kad_post_sidebar_id":"","_kad_post_content_style":"default","_kad_post_vertical_padding":"default","_kad_post_feature":"","_kad_post_feature_position":"","_kad_post_header":false,"_kad_post_footer":false,"_kad_post_classname":""},"product_brand":[],"product_cat":[5346],"product_tag":[],"class_list":{"0":"post-17895","1":"product","2":"type-product","3":"status-publish","4":"has-post-thumbnail","6":"product_cat-macmull-custom-pl","8":"first","9":"onbackorder","10":"shipping-taxable","11":"purchasable","12":"product-type-simple","13":"entry","14":"content-bg","15":"loop-entry"},"jetpack_sharing_enabled":true,"_links":{"self":[{"href":"https:\/\/guitar2amp.de\/index.php\/wp-json\/wp\/v2\/product\/17895","targetHints":{"allow":["GET"]}}],"collection":[{"href":"https:\/\/guitar2amp.de\/index.php\/wp-json\/wp\/v2\/product"}],"about":[{"href":"https:\/\/guitar2amp.de\/index.php\/wp-json\/wp\/v2\/types\/product"}],"wp:featuredmedia":[{"embeddable":true,"href":"https:\/\/guitar2amp.de\/index.php\/wp-json\/wp\/v2\/media\/17896"}],"wp:attachment":[{"href":"https:\/\/guitar2amp.de\/index.php\/wp-json\/wp\/v2\/media?parent=17895"}],"wp:term":[{"taxonomy":"product_brand","embeddable":true,"href":"https:\/\/guitar2amp.de\/index.php\/wp-json\/wp\/v2\/product_brand?post=17895"},{"taxonomy":"product_cat","embeddable":true,"href":"https:\/\/guitar2amp.de\/index.php\/wp-json\/wp\/v2\/product_cat?post=17895"},{"taxonomy":"product_tag","embeddable":true,"href":"https:\/\/guitar2amp.de\/index.php\/wp-json\/wp\/v2\/product_tag?post=17895"}],"curies":[{"name":"wp","href":"https:\/\/api.w.org\/{rel}","templated":true}]}}