{"id":18000,"date":"2026-01-07T09:51:50","date_gmt":"2026-01-07T08:51:50","guid":{"rendered":"https:\/\/guitar2amp.de\/?post_type=product&#038;p=18000"},"modified":"2026-01-17T17:14:12","modified_gmt":"2026-01-17T16:14:12","slug":"18000","status":"publish","type":"product","link":"https:\/\/guitar2amp.de\/index.php\/pl\/product\/18000\/","title":{"rendered":"Macmull Stinger Superlight Black Medium Relic"},"content":{"rendered":"<h2 data-start=\"100\" data-end=\"163\"><span style=\"color: #000000;\"><strong data-start=\"103\" data-end=\"163\">Macmull Stinger Superlight \u2013 Black | butikowa gitara P90<\/strong><\/span><\/h2>\n<p data-start=\"165\" data-end=\"519\"><span style=\"color: #000000;\"><strong data-start=\"165\" data-end=\"195\">Macmull Stinger Superlight<\/strong> to najwy\u017cszej klasy butikowa gitara elektryczna, stworzona dla muzyk\u00f3w, kt\u00f3rzy szukaj\u0105 maksymalnej responsywno\u015bci, rezonansu i charakteru. Wersja <strong data-start=\"342\" data-end=\"356\">Superlight<\/strong> oznacza <strong data-start=\"365\" data-end=\"411\">najwy\u017cszy poziom selekcji drewna w Macmull<\/strong> \u2013 do takich instrument\u00f3w wybierane s\u0105 wy\u0142\u0105cznie najl\u017cejsze i najbardziej rezonuj\u0105ce kawa\u0142ki koriny (limby).<\/span><\/p>\n<p data-start=\"521\" data-end=\"675\"><span style=\"color: #000000;\">Przy wadze zaledwie <strong data-start=\"541\" data-end=\"556\">ok. 3,17 kg<\/strong> gitara oferuje wyj\u0105tkow\u0105 dynamik\u0119, szybki atak i komfort gry, kt\u00f3ry doceni\u0105 zar\u00f3wno muzycy koncertowi, jak i studyjni.<\/span><\/p>\n<p data-start=\"677\" data-end=\"1026\"><span style=\"color: #000000;\">Korpus z <strong data-start=\"686\" data-end=\"704\">koriny (limba)<\/strong> w czarnym wyko\u0144czeniu, uzupe\u0142niony o <strong data-start=\"742\" data-end=\"758\">Medium Relic<\/strong>, zapewnia otwarty, ciep\u0142y \u015brodek pasma, naturalny sustain i doskona\u0142\u0105 reakcj\u0119 na artykulacj\u0119 prawej r\u0119ki. Zastosowane <strong data-start=\"877\" data-end=\"909\">przetworniki Macmull RVT P90<\/strong> oferuj\u0105 szerok\u0105 palet\u0119 brzmie\u0144 \u2013 od klarownych, vintage\u2019owych clean\u00f3w po t\u0142usty, dynamiczny overdrive z charakterem.<\/span><\/p>\n<p data-start=\"1028\" data-end=\"1265\"><span style=\"color: #000000;\">Komfortowy profil gryfu <strong data-start=\"1052\" data-end=\"1070\">Macmull Oval C<\/strong>, podstrunnica z palisandru madagaskarskiego oraz starannie dobrany osprz\u0119t sprawiaj\u0105, \u017ce Stinger Superlight jest instrumentem bez kompromis\u00f3w \u2013 bezpo\u015brednim, inspiruj\u0105cym i niezwykle muzykalnym.<\/span><\/p>\n<h3 data-start=\"1267\" data-end=\"1323\"><span style=\"color: #000000;\"><strong data-start=\"1271\" data-end=\"1323\">Superlight \u2013 najwy\u017csza selekcja drewna w Macmull<\/strong><\/span><\/h3>\n<p data-start=\"1324\" data-end=\"1576\"><span style=\"color: #000000;\">Oznaczenie <strong data-start=\"1335\" data-end=\"1349\">Superlight<\/strong> to topowa opcja w ofercie Macmull. Gitary w tej specyfikacji powstaj\u0105 z wyj\u0105tkowo lekkiego i rezonuj\u0105cego drewna, co przek\u0142ada si\u0119 na bardziej otwarte brzmienie, wi\u0119ksz\u0105 dynamik\u0119 i \u201e\u017cycie\u201d instrumentu ju\u017c od pierwszego akordu.<\/span><\/p>\n<p data-start=\"1324\" data-end=\"1576\"><a href=\"https:\/\/guitar2amp.de\/index.php\/pl\/macmull-custom-guitars-2\/\">Wi\u0119cj o gitarach Macmull Custom Guitars<strong>\u2192<\/strong><\/a><\/p>\n<h3 data-start=\"1578\" data-end=\"1605\"><span style=\"color: #000000;\"><strong data-start=\"1582\" data-end=\"1605\">Najwa\u017cniejsze cechy<\/strong><\/span><\/h3>\n<ul data-start=\"1606\" data-end=\"1887\">\n<li data-start=\"1606\" data-end=\"1662\">\n<p data-start=\"1608\" data-end=\"1662\"><span style=\"color: #000000;\"><strong data-start=\"1608\" data-end=\"1622\">Superlight<\/strong> \u2013 najwy\u017csza selekcja drewna w Macmull<\/span><\/p>\n<\/li>\n<li data-start=\"1663\" data-end=\"1687\">\n<p data-start=\"1665\" data-end=\"1687\"><span style=\"color: #000000;\">Waga ok. <strong data-start=\"1674\" data-end=\"1685\">3,17 kg<\/strong><\/span><\/p>\n<\/li>\n<li data-start=\"1688\" data-end=\"1715\">\n<p data-start=\"1690\" data-end=\"1715\"><span style=\"color: #000000;\">Korpus z koriny (limba)<\/span><\/p>\n<\/li>\n<li data-start=\"1716\" data-end=\"1753\">\n<p data-start=\"1718\" data-end=\"1753\"><span style=\"color: #000000;\">Czarne wyko\u0144czenie + Medium Relic<\/span><\/p>\n<\/li>\n<li data-start=\"1754\" data-end=\"1790\">\n<p data-start=\"1756\" data-end=\"1790\"><span style=\"color: #000000;\">Przetworniki <strong data-start=\"1769\" data-end=\"1788\">Macmull RVT P90<\/strong><\/span><\/p>\n<\/li>\n<li data-start=\"1791\" data-end=\"1833\">\n<p data-start=\"1793\" data-end=\"1833\"><span style=\"color: #000000;\">Komfortowy profil gryfu Macmull Oval C<\/span><\/p>\n<\/li>\n<li data-start=\"1834\" data-end=\"1887\">\n<p data-start=\"1836\" data-end=\"1887\"><span style=\"color: #000000;\">Butikowe wykonanie i najwy\u017csza jako\u015b\u0107 komponent\u00f3w<\/span><\/p>\n<\/li>\n<\/ul>\n<h3 data-start=\"1889\" data-end=\"1920\"><span style=\"color: #000000;\"><strong data-start=\"1893\" data-end=\"1920\">Specyfikacja techniczna<\/strong><\/span><\/h3>\n<ul data-start=\"1921\" data-end=\"2569\">\n<li data-start=\"1921\" data-end=\"1948\">\n<p data-start=\"1923\" data-end=\"1948\"><span style=\"color: #000000;\">Orientacja: prawor\u0119czna<\/span><\/p>\n<\/li>\n<li data-start=\"1949\" data-end=\"1975\">\n<p data-start=\"1951\" data-end=\"1975\"><span style=\"color: #000000;\">Korpus: Korina (Limba)<\/span><\/p>\n<\/li>\n<li data-start=\"1976\" data-end=\"1998\">\n<p data-start=\"1978\" data-end=\"1998\"><span style=\"color: #000000;\">Wyko\u0144czenie: Black<\/span><\/p>\n<\/li>\n<li data-start=\"1999\" data-end=\"2028\">\n<p data-start=\"2001\" data-end=\"2028\"><span style=\"color: #000000;\">Postarzanie: Medium Relic<\/span><\/p>\n<\/li>\n<li data-start=\"2029\" data-end=\"2103\">\n<p data-start=\"2031\" data-end=\"2103\"><span style=\"color: #000000;\">Profil gryfu: Macmull Oval C (20,6 mm na I progu \/ 24 mm na XII progu)<\/span><\/p>\n<\/li>\n<li data-start=\"2104\" data-end=\"2146\">\n<p data-start=\"2106\" data-end=\"2146\"><span style=\"color: #000000;\">Podstrunnica: palisander madagaskarski<\/span><\/p>\n<\/li>\n<li data-start=\"2147\" data-end=\"2162\">\n<p data-start=\"2149\" data-end=\"2162\"><span style=\"color: #000000;\">Radius: 12&#8243;<\/span><\/p>\n<\/li>\n<li data-start=\"2163\" data-end=\"2215\">\n<p data-start=\"2165\" data-end=\"2215\"><span style=\"color: #000000;\">Szeroko\u015b\u0107 siode\u0142ka: 42 mm (55,6 mm na 21. progu)<\/span><\/p>\n<\/li>\n<li data-start=\"2216\" data-end=\"2248\">\n<p data-start=\"2218\" data-end=\"2248\"><span style=\"color: #000000;\">Progi: Jescar 47090 (Medium)<\/span><\/p>\n<\/li>\n<li data-start=\"2249\" data-end=\"2302\">\n<p data-start=\"2251\" data-end=\"2302\"><span style=\"color: #000000;\">Przetworniki: 2 \u00d7 Macmull RVT P90 (bridge &amp; neck)<\/span><\/p>\n<\/li>\n<li data-start=\"2303\" data-end=\"2361\">\n<p data-start=\"2305\" data-end=\"2361\"><span style=\"color: #000000;\">Os\u0142ony pickup\u00f3w: surowe, nielakierowane niklowe srebro<\/span><\/p>\n<\/li>\n<li data-start=\"2362\" data-end=\"2395\">\n<p data-start=\"2364\" data-end=\"2395\"><span style=\"color: #000000;\">Pickguard: 5-warstwowy czarny<\/span><\/p>\n<\/li>\n<li data-start=\"2396\" data-end=\"2461\">\n<p data-start=\"2398\" data-end=\"2461\"><span style=\"color: #000000;\">Mostek: Macmull Stinger Lightweight Bridge, mosi\u0119\u017cne siode\u0142ka<\/span><\/p>\n<\/li>\n<li data-start=\"2462\" data-end=\"2493\">\n<p data-start=\"2464\" data-end=\"2493\"><span style=\"color: #000000;\">Struny: D\u2019Addario NYXL .010<\/span><\/p>\n<\/li>\n<li data-start=\"2494\" data-end=\"2522\">\n<p data-start=\"2496\" data-end=\"2522\"><span style=\"color: #000000;\">Futera\u0142: Mono M80 Sleeve<\/span><\/p>\n<\/li>\n<li data-start=\"2523\" data-end=\"2569\">\n<p data-start=\"2525\" data-end=\"2569\"><span style=\"color: #000000;\">Uwagi: grawer na p\u0142ytce gryfu <strong data-start=\"2555\" data-end=\"2569\">Guitar2Amp<\/strong><\/span><\/p>\n<\/li>\n<\/ul>\n<h3 data-start=\"2571\" data-end=\"2599\"><span style=\"color: #000000;\"><strong data-start=\"2575\" data-end=\"2599\">Macmull w Guitar2Amp<\/strong><\/span><\/h3>\n<p data-start=\"2600\" data-end=\"2903\"><span style=\"color: #000000;\">Macmull Custom Guitars to niewielka, butikowa produkcja i absolutna dba\u0142o\u015b\u0107 o detal, brzmienie oraz feeling instrumentu.<\/span><br data-start=\"2720\" data-end=\"2723\" \/><span style=\"color: #000000;\"><strong data-start=\"2723\" data-end=\"2737\">Guitar2Amp<\/strong> jest <strong data-start=\"2743\" data-end=\"2777\">autoryzowanym dealerem Macmull<\/strong>, oferuj\u0105cym pe\u0142n\u0105 gwarancj\u0119, faktur\u0119 VAT oraz mo\u017cliwo\u015b\u0107 <strong data-start=\"2834\" data-end=\"2902\">zam\u00f3wienia dowolnego modelu Macmull w indywidualnej konfiguracji<\/strong>.<\/span><\/p>\n<p data-start=\"2905\" data-end=\"3015\"><span style=\"color: #000000;\"><strong data-start=\"2905\" data-end=\"2935\">Macmull Stinger Superlight<\/strong> to nie tylko gitara \u2013 to \u015bwiadomy wyb\u00f3r najwy\u017cszej klasy brzmienia i rzemios\u0142a.<\/span><\/p>\n","protected":false},"excerpt":{"rendered":"<h2 data-start=\"100\" data-end=\"163\"><span style=\"color: #000000;\"><strong data-start=\"103\" data-end=\"163\">Macmull Stinger Superlight \u2013 Black | butikowa gitara P90<\/strong><\/span><\/h2>\n<p data-start=\"165\" data-end=\"519\"><span style=\"color: #000000;\"><strong data-start=\"165\" data-end=\"195\">Macmull Stinger Superlight<\/strong> to najwy\u017cszej klasy butikowa gitara elektryczna, stworzona dla muzyk\u00f3w, kt\u00f3rzy szukaj\u0105 maksymalnej responsywno\u015bci, rezonansu i charakteru. Wersja <strong data-start=\"342\" data-end=\"356\">Superlight<\/strong> oznacza <strong data-start=\"365\" data-end=\"411\">najwy\u017cszy poziom selekcji drewna w Macmull<\/strong> \u2013 do takich instrument\u00f3w wybierane s\u0105 wy\u0142\u0105cznie najl\u017cejsze i najbardziej rezonuj\u0105ce kawa\u0142ki koriny (limby).<\/span><\/p>\n<p data-start=\"521\" data-end=\"675\"><span style=\"color: #000000;\">Przy wadze zaledwie <strong data-start=\"541\" data-end=\"556\">ok. 3,17 kg<\/strong> gitara oferuje wyj\u0105tkow\u0105 dynamik\u0119, szybki atak i komfort gry, kt\u00f3ry doceni\u0105 zar\u00f3wno muzycy koncertowi, jak i studyjni.<\/span><\/p>\n<p data-start=\"677\" data-end=\"1026\"><span style=\"color: #000000;\">Korpus z <strong data-start=\"686\" data-end=\"704\">koriny (limba)<\/strong> w czarnym wyko\u0144czeniu, uzupe\u0142niony o <strong data-start=\"742\" data-end=\"758\">Medium Relic<\/strong>, zapewnia otwarty, ciep\u0142y \u015brodek pasma, naturalny sustain i doskona\u0142\u0105 reakcj\u0119 na artykulacj\u0119 prawej r\u0119ki. Zastosowane <strong data-start=\"877\" data-end=\"909\">przetworniki Macmull RVT P90<\/strong> oferuj\u0105 szerok\u0105 palet\u0119 brzmie\u0144 \u2013 od klarownych, vintage\u2019owych clean\u00f3w po t\u0142usty, dynamiczny overdrive z charakterem.<\/span><\/p>\n<p data-start=\"1028\" data-end=\"1265\"><a href=\"https:\/\/guitar2amp.de\/index.php\/pl\/macmull-custom-guitars-2\/\">Wi\u0119cj o gitarach Macmull Custom Guitars<strong>\u2192<\/strong><\/a><\/p>\n","protected":false},"featured_media":17983,"template":"","meta":{"_monsterinsights_skip_tracking":false,"_monsterinsights_sitenote_active":false,"_monsterinsights_sitenote_note":"","_monsterinsights_sitenote_category":0,"_uf_show_specific_survey":0,"_uf_disable_surveys":false,"_kadence_starter_templates_imported_post":false,"_kad_post_transparent":"default","_kad_post_title":"","_kad_post_layout":"default","_kad_post_sidebar_id":"","_kad_post_content_style":"default","_kad_post_vertical_padding":"default","_kad_post_feature":"","_kad_post_feature_position":"","_kad_post_header":false,"_kad_post_footer":false,"_kad_post_classname":""},"product_brand":[],"product_cat":[5346],"product_tag":[],"class_list":{"0":"post-18000","1":"product","2":"type-product","3":"status-publish","4":"has-post-thumbnail","6":"product_cat-macmull-custom-pl","8":"first","9":"onbackorder","10":"shipping-taxable","11":"purchasable","12":"product-type-simple","13":"entry","14":"content-bg","15":"loop-entry"},"jetpack_sharing_enabled":true,"_links":{"self":[{"href":"https:\/\/guitar2amp.de\/index.php\/wp-json\/wp\/v2\/product\/18000","targetHints":{"allow":["GET"]}}],"collection":[{"href":"https:\/\/guitar2amp.de\/index.php\/wp-json\/wp\/v2\/product"}],"about":[{"href":"https:\/\/guitar2amp.de\/index.php\/wp-json\/wp\/v2\/types\/product"}],"wp:featuredmedia":[{"embeddable":true,"href":"https:\/\/guitar2amp.de\/index.php\/wp-json\/wp\/v2\/media\/17983"}],"wp:attachment":[{"href":"https:\/\/guitar2amp.de\/index.php\/wp-json\/wp\/v2\/media?parent=18000"}],"wp:term":[{"taxonomy":"product_brand","embeddable":true,"href":"https:\/\/guitar2amp.de\/index.php\/wp-json\/wp\/v2\/product_brand?post=18000"},{"taxonomy":"product_cat","embeddable":true,"href":"https:\/\/guitar2amp.de\/index.php\/wp-json\/wp\/v2\/product_cat?post=18000"},{"taxonomy":"product_tag","embeddable":true,"href":"https:\/\/guitar2amp.de\/index.php\/wp-json\/wp\/v2\/product_tag?post=18000"}],"curies":[{"name":"wp","href":"https:\/\/api.w.org\/{rel}","templated":true}]}}