{"id":18127,"date":"2026-01-19T11:10:13","date_gmt":"2026-01-19T10:10:13","guid":{"rendered":"https:\/\/guitar2amp.de\/?post_type=product&#038;p=18127"},"modified":"2026-04-17T12:04:49","modified_gmt":"2026-04-17T10:04:49","slug":"2025-gibson-custom-1959-les-paul-standard-reissue-ultra-heavy-aged-kindred-burstused-2","status":"publish","type":"product","link":"https:\/\/guitar2amp.de\/index.php\/de\/product\/2025-gibson-custom-1959-les-paul-standard-reissue-ultra-heavy-aged-kindred-burstused-2\/","title":{"rendered":"2025 Gibson Custom 1959 Les Paul Standard Reissue \u2013 Ultra Heavy Aged (Kindred Burst)[USED]"},"content":{"rendered":"<div class=\"text-base my-auto mx-auto pb-10 [--thread-content-margin:--spacing(4)] @w-sm\/main:[--thread-content-margin:--spacing(6)] @w-lg\/main:[--thread-content-margin:--spacing(16)] px-(--thread-content-margin)\">\n<div class=\"[--thread-content-max-width:40rem] @w-lg\/main:[--thread-content-max-width:48rem] mx-auto max-w-(--thread-content-max-width) flex-1 group\/turn-messages focus-visible:outline-hidden relative flex w-full min-w-0 flex-col agent-turn\" tabindex=\"-1\">\n<div class=\"flex max-w-full flex-col grow\">\n<div class=\"min-h-8 text-message relative flex w-full flex-col items-end gap-2 text-start break-words whitespace-normal [.text-message+&amp;]:mt-1\" dir=\"auto\" data-message-author-role=\"assistant\" data-message-id=\"6ce79564-afc6-403a-9084-bae098c3568a\" data-message-model-slug=\"gpt-5-2\">\n<div class=\"flex w-full flex-col gap-1 empty:hidden first:pt-[1px]\">\n<div class=\"markdown prose dark:prose-invert w-full break-words dark markdown-new-styling\">\n<h2 data-start=\"72\" data-end=\"163\"><span style=\"color: #000000;\"><strong data-start=\"75\" data-end=\"163\">2025 Gibson Custom 1959 Les Paul Standard Reissue \u2013 Ultra Heavy Aged (Kindred Burst)<\/strong><\/span><\/h2>\n<p data-start=\"165\" data-end=\"507\"><span style=\"color: #000000;\">Die <strong data-start=\"169\" data-end=\"252\">Gibson Custom 1959 Les Paul Standard Reissue Ultra Heavy Aged aus dem Jahr 2025<\/strong> steht f\u00fcr h\u00f6chste Handwerkskunst des Gibson Custom Shops und maximale Vintage-Authentizit\u00e4t. Gefertigt im Murphy Lab, f\u00e4ngt dieses Instrument den Look, das Spielgef\u00fchl und den legend\u00e4ren Ton der begehrtesten Les Pauls der sp\u00e4ten 1950er-Jahre perfekt ein.<\/span><\/p>\n<p data-start=\"509\" data-end=\"917\"><span style=\"color: #000000;\">Der <strong data-start=\"513\" data-end=\"540\">leichte Mahagoni-Korpus<\/strong> in Kombination mit einer <strong data-start=\"566\" data-end=\"591\">geflammten Ahorndecke<\/strong> sorgt f\u00fcr den typischen, druckvollen Mittenbereich, W\u00e4rme und endloses Sustain. Das <strong data-start=\"676\" data-end=\"728\">Murphy Lab Ultra Heavy Aged Kindred Burst Finish<\/strong> \u00fcberzeugt durch extrem realistische Alterung mit Lackchecking, Spielspuren und patinierter Hardware \u2013 das Instrument f\u00fchlt sich wie eine echte, jahrzehntelang gespielte Vintage-Gitarre an.<\/span><\/p>\n<p data-start=\"919\" data-end=\"1220\"><span style=\"color: #000000;\">Der <strong data-start=\"923\" data-end=\"940\">Mahagoni-Hals<\/strong> mit dem <strong data-start=\"949\" data-end=\"982\">Authentic \u201959 Medium C Profil<\/strong> bietet ein sattes, aber sehr angenehmes Griffgef\u00fchl. Das <strong data-start=\"1040\" data-end=\"1073\">indische Palisandergriffbrett<\/strong> mit <strong data-start=\"1078\" data-end=\"1092\">12&#8243;-Radius<\/strong> und <strong data-start=\"1097\" data-end=\"1123\">22 Medium-Jumbo-B\u00fcnden<\/strong> garantiert klassisches Spielgef\u00fchl mit hervorragender Bespielbarkeit und sauberer Tonentfaltung.<\/span><\/p>\n<p data-start=\"1222\" data-end=\"1618\"><span style=\"color: #000000;\">F\u00fcr den legend\u00e4ren Klang sorgen zwei <strong data-start=\"1259\" data-end=\"1296\">Custombucker Alnico III Humbucker<\/strong>, ungepottet f\u00fcr maximale Dynamik, Transparenz und harmonische Tiefe. Von warmen, offenen Clean-Sounds bis hin zu cremigem Overdrive reagiert die Gitarre \u00e4u\u00dferst sensibel auf Anschlag und Spielweise. Hochwertige Vintage-Elektronik mit CTS-Potentiometern und Paper-in-Oil-Kondensatoren rundet das authentische Klangbild ab.<\/span><\/p>\n<p data-start=\"1620\" data-end=\"1870\"><span style=\"color: #000000;\">Zur klassischen Ausstattung geh\u00f6ren eine <strong data-start=\"1661\" data-end=\"1677\">ABR-1 Bridge<\/strong>, ein <strong data-start=\"1683\" data-end=\"1723\">leichter Aluminium-Stopbar-Tailpiece<\/strong> sowie vintage-korrekte Nickel-Hardware. Geliefert wird die Gitarre im <strong data-start=\"1794\" data-end=\"1827\">Custom Shop Lifton-Style Case<\/strong> inklusive <strong data-start=\"1838\" data-end=\"1869\">Certificate of Authenticity<\/strong>.<\/span><\/p>\n<p data-start=\"1872\" data-end=\"2144\"><span style=\"color: #000000;\">Diese <strong data-start=\"1878\" data-end=\"1929\">1959 Les Paul Standard Reissue Ultra Heavy Aged<\/strong> ist weit mehr als eine Reissue \u2013 sie ist eine kompromisslose Hommage an eine der ikonischsten Gitarren der Musikgeschichte, gebaut f\u00fcr Spieler und Sammler mit h\u00f6chsten Anspr\u00fcchen an Klang, Gef\u00fchl und Authentizit\u00e4t.<\/span><\/p>\n<\/div>\n<\/div>\n<\/div>\n<\/div>\n<\/div>\n<\/div>\n","protected":false},"excerpt":{"rendered":"<h2 data-start=\"72\" data-end=\"163\"><span style=\"color: #000000;\"><strong data-start=\"75\" data-end=\"163\">2025 Gibson Custom 1959 Les Paul Standard Reissue \u2013 Ultra Heavy Aged (Kindred Burst)<\/strong><\/span><\/h2>\n<p data-start=\"165\" data-end=\"507\"><span style=\"color: #000000;\">Die <strong data-start=\"169\" data-end=\"252\">Gibson Custom 1959 Les Paul Standard Reissue Ultra Heavy Aged aus dem Jahr 2025<\/strong> steht f\u00fcr h\u00f6chste Handwerkskunst des Gibson Custom Shops und maximale Vintage-Authentizit\u00e4t. Gefertigt im Murphy Lab, f\u00e4ngt dieses Instrument den Look, das Spielgef\u00fchl und den legend\u00e4ren Ton der begehrtesten Les Pauls der sp\u00e4ten 1950er-Jahre perfekt ein.<\/span><\/p>\n<p data-start=\"509\" data-end=\"917\"><span style=\"color: #000000;\">Der <strong data-start=\"513\" data-end=\"540\">leichte Mahagoni-Korpus<\/strong> in Kombination mit einer <strong data-start=\"566\" data-end=\"591\">geflammten Ahorndecke<\/strong> sorgt f\u00fcr den typischen, druckvollen Mittenbereich, W\u00e4rme und endloses Sustain. Das <strong data-start=\"676\" data-end=\"728\">Murphy Lab Ultra Heavy Aged Kindred Burst Finish<\/strong> \u00fcberzeugt durch extrem realistische Alterung mit Lackchecking, Spielspuren und patinierter Hardware \u2013 das Instrument f\u00fchlt sich wie eine echte, jahrzehntelang gespielte Vintage-Gitarre an.<\/span><\/p>\n","protected":false},"featured_media":18128,"template":"","meta":{"_monsterinsights_skip_tracking":false,"_monsterinsights_sitenote_active":false,"_monsterinsights_sitenote_note":"","_monsterinsights_sitenote_category":0,"_uf_show_specific_survey":0,"_uf_disable_surveys":false,"_kadence_starter_templates_imported_post":false,"_kad_post_transparent":"default","_kad_post_title":"","_kad_post_layout":"default","_kad_post_sidebar_id":"","_kad_post_content_style":"default","_kad_post_vertical_padding":"default","_kad_post_feature":"","_kad_post_feature_position":"","_kad_post_header":false,"_kad_post_footer":false,"_kad_post_classname":""},"product_brand":[],"product_cat":[207,203],"product_tag":[],"class_list":{"0":"post-18127","1":"product","2":"type-product","3":"status-publish","4":"has-post-thumbnail","6":"product_cat-e-gitarren","7":"product_cat-gitarren","9":"first","10":"outofstock","11":"shipping-taxable","12":"purchasable","13":"product-type-simple","14":"entry","15":"content-bg","16":"loop-entry"},"jetpack_sharing_enabled":true,"_links":{"self":[{"href":"https:\/\/guitar2amp.de\/index.php\/wp-json\/wp\/v2\/product\/18127","targetHints":{"allow":["GET"]}}],"collection":[{"href":"https:\/\/guitar2amp.de\/index.php\/wp-json\/wp\/v2\/product"}],"about":[{"href":"https:\/\/guitar2amp.de\/index.php\/wp-json\/wp\/v2\/types\/product"}],"wp:featuredmedia":[{"embeddable":true,"href":"https:\/\/guitar2amp.de\/index.php\/wp-json\/wp\/v2\/media\/18128"}],"wp:attachment":[{"href":"https:\/\/guitar2amp.de\/index.php\/wp-json\/wp\/v2\/media?parent=18127"}],"wp:term":[{"taxonomy":"product_brand","embeddable":true,"href":"https:\/\/guitar2amp.de\/index.php\/wp-json\/wp\/v2\/product_brand?post=18127"},{"taxonomy":"product_cat","embeddable":true,"href":"https:\/\/guitar2amp.de\/index.php\/wp-json\/wp\/v2\/product_cat?post=18127"},{"taxonomy":"product_tag","embeddable":true,"href":"https:\/\/guitar2amp.de\/index.php\/wp-json\/wp\/v2\/product_tag?post=18127"}],"curies":[{"name":"wp","href":"https:\/\/api.w.org\/{rel}","templated":true}]}}