{"id":18417,"date":"2026-02-06T16:25:59","date_gmt":"2026-02-06T15:25:59","guid":{"rendered":"https:\/\/guitar2amp.de\/?post_type=product&#038;p=18417"},"modified":"2026-02-06T16:37:09","modified_gmt":"2026-02-06T15:37:09","slug":"18417","status":"publish","type":"product","link":"https:\/\/guitar2amp.de\/index.php\/pl\/product\/18417\/","title":{"rendered":"Nashguitars WF3 Cream Soft Relic Trem"},"content":{"rendered":"<h2 data-start=\"176\" data-end=\"243\"><span style=\"color: #000000;\"><strong data-start=\"179\" data-end=\"243\">Nashguitars WF3 \u2013 Cream Light Relic | 3\u00d7 DiMarzio | Ash Body<\/strong><\/span><\/h2>\n<p data-start=\"245\" data-end=\"583\"><span style=\"color: #000000;\"><strong data-start=\"245\" data-end=\"264\">Nashguitars WF3<\/strong> to wyj\u0105tkowa, butikowa gitara elektryczna inspirowana klasycznym designem, kt\u00f3ra \u0142\u0105czy <strong data-start=\"352\" data-end=\"377\">vintage\u2019owy charakter<\/strong> z <strong data-start=\"380\" data-end=\"411\">nowoczesn\u0105 funkcjonalno\u015bci\u0105<\/strong>. Dzi\u0119ki konfiguracji <strong data-start=\"433\" data-end=\"455\">trzech humbucker\u00f3w<\/strong> oferuje ogromn\u0105 wszechstronno\u015b\u0107 brzmieniow\u0105 \u2014 od klarownych clean\u00f3w, przez blues i fusion, a\u017c po bardziej rockowe zastosowania.<\/span><\/p>\n<p data-start=\"585\" data-end=\"922\"><span style=\"color: #000000;\">Marka <strong data-start=\"591\" data-end=\"606\">Nashguitars<\/strong> s\u0142ynie z r\u0119cznego podej\u015bcia do budowy instrument\u00f3w, cienkich lakier\u00f3w nitro oraz autentycznego postarzenia, kt\u00f3re nie jest tylko zabiegiem wizualnym, ale realnie wp\u0142ywa na rezonans i \u201efeel\u201d gitary. Model WF3 jest tego doskona\u0142ym przyk\u0142adem \u2014 to instrument o wyra\u017anym charakterze, \u015bwietnie reaguj\u0105cy na dynamik\u0119 gry.<\/span><\/p>\n<h3 data-start=\"924\" data-end=\"945\"><span style=\"color: #000000;\"><strong data-start=\"928\" data-end=\"945\">Specyfikacja:<\/strong><\/span><\/h3>\n<ul data-start=\"946\" data-end=\"1465\">\n<li data-start=\"946\" data-end=\"1020\">\n<p data-start=\"948\" data-end=\"1020\"><span style=\"color: #000000;\"><strong data-start=\"948\" data-end=\"959\">Korpus:<\/strong> jesion (ash) \u2013 lekki, bardzo rezonuj\u0105cy, z szybkim atakiem<\/span><\/p>\n<\/li>\n<li data-start=\"1021\" data-end=\"1061\">\n<p data-start=\"1023\" data-end=\"1061\"><span style=\"color: #000000;\"><strong data-start=\"1023\" data-end=\"1039\">Wyko\u0144czenie:<\/strong> Cream \u2013 Light Relic<\/span><\/p>\n<\/li>\n<li data-start=\"1062\" data-end=\"1260\">\n<p data-start=\"1064\" data-end=\"1260\"><span style=\"color: #000000;\"><strong data-start=\"1064\" data-end=\"1081\">Przetworniki:<\/strong><\/span><br data-start=\"1081\" data-end=\"1084\" \/><span style=\"color: #000000;\">\u2022 <strong data-start=\"1088\" data-end=\"1115\">2\u00d7 DiMarzio Bluesbucker<\/strong> (neck + middle) \u2013 ciep\u0142e, selektywne brzmienie z du\u017c\u0105 czytelno\u015bci\u0105<\/span><br data-start=\"1182\" data-end=\"1185\" \/><span style=\"color: #000000;\">\u2022 <strong data-start=\"1189\" data-end=\"1212\">DiMarzio Air Norton<\/strong> (bridge) \u2013 mocny \u015brodek, sustain i klarowno\u015b\u0107<\/span><\/p>\n<\/li>\n<li data-start=\"1261\" data-end=\"1334\">\n<p data-start=\"1263\" data-end=\"1334\"><span style=\"color: #000000;\"><strong data-start=\"1263\" data-end=\"1287\">Radius podstrunnicy:<\/strong> 12&#8243; \u2013 komfortowy do bend\u00f3w i nowoczesnej gry<\/span><\/p>\n<\/li>\n<li data-start=\"1335\" data-end=\"1404\">\n<p data-start=\"1337\" data-end=\"1404\"><span style=\"color: #000000;\"><strong data-start=\"1337\" data-end=\"1348\">Mostek:<\/strong> Vintage Tremolo \u2013 klasyczne odczucie i stabilna praca<\/span><\/p>\n<\/li>\n<li data-start=\"1405\" data-end=\"1465\">\n<p data-start=\"1407\" data-end=\"1465\"><span style=\"color: #000000;\"><strong data-start=\"1407\" data-end=\"1424\">Konfiguracja:<\/strong> 3\u00d7 humbucker \u2013 szerokie spektrum brzmie\u0144<\/span><\/p>\n<\/li>\n<\/ul>\n<p data-start=\"1467\" data-end=\"1661\"><span style=\"color: #000000;\">Gitara jest <strong data-start=\"1479\" data-end=\"1508\">lekka, doskonale wywa\u017cona<\/strong>, bardzo wygodna i naturalnie \u201ele\u017cy w r\u0119ce\u201d. \u015awietnie reaguje na artykulacj\u0119 i niuanse gry, co czyni j\u0105 instrumentem zar\u00f3wno scenicznym, jak i studyjnym.<\/span><\/p>\n<p data-start=\"1663\" data-end=\"1689\"><span style=\"color: #000000;\"><strong data-start=\"1663\" data-end=\"1672\">Stan:<\/strong> nowa \/ jak nowa.<\/span><\/p>\n<h3 data-start=\"1691\" data-end=\"1743\"><span style=\"color: #000000;\"><strong data-start=\"1695\" data-end=\"1743\">Guitar2Amp \u2013 autoryzowany dealer Nashguitars<\/strong><\/span><\/h3>\n<p data-start=\"1744\" data-end=\"1960\"><span style=\"color: #000000;\">Guitar2Amp jest <strong data-start=\"1760\" data-end=\"1809\">autoryzowanym dystrybutorem marki Nashguitars<\/strong>.<\/span><br data-start=\"1810\" data-end=\"1813\" \/><span style=\"color: #000000;\">Oferujemy wy\u0142\u0105cznie oryginalne instrumenty, <strong data-start=\"1857\" data-end=\"1879\">wystawiamy faktur\u0119<\/strong>, zapewniamy pe\u0142ne wsparcie posprzeda\u017cowe oraz mo\u017cliwo\u015b\u0107 zam\u00f3wie\u0144 indywidualnych.<\/span><\/p>\n","protected":false},"excerpt":{"rendered":"<h2 data-start=\"176\" data-end=\"243\"><span style=\"color: #000000;\"><strong data-start=\"179\" data-end=\"243\">Nashguitars WF3 \u2013 Cream Light Relic | 3\u00d7 DiMarzio | Ash Body<\/strong><\/span><\/h2>\n<p data-start=\"245\" data-end=\"583\"><span style=\"color: #000000;\"><strong data-start=\"245\" data-end=\"264\">Nashguitars WF3<\/strong> to wyj\u0105tkowa, butikowa gitara elektryczna inspirowana klasycznym designem, kt\u00f3ra \u0142\u0105czy <strong data-start=\"352\" data-end=\"377\">vintage\u2019owy charakter<\/strong> z <strong data-start=\"380\" data-end=\"411\">nowoczesn\u0105 funkcjonalno\u015bci\u0105<\/strong>. Dzi\u0119ki konfiguracji <strong data-start=\"433\" data-end=\"455\">trzech humbucker\u00f3w<\/strong> oferuje ogromn\u0105 wszechstronno\u015b\u0107 brzmieniow\u0105 \u2014 od klarownych clean\u00f3w, przez blues i fusion, a\u017c po bardziej rockowe zastosowania.<\/span><\/p>\n<p data-start=\"585\" data-end=\"922\"><span style=\"color: #000000;\">Marka <strong data-start=\"591\" data-end=\"606\">Nashguitars<\/strong> s\u0142ynie z r\u0119cznego podej\u015bcia do budowy instrument\u00f3w, cienkich lakier\u00f3w nitro oraz autentycznego postarzenia, kt\u00f3re nie jest tylko zabiegiem wizualnym, ale realnie wp\u0142ywa na rezonans i \u201efeel\u201d gitary. Model WF3 jest tego doskona\u0142ym przyk\u0142adem \u2014 to instrument o wyra\u017anym charakterze, \u015bwietnie reaguj\u0105cy na dynamik\u0119 gry.<\/span><\/p>\n","protected":false},"featured_media":18418,"template":"","meta":{"_monsterinsights_skip_tracking":false,"_monsterinsights_sitenote_active":false,"_monsterinsights_sitenote_note":"","_monsterinsights_sitenote_category":0,"_uf_show_specific_survey":0,"_uf_disable_surveys":false,"_kadence_starter_templates_imported_post":false,"_kad_post_transparent":"default","_kad_post_title":"","_kad_post_layout":"default","_kad_post_sidebar_id":"","_kad_post_content_style":"default","_kad_post_vertical_padding":"default","_kad_post_feature":"","_kad_post_feature_position":"","_kad_post_header":false,"_kad_post_footer":false,"_kad_post_classname":""},"product_brand":[],"product_cat":[5910],"product_tag":[],"class_list":{"0":"post-18417","1":"product","2":"type-product","3":"status-publish","4":"has-post-thumbnail","6":"product_cat-nashguitars-pl","8":"first","9":"onbackorder","10":"shipping-taxable","11":"product-type-simple","12":"entry","13":"content-bg","14":"loop-entry"},"jetpack_sharing_enabled":true,"_links":{"self":[{"href":"https:\/\/guitar2amp.de\/index.php\/wp-json\/wp\/v2\/product\/18417","targetHints":{"allow":["GET"]}}],"collection":[{"href":"https:\/\/guitar2amp.de\/index.php\/wp-json\/wp\/v2\/product"}],"about":[{"href":"https:\/\/guitar2amp.de\/index.php\/wp-json\/wp\/v2\/types\/product"}],"wp:featuredmedia":[{"embeddable":true,"href":"https:\/\/guitar2amp.de\/index.php\/wp-json\/wp\/v2\/media\/18418"}],"wp:attachment":[{"href":"https:\/\/guitar2amp.de\/index.php\/wp-json\/wp\/v2\/media?parent=18417"}],"wp:term":[{"taxonomy":"product_brand","embeddable":true,"href":"https:\/\/guitar2amp.de\/index.php\/wp-json\/wp\/v2\/product_brand?post=18417"},{"taxonomy":"product_cat","embeddable":true,"href":"https:\/\/guitar2amp.de\/index.php\/wp-json\/wp\/v2\/product_cat?post=18417"},{"taxonomy":"product_tag","embeddable":true,"href":"https:\/\/guitar2amp.de\/index.php\/wp-json\/wp\/v2\/product_tag?post=18417"}],"curies":[{"name":"wp","href":"https:\/\/api.w.org\/{rel}","templated":true}]}}