{"id":18508,"date":"2026-02-06T18:24:02","date_gmt":"2026-02-06T17:24:02","guid":{"rendered":"https:\/\/guitar2amp.de\/?post_type=product&#038;p=18508"},"modified":"2026-02-06T18:25:29","modified_gmt":"2026-02-06T17:25:29","slug":"nashguitars-s57-3t-sunburst-medium-relic-stratocaster-3","status":"publish","type":"product","link":"https:\/\/guitar2amp.de\/index.php\/pl\/product\/nashguitars-s57-3t-sunburst-medium-relic-stratocaster-3\/","title":{"rendered":"Nashguitars S57 3T Sunburst Medium Relic Stratocaster"},"content":{"rendered":"<h2 data-start=\"216\" data-end=\"287\"><span style=\"color: #000000;\"><strong data-start=\"224\" data-end=\"287\">Nashguitars S57 \u2013 3-Tone Sunburst | Medium Relic | Ash Body<\/strong><\/span><\/h2>\n<h3 data-start=\"289\" data-end=\"342\"><span style=\"color: #000000;\">O marce <strong data-start=\"301\" data-end=\"342\"><span class=\"hover:entity-accent entity-underline inline cursor-pointer align-baseline\"><span class=\"whitespace-normal\">Nashguitars<\/span><\/span><\/strong><\/span><\/h3>\n<p data-start=\"343\" data-end=\"744\"><span style=\"color: #000000;\">Nashguitars to ameryka\u0144ska marka butikowa, za\u0142o\u017cona przez <strong data-start=\"401\" data-end=\"416\">Billa Nasha<\/strong>, znana z r\u0119cznie budowanych instrument\u00f3w inspirowanych z\u0142ot\u0105 er\u0105 gitar elektrycznych. Cienkie lakiery nitro, starannie dobrane drewno oraz autentyczne postarzenie sprawiaj\u0105, \u017ce gitary Nash od pierwszego kontaktu brzmi\u0105 i czuj\u0105 si\u0119 jak \u015bwietnie ograne instrumenty vintage \u2013 bez kompromis\u00f3w w kwestii stabilno\u015bci i niezawodno\u015bci.<\/span><\/p>\n<h3 data-start=\"746\" data-end=\"761\"><span style=\"color: #000000;\">Opis modelu<\/span><\/h3>\n<p data-start=\"762\" data-end=\"1040\"><span style=\"color: #000000;\"><strong data-start=\"762\" data-end=\"781\">Nashguitars S57<\/strong> to klasyczna interpretacja stylu Strat z wyra\u017anym charakterem vintage i znakomit\u0105 grywalno\u015bci\u0105. Lekki korpus z jesionu, jednocz\u0119\u015bciowy klonowy gryf i przetworniki Lollar zapewniaj\u0105 szerokie spektrum brzmie\u0144 \u2013 od szklanych clean\u00f3w po dynamiczne, rockowe tony.<\/span><\/p>\n<p data-start=\"1042\" data-end=\"1059\"><span style=\"color: #000000;\"><strong data-start=\"1042\" data-end=\"1059\">Specyfikacja:<\/strong><\/span><\/p>\n<ul data-start=\"1060\" data-end=\"1354\">\n<li data-start=\"1060\" data-end=\"1109\">\n<p data-start=\"1062\" data-end=\"1109\"><span style=\"color: #000000;\"><strong data-start=\"1062\" data-end=\"1073\">Korpus:<\/strong> jesion (ash) \u2013 lekki i rezonuj\u0105cy<\/span><\/p>\n<\/li>\n<li data-start=\"1110\" data-end=\"1160\">\n<p data-start=\"1112\" data-end=\"1160\"><span style=\"color: #000000;\"><strong data-start=\"1112\" data-end=\"1128\">Wyko\u0144czenie:<\/strong> 3-Tone Sunburst, Medium Relic<\/span><\/p>\n<\/li>\n<li data-start=\"1161\" data-end=\"1190\">\n<p data-start=\"1163\" data-end=\"1190\"><span style=\"color: #000000;\"><strong data-start=\"1163\" data-end=\"1172\">Gryf:<\/strong> one-piece maple<\/span><\/p>\n<\/li>\n<li data-start=\"1191\" data-end=\"1214\">\n<p data-start=\"1193\" data-end=\"1214\"><span style=\"color: #000000;\"><strong data-start=\"1193\" data-end=\"1210\">Profil gryfu:<\/strong> C<\/span><\/p>\n<\/li>\n<li data-start=\"1215\" data-end=\"1234\">\n<p data-start=\"1217\" data-end=\"1234\"><span style=\"color: #000000;\"><strong data-start=\"1217\" data-end=\"1228\">Radius:<\/strong> 10&#8243;<\/span><\/p>\n<\/li>\n<li data-start=\"1235\" data-end=\"1322\">\n<p data-start=\"1237\" data-end=\"1322\"><span style=\"color: #000000;\"><strong data-start=\"1237\" data-end=\"1249\">Pickupy:<\/strong><\/span><br data-start=\"1249\" data-end=\"1252\" \/><span style=\"color: #000000;\">\u2022 Lollar Blonde (neck + middle)<\/span><br data-start=\"1285\" data-end=\"1288\" \/><span style=\"color: #000000;\">\u2022 Lollar Nash Special (bridge)<\/span><\/p>\n<\/li>\n<li data-start=\"1323\" data-end=\"1354\">\n<p data-start=\"1325\" data-end=\"1354\"><span style=\"color: #000000;\"><strong data-start=\"1325\" data-end=\"1336\">Mostek:<\/strong> Vintage Tremolo<\/span><\/p>\n<\/li>\n<\/ul>\n<p data-start=\"1356\" data-end=\"1441\"><span style=\"color: #000000;\">Gitara jest doskonale wywa\u017cona, bardzo rezonuj\u0105ca i \u015bwietnie reaguje na dynamik\u0119 gry.<\/span><\/p>\n<p data-start=\"1443\" data-end=\"1469\"><span style=\"color: #000000;\"><strong data-start=\"1443\" data-end=\"1452\">Stan:<\/strong> nowa<\/span><\/p>\n<h3 data-start=\"1471\" data-end=\"1550\"><span style=\"color: #000000;\"><strong data-start=\"1475\" data-end=\"1550\"><span class=\"hover:entity-accent entity-underline inline cursor-pointer align-baseline\"><span class=\"whitespace-normal\">Guitar2Amp<\/span><\/span> \u2013 autoryzowany dealer Nashguitars<\/strong><\/span><\/h3>\n<p data-start=\"1551\" data-end=\"1776\"><span style=\"color: #000000;\">Guitar2Amp jest <strong data-start=\"1567\" data-end=\"1616\">autoryzowanym dystrybutorem marki Nashguitars<\/strong>. Oferujemy wy\u0142\u0105cznie oryginalne instrumenty, wystawiamy <strong data-start=\"1673\" data-end=\"1684\">faktur\u0119<\/strong>, zapewniamy pe\u0142ne wsparcie posprzeda\u017cowe oraz mo\u017cliwo\u015b\u0107 <strong data-start=\"1741\" data-end=\"1775\">wysy\u0142ki lub odbioru osobistego<\/strong>.<\/span><\/p>\n","protected":false},"excerpt":{"rendered":"<h2 data-start=\"216\" data-end=\"287\"><span style=\"color: #000000;\"><strong data-start=\"224\" data-end=\"287\">Nashguitars S57 \u2013 3-Tone Sunburst | Medium Relic | Ash Body<\/strong><\/span><\/h2>\n<h3 data-start=\"289\" data-end=\"342\"><span style=\"color: #000000;\">O marce <strong data-start=\"301\" data-end=\"342\"><span class=\"hover:entity-accent entity-underline inline cursor-pointer align-baseline\"><span class=\"whitespace-normal\">Nashguitars<\/span><\/span><\/strong><\/span><\/h3>\n<p data-start=\"343\" data-end=\"744\"><span style=\"color: #000000;\">Nashguitars to ameryka\u0144ska marka butikowa, za\u0142o\u017cona przez <strong data-start=\"401\" data-end=\"416\">Billa Nasha<\/strong>, znana z r\u0119cznie budowanych instrument\u00f3w inspirowanych z\u0142ot\u0105 er\u0105 gitar elektrycznych. Cienkie lakiery nitro, starannie dobrane drewno oraz autentyczne postarzenie sprawiaj\u0105, \u017ce gitary Nash od pierwszego kontaktu brzmi\u0105 i czuj\u0105 si\u0119 jak \u015bwietnie ograne instrumenty vintage \u2013 bez kompromis\u00f3w w kwestii stabilno\u015bci i niezawodno\u015bci.<\/span><\/p>\n<h3 data-start=\"746\" data-end=\"761\"><span style=\"color: #000000;\">Opis modelu<\/span><\/h3>\n<p data-start=\"762\" data-end=\"1040\"><span style=\"color: #000000;\"><strong data-start=\"762\" data-end=\"781\">Nashguitars S57<\/strong> to klasyczna interpretacja stylu Strat z wyra\u017anym charakterem vintage i znakomit\u0105 grywalno\u015bci\u0105. Lekki korpus z jesionu, jednocz\u0119\u015bciowy klonowy gryf i przetworniki Lollar zapewniaj\u0105 szerokie spektrum brzmie\u0144 \u2013 od szklanych clean\u00f3w po dynamiczne, rockowe tony.<\/span><\/p>\n","protected":false},"featured_media":18509,"template":"","meta":{"_monsterinsights_skip_tracking":false,"_monsterinsights_sitenote_active":false,"_monsterinsights_sitenote_note":"","_monsterinsights_sitenote_category":0,"_uf_show_specific_survey":0,"_uf_disable_surveys":false,"_kadence_starter_templates_imported_post":false,"_kad_post_transparent":"default","_kad_post_title":"","_kad_post_layout":"default","_kad_post_sidebar_id":"","_kad_post_content_style":"default","_kad_post_vertical_padding":"default","_kad_post_feature":"","_kad_post_feature_position":"","_kad_post_header":false,"_kad_post_footer":false,"_kad_post_classname":""},"product_brand":[],"product_cat":[3265,3261,5910],"product_tag":[],"class_list":{"0":"post-18508","1":"product","2":"type-product","3":"status-publish","4":"has-post-thumbnail","6":"product_cat-elektryczne-pl","7":"product_cat-gitary","8":"product_cat-nashguitars-pl","10":"first","11":"instock","12":"shipping-taxable","13":"purchasable","14":"product-type-simple","15":"entry","16":"content-bg","17":"loop-entry"},"jetpack_sharing_enabled":true,"_links":{"self":[{"href":"https:\/\/guitar2amp.de\/index.php\/wp-json\/wp\/v2\/product\/18508","targetHints":{"allow":["GET"]}}],"collection":[{"href":"https:\/\/guitar2amp.de\/index.php\/wp-json\/wp\/v2\/product"}],"about":[{"href":"https:\/\/guitar2amp.de\/index.php\/wp-json\/wp\/v2\/types\/product"}],"wp:featuredmedia":[{"embeddable":true,"href":"https:\/\/guitar2amp.de\/index.php\/wp-json\/wp\/v2\/media\/18509"}],"wp:attachment":[{"href":"https:\/\/guitar2amp.de\/index.php\/wp-json\/wp\/v2\/media?parent=18508"}],"wp:term":[{"taxonomy":"product_brand","embeddable":true,"href":"https:\/\/guitar2amp.de\/index.php\/wp-json\/wp\/v2\/product_brand?post=18508"},{"taxonomy":"product_cat","embeddable":true,"href":"https:\/\/guitar2amp.de\/index.php\/wp-json\/wp\/v2\/product_cat?post=18508"},{"taxonomy":"product_tag","embeddable":true,"href":"https:\/\/guitar2amp.de\/index.php\/wp-json\/wp\/v2\/product_tag?post=18508"}],"curies":[{"name":"wp","href":"https:\/\/api.w.org\/{rel}","templated":true}]}}