{"id":18550,"date":"2026-02-09T10:10:30","date_gmt":"2026-02-09T09:10:30","guid":{"rendered":"https:\/\/guitar2amp.de\/?post_type=product&#038;p=18550"},"modified":"2026-02-09T10:21:50","modified_gmt":"2026-02-09T09:21:50","slug":"carr-skylark-special-1x12-combo-gator-slab-2","status":"publish","type":"product","link":"https:\/\/guitar2amp.de\/index.php\/pl\/product\/carr-skylark-special-1x12-combo-gator-slab-2\/","title":{"rendered":"Carr Skylark Special 1&#215;12&#8243; Combo Gator\/Slab"},"content":{"rendered":"<div class=\"text-base my-auto mx-auto [--thread-content-margin:--spacing(4)] @w-sm\/main:[--thread-content-margin:--spacing(6)] @w-lg\/main:[--thread-content-margin:--spacing(16)] px-(--thread-content-margin)\">\n<div class=\"[--thread-content-max-width:40rem] @w-lg\/main:[--thread-content-max-width:48rem] mx-auto max-w-(--thread-content-max-width) flex-1 group\/turn-messages focus-visible:outline-hidden relative flex w-full min-w-0 flex-col agent-turn\" tabindex=\"-1\">\n<div class=\"flex max-w-full flex-col grow\">\n<div class=\"min-h-8 text-message relative flex w-full flex-col items-end gap-2 text-start break-words whitespace-normal [.text-message+&amp;]:mt-1\" dir=\"auto\" data-message-author-role=\"assistant\" data-message-id=\"1823a649-50b5-487d-a337-ac2b60802577\" data-message-model-slug=\"gpt-5-2\">\n<div class=\"flex w-full flex-col gap-1 empty:hidden first:pt-[1px]\">\n<div class=\"markdown prose dark:prose-invert w-full wrap-break-word dark markdown-new-styling\">\n<h2 data-start=\"77\" data-end=\"145\"><span style=\"color: #000000;\"><strong data-start=\"80\" data-end=\"145\">Carr Skylark Special \u2013 klasyczne korzenie, nowoczesna swoboda<\/strong><\/span><\/h2>\n<p data-start=\"147\" data-end=\"492\"><span style=\"color: #000000;\">S\u0142uchaj\u0105c klasycznych ameryka\u0144skich nagra\u0144 gitarowych, \u0142atwo zauwa\u017cy\u0107 wsp\u00f3lny mianownik: <strong data-start=\"236\" data-end=\"290\">s\u0142odkie, soczyste brzmienie epok tweed i blackface<\/strong>. Kultowe wzmacniacze, takie jak tweed Harvard czy Deluxe z ko\u0144ca lat 50. oraz Princeton Reverb z lat 60., ukszta\u0142towa\u0142y ten d\u017awi\u0119kowy idea\u0142. To w\u0142a\u015bnie na tej bazie powsta\u0142 oryginalny <strong data-start=\"475\" data-end=\"491\">Carr Skylark<\/strong>.<\/span><\/p>\n<p data-start=\"494\" data-end=\"650\"><span style=\"color: #000000;\"><strong data-start=\"494\" data-end=\"513\">Skylark Special<\/strong> rozwija t\u0119 koncepcj\u0119, oferuj\u0105c <strong data-start=\"545\" data-end=\"612\">wi\u0119ksz\u0105 elastyczno\u015b\u0107, g\u0142\u0119bi\u0119 brzmienia i nowoczesne rozwi\u0105zania<\/strong>, bez utraty vintage\u2019owego charakteru.<\/span><\/p>\n<p data-start=\"652\" data-end=\"1133\"><span style=\"color: #000000;\">Sercem wzmacniacza jest <strong data-start=\"676\" data-end=\"723\">12 W mocy generowanej przez par\u0119 lamp 6V6GT<\/strong>, jednak Skylark Special idzie znacznie dalej ni\u017c klasyczne inspiracje. Rozbudowana sekcja korekcji z dodatkowymi regulatorami <strong data-start=\"850\" data-end=\"857\">Mid<\/strong> oraz <strong data-start=\"863\" data-end=\"899\">Presence o rozszerzonym zakresie<\/strong> daje znacznie wi\u0119ksz\u0105 kontrol\u0119 nad brzmieniem. Prze\u0142\u0105cznik <strong data-start=\"959\" data-end=\"974\">Hi\/Low gain<\/strong> w po\u0142\u0105czeniu z <strong data-start=\"990\" data-end=\"1016\">wbudowanym atenuatorem<\/strong> pozwala p\u0142ynnie przechodzi\u0107 od tweedowego crunchu do klarowno\u015bci blackface \u2014 przy realnych, u\u017cytkowych g\u0142o\u015bno\u015bciach.<\/span><\/p>\n<p data-start=\"1135\" data-end=\"1366\"><span style=\"color: #000000;\">Jednym z kluczowych dodatk\u00f3w jest <strong data-start=\"1169\" data-end=\"1183\">sekcja H73<\/strong>, inspirowana klasycznymi wzmacniaczami Hiwatt i znana z modelu Bel-Ray. Aktywowana mini-prze\u0142\u0105cznikiem, wnosi <strong data-start=\"1294\" data-end=\"1328\">wyrazisty, brytyjski charakter<\/strong>, znacz\u0105co poszerzaj\u0105c palet\u0119 brzmie\u0144.<\/span><\/p>\n<p data-start=\"1368\" data-end=\"1762\"><span style=\"color: #000000;\"><strong data-start=\"1368\" data-end=\"1397\">Lampowy pog\u0142os spr\u0119\u017cynowy<\/strong> zosta\u0142 dodatkowo dopracowany, oferuj\u0105c g\u0119ste, przestrzenne i tr\u00f3jwymiarowe ambience. Przeprojektowana obudowa w stylu retro wykonana jest z <strong data-start=\"1538\" data-end=\"1588\">lekkiej, wysokiej jako\u015bci sklejki Baltic Birch<\/strong>, co poprawia projekcj\u0119 d\u017awi\u0119ku i zmniejsza wag\u0119 ca\u0142o\u015bci. Zastosowanie <strong data-start=\"1659\" data-end=\"1689\">lampowego prostownika EZ81<\/strong> zamiast szybkich diod daje bardziej responsywne, \u201emi\u0119kkie\u201d odczucie gry.<\/span><\/p>\n<p data-start=\"1764\" data-end=\"2129\"><span style=\"color: #000000;\">Jak przysta\u0142o na mark\u0119 Carr, Skylark Special zbudowany jest bez kompromis\u00f3w: <strong data-start=\"1841\" data-end=\"1883\">customowe transformatory produkcji USA<\/strong>, <strong data-start=\"1885\" data-end=\"1927\">komponenty klasy wojskowej i lotniczej<\/strong> w zasilaniu oraz zwi\u0119kszona liczba <strong data-start=\"1963\" data-end=\"2004\">kondensator\u00f3w Jupiter w torze sygna\u0142u<\/strong>, dobranych wy\u0142\u0105cznie ze wzgl\u0119du na walory brzmieniowe. Ca\u0142o\u015b\u0107 montowana jest metod\u0105 <strong data-start=\"2089\" data-end=\"2112\">true point-to-point<\/strong>, r\u0119cznie, w USA.<\/span><\/p>\n<p data-start=\"2131\" data-end=\"2245\"><span style=\"color: #000000;\">Efektem jest <strong data-start=\"2144\" data-end=\"2193\">wyj\u0105tkowo dynamiczny i ekspresyjny combo 1&#215;12<\/strong>, idealny zar\u00f3wno do studia, jak i na scen\u0119 klubow\u0105.<\/span><\/p>\n<p data-start=\"2247\" data-end=\"2316\"><span style=\"color: #000000;\"><strong data-start=\"2247\" data-end=\"2316\">Carr Skylark Special \u2013 kiedy Twoje brzmienie potrzebuje skrzyde\u0142.<\/strong><\/span><\/p>\n<hr data-start=\"2318\" data-end=\"2321\" \/>\n<h2 data-start=\"2323\" data-end=\"2353\"><span style=\"color: #000000;\"><strong data-start=\"2326\" data-end=\"2353\">Specyfikacja techniczna<\/strong><\/span><\/h2>\n<p data-start=\"2355\" data-end=\"2421\"><span style=\"color: #000000;\"><strong data-start=\"2355\" data-end=\"2362\">Moc<\/strong><\/span><br data-start=\"2362\" data-end=\"2365\" \/><span style=\"color: #000000;\">12 W pe\u0142nej mocy, z atenuacj\u0105 od 1,2 W do poziomu szeptu<\/span><\/p>\n<p data-start=\"2423\" data-end=\"2487\"><span style=\"color: #000000;\"><strong data-start=\"2423\" data-end=\"2438\">Konstrukcja<\/strong><\/span><br data-start=\"2438\" data-end=\"2441\" \/><span style=\"color: #000000;\">R\u0119czne okablowanie point-to-point, Made in USA<\/span><\/p>\n<p data-start=\"2489\" data-end=\"2689\"><span style=\"color: #000000;\"><strong data-start=\"2489\" data-end=\"2503\">Komponenty<\/strong><\/span><br data-start=\"2503\" data-end=\"2506\" \/><span style=\"color: #000000;\">Customowe transformatory USA<\/span><br data-start=\"2534\" data-end=\"2537\" \/><span style=\"color: #000000;\">Kondensatory zasilania Solen Fast Cap<\/span><br data-start=\"2574\" data-end=\"2577\" \/><span style=\"color: #000000;\">Ameryka\u0144skie kondensatory sygna\u0142owe Jupiter i Mallory<\/span><br data-start=\"2630\" data-end=\"2633\" \/><span style=\"color: #000000;\">Rezystory carbon comp oraz inne komponenty klasy premium<\/span><\/p>\n<p data-start=\"2691\" data-end=\"2705\"><span style=\"color: #000000;\"><strong data-start=\"2691\" data-end=\"2701\">Kana\u0142y<\/strong><\/span><br data-start=\"2701\" data-end=\"2704\" \/><span style=\"color: #000000;\">1<\/span><\/p>\n<p data-start=\"2707\" data-end=\"2776\"><span style=\"color: #000000;\"><strong data-start=\"2707\" data-end=\"2716\">Lampy<\/strong><\/span><br data-start=\"2716\" data-end=\"2719\" \/><span style=\"color: #000000;\">2 \u00d7 12AX7<\/span><br data-start=\"2728\" data-end=\"2731\" \/><span style=\"color: #000000;\">2 \u00d7 12AT7<\/span><br data-start=\"2740\" data-end=\"2743\" \/><span style=\"color: #000000;\">2 \u00d7 6V6GT<\/span><br data-start=\"2752\" data-end=\"2755\" \/><span style=\"color: #000000;\">1 \u00d7 EZ81 (prostownik)<\/span><\/p>\n<p data-start=\"2778\" data-end=\"2892\"><span style=\"color: #000000;\"><strong data-start=\"2778\" data-end=\"2792\">Regulatory<\/strong><\/span><br data-start=\"2792\" data-end=\"2795\" \/><span style=\"color: #000000;\">Volume<\/span><br data-start=\"2801\" data-end=\"2804\" \/><span style=\"color: #000000;\">Hi \/ Low Gain<\/span><br data-start=\"2817\" data-end=\"2820\" \/><span style=\"color: #000000;\">Treble<\/span><br data-start=\"2826\" data-end=\"2829\" \/><span style=\"color: #000000;\">Mid<\/span><br data-start=\"2832\" data-end=\"2835\" \/><span style=\"color: #000000;\">Bass<\/span><br data-start=\"2839\" data-end=\"2842\" \/><span style=\"color: #000000;\">Reverb<\/span><br data-start=\"2848\" data-end=\"2851\" \/><span style=\"color: #000000;\">Presence<\/span><br data-start=\"2859\" data-end=\"2862\" \/><span style=\"color: #000000;\">Attenuator<\/span><br data-start=\"2872\" data-end=\"2875\" \/><span style=\"color: #000000;\">Attenuator Toggle<\/span><\/p>\n<p data-start=\"2894\" data-end=\"2982\"><span style=\"color: #000000;\"><strong data-start=\"2894\" data-end=\"2910\">Prze\u0142\u0105czniki<\/strong><\/span><br data-start=\"2910\" data-end=\"2913\" \/><span style=\"color: #000000;\">Hi \/ Low Gain<\/span><br data-start=\"2926\" data-end=\"2929\" \/><span style=\"color: #000000;\">Sekcja H73<\/span><br data-start=\"2939\" data-end=\"2942\" \/><span style=\"color: #000000;\">Attenuator In \/ Out<\/span><br data-start=\"2961\" data-end=\"2964\" \/><span style=\"color: #000000;\">On \/ Off \/ Standby<\/span><\/p>\n<p data-start=\"2984\" data-end=\"3072\"><span style=\"color: #000000;\"><strong data-start=\"2984\" data-end=\"2995\">Funkcje<\/strong><\/span><br data-start=\"2995\" data-end=\"2998\" \/><span style=\"color: #000000;\">Lampowy pog\u0142os spr\u0119\u017cynowy<\/span><br data-start=\"3023\" data-end=\"3026\" \/><span style=\"color: #000000;\">Wbudowany atenuator<\/span><br data-start=\"3045\" data-end=\"3048\" \/><span style=\"color: #000000;\">Wyj\u015bcie g\u0142o\u015bnikowe 8 Ohm<\/span><\/p>\n<p data-start=\"3074\" data-end=\"3143\"><span style=\"color: #000000;\"><strong data-start=\"3074\" data-end=\"3085\">Obudowa<\/strong><\/span><br data-start=\"3085\" data-end=\"3088\" \/><span style=\"color: #000000;\">R\u0119cznie wykonana z wysokiej jako\u015bci sklejki, styl retro<\/span><\/p>\n<p data-start=\"3145\" data-end=\"3179\"><span style=\"color: #000000;\"><strong data-start=\"3145\" data-end=\"3156\">G\u0142o\u015bnik<\/strong><\/span><br data-start=\"3156\" data-end=\"3159\" \/><span style=\"color: #000000;\">Celestion A-Type 12&#8243;<\/span><\/p>\n<p data-start=\"3181\" data-end=\"3277\"><span style=\"color: #000000;\"><strong data-start=\"3181\" data-end=\"3199\">Wymiary i waga<\/strong><\/span><br data-start=\"3199\" data-end=\"3202\" \/><span style=\"color: #000000;\">Combo 1\u00d712&#8243;<\/span><br data-start=\"3213\" data-end=\"3216\" \/><span style=\"color: #000000;\">20,5&#8243; (szer.) \u00d7 15,75&#8243; (wys.) \u00d7 9&#8243; (g\u0142.)<\/span><br data-start=\"3256\" data-end=\"3259\" \/><span style=\"color: #000000;\">33 lbs (ok. 15 kg)<\/span><\/p>\n<hr data-start=\"3279\" data-end=\"3282\" \/>\n<h2 data-start=\"3284\" data-end=\"3344\"><span style=\"color: #000000;\"><strong data-start=\"3287\" data-end=\"3344\">Guitar2Amp \u2013 autoryzowany dystrybutor Carr Amplifiers<\/strong><\/span><\/h2>\n<p data-start=\"3346\" data-end=\"3529\"><span style=\"color: #000000;\"><strong data-start=\"3346\" data-end=\"3360\">Guitar2Amp<\/strong> jest <strong data-start=\"3366\" data-end=\"3409\">autoryzowanym dealerem wzmacniaczy Carr<\/strong>.<\/span><br data-start=\"3410\" data-end=\"3413\" \/><span style=\"color: #000000;\">Oferujemy wy\u0142\u0105cznie oryginalne produkty, wystawiamy <strong data-start=\"3465\" data-end=\"3480\">faktury VAT<\/strong> oraz zapewniamy <strong data-start=\"3497\" data-end=\"3528\">wysy\u0142k\u0119 lub odbi\u00f3r osobisty<\/strong>.<\/span><\/p>\n<p data-start=\"3531\" data-end=\"3568\" data-is-last-node=\"\" data-is-only-node=\"\"><span style=\"color: #000000;\">W razie pyta\u0144 zapraszamy do kontaktu.<\/span><\/p>\n<\/div>\n<\/div>\n<\/div>\n<\/div>\n<div class=\"z-0 flex min-h-[46px] justify-start\"><\/div>\n<\/div>\n<\/div>\n<div class=\"entry-content-asset videofit\">\n<div class=\"jetpack-video-wrapper\"><iframe loading=\"lazy\" title=\"CARR Amplification Skylark Special - A Special Version of a Classic\" width=\"720\" height=\"405\" src=\"https:\/\/www.youtube.com\/embed\/C3SGUq2eoE4?start=267&#038;feature=oembed\" frameborder=\"0\" allow=\"accelerometer; autoplay; clipboard-write; encrypted-media; gyroscope; picture-in-picture; web-share\" referrerpolicy=\"strict-origin-when-cross-origin\" allowfullscreen><\/iframe><\/div>\n<\/div>\n<div class=\"entry-content-asset videofit\">\n<div class=\"jetpack-video-wrapper\"><iframe loading=\"lazy\" title=\"Carr Amps Skylark Special | 12W 6v6 combo amp\" width=\"720\" height=\"405\" src=\"https:\/\/www.youtube.com\/embed\/4zNxdIAIvNc?feature=oembed\" frameborder=\"0\" allow=\"accelerometer; autoplay; clipboard-write; encrypted-media; gyroscope; picture-in-picture; web-share\" referrerpolicy=\"strict-origin-when-cross-origin\" allowfullscreen><\/iframe><\/div>\n<\/div>\n","protected":false},"excerpt":{"rendered":"<p>Carr Skylark Special \u2013 klasyczne korzenie, nowoczesna swoboda S\u0142uchaj\u0105c klasycznych ameryka\u0144skich nagra\u0144 gitarowych, \u0142atwo zauwa\u017cy\u0107 wsp\u00f3lny mianownik: s\u0142odkie, soczyste brzmienie epok tweed i blackface. Kultowe wzmacniacze, takie jak tweed Harvard czy Deluxe z ko\u0144ca lat 50. oraz Princeton Reverb z lat 60., ukszta\u0142towa\u0142y ten d\u017awi\u0119kowy idea\u0142. To w\u0142a\u015bnie na tej bazie powsta\u0142 oryginalny Carr Skylark&#8230;.<\/p>\n","protected":false},"featured_media":18551,"template":"","meta":{"_monsterinsights_skip_tracking":false,"_monsterinsights_sitenote_active":false,"_monsterinsights_sitenote_note":"","_monsterinsights_sitenote_category":0,"_uf_show_specific_survey":0,"_uf_disable_surveys":false,"_kadence_starter_templates_imported_post":false,"_kad_post_transparent":"default","_kad_post_title":"","_kad_post_layout":"default","_kad_post_sidebar_id":"","_kad_post_content_style":"default","_kad_post_vertical_padding":"default","_kad_post_feature":"","_kad_post_feature_position":"","_kad_post_header":false,"_kad_post_footer":false,"_kad_post_classname":""},"product_brand":[],"product_cat":[3944,3247],"product_tag":[],"class_list":{"0":"post-18550","1":"product","2":"type-product","3":"status-publish","4":"has-post-thumbnail","6":"product_cat-carr_pl","7":"product_cat-wzmacniacze","8":"product_shipping_class-medium","10":"first","11":"instock","12":"shipping-taxable","13":"purchasable","14":"product-type-simple","15":"entry","16":"content-bg","17":"loop-entry"},"jetpack_sharing_enabled":true,"_links":{"self":[{"href":"https:\/\/guitar2amp.de\/index.php\/wp-json\/wp\/v2\/product\/18550","targetHints":{"allow":["GET"]}}],"collection":[{"href":"https:\/\/guitar2amp.de\/index.php\/wp-json\/wp\/v2\/product"}],"about":[{"href":"https:\/\/guitar2amp.de\/index.php\/wp-json\/wp\/v2\/types\/product"}],"wp:featuredmedia":[{"embeddable":true,"href":"https:\/\/guitar2amp.de\/index.php\/wp-json\/wp\/v2\/media\/18551"}],"wp:attachment":[{"href":"https:\/\/guitar2amp.de\/index.php\/wp-json\/wp\/v2\/media?parent=18550"}],"wp:term":[{"taxonomy":"product_brand","embeddable":true,"href":"https:\/\/guitar2amp.de\/index.php\/wp-json\/wp\/v2\/product_brand?post=18550"},{"taxonomy":"product_cat","embeddable":true,"href":"https:\/\/guitar2amp.de\/index.php\/wp-json\/wp\/v2\/product_cat?post=18550"},{"taxonomy":"product_tag","embeddable":true,"href":"https:\/\/guitar2amp.de\/index.php\/wp-json\/wp\/v2\/product_tag?post=18550"}],"curies":[{"name":"wp","href":"https:\/\/api.w.org\/{rel}","templated":true}]}}