{"id":18643,"date":"2026-02-09T15:24:16","date_gmt":"2026-02-09T14:24:16","guid":{"rendered":"https:\/\/guitar2amp.de\/?post_type=product&#038;p=18643"},"modified":"2026-03-02T09:50:19","modified_gmt":"2026-03-02T08:50:19","slug":"2018-fender-custom-shop-michael-landau-1968-stratocaster-30th-anniversary-artist-edition-black-used-2","status":"publish","type":"product","link":"https:\/\/guitar2amp.de\/index.php\/pl\/product\/2018-fender-custom-shop-michael-landau-1968-stratocaster-30th-anniversary-artist-edition-black-used-2\/","title":{"rendered":"2018 Fender Custom Shop Michael Landau 1968 Stratocaster 30th Anniversary Artist Edition Black [USED]"},"content":{"rendered":"<h2 data-start=\"171\" data-end=\"236\"><span style=\"color: #000000;\"><strong data-start=\"174\" data-end=\"234\">2018 Fender Custom Shop Michael Landau 1968 Stratocaster<\/strong><\/span><\/h2>\n<p data-start=\"237\" data-end=\"272\"><span style=\"color: #000000;\"><strong data-start=\"237\" data-end=\"272\">30th Anniversary Artist Edition<\/strong><\/span><\/p>\n<p data-start=\"274\" data-end=\"380\"><span style=\"color: #000000;\"><strong data-start=\"274\" data-end=\"283\">Stan:<\/strong> Bardzo dobry \u2013 gitara u\u017cywana w niewielkim stopniu, w pe\u0142ni oryginalna, technicznie bez zarzutu.<\/span><\/p>\n<p data-start=\"382\" data-end=\"745\"><span style=\"color: #000000;\">Ta <strong data-start=\"385\" data-end=\"498\">2018 <span class=\"hover:entity-accent entity-underline inline cursor-pointer align-baseline\"><span class=\"whitespace-normal\">Fender Custom Shop<\/span><\/span> Michael Landau 1968 Stratocaster \u2013 30th Anniversary Artist Edition<\/strong> powsta\u0142a z okazji 30-lecia wsp\u00f3\u0142pracy Michaela Landau z Fenderem. Model ten inspirowany jest jego oryginaln\u0105 Stratocaster z ko\u0144ca lat 60. i \u0142\u0105czy autentyczny, vintage\u2019owy charakter z precyzj\u0105 oraz jako\u015bci\u0105 wykonania typow\u0105 dla Fender Custom Shop.<\/span><\/p>\n<p data-start=\"747\" data-end=\"878\"><span style=\"color: #000000;\">To instrument zaprojektowany z my\u015bl\u0105 o \u015bwiadomych gitarzystach i muzykach sesyjnych \u2014 liczy si\u0119 tu feeling, dynamika i muzykalno\u015b\u0107.<\/span><\/p>\n<h3 data-start=\"880\" data-end=\"909\"><span style=\"color: #000000;\"><strong data-start=\"884\" data-end=\"909\">Brzmienie i charakter<\/strong><\/span><\/h3>\n<p data-start=\"910\" data-end=\"1272\"><span style=\"color: #000000;\">Gitara wyposa\u017cona jest w <strong data-start=\"935\" data-end=\"1000\">trzy przetworniki Custom Shop Hand-Wound Fat \u201950s Single Coil<\/strong>, znane z ciep\u0142ego do\u0142u, bogatych \u015brodk\u00f3w i g\u0142adkiej, selektywnej g\u00f3ry pasma. Brzmienie jest otwarte, pe\u0142ne harmonicznych i niezwykle responsywne na artykulacj\u0119. Cleany s\u0105 dzwonkowe i przestrzenne, a d\u017awi\u0119ki przesterowane pozostaj\u0105 czytelne, \u015bpiewne i pozbawione ostro\u015bci.<\/span><\/p>\n<p data-start=\"1274\" data-end=\"1349\"><span style=\"color: #000000;\">Idealna do bluesa, rocka, fusion, popu oraz profesjonalnej pracy studyjnej.<\/span><\/p>\n<h3 data-start=\"1351\" data-end=\"1372\"><span style=\"color: #000000;\"><strong data-start=\"1355\" data-end=\"1372\">Korpus i gryf<\/strong><\/span><\/h3>\n<ul data-start=\"1373\" data-end=\"1637\">\n<li data-start=\"1373\" data-end=\"1402\">\n<p data-start=\"1375\" data-end=\"1402\"><span style=\"color: #000000;\"><strong data-start=\"1375\" data-end=\"1386\">Korpus:<\/strong> Olcha (Alder)<\/span><\/p>\n<\/li>\n<li data-start=\"1403\" data-end=\"1458\">\n<p data-start=\"1405\" data-end=\"1458\"><span style=\"color: #000000;\"><strong data-start=\"1405\" data-end=\"1421\">Wyko\u0144czenie:<\/strong> Lakier nitrocelulozowy (styl 1968)<\/span><\/p>\n<\/li>\n<li data-start=\"1459\" data-end=\"1506\">\n<p data-start=\"1461\" data-end=\"1506\"><span style=\"color: #000000;\"><strong data-start=\"1461\" data-end=\"1470\">Gryf:<\/strong> Klon, <strong data-start=\"1477\" data-end=\"1504\">profil Mid-\u201960 \u201eOval C\u201d<\/strong><\/span><\/p>\n<\/li>\n<li data-start=\"1507\" data-end=\"1557\">\n<p data-start=\"1509\" data-end=\"1557\"><span style=\"color: #000000;\"><strong data-start=\"1509\" data-end=\"1526\">Podstrunnica:<\/strong> Palisander (round-laminated)<\/span><\/p>\n<\/li>\n<li data-start=\"1558\" data-end=\"1583\">\n<p data-start=\"1560\" data-end=\"1583\"><span style=\"color: #000000;\"><strong data-start=\"1560\" data-end=\"1571\">Radius:<\/strong> <strong data-start=\"1572\" data-end=\"1581\">7,25&#8243;<\/strong><\/span><\/p>\n<\/li>\n<li data-start=\"1584\" data-end=\"1607\">\n<p data-start=\"1586\" data-end=\"1607\"><span style=\"color: #000000;\"><strong data-start=\"1586\" data-end=\"1596\">Progi:<\/strong> <strong data-start=\"1597\" data-end=\"1605\">6105<\/strong><\/span><\/p>\n<\/li>\n<li data-start=\"1608\" data-end=\"1637\">\n<p data-start=\"1610\" data-end=\"1637\"><span style=\"color: #000000;\"><strong data-start=\"1610\" data-end=\"1622\">Menzura:<\/strong> 25,5&#8243; (648 mm)<\/span><\/p>\n<\/li>\n<\/ul>\n<p data-start=\"1639\" data-end=\"1943\"><span style=\"color: #000000;\">Profil <strong data-start=\"1646\" data-end=\"1664\">Mid-\u201960 Oval C<\/strong> daje klasyczne, organiczne odczucie pod r\u0119k\u0105 \u2014 jest nieco pe\u0142niejszy ni\u017c nowoczesne profile \u201eC\u201d, ale bardzo komfortowy. Vintage\u2019owy <strong data-start=\"1797\" data-end=\"1813\">radius 7,25&#8243;<\/strong> w po\u0142\u0105czeniu z <strong data-start=\"1829\" data-end=\"1845\">progami 6105<\/strong> zapewnia autentyczny feeling starej Straty przy zachowaniu dobrej kontroli i wygodnych bending\u00f3w.<\/span><\/p>\n<h3 data-start=\"1945\" data-end=\"1974\"><span style=\"color: #000000;\"><strong data-start=\"1949\" data-end=\"1974\">Elektronika i osprz\u0119t<\/strong><\/span><\/h3>\n<ul data-start=\"1975\" data-end=\"2268\">\n<li data-start=\"1975\" data-end=\"2045\">\n<p data-start=\"1977\" data-end=\"2045\"><span style=\"color: #000000;\"><strong data-start=\"1977\" data-end=\"1994\">Przetworniki:<\/strong> 3 \u00d7 Custom Shop Hand-Wound Fat \u201950s Single Coils<\/span><\/p>\n<\/li>\n<li data-start=\"2046\" data-end=\"2109\">\n<p data-start=\"2048\" data-end=\"2109\"><span style=\"color: #000000;\"><strong data-start=\"2048\" data-end=\"2061\">Kontrola:<\/strong> 1 \u00d7 Volume, 2 \u00d7 Tone, 5-pozycyjny prze\u0142\u0105cznik<\/span><\/p>\n<\/li>\n<li data-start=\"2110\" data-end=\"2160\">\n<p data-start=\"2112\" data-end=\"2160\"><span style=\"color: #000000;\"><strong data-start=\"2112\" data-end=\"2123\">Mostek:<\/strong> Vintage-style Synchronized Tremolo<\/span><\/p>\n<\/li>\n<li data-start=\"2161\" data-end=\"2197\">\n<p data-start=\"2163\" data-end=\"2197\"><span style=\"color: #000000;\"><strong data-start=\"2163\" data-end=\"2174\">Klucze:<\/strong> Vintage-style tuners<\/span><\/p>\n<\/li>\n<li data-start=\"2198\" data-end=\"2220\">\n<p data-start=\"2200\" data-end=\"2220\"><span style=\"color: #000000;\"><strong data-start=\"2200\" data-end=\"2213\">Siode\u0142ko:<\/strong> Ko\u015b\u0107<\/span><\/p>\n<\/li>\n<li data-start=\"2221\" data-end=\"2268\">\n<p data-start=\"2223\" data-end=\"2268\"><span style=\"color: #000000;\"><strong data-start=\"2223\" data-end=\"2235\">Osprz\u0119t:<\/strong> Nikiel \/ chrom (vintage correct)<\/span><\/p>\n<\/li>\n<\/ul>\n<p data-start=\"2270\" data-end=\"2425\"><span style=\"color: #000000;\">Wszystkie komponenty dobrano tak, aby zachowa\u0107 klasyczn\u0105 rezonansowo\u015b\u0107 i charakter Stratocastera, przy jednoczesnej niezawodno\u015bci w codziennym u\u017cytkowaniu.<\/span><\/p>\n<h3 data-start=\"2427\" data-end=\"2446\"><span style=\"color: #000000;\"><strong data-start=\"2431\" data-end=\"2446\">Komfort gry<\/strong><\/span><\/h3>\n<p data-start=\"2447\" data-end=\"2686\"><span style=\"color: #000000;\">Instrument reaguje natychmiast na dynamik\u0119 i niuanse artykulacyjne. \u015awietnie sprawdzi si\u0119 zar\u00f3wno w subtelnych partiach rytmicznych, jak i w ekspresyjnych liniach solowych. To gitara, kt\u00f3ra \u201eoddycha\u201d razem z muzykiem i inspiruje do grania.<\/span><\/p>\n<p data-start=\"2688\" data-end=\"2803\"><span style=\"color: #000000;\">Prawdziwa <strong data-start=\"2698\" data-end=\"2723\">player\u2019s Stratocaster<\/strong>, stworzona dla gitarzyst\u00f3w ceni\u0105cych feeling i brzmienie ponad suche parametry.<\/span><\/p>\n<h3 data-start=\"2805\" data-end=\"2823\"><span style=\"color: #000000;\"><strong data-start=\"2809\" data-end=\"2823\">W zestawie<\/strong><\/span><\/h3>\n<ul data-start=\"2824\" data-end=\"2931\">\n<li data-start=\"2824\" data-end=\"2865\">\n<p data-start=\"2826\" data-end=\"2865\"><span style=\"color: #000000;\">Oryginalny futera\u0142 Fender Custom Shop<\/span><\/p>\n<\/li>\n<li data-start=\"2866\" data-end=\"2901\">\n<p data-start=\"2868\" data-end=\"2901\"><span style=\"color: #000000;\">Certyfikat autentyczno\u015bci (COA)<\/span><\/p>\n<\/li>\n<li data-start=\"2902\" data-end=\"2931\">\n<p data-start=\"2904\" data-end=\"2931\"><span style=\"color: #000000;\">Rami\u0119 tremolo i akcesoria<\/span><\/p>\n<\/li>\n<\/ul>\n<h3 data-start=\"2933\" data-end=\"2953\"><span style=\"color: #000000;\"><strong data-start=\"2937\" data-end=\"2953\">Podsumowanie<\/strong><\/span><\/h3>\n<p data-start=\"2954\" data-end=\"3319\"><span style=\"color: #000000;\"><strong data-start=\"2954\" data-end=\"3024\">Michael Landau 1968 Stratocaster \u2013 30th Anniversary Artist Edition<\/strong> to wyj\u0105tkowa gitara Custom Shop, \u0142\u0105cz\u0105ca ducha Stratocaster\u00f3w z ko\u0144ca lat 60. z nowoczesn\u0105 precyzj\u0105 wykonania. Dzi\u0119ki <strong data-start=\"3143\" data-end=\"3166\">Hand-Wound Fat \u201950s<\/strong>, <strong data-start=\"3168\" data-end=\"3194\">gryfowi Mid-\u201960 Oval C<\/strong>, <strong data-start=\"3196\" data-end=\"3215\">radiusowi 7,25&#8243;<\/strong> i <strong data-start=\"3218\" data-end=\"3233\">progom 6105<\/strong> oferuje autentyczny vintage\u2019owy feeling, ogromn\u0105 dynamik\u0119 i profesjonaln\u0105 grywalno\u015b\u0107.<\/span><\/p>\n","protected":false},"excerpt":{"rendered":"<h2 data-start=\"171\" data-end=\"236\"><span style=\"color: #000000;\"><strong data-start=\"174\" data-end=\"234\">2018 Fender Custom Shop Michael Landau 1968 Stratocaster<\/strong><\/span><\/h2>\n<p data-start=\"237\" data-end=\"272\"><span style=\"color: #000000;\"><strong data-start=\"237\" data-end=\"272\">30th Anniversary Artist Edition<\/strong><\/span><\/p>\n<p data-start=\"274\" data-end=\"380\"><span style=\"color: #000000;\"><strong data-start=\"274\" data-end=\"283\">Stan:<\/strong> Bardzo dobry \u2013 gitara u\u017cywana w niewielkim stopniu, w pe\u0142ni oryginalna, technicznie bez zarzutu.<\/span><\/p>\n<p data-start=\"382\" data-end=\"745\"><span style=\"color: #000000;\">Ta <strong data-start=\"385\" data-end=\"498\">2018 <span class=\"hover:entity-accent entity-underline inline cursor-pointer align-baseline\"><span class=\"whitespace-normal\">Fender Custom Shop<\/span><\/span> Michael Landau 1968 Stratocaster \u2013 30th Anniversary Artist Edition<\/strong> powsta\u0142a z okazji 30-lecia wsp\u00f3\u0142pracy Michaela Landau z Fenderem. Model ten inspirowany jest jego oryginaln\u0105 Stratocaster z ko\u0144ca lat 60. i \u0142\u0105czy autentyczny, vintage\u2019owy charakter z precyzj\u0105 oraz jako\u015bci\u0105 wykonania typow\u0105 dla Fender Custom Shop.<\/span><\/p>\n<p data-start=\"747\" data-end=\"878\"><span style=\"color: #000000;\">To instrument zaprojektowany z my\u015bl\u0105 o \u015bwiadomych gitarzystach i muzykach sesyjnych \u2014 liczy si\u0119 tu feeling, dynamika i muzykalno\u015b\u0107.<\/span><\/p>\n<h3 data-start=\"880\" data-end=\"909\"><span style=\"color: #000000;\"><strong data-start=\"884\" data-end=\"909\">Brzmienie i charakter<\/strong><\/span><\/h3>\n","protected":false},"featured_media":18644,"template":"","meta":{"_monsterinsights_skip_tracking":false,"_monsterinsights_sitenote_active":false,"_monsterinsights_sitenote_note":"","_monsterinsights_sitenote_category":0,"_uf_show_specific_survey":0,"_uf_disable_surveys":false,"_kadence_starter_templates_imported_post":false,"_kad_post_transparent":"default","_kad_post_title":"","_kad_post_layout":"default","_kad_post_sidebar_id":"","_kad_post_content_style":"default","_kad_post_vertical_padding":"default","_kad_post_feature":"","_kad_post_feature_position":"","_kad_post_header":false,"_kad_post_footer":false,"_kad_post_classname":""},"product_brand":[],"product_cat":[3233],"product_tag":[],"class_list":{"0":"post-18643","1":"product","2":"type-product","3":"status-publish","4":"has-post-thumbnail","6":"product_cat-uncategorized-pl","8":"first","9":"outofstock","10":"shipping-taxable","11":"purchasable","12":"product-type-simple","13":"entry","14":"content-bg","15":"loop-entry"},"jetpack_sharing_enabled":true,"_links":{"self":[{"href":"https:\/\/guitar2amp.de\/index.php\/wp-json\/wp\/v2\/product\/18643","targetHints":{"allow":["GET"]}}],"collection":[{"href":"https:\/\/guitar2amp.de\/index.php\/wp-json\/wp\/v2\/product"}],"about":[{"href":"https:\/\/guitar2amp.de\/index.php\/wp-json\/wp\/v2\/types\/product"}],"wp:featuredmedia":[{"embeddable":true,"href":"https:\/\/guitar2amp.de\/index.php\/wp-json\/wp\/v2\/media\/18644"}],"wp:attachment":[{"href":"https:\/\/guitar2amp.de\/index.php\/wp-json\/wp\/v2\/media?parent=18643"}],"wp:term":[{"taxonomy":"product_brand","embeddable":true,"href":"https:\/\/guitar2amp.de\/index.php\/wp-json\/wp\/v2\/product_brand?post=18643"},{"taxonomy":"product_cat","embeddable":true,"href":"https:\/\/guitar2amp.de\/index.php\/wp-json\/wp\/v2\/product_cat?post=18643"},{"taxonomy":"product_tag","embeddable":true,"href":"https:\/\/guitar2amp.de\/index.php\/wp-json\/wp\/v2\/product_tag?post=18643"}],"curies":[{"name":"wp","href":"https:\/\/api.w.org\/{rel}","templated":true}]}}