{"id":18687,"date":"2026-02-16T10:57:35","date_gmt":"2026-02-16T09:57:35","guid":{"rendered":"https:\/\/guitar2amp.de\/?post_type=product&#038;p=18687"},"modified":"2026-03-30T17:35:13","modified_gmt":"2026-03-30T15:35:13","slug":"2016-fender-custom-shop-69-stratocaster-olimpic-white-over-dakota-red-hss-3","status":"publish","type":"product","link":"https:\/\/guitar2amp.de\/index.php\/pl\/product\/2016-fender-custom-shop-69-stratocaster-olimpic-white-over-dakota-red-hss-3\/","title":{"rendered":"2016 Fender Custom Shop &#8217;69 Stratocaster Olimpic White over Dakota Red HSS [USED]"},"content":{"rendered":"<h2 data-start=\"143\" data-end=\"188\"><span style=\"color: #000000;\"><strong data-start=\"146\" data-end=\"186\">2016 Fender Custom Shop Stratocaster<\/strong><\/span><\/h2>\n<p data-start=\"189\" data-end=\"249\"><span style=\"color: #000000;\"><strong data-start=\"189\" data-end=\"249\">Heavy Relic \u2013 Olympic White over Dakota Red \u2013 Floyd Rose<\/strong><\/span><\/p>\n<p data-start=\"251\" data-end=\"346\"><span style=\"color: #000000;\"><strong data-start=\"251\" data-end=\"260\">Stan:<\/strong> Bardzo dobry \u2013 w pe\u0142ni oryginalna, profesjonalnie ustawiona, technicznie bez zarzutu.<\/span><\/p>\n<p data-start=\"348\" data-end=\"561\"><span style=\"color: #000000;\">Ta <strong data-start=\"351\" data-end=\"422\">2016 <span class=\"hover:entity-accent entity-underline inline cursor-pointer align-baseline\"><span class=\"whitespace-normal\">Fender Custom Shop<\/span><\/span> Stratocaster Heavy Relic<\/strong> to wyj\u0105tkowa konfiguracja Custom Shop, \u0142\u0105cz\u0105ca klimat ko\u0144ca lat 60. z nowoczesnymi rozwi\u0105zaniami dla wymagaj\u0105cych gitarzyst\u00f3w scenicznych.<\/span><\/p>\n<p data-start=\"563\" data-end=\"795\"><span style=\"color: #000000;\">Wyko\u0144czenie <strong data-start=\"575\" data-end=\"608\">Olympic White over Dakota Red<\/strong> w wersji Heavy Relic ods\u0142ania subtelnie czerwony podk\u0142ad spod postarzanego lakieru, tworz\u0105c bardzo charakterystyczny, \u201esceniczny\u201d wygl\u0105d z du\u017c\u0105 dawk\u0105 autentycznego vintage\u2019owego klimatu.<\/span><\/p>\n<p data-start=\"797\" data-end=\"913\"><span style=\"color: #000000;\">To instrument stworzony dla muzyk\u00f3w, kt\u00f3rzy oczekuj\u0105 zar\u00f3wno klasycznego wygl\u0105du, jak i maksymalnej funkcjonalno\u015bci.<\/span><\/p>\n<hr data-start=\"915\" data-end=\"918\" \/>\n<h3 data-start=\"920\" data-end=\"966\"><span style=\"color: #000000;\"><strong data-start=\"924\" data-end=\"966\">Brzmienie i konfiguracja przetwornik\u00f3w<\/strong><\/span><\/h3>\n<p data-start=\"968\" data-end=\"1021\"><span style=\"color: #000000;\">Konfiguracja HSS zapewniaj\u0105ca szerok\u0105 palet\u0119 brzmie\u0144:<\/span><\/p>\n<ul data-start=\"1023\" data-end=\"1163\">\n<li data-start=\"1023\" data-end=\"1069\">\n<p data-start=\"1025\" data-end=\"1069\"><span style=\"color: #000000;\"><strong data-start=\"1025\" data-end=\"1034\">Gryf:<\/strong> Custom Shop Hand-Wound \u201969 Strat<\/span><\/p>\n<\/li>\n<li data-start=\"1070\" data-end=\"1100\">\n<p data-start=\"1072\" data-end=\"1100\"><span style=\"color: #000000;\"><strong data-start=\"1072\" data-end=\"1083\">\u015arodek:<\/strong> Strat Fat \u201950s<\/span><\/p>\n<\/li>\n<li data-start=\"1101\" data-end=\"1163\">\n<p data-start=\"1103\" data-end=\"1163\"><span style=\"color: #000000;\"><strong data-start=\"1103\" data-end=\"1114\">Mostek:<\/strong> <strong data-start=\"1115\" data-end=\"1161\">EVH Frankenstein Humbucker (czarne bobiny)<\/strong><\/span><\/p>\n<\/li>\n<\/ul>\n<p data-start=\"1165\" data-end=\"1450\"><span style=\"color: #000000;\">Przetwornik \u201969 przy gryfie oferuje szklisty, klarowny, klasyczny stratowy ton z du\u017c\u0105 dynamik\u0105.<\/span><br data-start=\"1260\" data-end=\"1263\" \/><span style=\"color: #000000;\">Fat \u201950s w pozycji \u015brodkowej wnosi ciep\u0142o i pe\u0142ni\u0119 \u015brodka pasma.<\/span><br data-start=\"1327\" data-end=\"1330\" \/><span style=\"color: #000000;\">Mostkowy humbucker EVH zapewnia mocny sygna\u0142, spr\u0119\u017cysty d\u00f3\u0142 i \u015bpiewne sustain \u2014 idealny do rocka i mocniejszych brzmie\u0144.<\/span><\/p>\n<p data-start=\"1452\" data-end=\"1552\"><span style=\"color: #000000;\">Instrument bez problemu przechodzi od subtelnych clean\u00f3w do agresywnych, nasyconych partii solowych.<\/span><\/p>\n<hr data-start=\"1554\" data-end=\"1557\" \/>\n<h3 data-start=\"1559\" data-end=\"1587\"><span style=\"color: #000000;\"><strong data-start=\"1563\" data-end=\"1587\">Korpus i wyko\u0144czenie<\/strong><\/span><\/h3>\n<ul data-start=\"1589\" data-end=\"1735\">\n<li data-start=\"1589\" data-end=\"1618\">\n<p data-start=\"1591\" data-end=\"1618\"><span style=\"color: #000000;\"><strong data-start=\"1591\" data-end=\"1602\">Korpus:<\/strong> Olcha (Alder)<\/span><\/p>\n<\/li>\n<li data-start=\"1619\" data-end=\"1650\">\n<p data-start=\"1621\" data-end=\"1650\"><span style=\"color: #000000;\"><strong data-start=\"1621\" data-end=\"1632\">Lakier:<\/strong> Nitrocelulozowy<\/span><\/p>\n<\/li>\n<li data-start=\"1651\" data-end=\"1695\">\n<p data-start=\"1653\" data-end=\"1695\"><span style=\"color: #000000;\"><strong data-start=\"1653\" data-end=\"1663\">Kolor:<\/strong> Olympic White over Dakota Red<\/span><\/p>\n<\/li>\n<li data-start=\"1696\" data-end=\"1735\">\n<p data-start=\"1698\" data-end=\"1735\"><span style=\"color: #000000;\"><strong data-start=\"1698\" data-end=\"1721\">Poziom postarzenia:<\/strong> Heavy Relic<\/span><\/p>\n<\/li>\n<\/ul>\n<p data-start=\"1737\" data-end=\"1865\"><span style=\"color: #000000;\">Wielowarstwowe wyko\u0144czenie nadaje gitarze g\u0142\u0119bi wizualnej oraz autentycznego charakteru instrumentu \u201eogranej scenicznie\u201d Straty.<\/span><\/p>\n<hr data-start=\"1867\" data-end=\"1870\" \/>\n<h3 data-start=\"1872\" data-end=\"1898\"><span style=\"color: #000000;\"><strong data-start=\"1876\" data-end=\"1898\">Specyfikacja gryfu<\/strong><\/span><\/h3>\n<ul data-start=\"1900\" data-end=\"2178\">\n<li data-start=\"1900\" data-end=\"1935\">\n<p data-start=\"1902\" data-end=\"1935\"><span style=\"color: #000000;\"><strong data-start=\"1902\" data-end=\"1911\">Gryf:<\/strong> Klon 5\/4, quartersawn<\/span><\/p>\n<\/li>\n<li data-start=\"1936\" data-end=\"1974\">\n<p data-start=\"1938\" data-end=\"1974\"><span style=\"color: #000000;\"><strong data-start=\"1938\" data-end=\"1949\">Profil:<\/strong> Mid-\u201960 Style Oval \u201eC\u201d<\/span><\/p>\n<\/li>\n<li data-start=\"1975\" data-end=\"2011\">\n<p data-start=\"1977\" data-end=\"2011\"><span style=\"color: #000000;\"><strong data-start=\"1977\" data-end=\"1994\">Podstrunnica:<\/strong> AAA Palisander<\/span><\/p>\n<\/li>\n<li data-start=\"2012\" data-end=\"2054\">\n<p data-start=\"2014\" data-end=\"2054\"><span style=\"color: #000000;\"><strong data-start=\"2014\" data-end=\"2025\">Radius:<\/strong> 9,5&#8243;\u201312&#8243; (compound radius)<\/span><\/p>\n<\/li>\n<li data-start=\"2055\" data-end=\"2097\">\n<p data-start=\"2057\" data-end=\"2097\"><span style=\"color: #000000;\"><strong data-start=\"2057\" data-end=\"2067\">Progi:<\/strong> Jescar 57110 (rozmiar 6105)<\/span><\/p>\n<\/li>\n<li data-start=\"2098\" data-end=\"2149\">\n<p data-start=\"2100\" data-end=\"2149\"><span style=\"color: #000000;\"><strong data-start=\"2100\" data-end=\"2123\">Szeroko\u015b\u0107 siode\u0142ka:<\/strong> 1.625&#8243; (Floyd Rose nut)<\/span><\/p>\n<\/li>\n<li data-start=\"2150\" data-end=\"2178\">\n<p data-start=\"2152\" data-end=\"2178\"><span style=\"color: #000000;\"><strong data-start=\"2152\" data-end=\"2166\">Mocowanie:<\/strong> 4-\u015brubowe<\/span><\/p>\n<\/li>\n<\/ul>\n<p data-start=\"2180\" data-end=\"2354\"><span style=\"color: #000000;\">Compound radius zapewnia komfort w grze akordowej w ni\u017cszych pozycjach oraz wygodne bendingi w wy\u017cszych rejestrach. Profil Mid-\u201960 Oval C jest pe\u0142ny, ale bardzo ergonomiczny.<\/span><\/p>\n<hr data-start=\"2356\" data-end=\"2359\" \/>\n<h3 data-start=\"2361\" data-end=\"2376\"><span style=\"color: #000000;\"><strong data-start=\"2365\" data-end=\"2376\">Osprz\u0119t<\/strong><\/span><\/h3>\n<ul data-start=\"2378\" data-end=\"2485\">\n<li data-start=\"2378\" data-end=\"2420\">\n<p data-start=\"2380\" data-end=\"2420\"><span style=\"color: #000000;\"><strong data-start=\"2380\" data-end=\"2391\">Mostek:<\/strong> Floyd Rose (surface mount)<\/span><\/p>\n<\/li>\n<li data-start=\"2421\" data-end=\"2453\">\n<p data-start=\"2423\" data-end=\"2453\"><span style=\"color: #000000;\"><strong data-start=\"2423\" data-end=\"2434\">Klucze:<\/strong> Schaller F-Style<\/span><\/p>\n<\/li>\n<li data-start=\"2454\" data-end=\"2485\">\n<p data-start=\"2456\" data-end=\"2485\"><span style=\"color: #000000;\"><strong data-start=\"2456\" data-end=\"2468\">Osprz\u0119t:<\/strong> Chrom \/ Nikiel<\/span><\/p>\n<\/li>\n<\/ul>\n<p data-start=\"2487\" data-end=\"2640\"><span style=\"color: #000000;\">System Floyd Rose gwarantuje maksymaln\u0105 stabilno\u015b\u0107 stroju nawet przy intensywnym u\u017cywaniu tremolo \u2014 to Stratocaster gotowa na scen\u0119 i wymagaj\u0105ce warunki.<\/span><\/p>\n<hr data-start=\"2642\" data-end=\"2645\" \/>\n<h3 data-start=\"2647\" data-end=\"2666\"><span style=\"color: #000000;\"><strong data-start=\"2651\" data-end=\"2666\">Komfort gry<\/strong><\/span><\/h3>\n<p data-start=\"2668\" data-end=\"2855\"><span style=\"color: #000000;\">Gitara jest szybka, stabilna i bardzo responsywna. Po\u0142\u0105czenie compound radius, prog\u00f3w 6105 i mostka Floyd Rose daje nowoczesn\u0105 precyzj\u0119 przy zachowaniu klasycznego charakteru Custom Shop.<\/span><\/p>\n<p data-start=\"2857\" data-end=\"2965\"><span style=\"color: #000000;\">To instrument dla gitarzyst\u00f3w, kt\u00f3rzy chc\u0105 po\u0142\u0105czy\u0107 vintage\u2019owy wygl\u0105d z realnymi mo\u017cliwo\u015bciami scenicznymi.<\/span><\/p>\n<hr data-start=\"2967\" data-end=\"2970\" \/>\n<h3 data-start=\"2972\" data-end=\"2990\"><span style=\"color: #000000;\"><strong data-start=\"2976\" data-end=\"2990\">W zestawie<\/strong><\/span><\/h3>\n<ul data-start=\"2992\" data-end=\"3088\">\n<li data-start=\"2992\" data-end=\"3033\">\n<p data-start=\"2994\" data-end=\"3033\"><span style=\"color: #000000;\">Oryginalny futera\u0142 Fender Custom Shop<\/span><\/p>\n<\/li>\n<li data-start=\"3034\" data-end=\"3069\">\n<p data-start=\"3036\" data-end=\"3069\"><span style=\"color: #000000;\">Certyfikat autentyczno\u015bci (COA)<\/span><\/p>\n<\/li>\n<li data-start=\"3070\" data-end=\"3088\">\n<p data-start=\"3072\" data-end=\"3088\"><span style=\"color: #000000;\">Akcesoria case<\/span><\/p>\n<\/li>\n<\/ul>\n<hr data-start=\"3090\" data-end=\"3093\" \/>\n<h3 data-start=\"3095\" data-end=\"3115\"><span style=\"color: #000000;\"><strong data-start=\"3099\" data-end=\"3115\">Podsumowanie<\/strong><\/span><\/h3>\n<p data-start=\"3117\" data-end=\"3247\"><span style=\"color: #000000;\"><strong data-start=\"3117\" data-end=\"3201\">2016 Fender Custom Shop Stratocaster Heavy Relic \u2013 Olympic White over Dakota Red<\/strong> to wyj\u0105tkowa, sceniczna konfiguracja \u0142\u0105cz\u0105ca:<\/span><\/p>\n<ul data-start=\"3249\" data-end=\"3377\">\n<li data-start=\"3249\" data-end=\"3273\">\n<p data-start=\"3251\" data-end=\"3273\"><span style=\"color: #000000;\">Klimat ko\u0144ca lat 60.<\/span><\/p>\n<\/li>\n<li data-start=\"3274\" data-end=\"3308\">\n<p data-start=\"3276\" data-end=\"3308\"><span style=\"color: #000000;\">Wszechstronn\u0105 konfiguracj\u0119 HSS<\/span><\/p>\n<\/li>\n<li data-start=\"3309\" data-end=\"3334\">\n<p data-start=\"3311\" data-end=\"3334\"><span style=\"color: #000000;\">Stabilno\u015b\u0107 Floyd Rose<\/span><\/p>\n<\/li>\n<li data-start=\"3335\" data-end=\"3377\">\n<p data-start=\"3337\" data-end=\"3377\"><span style=\"color: #000000;\">Najwy\u017csz\u0105 jako\u015b\u0107 wykonania Custom Shop<\/span><\/p>\n<\/li>\n<\/ul>\n<p data-start=\"3379\" data-end=\"3476\"><span style=\"color: #000000;\">Charakterystyczna, dynamiczna i niezwykle funkcjonalna Stratocaster dla wymagaj\u0105cych gitarzyst\u00f3w.<\/span><\/p>\n","protected":false},"excerpt":{"rendered":"<h2 data-start=\"143\" data-end=\"188\"><span style=\"color: #000000;\"><strong data-start=\"146\" data-end=\"186\">2016 Fender Custom Shop Stratocaster<\/strong><\/span><\/h2>\n<p data-start=\"189\" data-end=\"249\"><span style=\"color: #000000;\"><strong data-start=\"189\" data-end=\"249\">Heavy Relic \u2013 Olympic White over Dakota Red \u2013 Floyd Rose<\/strong><\/span><\/p>\n<p data-start=\"251\" data-end=\"346\"><span style=\"color: #000000;\"><strong data-start=\"251\" data-end=\"260\">Stan:<\/strong> Bardzo dobry \u2013 w pe\u0142ni oryginalna, profesjonalnie ustawiona, technicznie bez zarzutu.<\/span><\/p>\n<p data-start=\"348\" data-end=\"561\"><span style=\"color: #000000;\">Ta <strong data-start=\"351\" data-end=\"422\">2016 <span class=\"hover:entity-accent entity-underline inline cursor-pointer align-baseline\"><span class=\"whitespace-normal\">Fender Custom Shop<\/span><\/span> Stratocaster Heavy Relic<\/strong> to wyj\u0105tkowa konfiguracja Custom Shop, \u0142\u0105cz\u0105ca klimat ko\u0144ca lat 60. z nowoczesnymi rozwi\u0105zaniami dla wymagaj\u0105cych gitarzyst\u00f3w scenicznych.<\/span><\/p>\n<p data-start=\"563\" data-end=\"795\"><span style=\"color: #000000;\">Wyko\u0144czenie <strong data-start=\"575\" data-end=\"608\">Olympic White over Dakota Red<\/strong> w wersji Heavy Relic ods\u0142ania subtelnie czerwony podk\u0142ad spod postarzanego lakieru, tworz\u0105c bardzo charakterystyczny, \u201esceniczny\u201d wygl\u0105d z du\u017c\u0105 dawk\u0105 autentycznego vintage\u2019owego klimatu.<\/span><\/p>\n<p data-start=\"797\" data-end=\"913\"><span style=\"color: #000000;\">To instrument stworzony dla muzyk\u00f3w, kt\u00f3rzy oczekuj\u0105 zar\u00f3wno klasycznego wygl\u0105du, jak i maksymalnej funkcjonalno\u015bci.<\/span><\/p>\n","protected":false},"featured_media":18688,"template":"","meta":{"_monsterinsights_skip_tracking":false,"_monsterinsights_sitenote_active":false,"_monsterinsights_sitenote_note":"","_monsterinsights_sitenote_category":0,"_uf_show_specific_survey":0,"_uf_disable_surveys":false,"_kadence_starter_templates_imported_post":false,"_kad_post_transparent":"default","_kad_post_title":"","_kad_post_layout":"default","_kad_post_sidebar_id":"","_kad_post_content_style":"default","_kad_post_vertical_padding":"default","_kad_post_feature":"","_kad_post_feature_position":"","_kad_post_header":false,"_kad_post_footer":false,"_kad_post_classname":""},"product_brand":[],"product_cat":[3265,3261],"product_tag":[],"class_list":{"0":"post-18687","1":"product","2":"type-product","3":"status-publish","4":"has-post-thumbnail","6":"product_cat-elektryczne-pl","7":"product_cat-gitary","9":"first","10":"outofstock","11":"shipping-taxable","12":"purchasable","13":"product-type-simple","14":"entry","15":"content-bg","16":"loop-entry"},"jetpack_sharing_enabled":true,"_links":{"self":[{"href":"https:\/\/guitar2amp.de\/index.php\/wp-json\/wp\/v2\/product\/18687","targetHints":{"allow":["GET"]}}],"collection":[{"href":"https:\/\/guitar2amp.de\/index.php\/wp-json\/wp\/v2\/product"}],"about":[{"href":"https:\/\/guitar2amp.de\/index.php\/wp-json\/wp\/v2\/types\/product"}],"wp:featuredmedia":[{"embeddable":true,"href":"https:\/\/guitar2amp.de\/index.php\/wp-json\/wp\/v2\/media\/18688"}],"wp:attachment":[{"href":"https:\/\/guitar2amp.de\/index.php\/wp-json\/wp\/v2\/media?parent=18687"}],"wp:term":[{"taxonomy":"product_brand","embeddable":true,"href":"https:\/\/guitar2amp.de\/index.php\/wp-json\/wp\/v2\/product_brand?post=18687"},{"taxonomy":"product_cat","embeddable":true,"href":"https:\/\/guitar2amp.de\/index.php\/wp-json\/wp\/v2\/product_cat?post=18687"},{"taxonomy":"product_tag","embeddable":true,"href":"https:\/\/guitar2amp.de\/index.php\/wp-json\/wp\/v2\/product_tag?post=18687"}],"curies":[{"name":"wp","href":"https:\/\/api.w.org\/{rel}","templated":true}]}}