{"id":18730,"date":"2026-02-16T11:20:53","date_gmt":"2026-02-16T10:20:53","guid":{"rendered":"https:\/\/guitar2amp.de\/?post_type=product&#038;p=18730"},"modified":"2026-02-16T11:21:28","modified_gmt":"2026-02-16T10:21:28","slug":"2015-fender-custom-shop-57-stratocaster-black-over-sunburst-used","status":"publish","type":"product","link":"https:\/\/guitar2amp.de\/index.php\/pl\/product\/2015-fender-custom-shop-57-stratocaster-black-over-sunburst-used\/","title":{"rendered":"2015 Fender Custom Shop \u201957 Stratocaster Black over Sunburst [USED]"},"content":{"rendered":"<h2 data-start=\"106\" data-end=\"155\"><span style=\"color: #000000;\"><strong data-start=\"109\" data-end=\"153\">2015 Fender Custom Shop \u201957 Stratocaster<\/strong><\/span><\/h2>\n<p data-start=\"156\" data-end=\"179\"><span style=\"color: #000000;\"><strong data-start=\"156\" data-end=\"179\">Black over Sunburst<\/strong><\/span><\/p>\n<p data-start=\"181\" data-end=\"275\"><span style=\"color: #000000;\"><strong data-start=\"181\" data-end=\"190\">Stan:<\/strong> Top condition \u2013 instrument w znakomitym stanie, wizualnie i technicznie bez zarzutu.<\/span><\/p>\n<p data-start=\"277\" data-end=\"452\"><span style=\"color: #000000;\">Ta <strong data-start=\"280\" data-end=\"343\">2015 <span class=\"hover:entity-accent entity-underline inline cursor-pointer align-baseline\"><span class=\"whitespace-normal\">Fender Custom Shop<\/span><\/span> \u201957 Stratocaster<\/strong> to doskonale wykonany model Custom Shop, \u0142\u0105cz\u0105cy klasyczny klimat rocznika 1957 z nowoczesnym komfortem gry.<\/span><\/p>\n<p data-start=\"454\" data-end=\"733\"><span style=\"color: #000000;\">Wyko\u0144czenie <strong data-start=\"466\" data-end=\"489\">Black over Sunburst<\/strong> nadaje gitarze wyj\u0105tkowej g\u0142\u0119bi wizualnej \u2014 spod czarnej warstwy lakieru subtelnie przebija ciep\u0142y sunburst, tworz\u0105c bardzo elegancki i charakterystyczny efekt. Instrument prezentuje si\u0119 niezwykle efektownie, zar\u00f3wno na scenie, jak i w studio.<\/span><\/p>\n<hr data-start=\"735\" data-end=\"738\" \/>\n<h3 data-start=\"740\" data-end=\"768\"><span style=\"color: #000000;\"><strong data-start=\"744\" data-end=\"768\">Brzmienie i rezonans<\/strong><\/span><\/h3>\n<p data-start=\"770\" data-end=\"922\"><span style=\"color: #000000;\">Lekki <strong data-start=\"776\" data-end=\"794\">korpus z olchy<\/strong> zapewnia \u015bwietn\u0105 rezonansowo\u015b\u0107, zr\u00f3wnowa\u017cone pasmo i \u017cyw\u0105 odpowied\u017a dynamiczn\u0105. Ju\u017c \u201ena sucho\u201d gitara jest otwarta i spr\u0119\u017cysta.<\/span><\/p>\n<p data-start=\"924\" data-end=\"1157\"><span style=\"color: #000000;\">Wyposa\u017cona w <strong data-start=\"937\" data-end=\"972\">Custom Shop Hand-Wound Fat \u201950s<\/strong>, oferuje ciep\u0142y d\u00f3\u0142, wyra\u017any \u015brodek i klarown\u0105, g\u0142adk\u0105 g\u00f3r\u0119. Brzmienie jest otwarte, pe\u0142ne harmonicznych i bardzo muzykalne \u2014 klasyczna stratowa szklisto\u015b\u0107 z dodatkow\u0105 g\u0142\u0119bi\u0105 i pe\u0142ni\u0105.<\/span><\/p>\n<p data-start=\"1159\" data-end=\"1315\"><span style=\"color: #000000;\">Od dzwonkowych clean\u00f3w po ekspresyjne, lekko przesterowane partie solowe \u2014 instrument doskonale sprawdzi si\u0119 w bluesie, rocku, popie i wielu innych stylach.<\/span><\/p>\n<hr data-start=\"1317\" data-end=\"1320\" \/>\n<h3 data-start=\"1322\" data-end=\"1350\"><span style=\"color: #000000;\"><strong data-start=\"1326\" data-end=\"1350\">Korpus i wyko\u0144czenie<\/strong><\/span><\/h3>\n<ul data-start=\"1352\" data-end=\"1487\">\n<li data-start=\"1352\" data-end=\"1379\">\n<p data-start=\"1354\" data-end=\"1379\"><span style=\"color: #000000;\"><strong data-start=\"1354\" data-end=\"1365\">Korpus:<\/strong> Lekka olcha<\/span><\/p>\n<\/li>\n<li data-start=\"1380\" data-end=\"1411\">\n<p data-start=\"1382\" data-end=\"1411\"><span style=\"color: #000000;\"><strong data-start=\"1382\" data-end=\"1393\">Lakier:<\/strong> Nitrocelulozowy<\/span><\/p>\n<\/li>\n<li data-start=\"1412\" data-end=\"1446\">\n<p data-start=\"1414\" data-end=\"1446\"><span style=\"color: #000000;\"><strong data-start=\"1414\" data-end=\"1424\">Kolor:<\/strong> Black over Sunburst<\/span><\/p>\n<\/li>\n<li data-start=\"1447\" data-end=\"1487\">\n<p data-start=\"1449\" data-end=\"1487\"><span style=\"color: #000000;\"><strong data-start=\"1449\" data-end=\"1459\">Model:<\/strong> Reedycja \u201957 Stratocaster<\/span><\/p>\n<\/li>\n<\/ul>\n<p data-start=\"1489\" data-end=\"1602\"><span style=\"color: #000000;\">Wyko\u0144czenie podkre\u015bla vintage\u2019owy charakter gitary przy zachowaniu eleganckiej prezencji typowej dla Custom Shop.<\/span><\/p>\n<hr data-start=\"1604\" data-end=\"1607\" \/>\n<h3 data-start=\"1609\" data-end=\"1635\"><span style=\"color: #000000;\"><strong data-start=\"1613\" data-end=\"1635\">Specyfikacja gryfu<\/strong><\/span><\/h3>\n<ul data-start=\"1637\" data-end=\"1763\">\n<li data-start=\"1637\" data-end=\"1692\">\n<p data-start=\"1639\" data-end=\"1692\"><span style=\"color: #000000;\"><strong data-start=\"1639\" data-end=\"1656\">Profil gryfu:<\/strong> Medium (komfortowy, zbalansowany)<\/span><\/p>\n<\/li>\n<li data-start=\"1693\" data-end=\"1713\">\n<p data-start=\"1695\" data-end=\"1713\"><span style=\"color: #000000;\"><strong data-start=\"1695\" data-end=\"1706\">Radius:<\/strong> 9,5&#8243;<\/span><\/p>\n<\/li>\n<li data-start=\"1714\" data-end=\"1740\">\n<p data-start=\"1716\" data-end=\"1740\"><span style=\"color: #000000;\"><strong data-start=\"1716\" data-end=\"1726\">Progi:<\/strong> Dunlop 6105<\/span><\/p>\n<\/li>\n<li data-start=\"1741\" data-end=\"1763\">\n<p data-start=\"1743\" data-end=\"1763\"><span style=\"color: #000000;\"><strong data-start=\"1743\" data-end=\"1755\">Menzura:<\/strong> 25,5&#8243;<\/span><\/p>\n<\/li>\n<\/ul>\n<p data-start=\"1765\" data-end=\"1989\"><span style=\"color: #000000;\">Profil Medium jest wygodny i naturalny w odczuciu \u2014 nie za cienki, nie za masywny. Radius 9,5&#8243; w po\u0142\u0105czeniu z progami 6105 umo\u017cliwia swobodne bendingi i nowoczesn\u0105 precyzj\u0119 przy zachowaniu klasycznego feelingu Stratocastera.<\/span><\/p>\n<hr data-start=\"1991\" data-end=\"1994\" \/>\n<h3 data-start=\"1996\" data-end=\"2015\"><span style=\"color: #000000;\"><strong data-start=\"2000\" data-end=\"2015\">Komfort gry<\/strong><\/span><\/h3>\n<p data-start=\"2017\" data-end=\"2191\"><span style=\"color: #000000;\">Instrument jest doskonale wywa\u017cony i bardzo responsywny. Lekki korpus sprzyja sustainowi i dynamice, a komfortowy gryf pozwala na swobodn\u0105 gr\u0119 zar\u00f3wno akordow\u0105, jak i solow\u0105.<\/span><\/p>\n<p data-start=\"2193\" data-end=\"2265\"><span style=\"color: #000000;\">To rasowa \u201eplayer\u2019s Stratocaster\u201d \u2014 elegancka, dynamiczna i inspiruj\u0105ca.<\/span><\/p>\n<hr data-start=\"2267\" data-end=\"2270\" \/>\n<h3 data-start=\"2272\" data-end=\"2290\"><span style=\"color: #000000;\"><strong data-start=\"2276\" data-end=\"2290\">W zestawie<\/strong><\/span><\/h3>\n<ul data-start=\"2292\" data-end=\"2395\">\n<li data-start=\"2292\" data-end=\"2333\">\n<p data-start=\"2294\" data-end=\"2333\"><span style=\"color: #000000;\">Oryginalny futera\u0142 Fender Custom Shop<\/span><\/p>\n<\/li>\n<li data-start=\"2334\" data-end=\"2369\">\n<p data-start=\"2336\" data-end=\"2369\"><span style=\"color: #000000;\">Certyfikat autentyczno\u015bci (COA)<\/span><\/p>\n<\/li>\n<li data-start=\"2370\" data-end=\"2395\">\n<p data-start=\"2372\" data-end=\"2395\"><span style=\"color: #000000;\">Akcesoria Custom Shop<\/span><\/p>\n<\/li>\n<\/ul>\n<hr data-start=\"2397\" data-end=\"2400\" \/>\n<h3 data-start=\"2402\" data-end=\"2422\"><span style=\"color: #000000;\"><strong data-start=\"2406\" data-end=\"2422\">Podsumowanie<\/strong><\/span><\/h3>\n<p data-start=\"2424\" data-end=\"2523\"><span style=\"color: #000000;\"><strong data-start=\"2424\" data-end=\"2490\">2015 Fender Custom Shop \u201957 Stratocaster \u2013 Black over Sunburst<\/strong> to wyj\u0105tkowy instrument \u0142\u0105cz\u0105cy:<\/span><\/p>\n<ul data-start=\"2525\" data-end=\"2707\">\n<li data-start=\"2525\" data-end=\"2561\">\n<p data-start=\"2527\" data-end=\"2561\"><span style=\"color: #000000;\">Lekki, rezonuj\u0105cy korpus z olchy<\/span><\/p>\n<\/li>\n<li data-start=\"2562\" data-end=\"2604\">\n<p data-start=\"2564\" data-end=\"2604\"><span style=\"color: #000000;\">R\u0119cznie nawijane przetworniki Fat \u201950s<\/span><\/p>\n<\/li>\n<li data-start=\"2605\" data-end=\"2633\">\n<p data-start=\"2607\" data-end=\"2633\"><span style=\"color: #000000;\">Komfortowy profil Medium<\/span><\/p>\n<\/li>\n<li data-start=\"2634\" data-end=\"2662\">\n<p data-start=\"2636\" data-end=\"2662\"><span style=\"color: #000000;\">Radius 9,5&#8243; i progi 6105<\/span><\/p>\n<\/li>\n<li data-start=\"2663\" data-end=\"2707\">\n<p data-start=\"2665\" data-end=\"2707\"><span style=\"color: #000000;\">Klasyczny wygl\u0105d w unikalnym wyko\u0144czeniu<\/span><\/p>\n<\/li>\n<\/ul>\n<p data-start=\"2709\" data-end=\"2840\"><span style=\"color: #000000;\">Instrument dla wymagaj\u0105cych gitarzyst\u00f3w, kt\u00f3rzy ceni\u0105 klasyczne brzmienie Stratocastera w najwy\u017cszej jako\u015bci wykonania Custom Shop.<\/span><\/p>\n","protected":false},"excerpt":{"rendered":"<h2 data-start=\"106\" data-end=\"155\"><span style=\"color: #000000;\"><strong data-start=\"109\" data-end=\"153\">2015 Fender Custom Shop \u201957 Stratocaster<\/strong><\/span><\/h2>\n<p data-start=\"156\" data-end=\"179\"><span style=\"color: #000000;\"><strong data-start=\"156\" data-end=\"179\">Black over Sunburst<\/strong><\/span><\/p>\n<p data-start=\"181\" data-end=\"275\"><span style=\"color: #000000;\"><strong data-start=\"181\" data-end=\"190\">Stan:<\/strong> Top condition \u2013 instrument w znakomitym stanie, wizualnie i technicznie bez zarzutu.<\/span><\/p>\n<p data-start=\"277\" data-end=\"452\"><span style=\"color: #000000;\">Ta <strong data-start=\"280\" data-end=\"343\">2015 <span class=\"hover:entity-accent entity-underline inline cursor-pointer align-baseline\"><span class=\"whitespace-normal\">Fender Custom Shop<\/span><\/span> \u201957 Stratocaster<\/strong> to doskonale wykonany model Custom Shop, \u0142\u0105cz\u0105cy klasyczny klimat rocznika 1957 z nowoczesnym komfortem gry.<\/span><\/p>\n<p data-start=\"454\" data-end=\"733\"><span style=\"color: #000000;\">Wyko\u0144czenie <strong data-start=\"466\" data-end=\"489\">Black over Sunburst<\/strong> nadaje gitarze wyj\u0105tkowej g\u0142\u0119bi wizualnej \u2014 spod czarnej warstwy lakieru subtelnie przebija ciep\u0142y sunburst, tworz\u0105c bardzo elegancki i charakterystyczny efekt. Instrument prezentuje si\u0119 niezwykle efektownie, zar\u00f3wno na scenie, jak i w studio.<\/span><\/p>\n","protected":false},"featured_media":18731,"template":"","meta":{"_monsterinsights_skip_tracking":false,"_monsterinsights_sitenote_active":false,"_monsterinsights_sitenote_note":"","_monsterinsights_sitenote_category":0,"_uf_show_specific_survey":0,"_uf_disable_surveys":false,"_kadence_starter_templates_imported_post":false,"_kad_post_transparent":"default","_kad_post_title":"","_kad_post_layout":"default","_kad_post_sidebar_id":"","_kad_post_content_style":"default","_kad_post_vertical_padding":"default","_kad_post_feature":"","_kad_post_feature_position":"","_kad_post_header":false,"_kad_post_footer":false,"_kad_post_classname":""},"product_brand":[],"product_cat":[3265,3261],"product_tag":[],"class_list":{"0":"post-18730","1":"product","2":"type-product","3":"status-publish","4":"has-post-thumbnail","6":"product_cat-elektryczne-pl","7":"product_cat-gitary","9":"first","10":"instock","11":"shipping-taxable","12":"purchasable","13":"product-type-simple","14":"entry","15":"content-bg","16":"loop-entry"},"jetpack_sharing_enabled":true,"_links":{"self":[{"href":"https:\/\/guitar2amp.de\/index.php\/wp-json\/wp\/v2\/product\/18730","targetHints":{"allow":["GET"]}}],"collection":[{"href":"https:\/\/guitar2amp.de\/index.php\/wp-json\/wp\/v2\/product"}],"about":[{"href":"https:\/\/guitar2amp.de\/index.php\/wp-json\/wp\/v2\/types\/product"}],"wp:featuredmedia":[{"embeddable":true,"href":"https:\/\/guitar2amp.de\/index.php\/wp-json\/wp\/v2\/media\/18731"}],"wp:attachment":[{"href":"https:\/\/guitar2amp.de\/index.php\/wp-json\/wp\/v2\/media?parent=18730"}],"wp:term":[{"taxonomy":"product_brand","embeddable":true,"href":"https:\/\/guitar2amp.de\/index.php\/wp-json\/wp\/v2\/product_brand?post=18730"},{"taxonomy":"product_cat","embeddable":true,"href":"https:\/\/guitar2amp.de\/index.php\/wp-json\/wp\/v2\/product_cat?post=18730"},{"taxonomy":"product_tag","embeddable":true,"href":"https:\/\/guitar2amp.de\/index.php\/wp-json\/wp\/v2\/product_tag?post=18730"}],"curies":[{"name":"wp","href":"https:\/\/api.w.org\/{rel}","templated":true}]}}