{"id":18884,"date":"2026-03-04T11:05:02","date_gmt":"2026-03-04T10:05:02","guid":{"rendered":"https:\/\/guitar2amp.de\/?post_type=product&#038;p=18884"},"modified":"2026-03-04T11:41:27","modified_gmt":"2026-03-04T10:41:27","slug":"nik-huber-dolphin-special-figured-korina-natural-3","status":"publish","type":"product","link":"https:\/\/guitar2amp.de\/index.php\/pl\/product\/nik-huber-dolphin-special-figured-korina-natural-3\/","title":{"rendered":"Nik Huber Dolphin Special \u2013 Figured Korina Natural"},"content":{"rendered":"<h2 data-start=\"223\" data-end=\"268\"><span style=\"color: #000000;\">Nik Huber Special \u2013 Figured Korina Natural<\/span><\/h2>\n<p data-start=\"270\" data-end=\"778\"><span style=\"color: #000000;\">Gitara <strong data-start=\"277\" data-end=\"326\"><span class=\"hover:entity-accent entity-underline inline cursor-pointer align-baseline\"><span class=\"whitespace-normal\">Nik Huber Guitars<\/span><\/span> Special<\/strong> to doskona\u0142y przyk\u0142ad niemieckiego lutniczego rzemios\u0142a najwy\u017cszej klasy. Instrumenty budowane przez Nik Huber Guitars od lat ciesz\u0105 si\u0119 renom\u0105 w\u015br\u00f3d profesjonalnych gitarzyst\u00f3w na ca\u0142ym \u015bwiecie dzi\u0119ki wyj\u0105tkowej jako\u015bci wykonania, perfekcyjnej ergonomii oraz niezwykle muzykalnemu brzmieniu. Ka\u017cdy egzemplarz powstaje z ogromn\u0105 dba\u0142o\u015bci\u0105 o detale i selekcj\u0119 materia\u0142\u00f3w, co przek\u0142ada si\u0119 na wyj\u0105tkow\u0105 grywalno\u015b\u0107 oraz inspiruj\u0105cy charakter instrumentu.<\/span><\/p>\n<p data-start=\"780\" data-end=\"1111\"><span style=\"color: #000000;\">Model <strong data-start=\"786\" data-end=\"797\">Special<\/strong> to interpretacja klasycznej konstrukcji single-cut w charakterystycznym stylu Nik Huber \u2013 minimalistyczna forma, najwy\u017cszej klasy materia\u0142y oraz perfekcyjnie dopracowane detale. Gitara \u0142\u0105czy klasyczny charakter z nowoczesn\u0105 precyzj\u0105 wykonania i komfortem gry, z kt\u00f3rego s\u0142yn\u0105 instrumenty tej niemieckiej pracowni.<\/span><\/p>\n<p data-start=\"1113\" data-end=\"1582\"><span style=\"color: #000000;\">Prezentowany egzemplarz wykonany zosta\u0142 z pi\u0119knej <strong data-start=\"1163\" data-end=\"1181\">figured koriny<\/strong>, kt\u00f3ra nadaje gitarze nie tylko wyj\u0105tkowy wygl\u0105d, ale r\u00f3wnie\u017c bardzo rezonuj\u0105ce, otwarte i dynamiczne brzmienie. Korina jest ceniona za swoj\u0105 lekko\u015b\u0107 oraz niezwykle muzykalny charakter \u2013 oferuje bogaty \u015brodek pasma, spr\u0119\u017cysty d\u00f3\u0142 i klarown\u0105 g\u00f3r\u0119. Wyko\u0144czenie <strong data-start=\"1441\" data-end=\"1462\">Natural Open Pore<\/strong> podkre\u015bla naturalny rysunek drewna i pozwala instrumentowi swobodnie rezonowa\u0107, zachowuj\u0105c bardzo organiczny charakter.<\/span><\/p>\n<p data-start=\"1584\" data-end=\"1917\"><span style=\"color: #000000;\">Gitara wyposa\u017cona jest w <strong data-start=\"1609\" data-end=\"1645\">przetworniki P90 1956 by H\u00e4ussel<\/strong>, kt\u00f3re oferuj\u0105 klasyczne, dynamiczne brzmienie typu single-coil o wi\u0119kszej mocy i wyrazisto\u015bci. Dzi\u0119ki nim instrument \u015bwietnie sprawdzi si\u0119 w bluesie, rocku, alternative czy klasycznych vintage\u2019owych brzmieniach, zachowuj\u0105c du\u017c\u0105 dynamik\u0119 i \u015bwietn\u0105 reakcj\u0119 na artykulacj\u0119.<\/span><\/p>\n<p data-start=\"1919\" data-end=\"2167\"><span style=\"color: #000000;\">Prezentowany egzemplarz posiada r\u00f3wnie\u017c kilka <strong data-start=\"1965\" data-end=\"2004\">opcjonalnych element\u00f3w specyfikacji<\/strong>, takich jak binding, charakterystyczne inlaye Crowns czy uk\u0142ad elektroniki <strong data-start=\"2080\" data-end=\"2101\">2\u00d7Volume \/ 2\u00d7Tone<\/strong>, co nadaje instrumentowi jeszcze bardziej indywidualny charakter.<\/span><\/p>\n<hr data-start=\"2169\" data-end=\"2172\" \/>\n<h2 data-start=\"2174\" data-end=\"2189\"><span style=\"color: #000000;\">Specyfikacja<\/span><\/h2>\n<p data-start=\"2191\" data-end=\"2248\"><span style=\"color: #000000;\"><strong data-start=\"2191\" data-end=\"2201\">Model:<\/strong> Nik Huber Special<\/span><br data-start=\"2219\" data-end=\"2222\" \/><span style=\"color: #000000;\"><strong data-start=\"2222\" data-end=\"2240\">Numer seryjny:<\/strong> 55232<\/span><\/p>\n<p data-start=\"2250\" data-end=\"2405\"><span style=\"color: #000000;\"><strong data-start=\"2250\" data-end=\"2261\">Korpus:<\/strong> Figured Korina<\/span><br data-start=\"2276\" data-end=\"2279\" \/><span style=\"color: #000000;\"><strong data-start=\"2279\" data-end=\"2288\">Gryf:<\/strong> Figured Korina<\/span><br data-start=\"2303\" data-end=\"2306\" \/><span style=\"color: #000000;\"><strong data-start=\"2306\" data-end=\"2323\">Profil gryfu:<\/strong> Std. Dolphin Carve<\/span><br data-start=\"2342\" data-end=\"2345\" \/><span style=\"color: #000000;\"><strong data-start=\"2345\" data-end=\"2362\">Podstrunnica:<\/strong> East Indian Rosewood<\/span><br data-start=\"2383\" data-end=\"2386\" \/><span style=\"color: #000000;\"><strong data-start=\"2386\" data-end=\"2398\">Menzura:<\/strong> 24.75&#8243;<\/span><\/p>\n<p data-start=\"2407\" data-end=\"2546\"><span style=\"color: #000000;\"><strong data-start=\"2407\" data-end=\"2419\">Binding:<\/strong> Creme <em data-start=\"2426\" data-end=\"2452\">(opcja dodatkowo p\u0142atna)<\/em><\/span><br data-start=\"2452\" data-end=\"2455\" \/><span style=\"color: #000000;\"><strong data-start=\"2455\" data-end=\"2465\">Inlay:<\/strong> Crowns (Vintage Celluloid) <em data-start=\"2493\" data-end=\"2519\">(opcja dodatkowo p\u0142atna)<\/em><\/span><br data-start=\"2519\" data-end=\"2522\" \/><span style=\"color: #000000;\"><strong data-start=\"2522\" data-end=\"2533\">G\u0142\u00f3wka:<\/strong> Ebony veneer<\/span><\/p>\n<hr data-start=\"2548\" data-end=\"2551\" \/>\n<h2 data-start=\"2553\" data-end=\"2564\"><span style=\"color: #000000;\">Hardware<\/span><\/h2>\n<p data-start=\"2566\" data-end=\"2848\"><span style=\"color: #000000;\"><strong data-start=\"2566\" data-end=\"2583\">Przetworniki:<\/strong> H\u00e4ussel P90 1956 set<\/span><br data-start=\"2604\" data-end=\"2607\" \/><span style=\"color: #000000;\"><strong data-start=\"2607\" data-end=\"2623\">Elektronika:<\/strong> 2 \u00d7 Volume \/ 2 \u00d7 Tone <em data-start=\"2646\" data-end=\"2662\">(opcja custom)<\/em><\/span><br data-start=\"2662\" data-end=\"2665\" \/><span style=\"color: #000000;\"><strong data-start=\"2665\" data-end=\"2676\">Klucze:<\/strong> Nik Huber 510 Open Gear<\/span><br data-start=\"2700\" data-end=\"2703\" \/><span style=\"color: #000000;\"><strong data-start=\"2703\" data-end=\"2714\">Mostek:<\/strong> Nik Huber Aluminium Stoptail<\/span><br data-start=\"2743\" data-end=\"2746\" \/><span style=\"color: #000000;\"><strong data-start=\"2746\" data-end=\"2756\">Ga\u0142ki:<\/strong> Bell \u2013 Black<\/span><br data-start=\"2769\" data-end=\"2772\" \/><span style=\"color: #000000;\"><strong data-start=\"2772\" data-end=\"2786\">Pickguard:<\/strong> Black \/ Creme \/ Black Brushed<\/span><br data-start=\"2816\" data-end=\"2819\" \/><span style=\"color: #000000;\"><strong data-start=\"2819\" data-end=\"2834\">Backplates:<\/strong> Black Brushed<\/span><\/p>\n<hr data-start=\"2850\" data-end=\"2853\" \/>\n<h2 data-start=\"2855\" data-end=\"2869\"><span style=\"color: #000000;\">Wyko\u0144czenie<\/span><\/h2>\n<p data-start=\"2871\" data-end=\"2918\"><span style=\"color: #000000;\"><strong data-start=\"2871\" data-end=\"2881\">Kolor:<\/strong> Natural<\/span><br data-start=\"2889\" data-end=\"2892\" \/><span style=\"color: #000000;\"><strong data-start=\"2892\" data-end=\"2908\">Wyko\u0144czenie:<\/strong> Open Pore<\/span><\/p>\n<hr data-start=\"2920\" data-end=\"2923\" \/>\n<h2 data-start=\"2925\" data-end=\"2946\"><span style=\"color: #000000;\">Stan i pochodzenie<\/span><\/h2>\n<p data-start=\"2948\" data-end=\"2984\"><span style=\"color: #000000;\">Instrument jest <strong data-start=\"2964\" data-end=\"2983\">fabrycznie nowy<\/strong>.<\/span><\/p>\n<p data-start=\"2986\" data-end=\"3076\"><span style=\"color: #000000;\">Gitara sprzedawana jest przez <strong data-start=\"3016\" data-end=\"3075\">Guitar2Amp \u2013 oficjalnego dystrybutora Nik Huber Guitars<\/strong>.<\/span><\/p>\n<p data-start=\"3078\" data-end=\"3089\"><span style=\"color: #000000;\">W zestawie:<\/span><\/p>\n<ul data-start=\"3091\" data-end=\"3166\">\n<li data-start=\"3091\" data-end=\"3113\">\n<p data-start=\"3093\" data-end=\"3113\"><span style=\"color: #000000;\">oryginalny futera\u0142<\/span><\/p>\n<\/li>\n<li data-start=\"3114\" data-end=\"3139\">\n<p data-start=\"3116\" data-end=\"3139\"><span style=\"color: #000000;\">certyfikat producenta<\/span><\/p>\n<\/li>\n<li data-start=\"3140\" data-end=\"3166\">\n<p data-start=\"3142\" data-end=\"3166\"><span style=\"color: #000000;\">pe\u0142en komplet akcesori\u00f3w<\/span><\/p>\n<\/li>\n<\/ul>\n<p data-start=\"3168\" data-end=\"3225\"><span style=\"color: #000000;\">Sprzeda\u017c z <strong data-start=\"3179\" data-end=\"3194\">faktur\u0105 VAT<\/strong> oraz <strong data-start=\"3200\" data-end=\"3224\">gwarancj\u0105 producenta<\/strong>.<\/span><\/p>\n","protected":false},"excerpt":{"rendered":"<h2 data-start=\"223\" data-end=\"268\"><span style=\"color: #000000;\">Nik Huber Special \u2013 Figured Korina Natural<\/span><\/h2>\n<p data-start=\"270\" data-end=\"778\"><span style=\"color: #000000;\">Gitara <strong data-start=\"277\" data-end=\"326\"><span class=\"hover:entity-accent entity-underline inline cursor-pointer align-baseline\"><span class=\"whitespace-normal\">Nik Huber Guitars<\/span><\/span> Special<\/strong> to doskona\u0142y przyk\u0142ad niemieckiego lutniczego rzemios\u0142a najwy\u017cszej klasy. Instrumenty budowane przez Nik Huber Guitars od lat ciesz\u0105 si\u0119 renom\u0105 w\u015br\u00f3d profesjonalnych gitarzyst\u00f3w na ca\u0142ym \u015bwiecie dzi\u0119ki wyj\u0105tkowej jako\u015bci wykonania, perfekcyjnej ergonomii oraz niezwykle muzykalnemu brzmieniu. Ka\u017cdy egzemplarz powstaje z ogromn\u0105 dba\u0142o\u015bci\u0105 o detale i selekcj\u0119 materia\u0142\u00f3w, co przek\u0142ada si\u0119 na wyj\u0105tkow\u0105 grywalno\u015b\u0107 oraz inspiruj\u0105cy charakter instrumentu.<\/span><\/p>\n<p data-start=\"780\" data-end=\"1111\"><span style=\"color: #000000;\">Model <strong data-start=\"786\" data-end=\"797\">Special<\/strong> to interpretacja klasycznej konstrukcji single-cut w charakterystycznym stylu Nik Huber \u2013 minimalistyczna forma, najwy\u017cszej klasy materia\u0142y oraz perfekcyjnie dopracowane detale. Gitara \u0142\u0105czy klasyczny charakter z nowoczesn\u0105 precyzj\u0105 wykonania i komfortem gry, z kt\u00f3rego s\u0142yn\u0105 instrumenty tej niemieckiej pracowni.<\/span><\/p>\n","protected":false},"featured_media":18885,"template":"","meta":{"_monsterinsights_skip_tracking":false,"_monsterinsights_sitenote_active":false,"_monsterinsights_sitenote_note":"","_monsterinsights_sitenote_category":0,"_uf_show_specific_survey":0,"_uf_disable_surveys":false,"_kadence_starter_templates_imported_post":false,"_kad_post_transparent":"default","_kad_post_title":"","_kad_post_layout":"default","_kad_post_sidebar_id":"","_kad_post_content_style":"default","_kad_post_vertical_padding":"default","_kad_post_feature":"","_kad_post_feature_position":"","_kad_post_header":false,"_kad_post_footer":false,"_kad_post_classname":""},"product_brand":[],"product_cat":[3265,3261,4898],"product_tag":[],"class_list":{"0":"post-18884","1":"product","2":"type-product","3":"status-publish","4":"has-post-thumbnail","6":"product_cat-elektryczne-pl","7":"product_cat-gitary","8":"product_cat-nik_huber_pl","10":"first","11":"instock","12":"shipping-taxable","13":"purchasable","14":"product-type-simple","15":"entry","16":"content-bg","17":"loop-entry"},"jetpack_sharing_enabled":true,"_links":{"self":[{"href":"https:\/\/guitar2amp.de\/index.php\/wp-json\/wp\/v2\/product\/18884","targetHints":{"allow":["GET"]}}],"collection":[{"href":"https:\/\/guitar2amp.de\/index.php\/wp-json\/wp\/v2\/product"}],"about":[{"href":"https:\/\/guitar2amp.de\/index.php\/wp-json\/wp\/v2\/types\/product"}],"wp:featuredmedia":[{"embeddable":true,"href":"https:\/\/guitar2amp.de\/index.php\/wp-json\/wp\/v2\/media\/18885"}],"wp:attachment":[{"href":"https:\/\/guitar2amp.de\/index.php\/wp-json\/wp\/v2\/media?parent=18884"}],"wp:term":[{"taxonomy":"product_brand","embeddable":true,"href":"https:\/\/guitar2amp.de\/index.php\/wp-json\/wp\/v2\/product_brand?post=18884"},{"taxonomy":"product_cat","embeddable":true,"href":"https:\/\/guitar2amp.de\/index.php\/wp-json\/wp\/v2\/product_cat?post=18884"},{"taxonomy":"product_tag","embeddable":true,"href":"https:\/\/guitar2amp.de\/index.php\/wp-json\/wp\/v2\/product_tag?post=18884"}],"curies":[{"name":"wp","href":"https:\/\/api.w.org\/{rel}","templated":true}]}}