{"id":18929,"date":"2026-03-04T11:47:09","date_gmt":"2026-03-04T10:47:09","guid":{"rendered":"https:\/\/guitar2amp.de\/?post_type=product&#038;p=18929"},"modified":"2026-03-04T19:08:19","modified_gmt":"2026-03-04T18:08:19","slug":"lsl-bad-bone-2-namm-26-heirloom-one-off-fiesta-red-3","status":"publish","type":"product","link":"https:\/\/guitar2amp.de\/index.php\/pl\/product\/lsl-bad-bone-2-namm-26-heirloom-one-off-fiesta-red-3\/","title":{"rendered":"LSL Bad Bone 2 \u2013 NAMM \u201926 Heirloom One-Off Fiesta Red"},"content":{"rendered":"<h2 data-start=\"163\" data-end=\"210\"><span style=\"color: #000000;\">LSL Bad Bone 2 \u2013 NAMM \u201926 Heirloom One-Off<\/span><\/h2>\n<p data-start=\"211\" data-end=\"225\"><span style=\"color: #000000;\"><strong data-start=\"211\" data-end=\"225\">Fiesta Red<\/strong><\/span><\/p>\n<p data-start=\"227\" data-end=\"486\"><span style=\"color: #000000;\">Gitara <strong data-start=\"234\" data-end=\"286\"><span class=\"hover:entity-accent entity-underline inline cursor-pointer align-baseline\"><span class=\"whitespace-normal\">LSL Instruments<\/span><\/span> Bad Bone 2<\/strong> to autorska interpretacja klasycznej konstrukcji typu T-style, zaprojektowana z my\u015bl\u0105 o gitarzystach ceni\u0105cych vintage\u2019owy charakter po\u0142\u0105czony z nowoczesn\u0105 funkcjonalno\u015bci\u0105 i perfekcyjnym wykonaniem.<\/span><\/p>\n<p data-start=\"488\" data-end=\"781\"><span style=\"color: #000000;\">Instrumenty LSL powstaj\u0105 r\u0119cznie w Kalifornii i od lat zdobywaj\u0105 uznanie profesjonalnych muzyk\u00f3w na ca\u0142ym \u015bwiecie. Marka znana jest z doskona\u0142ej selekcji drewna, wyj\u0105tkowej grywalno\u015bci oraz realistycznych wyko\u0144cze\u0144 typu relic, kt\u00f3re oddaj\u0105 charakter instrument\u00f3w ogranych przez lata na scenie.<\/span><\/p>\n<p data-start=\"783\" data-end=\"974\"><span style=\"color: #000000;\">Prezentowany egzemplarz to <strong data-start=\"810\" data-end=\"839\">NAMM \u201926 Heirloom One-Off<\/strong>, czyli unikalna konfiguracja przygotowana specjalnie na targi NAMM \u2013 instrument o wyj\u0105tkowym charakterze i indywidualnej specyfikacji.<\/span><\/p>\n<hr data-start=\"976\" data-end=\"979\" \/>\n<h2 data-start=\"981\" data-end=\"1004\"><span style=\"color: #000000;\">Korpus i wyko\u0144czenie<\/span><\/h2>\n<p data-start=\"1006\" data-end=\"1151\"><span style=\"color: #000000;\">Gitara posiada <strong data-start=\"1021\" data-end=\"1039\">korpus z olchy<\/strong>, kt\u00f3ry zapewnia zr\u00f3wnowa\u017cone, dynamiczne brzmienie z wyra\u017anym \u015brodkiem pasma, spr\u0119\u017cystym do\u0142em i klarown\u0105 g\u00f3r\u0105.<\/span><\/p>\n<p data-start=\"1153\" data-end=\"1452\"><span style=\"color: #000000;\">Wyko\u0144czenie <strong data-start=\"1165\" data-end=\"1179\">Fiesta Red<\/strong> w wersji <strong data-start=\"1189\" data-end=\"1201\">Heirloom<\/strong> charakteryzuje si\u0119 naturalnym postarzeniem lakieru, w tym wyra\u017anym checkingiem oraz delikatnie postarzon\u0105 hardware\u2019ow\u0105 patyn\u0105. Dzi\u0119ki temu instrument od pierwszego kontaktu sprawia wra\u017cenie gitary, kt\u00f3ra przez lata by\u0142a intensywnie u\u017cywana na scenie.<\/span><\/p>\n<p data-start=\"1454\" data-end=\"1630\"><span style=\"color: #000000;\">Korpus posiada ergonomiczne <strong data-start=\"1482\" data-end=\"1534\">forearm contour, tummy contour oraz hand contour<\/strong>, kt\u00f3re znacz\u0105co poprawiaj\u0105 komfort gry, zachowuj\u0105c jednocze\u015bnie klasyczn\u0105 sylwetk\u0119 instrumentu.<\/span><\/p>\n<hr data-start=\"1632\" data-end=\"1635\" \/>\n<h2 data-start=\"1637\" data-end=\"1658\"><span style=\"color: #000000;\">Gryf i komfort gry<\/span><\/h2>\n<p data-start=\"1660\" data-end=\"1797\"><span style=\"color: #000000;\">Gryf wykonany jest z <strong data-start=\"1681\" data-end=\"1698\">roasted maple<\/strong>, co zapewnia doskona\u0142\u0105 stabilno\u015b\u0107, lekko\u015b\u0107 oraz szybkie, bardzo bezpo\u015brednie odczucie podczas gry.<\/span><\/p>\n<p data-start=\"1799\" data-end=\"2045\"><span style=\"color: #000000;\">Profil <strong data-start=\"1806\" data-end=\"1818\">Medium C<\/strong> jest wygodny i uniwersalny \u2013 sprawdzi si\u0119 zar\u00f3wno w grze rytmicznej, jak i solowej. Podstrunnica z roasted maple w po\u0142\u0105czeniu z <strong data-start=\"1947\" data-end=\"1961\">radius 12&#8243;<\/strong> oraz progami <strong data-start=\"1975\" data-end=\"1983\">6105<\/strong> oferuje bardzo komfortowe bendingi i nowoczesn\u0105 precyzj\u0119 gry.<\/span><\/p>\n<hr data-start=\"2047\" data-end=\"2050\" \/>\n<h2 data-start=\"2052\" data-end=\"2066\"><span style=\"color: #000000;\">Elektronika<\/span><\/h2>\n<p data-start=\"2068\" data-end=\"2204\"><span style=\"color: #000000;\">Instrument wyposa\u017cony jest w <strong data-start=\"2097\" data-end=\"2136\">konfiguracj\u0119 dw\u00f3ch humbucker\u00f3w (HH)<\/strong>, kt\u00f3ra oferuje mocne, dynamiczne brzmienie z du\u017c\u0105 ilo\u015bci\u0105 sustainu.<\/span><\/p>\n<p data-start=\"2206\" data-end=\"2403\"><span style=\"color: #000000;\">Dzi\u0119ki systemowi <strong data-start=\"2223\" data-end=\"2246\">VT3 push\/pull split<\/strong> mo\u017cliwe jest roz\u0142\u0105czanie cewek przetwornik\u00f3w, co pozwala uzyska\u0107 bardziej single-coilowy charakter brzmienia i znacz\u0105co poszerza palet\u0119 dost\u0119pnych d\u017awi\u0119k\u00f3w.<\/span><\/p>\n<p data-start=\"2405\" data-end=\"2543\"><span style=\"color: #000000;\">Gitara doskonale sprawdzi si\u0119 w rocku, bluesie, alternative, a tak\u017ce w nowoczesnych stylistykach wymagaj\u0105cych wi\u0119kszej mocy przetwornik\u00f3w.<\/span><\/p>\n<hr data-start=\"2545\" data-end=\"2548\" \/>\n<h2 data-start=\"2550\" data-end=\"2565\"><span style=\"color: #000000;\">Specyfikacja<\/span><\/h2>\n<p data-start=\"2567\" data-end=\"2684\"><span style=\"color: #000000;\"><strong data-start=\"2567\" data-end=\"2577\">Model:<\/strong> LSL Bad Bone 2<\/span><br data-start=\"2592\" data-end=\"2595\" \/><span style=\"color: #000000;\"><strong data-start=\"2595\" data-end=\"2613\">Numer seryjny:<\/strong> 5881<\/span><br data-start=\"2618\" data-end=\"2621\" \/><span style=\"color: #000000;\"><strong data-start=\"2621\" data-end=\"2631\">Kolor:<\/strong> Fiesta Red<\/span><br data-start=\"2642\" data-end=\"2645\" \/><span style=\"color: #000000;\"><strong data-start=\"2645\" data-end=\"2656\">Wersja:<\/strong> NAMM \u201926 Heirloom One-Off<\/span><\/p>\n<p data-start=\"2686\" data-end=\"2761\"><span style=\"color: #000000;\"><strong data-start=\"2686\" data-end=\"2697\">Korpus:<\/strong> Alder<\/span><br data-start=\"2703\" data-end=\"2706\" \/><span style=\"color: #000000;\"><strong data-start=\"2706\" data-end=\"2722\">Wyko\u0144czenie:<\/strong> Heirloom aging z checkingiem lakieru<\/span><\/p>\n<p data-start=\"2763\" data-end=\"2887\"><span style=\"color: #000000;\"><strong data-start=\"2763\" data-end=\"2772\">Gryf:<\/strong> Roasted Maple<\/span><br data-start=\"2786\" data-end=\"2789\" \/><span style=\"color: #000000;\"><strong data-start=\"2789\" data-end=\"2806\">Profil gryfu:<\/strong> Medium C<\/span><br data-start=\"2815\" data-end=\"2818\" \/><span style=\"color: #000000;\"><strong data-start=\"2818\" data-end=\"2835\">Podstrunnica:<\/strong> Roasted Maple<\/span><br data-start=\"2849\" data-end=\"2852\" \/><span style=\"color: #000000;\"><strong data-start=\"2852\" data-end=\"2863\">Radius:<\/strong> 12&#8243;<\/span><br data-start=\"2867\" data-end=\"2870\" \/><span style=\"color: #000000;\"><strong data-start=\"2870\" data-end=\"2880\">Progi:<\/strong> 6105<\/span><\/p>\n<p data-start=\"2889\" data-end=\"2967\"><span style=\"color: #000000;\"><strong data-start=\"2889\" data-end=\"2900\">Mostek:<\/strong> Vintage style<\/span><br data-start=\"2914\" data-end=\"2917\" \/><span style=\"color: #000000;\"><strong data-start=\"2917\" data-end=\"2928\">Klucze:<\/strong> Vintage style<\/span><br data-start=\"2942\" data-end=\"2945\" \/><span style=\"color: #000000;\"><strong data-start=\"2945\" data-end=\"2958\">Hardware:<\/strong> Chrome<\/span><\/p>\n<p data-start=\"2969\" data-end=\"3057\"><span style=\"color: #000000;\"><strong data-start=\"2969\" data-end=\"2986\">Przetworniki:<\/strong> HH configuration<\/span><br data-start=\"3003\" data-end=\"3006\" \/><span style=\"color: #000000;\"><strong data-start=\"3006\" data-end=\"3022\">Elektronika:<\/strong> VT3 3-way + push\/pull coil split<\/span><\/p>\n<hr data-start=\"3059\" data-end=\"3062\" \/>\n<h2 data-start=\"3064\" data-end=\"3085\"><span style=\"color: #000000;\">Stan i pochodzenie<\/span><\/h2>\n<p data-start=\"3087\" data-end=\"3123\"><span style=\"color: #000000;\">Instrument jest <strong data-start=\"3103\" data-end=\"3122\">fabrycznie nowy<\/strong>.<\/span><\/p>\n<p data-start=\"3125\" data-end=\"3211\"><span style=\"color: #000000;\">Gitara oferowana jest przez <strong data-start=\"3153\" data-end=\"3210\">Guitar2Amp \u2013 oficjalnego dystrybutora LSL Instruments<\/strong>.<\/span><\/p>\n<p data-start=\"3213\" data-end=\"3224\"><span style=\"color: #000000;\">W zestawie:<\/span><\/p>\n<ul data-start=\"3226\" data-end=\"3297\">\n<li data-start=\"3226\" data-end=\"3248\">\n<p data-start=\"3228\" data-end=\"3248\"><span style=\"color: #000000;\">oryginalny futera\u0142<\/span><\/p>\n<\/li>\n<li data-start=\"3249\" data-end=\"3276\">\n<p data-start=\"3251\" data-end=\"3276\"><span style=\"color: #000000;\">dokumentacja producenta<\/span><\/p>\n<\/li>\n<li data-start=\"3277\" data-end=\"3297\">\n<p data-start=\"3279\" data-end=\"3297\"><span style=\"color: #000000;\">komplet akcesori\u00f3w<\/span><\/p>\n<\/li>\n<\/ul>\n<p data-start=\"3299\" data-end=\"3341\"><span style=\"color: #000000;\">Sprzeda\u017c z <strong data-start=\"3310\" data-end=\"3340\">faktur\u0105 VAT oraz gwarancj\u0105<\/strong>.<\/span><\/p>\n","protected":false},"excerpt":{"rendered":"<h2 data-start=\"163\" data-end=\"210\"><span style=\"color: #000000;\">LSL Bad Bone 2 \u2013 NAMM \u201926 Heirloom One-Off<\/span><\/h2>\n<p data-start=\"211\" data-end=\"225\"><span style=\"color: #000000;\"><strong data-start=\"211\" data-end=\"225\">Fiesta Red<\/strong><\/span><\/p>\n<p data-start=\"227\" data-end=\"486\"><span style=\"color: #000000;\">Gitara <strong data-start=\"234\" data-end=\"286\"><span class=\"hover:entity-accent entity-underline inline cursor-pointer align-baseline\"><span class=\"whitespace-normal\">LSL Instruments<\/span><\/span> Bad Bone 2<\/strong> to autorska interpretacja klasycznej konstrukcji typu T-style, zaprojektowana z my\u015bl\u0105 o gitarzystach ceni\u0105cych vintage\u2019owy charakter po\u0142\u0105czony z nowoczesn\u0105 funkcjonalno\u015bci\u0105 i perfekcyjnym wykonaniem.<\/span><\/p>\n<p data-start=\"488\" data-end=\"781\"><span style=\"color: #000000;\">Instrumenty LSL powstaj\u0105 r\u0119cznie w Kalifornii i od lat zdobywaj\u0105 uznanie profesjonalnych muzyk\u00f3w na ca\u0142ym \u015bwiecie. Marka znana jest z doskona\u0142ej selekcji drewna, wyj\u0105tkowej grywalno\u015bci oraz realistycznych wyko\u0144cze\u0144 typu relic, kt\u00f3re oddaj\u0105 charakter instrument\u00f3w ogranych przez lata na scenie.<\/span><\/p>\n<p data-start=\"783\" data-end=\"974\"><span style=\"color: #000000;\">Prezentowany egzemplarz to <strong data-start=\"810\" data-end=\"839\">NAMM \u201926 Heirloom One-Off<\/strong>, czyli unikalna konfiguracja przygotowana specjalnie na targi NAMM \u2013 instrument o wyj\u0105tkowym charakterze i indywidualnej specyfikacji.<\/span><\/p>\n<p data-start=\"783\" data-end=\"974\"><a href=\"https:\/\/guitar2amp.de\/index.php\/pl\/lsl-instruments_pl\/\"><strong data-start=\"393\" data-end=\"437\">Zobacz wi\u0119cej gitar od LSL Instruments \u2192<\/strong><\/a><\/p>\n","protected":false},"featured_media":18930,"template":"","meta":{"_monsterinsights_skip_tracking":false,"_monsterinsights_sitenote_active":false,"_monsterinsights_sitenote_note":"","_monsterinsights_sitenote_category":0,"_uf_show_specific_survey":0,"_uf_disable_surveys":false,"_kadence_starter_templates_imported_post":false,"_kad_post_transparent":"default","_kad_post_title":"","_kad_post_layout":"default","_kad_post_sidebar_id":"","_kad_post_content_style":"default","_kad_post_vertical_padding":"default","_kad_post_feature":"","_kad_post_feature_position":"","_kad_post_header":false,"_kad_post_footer":false,"_kad_post_classname":""},"product_brand":[],"product_cat":[3265,3261,4277],"product_tag":[],"class_list":{"0":"post-18929","1":"product","2":"type-product","3":"status-publish","4":"has-post-thumbnail","6":"product_cat-elektryczne-pl","7":"product_cat-gitary","8":"product_cat-lsl-instruments-pl","10":"first","11":"instock","12":"shipping-taxable","13":"purchasable","14":"product-type-simple","15":"entry","16":"content-bg","17":"loop-entry"},"jetpack_sharing_enabled":true,"_links":{"self":[{"href":"https:\/\/guitar2amp.de\/index.php\/wp-json\/wp\/v2\/product\/18929","targetHints":{"allow":["GET"]}}],"collection":[{"href":"https:\/\/guitar2amp.de\/index.php\/wp-json\/wp\/v2\/product"}],"about":[{"href":"https:\/\/guitar2amp.de\/index.php\/wp-json\/wp\/v2\/types\/product"}],"wp:featuredmedia":[{"embeddable":true,"href":"https:\/\/guitar2amp.de\/index.php\/wp-json\/wp\/v2\/media\/18930"}],"wp:attachment":[{"href":"https:\/\/guitar2amp.de\/index.php\/wp-json\/wp\/v2\/media?parent=18929"}],"wp:term":[{"taxonomy":"product_brand","embeddable":true,"href":"https:\/\/guitar2amp.de\/index.php\/wp-json\/wp\/v2\/product_brand?post=18929"},{"taxonomy":"product_cat","embeddable":true,"href":"https:\/\/guitar2amp.de\/index.php\/wp-json\/wp\/v2\/product_cat?post=18929"},{"taxonomy":"product_tag","embeddable":true,"href":"https:\/\/guitar2amp.de\/index.php\/wp-json\/wp\/v2\/product_tag?post=18929"}],"curies":[{"name":"wp","href":"https:\/\/api.w.org\/{rel}","templated":true}]}}