{"id":19022,"date":"2026-03-04T19:47:43","date_gmt":"2026-03-04T18:47:43","guid":{"rendered":"https:\/\/guitar2amp.de\/?post_type=product&#038;p=19022"},"modified":"2026-03-04T20:04:05","modified_gmt":"2026-03-04T19:04:05","slug":"19022","status":"publish","type":"product","link":"https:\/\/guitar2amp.de\/index.php\/pl\/product\/19022\/","title":{"rendered":"2023 Gibson Custom Shop 1960 Les Paul Special Double Cut Cherry [USED]"},"content":{"rendered":"<h2 data-start=\"112\" data-end=\"221\">Custom Shop 1960 Les Paul Special Double Cut Reissue \u2013 Cherry (2023)<\/h2>\n<p data-start=\"223\" data-end=\"662\">Model <strong data-start=\"229\" data-end=\"273\">1960 Les Paul Special Double Cut Reissue<\/strong> z <strong data-start=\"276\" data-end=\"317\"><span class=\"hover:entity-accent entity-underline inline cursor-pointer align-baseline\"><span class=\"whitespace-normal\">Gibson Custom Shop<\/span><\/span><\/strong> to wierna reinterpretacja jednego z najbardziej charakterystycznych instrument\u00f3w Gibsona z pocz\u0105tku lat 60. Les Paul Special DC znany jest ze swojej prostej konstrukcji, bezpo\u015bredniego, agresywnego brzmienia oraz niepowtarzalnego wygl\u0105du. Od dekad pozostaje ulubionym instrumentem gitarzyst\u00f3w ceni\u0105cych surowy, dynamiczny vintage\u2019owy charakter.<\/p>\n<p data-start=\"664\" data-end=\"964\">Reedycja powsta\u0142a z zachowaniem historycznych detali konstrukcyjnych oraz klasycznych materia\u0142\u00f3w stosowanych w oryginalnych instrumentach z 1960 roku. Legendarne wyko\u0144czenie <strong data-start=\"838\" data-end=\"876\">Cherry w lakierze nitrocelulozowym<\/strong> nadaje gitarze autentyczny, klasyczny wygl\u0105d znany z vintage\u2019owych egzemplarzy Gibsona.<\/p>\n<hr data-start=\"966\" data-end=\"969\" \/>\n<h2 data-start=\"971\" data-end=\"994\">Korpus i konstrukcja<\/h2>\n<p data-start=\"996\" data-end=\"1170\">Gitara posiada <strong data-start=\"1011\" data-end=\"1071\">mahoniowy korpus w klasycznej konstrukcji double cutaway<\/strong>, kt\u00f3ry zapewnia bardzo dobr\u0105 rezonansowo\u015b\u0107, sustain oraz wygodny dost\u0119p do wy\u017cszych pozycji gryfu.<\/p>\n<p data-start=\"1172\" data-end=\"1308\">Cienka warstwa <strong data-start=\"1187\" data-end=\"1216\">lakieru nitrocelulozowego<\/strong> pozwala drewnu swobodnie rezonowa\u0107, co wp\u0142ywa na otwarte, dynamiczne brzmienie instrumentu.<\/p>\n<hr data-start=\"1310\" data-end=\"1313\" \/>\n<h2 data-start=\"1315\" data-end=\"1336\">Gryf i komfort gry<\/h2>\n<p data-start=\"1338\" data-end=\"1450\"><strong data-start=\"1338\" data-end=\"1356\">Mahoniowy gryf<\/strong> posiada klasyczny profil <strong data-start=\"1382\" data-end=\"1401\">1960 Slim Taper<\/strong>, kt\u00f3ry jest szybki i bardzo wygodny podczas gry.<\/p>\n<p data-start=\"1452\" data-end=\"1649\">W po\u0142\u0105czeniu z <strong data-start=\"1467\" data-end=\"1496\">palisandrow\u0105 podstrunnic\u0105<\/strong> gitara oferuje \u015bwietn\u0105 artykulacj\u0119 i komfort gry. <strong data-start=\"1547\" data-end=\"1561\">Radius 12&#8243;<\/strong> oraz <strong data-start=\"1567\" data-end=\"1592\">progi w stylu vintage<\/strong> zapewniaj\u0105 klasyczne odczucie gry znane z gitar Gibsona.<\/p>\n<hr data-start=\"1651\" data-end=\"1654\" \/>\n<h2 data-start=\"1656\" data-end=\"1683\">Przetworniki i brzmienie<\/h2>\n<p data-start=\"1685\" data-end=\"1826\">Instrument wyposa\u017cony jest w dwa <strong data-start=\"1718\" data-end=\"1750\">Custom Shop P-90 single coil<\/strong>, kt\u00f3re odpowiadaj\u0105 za charakterystyczne, surowe brzmienie Les Paul Special.<\/p>\n<p data-start=\"1828\" data-end=\"1849\">Przetworniki oferuj\u0105:<\/p>\n<ul data-start=\"1851\" data-end=\"1990\">\n<li data-start=\"1851\" data-end=\"1884\">\n<p data-start=\"1853\" data-end=\"1884\">mocny, wyrazisty \u015brodek pasma<\/p>\n<\/li>\n<li data-start=\"1885\" data-end=\"1910\">\n<p data-start=\"1887\" data-end=\"1910\">bardzo dobr\u0105 dynamik\u0119<\/p>\n<\/li>\n<li data-start=\"1911\" data-end=\"1939\">\n<p data-start=\"1913\" data-end=\"1939\">klarowne brzmienie clean<\/p>\n<\/li>\n<li data-start=\"1940\" data-end=\"1990\">\n<p data-start=\"1942\" data-end=\"1990\">agresywny, vintage\u2019owy charakter przy przesterze<\/p>\n<\/li>\n<\/ul>\n<p data-start=\"1992\" data-end=\"2113\">Klasyczny uk\u0142ad <strong data-start=\"2008\" data-end=\"2029\">2 Volume \/ 2 Tone<\/strong> oraz <strong data-start=\"2035\" data-end=\"2062\">3-pozycyjny prze\u0142\u0105cznik<\/strong> pozwala na szeroki zakres kszta\u0142towania brzmienia.<\/p>\n<hr data-start=\"2115\" data-end=\"2118\" \/>\n<h2 data-start=\"2120\" data-end=\"2135\">Specyfikacja<\/h2>\n<p data-start=\"2137\" data-end=\"2236\"><strong data-start=\"2137\" data-end=\"2147\">Model:<\/strong> 1960 Les Paul Special Double Cut Reissue<br data-start=\"2188\" data-end=\"2191\" \/><strong data-start=\"2191\" data-end=\"2209\">Rok produkcji:<\/strong> 2023<br data-start=\"2214\" data-end=\"2217\" \/><strong data-start=\"2217\" data-end=\"2227\">Kolor:<\/strong> Cherry<\/p>\n<p data-start=\"2238\" data-end=\"2317\"><strong data-start=\"2238\" data-end=\"2249\">Korpus:<\/strong> Mahogany<br data-start=\"2258\" data-end=\"2261\" \/><strong data-start=\"2261\" data-end=\"2270\">Gryf:<\/strong> Mahogany<br data-start=\"2279\" data-end=\"2282\" \/><strong data-start=\"2282\" data-end=\"2299\">Profil gryfu:<\/strong> 1960 Slim Taper<\/p>\n<p data-start=\"2319\" data-end=\"2392\"><strong data-start=\"2319\" data-end=\"2336\">Podstrunnica:<\/strong> Rosewood<br data-start=\"2345\" data-end=\"2348\" \/><strong data-start=\"2348\" data-end=\"2359\">Radius:<\/strong> 12&#8243;<br data-start=\"2363\" data-end=\"2366\" \/><strong data-start=\"2366\" data-end=\"2376\">Progi:<\/strong> Vintage Style<\/p>\n<p data-start=\"2394\" data-end=\"2493\"><strong data-start=\"2394\" data-end=\"2411\">Przetworniki:<\/strong> Custom Shop P-90 (Neck &amp; Bridge)<br data-start=\"2444\" data-end=\"2447\" \/><strong data-start=\"2447\" data-end=\"2460\">Kontrola:<\/strong> 2 Volume, 2 Tone, 3-Way Toggle<\/p>\n<p data-start=\"2495\" data-end=\"2594\"><strong data-start=\"2495\" data-end=\"2506\">Mostek:<\/strong> Wraparound Bridge<br data-start=\"2524\" data-end=\"2527\" \/><strong data-start=\"2527\" data-end=\"2538\">Klucze:<\/strong> Vintage Style<br data-start=\"2552\" data-end=\"2555\" \/><strong data-start=\"2555\" data-end=\"2571\">Wyko\u0144czenie:<\/strong> Nitrocellulose Lacquer<\/p>\n<hr data-start=\"2596\" data-end=\"2599\" \/>\n<h2 data-start=\"2601\" data-end=\"2617\">Stan i zestaw<\/h2>\n<p data-start=\"2619\" data-end=\"2658\">Gitara jest w <strong data-start=\"2633\" data-end=\"2657\">bardzo dobrym stanie<\/strong>.<\/p>\n<p data-start=\"2660\" data-end=\"2865\">Posiada jedynie <strong data-start=\"2676\" data-end=\"2707\">minimalne \u015blady u\u017cytkowania<\/strong>, w tym <strong data-start=\"2715\" data-end=\"2758\">delikatne rysy na tylnej cz\u0119\u015bci korpusu<\/strong>, kt\u00f3re s\u0105 typowe dla u\u017cywanego instrumentu i nie maj\u0105 \u017cadnego wp\u0142ywu na jego brzmienie ani funkcjonalno\u015b\u0107.<\/p>\n<p data-start=\"2867\" data-end=\"2878\">W zestawie:<\/p>\n<ul data-start=\"2880\" data-end=\"2965\">\n<li data-start=\"2880\" data-end=\"2924\">\n<p data-start=\"2882\" data-end=\"2924\"><strong data-start=\"2882\" data-end=\"2922\">oryginalny futera\u0142 Gibson Gator Skin<\/strong><\/p>\n<\/li>\n<li data-start=\"2925\" data-end=\"2965\">\n<p data-start=\"2927\" data-end=\"2965\">dokumentacja producenta oraz akcesoria<\/p>\n<\/li>\n<\/ul>\n<hr data-start=\"2967\" data-end=\"2970\" \/>\n<h2 data-start=\"2972\" data-end=\"2985\">Guitar2Amp<\/h2>\n<p data-start=\"2987\" data-end=\"3165\">Instrument oferowany jest przez <strong data-start=\"3019\" data-end=\"3033\">Guitar2Amp<\/strong> \u2013 butikowy sklep specjalizuj\u0105cy si\u0119 w gitarach Custom Shop oraz wzmacniaczach boutique od starannie wyselekcjonowanych producent\u00f3w.<\/p>\n<p data-start=\"3167\" data-end=\"3266\">Ka\u017cdy instrument jest przed sprzeda\u017c\u0105 dok\u0142adnie sprawdzany oraz profesjonalnie przygotowany do gry.<\/p>\n","protected":false},"excerpt":{"rendered":"<h2 data-start=\"112\" data-end=\"221\">Custom Shop 1960 Les Paul Special Double Cut Reissue \u2013 Cherry (2023)<\/h2>\n<p data-start=\"223\" data-end=\"662\">Model <strong data-start=\"229\" data-end=\"273\">1960 Les Paul Special Double Cut Reissue<\/strong> z <strong data-start=\"276\" data-end=\"317\"><span class=\"hover:entity-accent entity-underline inline cursor-pointer align-baseline\"><span class=\"whitespace-normal\">Gibson Custom Shop<\/span><\/span><\/strong> to wierna reinterpretacja jednego z najbardziej charakterystycznych instrument\u00f3w Gibsona z pocz\u0105tku lat 60. Les Paul Special DC znany jest ze swojej prostej konstrukcji, bezpo\u015bredniego, agresywnego brzmienia oraz niepowtarzalnego wygl\u0105du. Od dekad pozostaje ulubionym instrumentem gitarzyst\u00f3w ceni\u0105cych surowy, dynamiczny vintage\u2019owy charakter.<\/p>\n<p data-start=\"664\" data-end=\"964\">Reedycja powsta\u0142a z zachowaniem historycznych detali konstrukcyjnych oraz klasycznych materia\u0142\u00f3w stosowanych w oryginalnych instrumentach z 1960 roku. Legendarne wyko\u0144czenie <strong data-start=\"838\" data-end=\"876\">Cherry w lakierze nitrocelulozowym<\/strong> nadaje gitarze autentyczny, klasyczny wygl\u0105d znany z vintage\u2019owych egzemplarzy Gibsona.<\/p>\n","protected":false},"featured_media":19023,"template":"","meta":{"_monsterinsights_skip_tracking":false,"_monsterinsights_sitenote_active":false,"_monsterinsights_sitenote_note":"","_monsterinsights_sitenote_category":0,"_uf_show_specific_survey":0,"_uf_disable_surveys":false,"_kadence_starter_templates_imported_post":false,"_kad_post_transparent":"default","_kad_post_title":"","_kad_post_layout":"default","_kad_post_sidebar_id":"","_kad_post_content_style":"default","_kad_post_vertical_padding":"default","_kad_post_feature":"","_kad_post_feature_position":"","_kad_post_header":false,"_kad_post_footer":false,"_kad_post_classname":""},"product_brand":[],"product_cat":[3265,3261],"product_tag":[],"class_list":{"0":"post-19022","1":"product","2":"type-product","3":"status-publish","4":"has-post-thumbnail","6":"product_cat-elektryczne-pl","7":"product_cat-gitary","9":"first","10":"instock","11":"shipping-taxable","12":"purchasable","13":"product-type-simple","14":"entry","15":"content-bg","16":"loop-entry"},"jetpack_sharing_enabled":true,"_links":{"self":[{"href":"https:\/\/guitar2amp.de\/index.php\/wp-json\/wp\/v2\/product\/19022","targetHints":{"allow":["GET"]}}],"collection":[{"href":"https:\/\/guitar2amp.de\/index.php\/wp-json\/wp\/v2\/product"}],"about":[{"href":"https:\/\/guitar2amp.de\/index.php\/wp-json\/wp\/v2\/types\/product"}],"wp:featuredmedia":[{"embeddable":true,"href":"https:\/\/guitar2amp.de\/index.php\/wp-json\/wp\/v2\/media\/19023"}],"wp:attachment":[{"href":"https:\/\/guitar2amp.de\/index.php\/wp-json\/wp\/v2\/media?parent=19022"}],"wp:term":[{"taxonomy":"product_brand","embeddable":true,"href":"https:\/\/guitar2amp.de\/index.php\/wp-json\/wp\/v2\/product_brand?post=19022"},{"taxonomy":"product_cat","embeddable":true,"href":"https:\/\/guitar2amp.de\/index.php\/wp-json\/wp\/v2\/product_cat?post=19022"},{"taxonomy":"product_tag","embeddable":true,"href":"https:\/\/guitar2amp.de\/index.php\/wp-json\/wp\/v2\/product_tag?post=19022"}],"curies":[{"name":"wp","href":"https:\/\/api.w.org\/{rel}","templated":true}]}}