{"id":19105,"date":"2026-04-21T16:39:22","date_gmt":"2026-04-21T14:39:22","guid":{"rendered":"https:\/\/guitar2amp.de\/?post_type=product&#038;p=19105"},"modified":"2026-04-21T16:49:29","modified_gmt":"2026-04-21T14:49:29","slug":"2020-fender-custom-shop-62-63-stratocaster-limited-edition-surf-green-used-2","status":"publish","type":"product","link":"https:\/\/guitar2amp.de\/index.php\/pl\/product\/2020-fender-custom-shop-62-63-stratocaster-limited-edition-surf-green-used-2\/","title":{"rendered":"2020 Fender Custom Shop 62\/63 Stratocaster Limited Edition Surf Green [USED]"},"content":{"rendered":"<h1 data-start=\"97\" data-end=\"190\"><span style=\"color: #000000;\">2020 Fender Custom Shop 62\/63 Stratocaster Limited Edition Surf Green [USED]<\/span><\/h1>\n<p data-start=\"192\" data-end=\"729\"><span style=\"color: #000000;\">Ta wyj\u0105tkowa Fender Custom Shop 62\/63 Stratocaster Journeyman Relic to model z limitowanej serii <strong data-start=\"289\" data-end=\"322\">2020 Mid-Year Limited Edition<\/strong>, zbudowany wed\u0142ug specyfikacji wczesnych lat 60. Wyko\u0144czona w ponadczasowym kolorze <strong data-start=\"407\" data-end=\"421\">Surf Green<\/strong>, gitara doskonale oddaje autentyczny charakter tamtej epoki. Postarzenie typu Journeyman Relic zapewnia subtelny, gustowny efekt \u2013 delikatne \u015blady u\u017cytkowania, naturalnie wygl\u0105daj\u0105ce przetarcia i lekkie wyblakni\u0119cie lakieru, nadaj\u0105ce instrumentowi prawdziwie vintage\u2019owy charakter bez przesadnego relicu.<\/span><\/p>\n<p data-start=\"731\" data-end=\"988\"><span style=\"color: #000000;\">Korpus z olchy oferuje klasyczn\u0105 rezonansowo\u015b\u0107 i zr\u00f3wnowa\u017cone brzmienie, znane z najlepszych Stratocaster\u00f3w pocz\u0105tku lat 60. Ca\u0142o\u015b\u0107 dope\u0142nia mintowy, relicowany pickguard oraz celowo postarzone os\u0142ony i pokr\u0119t\u0142a, charakterystyczne dla tej limitowanej serii.<\/span><\/p>\n<p data-start=\"990\" data-end=\"1335\"><span style=\"color: #000000;\">Gryf z klonu, wyko\u0144czony lakierem Medium Tint Nitro, posiada wygodny profil <strong data-start=\"1066\" data-end=\"1089\">60s Strat Style \u201cC\u201d<\/strong>. Podstrunnica z AAA Round-Lam Rosewood o <strong data-start=\"1131\" data-end=\"1163\">radiusie 7.25&#8243;\u20139.5&#8243; compound<\/strong> \u0142\u0105czy klasyczne odczucia z nowoczesnym komfortem gry. Progi <strong data-start=\"1224\" data-end=\"1245\">Wide Tall (47095)<\/strong> oraz Heavy Relic na tylnej cz\u0119\u015bci gryfu nadaj\u0105 instrumentowi naturalnie \u201eograny\u201d feeling.<\/span><\/p>\n<p data-start=\"1337\" data-end=\"1733\"><span style=\"color: #000000;\">Gitara zosta\u0142a wyposa\u017cona w zestaw <strong data-start=\"1372\" data-end=\"1429\">r\u0119cznie nawijanych przetwornik\u00f3w Hand-Wound 60s Strat<\/strong>, z pickupem \u015brodkowym w konfiguracji <strong data-start=\"1467\" data-end=\"1475\">RWRP<\/strong>, co zapewnia brzmienia bezszumowe w pozycjach po\u015brednich. Uk\u0142ad <strong data-start=\"1540\" data-end=\"1578\">Strat Mod Wiring z funkcj\u0105 Blender<\/strong> zwi\u0119ksza mo\u017cliwo\u015bci brzmieniowe wzgl\u0119dem standardowej 5-pozycyjnej konfiguracji, oferuj\u0105c dodatkowe kombinacje przetwornik\u00f3w i wi\u0119ksz\u0105 kontrol\u0119 nad tonem.<\/span><\/p>\n<p data-start=\"1735\" data-end=\"1925\"><span style=\"color: #000000;\">To idealny instrument dla gitarzyst\u00f3w szukaj\u0105cych wysokiej klasy Stratocastera, kt\u00f3ry \u0142\u0105czy autentyczny charakter lat 60 z precyzj\u0105 wykonania Custom Shopu i wygod\u0105 wsp\u00f3\u0142czesnego instrumentu.<\/span><\/p>\n<hr data-start=\"1927\" data-end=\"1930\" \/>\n<h1 data-start=\"1932\" data-end=\"1950\"><span style=\"color: #000000;\"><strong data-start=\"1934\" data-end=\"1950\">Specyfikacja<\/strong><\/span><\/h1>\n<h2 data-start=\"1952\" data-end=\"1965\"><span style=\"color: #000000;\"><strong data-start=\"1955\" data-end=\"1965\">Korpus<\/strong><\/span><\/h2>\n<ul data-start=\"1966\" data-end=\"2157\">\n<li data-start=\"1966\" data-end=\"1975\">\n<p data-start=\"1968\" data-end=\"1975\"><span style=\"color: #000000;\">Olcha<\/span><\/p>\n<\/li>\n<li data-start=\"1976\" data-end=\"2034\">\n<p data-start=\"1978\" data-end=\"2034\"><span style=\"color: #000000;\">Wyko\u0144czenie: Nitrocellulose Lacquer \u2013 Journeyman Relic<\/span><\/p>\n<\/li>\n<li data-start=\"2035\" data-end=\"2056\">\n<p data-start=\"2037\" data-end=\"2056\"><span style=\"color: #000000;\">Kolor: Surf Green<\/span><\/p>\n<\/li>\n<li data-start=\"2057\" data-end=\"2076\">\n<p data-start=\"2059\" data-end=\"2076\"><span style=\"color: #000000;\">Styl: 60s Strat<\/span><\/p>\n<\/li>\n<li data-start=\"2077\" data-end=\"2114\">\n<p data-start=\"2079\" data-end=\"2114\"><span style=\"color: #000000;\">Pickguard: 60s Mint Green (Relic)<\/span><\/p>\n<\/li>\n<li data-start=\"2115\" data-end=\"2157\">\n<p data-start=\"2117\" data-end=\"2157\"><span style=\"color: #000000;\">Postarzone (\u201eDirty\u201d) os\u0142ony i pokr\u0119t\u0142a<\/span><\/p>\n<\/li>\n<\/ul>\n<h2 data-start=\"2159\" data-end=\"2170\"><span style=\"color: #000000;\"><strong data-start=\"2162\" data-end=\"2170\">Gryf<\/strong><\/span><\/h2>\n<ul data-start=\"2171\" data-end=\"2485\">\n<li data-start=\"2171\" data-end=\"2193\">\n<p data-start=\"2173\" data-end=\"2193\"><span style=\"color: #000000;\">Klon (Quartersawn)<\/span><\/p>\n<\/li>\n<li data-start=\"2194\" data-end=\"2222\">\n<p data-start=\"2196\" data-end=\"2222\"><span style=\"color: #000000;\">Medium Tint Nitro Finish<\/span><\/p>\n<\/li>\n<li data-start=\"2223\" data-end=\"2254\">\n<p data-start=\"2225\" data-end=\"2254\"><span style=\"color: #000000;\">Profil: 60s Strat Style \u201cC\u201d<\/span><\/p>\n<\/li>\n<li data-start=\"2255\" data-end=\"2308\">\n<p data-start=\"2257\" data-end=\"2308\"><span style=\"color: #000000;\">Grubo\u015b\u0107 gryfu: 0.830&#8243; (1 pr\u00f3g) \/ 1.000&#8243; (12 pr\u00f3g)<\/span><\/p>\n<\/li>\n<li data-start=\"2309\" data-end=\"2349\">\n<p data-start=\"2311\" data-end=\"2349\"><span style=\"color: #000000;\">Podstrunnica: AAA Round-Lam Rosewood<\/span><\/p>\n<\/li>\n<li data-start=\"2350\" data-end=\"2381\">\n<p data-start=\"2352\" data-end=\"2381\"><span style=\"color: #000000;\">Radius: 7.25&#8243;\u20139.5&#8243; Compound<\/span><\/p>\n<\/li>\n<li data-start=\"2382\" data-end=\"2407\">\n<p data-start=\"2384\" data-end=\"2407\"><span style=\"color: #000000;\">21 prog\u00f3w \u2013 Wide Tall<\/span><\/p>\n<\/li>\n<li data-start=\"2408\" data-end=\"2435\">\n<p data-start=\"2410\" data-end=\"2435\"><span style=\"color: #000000;\">Siode\u0142ko: Bone (1.650&#8243;)<\/span><\/p>\n<\/li>\n<li data-start=\"2436\" data-end=\"2462\">\n<p data-start=\"2438\" data-end=\"2462\"><span style=\"color: #000000;\">Ty\u0142 gryfu: Heavy Relic<\/span><\/p>\n<\/li>\n<li data-start=\"2463\" data-end=\"2485\">\n<p data-start=\"2465\" data-end=\"2485\"><span style=\"color: #000000;\">Decal: 61\u201363 Strat<\/span><\/p>\n<\/li>\n<\/ul>\n<h2 data-start=\"2487\" data-end=\"2505\"><span style=\"color: #000000;\"><strong data-start=\"2490\" data-end=\"2505\">Elektronika<\/strong><\/span><\/h2>\n<ul data-start=\"2506\" data-end=\"2754\">\n<li data-start=\"2506\" data-end=\"2644\">\n<p data-start=\"2508\" data-end=\"2560\"><span style=\"color: #000000;\">R\u0119cznie nawijane przetworniki Hand-Wound 60s Strat<\/span><\/p>\n<ul data-start=\"2563\" data-end=\"2644\">\n<li data-start=\"2563\" data-end=\"2585\">\n<p data-start=\"2565\" data-end=\"2585\"><span style=\"color: #000000;\">Neck: HW 60s Strat<\/span><\/p>\n<\/li>\n<li data-start=\"2588\" data-end=\"2617\">\n<p data-start=\"2590\" data-end=\"2617\"><span style=\"color: #000000;\">Middle: HW 60s Strat RWRP<\/span><\/p>\n<\/li>\n<li data-start=\"2620\" data-end=\"2644\">\n<p data-start=\"2622\" data-end=\"2644\"><span style=\"color: #000000;\">Bridge: HW 60s Strat<\/span><\/p>\n<\/li>\n<\/ul>\n<\/li>\n<li data-start=\"2645\" data-end=\"2683\">\n<p data-start=\"2647\" data-end=\"2683\"><span style=\"color: #000000;\">Strat Mod Wiring z funkcj\u0105 Blender<\/span><\/p>\n<\/li>\n<li data-start=\"2684\" data-end=\"2711\">\n<p data-start=\"2686\" data-end=\"2711\"><span style=\"color: #000000;\">Prze\u0142\u0105cznik 5-pozycyjny<\/span><\/p>\n<\/li>\n<li data-start=\"2712\" data-end=\"2754\">\n<p data-start=\"2714\" data-end=\"2754\"><span style=\"color: #000000;\">Postarzone (\u201eDirty\u201d) pokr\u0119t\u0142a i os\u0142ony<\/span><\/p>\n<\/li>\n<\/ul>\n<h2 data-start=\"2756\" data-end=\"2770\"><span style=\"color: #000000;\"><strong data-start=\"2759\" data-end=\"2770\">Osprz\u0119t<\/strong><\/span><\/h2>\n<ul data-start=\"2771\" data-end=\"2927\">\n<li data-start=\"2771\" data-end=\"2815\">\n<p data-start=\"2773\" data-end=\"2815\"><span style=\"color: #000000;\">Custom Shop Vintage Strat Bridge (Relic)<\/span><\/p>\n<\/li>\n<li data-start=\"2816\" data-end=\"2839\">\n<p data-start=\"2818\" data-end=\"2839\"><span style=\"color: #000000;\">Vintage Tremolo Arm<\/span><\/p>\n<\/li>\n<li data-start=\"2840\" data-end=\"2869\">\n<p data-start=\"2842\" data-end=\"2869\"><span style=\"color: #000000;\">Vintage 62\u201364 String Tree<\/span><\/p>\n<\/li>\n<li data-start=\"2870\" data-end=\"2908\">\n<p data-start=\"2872\" data-end=\"2908\"><span style=\"color: #000000;\">Grawerowana p\u0142ytka Limited Edition<\/span><\/p>\n<\/li>\n<li data-start=\"2909\" data-end=\"2927\">\n<p data-start=\"2911\" data-end=\"2927\"><span style=\"color: #000000;\">Relic Hardware<\/span><\/p>\n<\/li>\n<\/ul>\n<hr data-start=\"2929\" data-end=\"2932\" \/>\n<h2 data-start=\"2934\" data-end=\"2952\"><span style=\"color: #000000;\"><strong data-start=\"2937\" data-end=\"2952\">Stan gitary<\/strong><\/span><\/h2>\n<p data-start=\"2954\" data-end=\"3235\"><span style=\"color: #000000;\">Gitara znajduje si\u0119 w <strong data-start=\"2976\" data-end=\"3000\">bardzo dobrym stanie<\/strong>, z widocznymi jedynie \u015bladami zgodnymi z fabrycznym wyko\u0144czeniem Journeyman Relic. W zestawie znajduje si\u0119 <strong data-start=\"3108\" data-end=\"3154\">oryginalny certyfikat autentyczno\u015bci (COA)<\/strong>, komplet <strong data-start=\"3164\" data-end=\"3192\">fabrycznych case candies<\/strong>, akcesoria oraz oryginalny twardy futera\u0142.<\/span><\/p>\n","protected":false},"excerpt":{"rendered":"<p><span style=\"color: #000000;\">Ta wyj\u0105tkowa Fender Custom Shop 62\/63 Stratocaster Journeyman Relic to model z limitowanej serii <strong data-start=\"289\" data-end=\"322\">2020 Mid-Year Limited Edition<\/strong>, zbudowany wed\u0142ug specyfikacji wczesnych lat 60. Wyko\u0144czona w ponadczasowym kolorze <strong data-start=\"407\" data-end=\"421\">Surf Green<\/strong>, gitara doskonale oddaje autentyczny charakter tamtej epoki. Postarzenie typu Journeyman Relic zapewnia subtelny, gustowny efekt \u2013 delikatne \u015blady u\u017cytkowania, naturalnie wygl\u0105daj\u0105ce przetarcia i lekkie wyblakni\u0119cie lakieru, nadaj\u0105ce instrumentowi prawdziwie vintage\u2019owy charakter bez przesadnego relicu.<\/span><\/p>\n","protected":false},"featured_media":19107,"template":"","meta":{"_monsterinsights_skip_tracking":false,"_monsterinsights_sitenote_active":false,"_monsterinsights_sitenote_note":"","_monsterinsights_sitenote_category":0,"_uf_show_specific_survey":0,"_uf_disable_surveys":false,"_kadence_starter_templates_imported_post":false,"_kad_post_transparent":"default","_kad_post_title":"","_kad_post_layout":"default","_kad_post_sidebar_id":"","_kad_post_content_style":"default","_kad_post_vertical_padding":"default","_kad_post_feature":"","_kad_post_feature_position":"","_kad_post_header":false,"_kad_post_footer":false,"_kad_post_classname":""},"product_brand":[],"product_cat":[3265,3261],"product_tag":[],"class_list":{"0":"post-19105","1":"product","2":"type-product","3":"status-publish","4":"has-post-thumbnail","6":"product_cat-elektryczne-pl","7":"product_cat-gitary","9":"first","10":"outofstock","11":"shipping-taxable","12":"purchasable","13":"product-type-simple","14":"entry","15":"content-bg","16":"loop-entry"},"jetpack_sharing_enabled":true,"_links":{"self":[{"href":"https:\/\/guitar2amp.de\/index.php\/wp-json\/wp\/v2\/product\/19105","targetHints":{"allow":["GET"]}}],"collection":[{"href":"https:\/\/guitar2amp.de\/index.php\/wp-json\/wp\/v2\/product"}],"about":[{"href":"https:\/\/guitar2amp.de\/index.php\/wp-json\/wp\/v2\/types\/product"}],"wp:featuredmedia":[{"embeddable":true,"href":"https:\/\/guitar2amp.de\/index.php\/wp-json\/wp\/v2\/media\/19107"}],"wp:attachment":[{"href":"https:\/\/guitar2amp.de\/index.php\/wp-json\/wp\/v2\/media?parent=19105"}],"wp:term":[{"taxonomy":"product_brand","embeddable":true,"href":"https:\/\/guitar2amp.de\/index.php\/wp-json\/wp\/v2\/product_brand?post=19105"},{"taxonomy":"product_cat","embeddable":true,"href":"https:\/\/guitar2amp.de\/index.php\/wp-json\/wp\/v2\/product_cat?post=19105"},{"taxonomy":"product_tag","embeddable":true,"href":"https:\/\/guitar2amp.de\/index.php\/wp-json\/wp\/v2\/product_tag?post=19105"}],"curies":[{"name":"wp","href":"https:\/\/api.w.org\/{rel}","templated":true}]}}