{"id":19334,"date":"2026-05-05T12:15:44","date_gmt":"2026-05-05T10:15:44","guid":{"rendered":"https:\/\/guitar2amp.de\/?post_type=product&#038;p=19334"},"modified":"2026-05-05T12:16:45","modified_gmt":"2026-05-05T10:16:45","slug":"skg-custom-guitars-little-wing-mikolaj-lukaszewski-signature-2","status":"publish","type":"product","link":"https:\/\/guitar2amp.de\/index.php\/de\/product\/skg-custom-guitars-little-wing-mikolaj-lukaszewski-signature-2\/","title":{"rendered":"SKG Custom Guitars &#8221; Little Wing&#8221; Miko\u0142aj \u0141ukaszewski Signature"},"content":{"rendered":"<h2 data-section-id=\"1fnlkcu\" data-start=\"51\" data-end=\"88\"><span style=\"color: #000000;\">SKG Custom Guitars \u2013 Little Wing<\/span><\/h2>\n<h3 data-section-id=\"u43p42\" data-start=\"89\" data-end=\"136\"><span style=\"color: #000000;\">Miko\u0142aj \u0141ukaszewski Signature \u2013 Prototype<\/span><\/h3>\n<p data-start=\"138\" data-end=\"487\"><span style=\"color: #000000;\">Die <strong data-start=\"142\" data-end=\"176\">SKG Custom Guitars Little Wing<\/strong> ist ein Boutique-Instrument, entwickelt in Zusammenarbeit mit <strong data-start=\"239\" data-end=\"262\">Miko\u0142aj \u0141ukaszewski<\/strong> von Custom Guitar Tones \u2013 einem Gitarristen, der f\u00fcr sein feines Gesp\u00fcr f\u00fcr Ton und Spielgef\u00fchl bekannt ist. Dieses Modell ist seine pers\u00f6nliche Vision einer perfekten S-Style Gitarre \u2013 hoch resonant, dynamisch und lebendig.<\/span><\/p>\n<hr data-start=\"489\" data-end=\"492\" \/>\n<h2 data-section-id=\"17wfncj\" data-start=\"494\" data-end=\"507\"><span style=\"color: #000000;\">\u00dcber SKG<\/span><\/h2>\n<p data-start=\"509\" data-end=\"678\"><span style=\"color: #000000;\"><strong data-start=\"509\" data-end=\"531\">SKG Custom Guitars<\/strong> ist eine polnische Boutique-Manufaktur, die Instrumente vollst\u00e4ndig von<a class=\"pll_icon_add\" title=\"Add a translation in Polski\" href=\"https:\/\/guitar2amp.de\/wp-admin\/post-new.php?post_type=product&amp;from_post=19334&amp;new_lang=pl&amp;_wpnonce=182f0d1cb4\"><span class=\"screen-reader-text\">Add a translation in Polski<\/span><\/a> Hand fertigt \u2013 mit gro\u00dfem Fokus auf Qualit\u00e4t, Detail und Individualit\u00e4t.<\/span><\/p>\n<p data-start=\"680\" data-end=\"855\"><span style=\"color: #000000;\">Die Gitarren verbinden klassische Vintage-Inspiration mit moderner Pr\u00e4zision und bieten Instrumente, die nicht nur gut klingen, sondern auf jede Nuance des Spielers reagieren.<\/span><\/p>\n<hr data-start=\"857\" data-end=\"860\" \/>\n<h2 data-section-id=\"84e2q3\" data-start=\"862\" data-end=\"889\"><span style=\"color: #000000;\">Das Modell Little Wing<\/span><\/h2>\n<p data-start=\"891\" data-end=\"1009\"><span style=\"color: #000000;\">Die <strong data-start=\"895\" data-end=\"910\">Little Wing<\/strong> ist eine moderne Interpretation des klassischen S-Style \u2013 leicht, resonant und extrem responsiv.<\/span><\/p>\n<p data-start=\"1011\" data-end=\"1165\"><span style=\"color: #000000;\">Sie vereint klassischen Vintage-Charakter mit modernem Spielkomfort und Stabilit\u00e4t und eignet sich sowohl f\u00fcr Clean-Sounds als auch f\u00fcr angezerrte Sounds.<\/span><\/p>\n<p data-start=\"1167\" data-end=\"1338\"><span style=\"color: #000000;\">Dieses Exemplar ist ein <strong data-start=\"1191\" data-end=\"1203\">Prototyp<\/strong> sowie die <strong data-start=\"1214\" data-end=\"1261\">pers\u00f6nliche Gitarre von Miko\u0142aj \u0141ukaszewski<\/strong>, die w\u00e4hrend der Entwicklung und Feinabstimmung des Modells verwendet wurde.<\/span><\/p>\n<hr data-start=\"1340\" data-end=\"1343\" \/>\n<h2 data-section-id=\"2vh6o9\" data-start=\"1345\" data-end=\"1363\"><span style=\"color: #000000;\">Spezifikation<\/span><\/h2>\n<ul data-start=\"1365\" data-end=\"1744\">\n<li data-section-id=\"xbsf2v\" data-start=\"1365\" data-end=\"1404\"><span style=\"color: #000000;\">Modell: <strong data-start=\"1375\" data-end=\"1402\">Little Wing \u2013 Prototype<\/strong><\/span><\/li>\n<li data-section-id=\"1bv2qsc\" data-start=\"1405\" data-end=\"1438\"><span style=\"color: #000000;\">Korpus: <strong data-start=\"1415\" data-end=\"1436\">Western Red Cedar<\/strong><\/span><\/li>\n<li data-section-id=\"mgticy\" data-start=\"1439\" data-end=\"1464\"><span style=\"color: #000000;\">Hals: <strong data-start=\"1447\" data-end=\"1462\">Flame Maple<\/strong><\/span><\/li>\n<li data-section-id=\"1n96hls\" data-start=\"1465\" data-end=\"1495\"><span style=\"color: #000000;\">Griffbrett: <strong data-start=\"1479\" data-end=\"1493\">Palisander<\/strong><\/span><\/li>\n<li data-section-id=\"l7p3ge\" data-start=\"1496\" data-end=\"1517\"><span style=\"color: #000000;\">Mensur: <strong data-start=\"1506\" data-end=\"1515\">25.5&#8243;<\/strong><\/span><\/li>\n<li data-section-id=\"1ph48du\" data-start=\"1518\" data-end=\"1543\"><span style=\"color: #000000;\">Halsprofil: <strong data-start=\"1532\" data-end=\"1541\">\u201964 C<\/strong><\/span><\/li>\n<li data-section-id=\"qvf8bb\" data-start=\"1544\" data-end=\"1565\"><span style=\"color: #000000;\">Radius: <strong data-start=\"1554\" data-end=\"1563\">7&#8243;\u20139&#8243;<\/strong><\/span><\/li>\n<li data-section-id=\"13w4wgx\" data-start=\"1566\" data-end=\"1585\"><span style=\"color: #000000;\">B\u00fcnde: <strong data-start=\"1575\" data-end=\"1583\">6105<\/strong><\/span><\/li>\n<li data-section-id=\"1p9czzj\" data-start=\"1586\" data-end=\"1606\"><span style=\"color: #000000;\">Sattel: <strong data-start=\"1596\" data-end=\"1604\">Bone<\/strong><\/span><\/li>\n<li data-section-id=\"xo1zg7\" data-start=\"1607\" data-end=\"1633\"><span style=\"color: #000000;\">Mechaniken: <strong data-start=\"1621\" data-end=\"1631\">Kluson<\/strong><\/span><\/li>\n<li data-section-id=\"1t9hth0\" data-start=\"1634\" data-end=\"1658\"><span style=\"color: #000000;\">Br\u00fccke: <strong data-start=\"1644\" data-end=\"1656\">Callaham<\/strong><\/span><\/li>\n<li data-section-id=\"1tz3sfh\" data-start=\"1659\" data-end=\"1688\"><span style=\"color: #000000;\">Hardware: <strong data-start=\"1671\" data-end=\"1686\">Aged Nickel<\/strong><\/span><\/li>\n<li data-section-id=\"12mvsyq\" data-start=\"1689\" data-end=\"1722\"><span style=\"color: #000000;\">Finish: <strong data-start=\"1699\" data-end=\"1720\">Red Sparkle Burst<\/strong><\/span><\/li>\n<li data-section-id=\"6gvnbq\" data-start=\"1723\" data-end=\"1744\"><span style=\"color: #000000;\">Baujahr: <strong data-start=\"1734\" data-end=\"1742\">2023<\/strong><\/span><\/li>\n<\/ul>\n<hr data-start=\"1746\" data-end=\"1749\" \/>\n<h2 data-section-id=\"11p50s3\" data-start=\"1751\" data-end=\"1775\"><span style=\"color: #000000;\">Klang &amp; Spielgef\u00fchl<\/span><\/h2>\n<ul data-start=\"1777\" data-end=\"1922\">\n<li data-section-id=\"1t7fu56\" data-start=\"1777\" data-end=\"1807\"><span style=\"color: #000000;\">schneller, direkter Attack<\/span><\/li>\n<li data-section-id=\"t74vuh\" data-start=\"1808\" data-end=\"1840\"><span style=\"color: #000000;\">hervorragende Saitentrennung<\/span><\/li>\n<li data-section-id=\"1cvjdy5\" data-start=\"1841\" data-end=\"1875\"><span style=\"color: #000000;\">sehr resonanter Korpus (Cedar)<\/span><\/li>\n<li data-section-id=\"mfynrx\" data-start=\"1876\" data-end=\"1922\"><span style=\"color: #000000;\">hohe Sensibilit\u00e4t f\u00fcr Anschlag und Dynamik<\/span><\/li>\n<\/ul>\n<p data-start=\"1924\" data-end=\"1968\"><span style=\"color: #000000;\">Ein Instrument, das mit dem Spieler \u201eatmet\u201c.<\/span><\/p>\n<hr data-start=\"1970\" data-end=\"1973\" \/>\n<h2 data-section-id=\"1wzwg7b\" data-start=\"1975\" data-end=\"2002\"><span style=\"color: #000000;\">Zustand &amp; Lieferumfang<\/span><\/h2>\n<p data-start=\"2004\" data-end=\"2078\"><span style=\"color: #000000;\"><strong data-start=\"2004\" data-end=\"2041\">Neu \/ Prototyp in Sammlerqualit\u00e4t<\/strong><\/span><br data-start=\"2041\" data-end=\"2044\" \/><span style=\"color: #000000;\">Inklusive: <strong data-start=\"2055\" data-end=\"2078\">Koffer + Spec Sheet<\/strong><\/span><\/p>\n<hr data-start=\"2080\" data-end=\"2083\" \/>\n<h2 data-section-id=\"xufyc4\" data-start=\"2085\" data-end=\"2107\"><span style=\"color: #000000;\">Warum Guitar2Amp?<\/span><\/h2>\n<p data-start=\"2109\" data-end=\"2402\"><span style=\"color: #000000;\">Als <strong data-start=\"2113\" data-end=\"2172\">offizieller SKG Custom H\u00e4ndler in Polen und Deutschland<\/strong> bietet Guitar2Amp exklusiven Zugang zu diesen au\u00dfergew\u00f6hnlichen Instrumenten. Wir bieten fachkundige Beratung, eine breite Auswahl an Modellen, individuelle Konfigurationsm\u00f6glichkeiten sowie professionellen Service und Support.<\/span><\/p>\n<p data-start=\"2404\" data-end=\"2517\"><span style=\"color: #000000;\">Bestelle jetzt und entdecke eine Gitarre, die perfekt deinen Stil und deine Leidenschaft f\u00fcr Musik widerspiegelt!<\/span><\/p>\n<hr data-start=\"2519\" data-end=\"2522\" \/>\n<p data-start=\"2524\" data-end=\"2585\"><span style=\"color: #000000;\">\ud83d\udccd Verf\u00fcgbar bei Guitar2Amp<\/span><br data-start=\"2551\" data-end=\"2554\" \/><span style=\"color: #000000;\">\ud83d\udce6 Weltweiter Versand m\u00f6glich<\/span><\/p>\n","protected":false},"excerpt":{"rendered":"<h2 data-section-id=\"1fnlkcu\" data-start=\"51\" data-end=\"88\"><span style=\"color: #000000;\">SKG Custom Guitars \u2013 Little Wing<\/span><\/h2>\n<h3 data-section-id=\"u43p42\" data-start=\"89\" data-end=\"136\"><span style=\"color: #000000;\">Miko\u0142aj \u0141ukaszewski Signature \u2013 Prototype<\/span><\/h3>\n<p data-start=\"138\" data-end=\"487\"><span style=\"color: #000000;\">Die <strong data-start=\"142\" data-end=\"176\">SKG Custom Guitars Little Wing<\/strong> ist ein Boutique-Instrument, entwickelt in Zusammenarbeit mit <strong data-start=\"239\" data-end=\"262\">Miko\u0142aj \u0141ukaszewski<\/strong> von Custom Guitar Tones \u2013 einem Gitarristen, der f\u00fcr sein feines Gesp\u00fcr f\u00fcr Ton und Spielgef\u00fchl bekannt ist. Dieses Modell ist seine pers\u00f6nliche Vision einer perfekten S-Style Gitarre \u2013 hoch resonant, dynamisch und lebendig.<\/span><\/p>\n","protected":false},"featured_media":19335,"template":"","meta":{"_monsterinsights_skip_tracking":false,"_monsterinsights_sitenote_active":false,"_monsterinsights_sitenote_note":"","_monsterinsights_sitenote_category":0,"_uf_show_specific_survey":0,"_uf_disable_surveys":false,"_kadence_starter_templates_imported_post":false,"_kad_post_transparent":"default","_kad_post_title":"","_kad_post_layout":"default","_kad_post_sidebar_id":"","_kad_post_content_style":"default","_kad_post_vertical_padding":"default","_kad_post_feature":"","_kad_post_feature_position":"","_kad_post_header":false,"_kad_post_footer":false,"_kad_post_classname":""},"product_brand":[],"product_cat":[207,203,4271],"product_tag":[],"class_list":{"0":"post-19334","1":"product","2":"type-product","3":"status-publish","4":"has-post-thumbnail","6":"product_cat-e-gitarren","7":"product_cat-gitarren","8":"product_cat-skg-de","10":"first","11":"instock","12":"shipping-taxable","13":"purchasable","14":"product-type-simple","15":"entry","16":"content-bg","17":"loop-entry"},"jetpack_sharing_enabled":true,"_links":{"self":[{"href":"https:\/\/guitar2amp.de\/index.php\/wp-json\/wp\/v2\/product\/19334","targetHints":{"allow":["GET"]}}],"collection":[{"href":"https:\/\/guitar2amp.de\/index.php\/wp-json\/wp\/v2\/product"}],"about":[{"href":"https:\/\/guitar2amp.de\/index.php\/wp-json\/wp\/v2\/types\/product"}],"wp:featuredmedia":[{"embeddable":true,"href":"https:\/\/guitar2amp.de\/index.php\/wp-json\/wp\/v2\/media\/19335"}],"wp:attachment":[{"href":"https:\/\/guitar2amp.de\/index.php\/wp-json\/wp\/v2\/media?parent=19334"}],"wp:term":[{"taxonomy":"product_brand","embeddable":true,"href":"https:\/\/guitar2amp.de\/index.php\/wp-json\/wp\/v2\/product_brand?post=19334"},{"taxonomy":"product_cat","embeddable":true,"href":"https:\/\/guitar2amp.de\/index.php\/wp-json\/wp\/v2\/product_cat?post=19334"},{"taxonomy":"product_tag","embeddable":true,"href":"https:\/\/guitar2amp.de\/index.php\/wp-json\/wp\/v2\/product_tag?post=19334"}],"curies":[{"name":"wp","href":"https:\/\/api.w.org\/{rel}","templated":true}]}}