{"id":19355,"date":"2026-05-05T12:17:30","date_gmt":"2026-05-05T10:17:30","guid":{"rendered":"https:\/\/guitar2amp.de\/?post_type=product&#038;p=19355"},"modified":"2026-05-05T12:17:30","modified_gmt":"2026-05-05T10:17:30","slug":"skg-custom-guitars-little-wing-mikolaj-lukaszewski-signature-3","status":"publish","type":"product","link":"https:\/\/guitar2amp.de\/index.php\/pl\/product\/skg-custom-guitars-little-wing-mikolaj-lukaszewski-signature-3\/","title":{"rendered":"SKG Custom Guitars &#8221; Little Wing&#8221; Miko\u0142aj \u0141ukaszewski Signature"},"content":{"rendered":"<h2 data-section-id=\"1fnlkcu\" data-start=\"48\" data-end=\"85\"><span style=\"color: #000000;\">SKG Custom Guitars \u2013 Little Wing<\/span><\/h2>\n<h3 data-section-id=\"u43p42\" data-start=\"86\" data-end=\"133\"><span style=\"color: #000000;\">Miko\u0142aj \u0141ukaszewski Signature \u2013 Prototype<\/span><\/h3>\n<p data-start=\"135\" data-end=\"454\"><span style=\"color: #000000;\"><strong data-start=\"135\" data-end=\"169\">SKG Custom Guitars Little Wing<\/strong> to butikowy instrument stworzony we wsp\u00f3\u0142pracy z <strong data-start=\"219\" data-end=\"245\">Miko\u0142ajem \u0141ukaszewskim<\/strong> z Custom Guitar Tones \u2013 gitarzyst\u0105 znanym z wyj\u0105tkowej wra\u017cliwo\u015bci na brzmienie i feeling. Model ten jest jego osobist\u0105 wizj\u0105 idealnego S-Style \u2013 maksymalnie rezonuj\u0105cego, dynamicznego i \u201e\u017cywego\u201d instrumentu.<\/span><\/p>\n<hr data-start=\"456\" data-end=\"459\" \/>\n<h2 data-section-id=\"1quua5\" data-start=\"461\" data-end=\"477\"><span style=\"color: #000000;\">O marce SKG<\/span><\/h2>\n<p data-start=\"479\" data-end=\"638\"><span style=\"color: #000000;\"><strong data-start=\"479\" data-end=\"501\">SKG Custom Guitars<\/strong> to polska manufaktura buduj\u0105ca instrumenty w pe\u0142ni r\u0119cznie, z ogromn\u0105 dba\u0142o\u015bci\u0105 o detale i indywidualny charakter ka\u017cdego egzemplarza.<\/span><\/p>\n<p data-start=\"640\" data-end=\"803\"><span style=\"color: #000000;\">Gitary tej marki \u0142\u0105cz\u0105 klasyczne inspiracje vintage z nowoczesn\u0105 precyzj\u0105 wykonania, oferuj\u0105c instrumenty, kt\u00f3re nie tylko brzmi\u0105, ale reaguj\u0105 na ka\u017cdy niuans gry.<\/span><\/p>\n<hr data-start=\"805\" data-end=\"808\" \/>\n<h2 data-section-id=\"15l7lm9\" data-start=\"810\" data-end=\"832\"><span style=\"color: #000000;\">Model Little Wing<\/span><\/h2>\n<p data-start=\"834\" data-end=\"969\"><span style=\"color: #000000;\">Model <strong data-start=\"840\" data-end=\"855\">Little Wing<\/strong> to dopracowana interpretacja klasycznego S-Style \u2013 lekki, bardzo rezonuj\u0105cy i niezwykle responsywny instrument.<\/span><\/p>\n<p data-start=\"971\" data-end=\"1135\"><span style=\"color: #000000;\">\u0141\u0105czy vintage\u2019owy charakter z nowoczesnym komfortem i stabilno\u015bci\u0105, \u015bwietnie sprawdzaj\u0105c si\u0119 zar\u00f3wno w czystych barwach, jak i przy bardziej nasyconych przesterach.<\/span><\/p>\n<p data-start=\"1137\" data-end=\"1269\"><span style=\"color: #000000;\">Ten egzemplarz to <strong data-start=\"1155\" data-end=\"1167\">prototyp<\/strong> oraz <strong data-start=\"1173\" data-end=\"1218\">personalna gitara Miko\u0142aja \u0141ukaszewskiego<\/strong>, u\u017cywana w procesie tworzenia i rozwijania modelu.<\/span><\/p>\n<hr data-start=\"1271\" data-end=\"1274\" \/>\n<h2 data-section-id=\"lodat0\" data-start=\"1276\" data-end=\"1293\"><span style=\"color: #000000;\">Specyfikacja<\/span><\/h2>\n<ul data-start=\"1295\" data-end=\"1675\">\n<li data-section-id=\"ovti3\" data-start=\"1295\" data-end=\"1333\"><span style=\"color: #000000;\">Model: <strong data-start=\"1304\" data-end=\"1331\">Little Wing \u2013 Prototype<\/strong><\/span><\/li>\n<li data-section-id=\"1bv2qsc\" data-start=\"1334\" data-end=\"1367\"><span style=\"color: #000000;\">Korpus: <strong data-start=\"1344\" data-end=\"1365\">Western Red Cedar<\/strong><\/span><\/li>\n<li data-section-id=\"1tc3fji\" data-start=\"1368\" data-end=\"1393\"><span style=\"color: #000000;\">Gryf: <strong data-start=\"1376\" data-end=\"1391\">Flame Maple<\/strong><\/span><\/li>\n<li data-section-id=\"ig9ta1\" data-start=\"1394\" data-end=\"1426\"><span style=\"color: #000000;\">Podstrunnica: <strong data-start=\"1410\" data-end=\"1424\">Palisander<\/strong><\/span><\/li>\n<li data-section-id=\"1iu0p2w\" data-start=\"1427\" data-end=\"1447\"><span style=\"color: #000000;\">Skala: <strong data-start=\"1436\" data-end=\"1445\">25.5&#8243;<\/strong><\/span><\/li>\n<li data-section-id=\"nut123\" data-start=\"1448\" data-end=\"1475\"><span style=\"color: #000000;\">Profil gryfu: <strong data-start=\"1464\" data-end=\"1473\">\u201964 C<\/strong><\/span><\/li>\n<li data-section-id=\"qvf8bb\" data-start=\"1476\" data-end=\"1497\"><span style=\"color: #000000;\">Radius: <strong data-start=\"1486\" data-end=\"1495\">7&#8243;\u20139&#8243;<\/strong><\/span><\/li>\n<li data-section-id=\"4szr83\" data-start=\"1498\" data-end=\"1517\"><span style=\"color: #000000;\">Progi: <strong data-start=\"1507\" data-end=\"1515\">6105<\/strong><\/span><\/li>\n<li data-section-id=\"1n87b0m\" data-start=\"1518\" data-end=\"1540\"><span style=\"color: #000000;\">Siode\u0142ko: <strong data-start=\"1530\" data-end=\"1538\">Bone<\/strong><\/span><\/li>\n<li data-section-id=\"3l25uk\" data-start=\"1541\" data-end=\"1563\"><span style=\"color: #000000;\">Klucze: <strong data-start=\"1551\" data-end=\"1561\">Kluson<\/strong><\/span><\/li>\n<li data-section-id=\"50654u\" data-start=\"1564\" data-end=\"1588\"><span style=\"color: #000000;\">Mostek: <strong data-start=\"1574\" data-end=\"1586\">Callaham<\/strong><\/span><\/li>\n<li data-section-id=\"1tz3sfh\" data-start=\"1589\" data-end=\"1618\"><span style=\"color: #000000;\">Hardware: <strong data-start=\"1601\" data-end=\"1616\">Aged Nickel<\/strong><\/span><\/li>\n<li data-section-id=\"1fdo8sh\" data-start=\"1619\" data-end=\"1657\"><span style=\"color: #000000;\">Wyko\u0144czenie: <strong data-start=\"1634\" data-end=\"1655\">Red Sparkle Burst<\/strong><\/span><\/li>\n<li data-section-id=\"5jlohz\" data-start=\"1658\" data-end=\"1675\"><span style=\"color: #000000;\">Rok: <strong data-start=\"1665\" data-end=\"1673\">2023<\/strong><\/span><\/li>\n<\/ul>\n<hr data-start=\"1677\" data-end=\"1680\" \/>\n<h2 data-section-id=\"6zh5a1\" data-start=\"1682\" data-end=\"1706\"><span style=\"color: #000000;\">Charakter brzmienia<\/span><\/h2>\n<ul data-start=\"1708\" data-end=\"1854\">\n<li data-section-id=\"1aerz4x\" data-start=\"1708\" data-end=\"1739\"><span style=\"color: #000000;\">szybki, natychmiastowy atak<\/span><\/li>\n<li data-section-id=\"76a4rc\" data-start=\"1740\" data-end=\"1775\"><span style=\"color: #000000;\">bardzo dobra separacja d\u017awi\u0119k\u00f3w<\/span><\/li>\n<li data-section-id=\"1fri5je\" data-start=\"1776\" data-end=\"1820\"><span style=\"color: #000000;\">wyj\u0105tkowa rezonansowo\u015b\u0107 (korpus z cedru)<\/span><\/li>\n<li data-section-id=\"ijujq7\" data-start=\"1821\" data-end=\"1854\"><span style=\"color: #000000;\">wysoka czu\u0142o\u015b\u0107 na artykulacj\u0119<\/span><\/li>\n<\/ul>\n<p data-start=\"1856\" data-end=\"1903\"><span style=\"color: #000000;\">Instrument, kt\u00f3ry \u201eoddycha\u201d razem z gitarzyst\u0105.<\/span><\/p>\n<hr data-start=\"1905\" data-end=\"1908\" \/>\n<h2 data-section-id=\"1gzlxm2\" data-start=\"1910\" data-end=\"1928\"><span style=\"color: #000000;\">Stan i zestaw<\/span><\/h2>\n<p data-start=\"1930\" data-end=\"2051\"><span style=\"color: #000000;\">Instrument <strong data-start=\"1941\" data-end=\"2004\">nowy \/ egzemplarz prototypowy o charakterze kolekcjonerskim<\/strong><\/span><br data-start=\"2004\" data-end=\"2007\" \/><span style=\"color: #000000;\">W zestawie: <strong data-start=\"2019\" data-end=\"2051\">futera\u0142 + karta specyfikacji<\/strong><\/span><\/p>\n<hr data-start=\"2053\" data-end=\"2056\" \/>\n<h2 data-section-id=\"tzyumt\" data-start=\"2058\" data-end=\"2083\"><span style=\"color: #000000;\">Dlaczego Guitar2Amp?<\/span><\/h2>\n<p data-start=\"2085\" data-end=\"2328\"><span style=\"color: #000000;\">Jako <strong data-start=\"2090\" data-end=\"2147\">oficjalny dystrybutor SKG Custom w Polsce i Niemczech<\/strong>, Guitar2Amp zapewnia dost\u0119p do wyj\u0105tkowych instrument\u00f3w tej marki. Oferujemy fachowe doradztwo, szeroki wyb\u00f3r modeli, mo\u017cliwo\u015b\u0107 konfiguracji oraz profesjonalny serwis i wsparcie.<\/span><\/p>\n<p data-start=\"2330\" data-end=\"2413\"><span style=\"color: #000000;\">Zam\u00f3w ju\u017c teraz i odkryj gitar\u0119, kt\u00f3ra idealnie oddaje Tw\u00f3j styl i pasj\u0119 do muzyki!<\/span><\/p>\n<hr data-start=\"2415\" data-end=\"2418\" \/>\n<p data-start=\"2420\" data-end=\"2481\"><span style=\"color: #000000;\">\ud83d\udccd Dost\u0119pna w Guitar2Amp<\/span><br data-start=\"2444\" data-end=\"2447\" \/><span style=\"color: #000000;\">\ud83d\udce6 Mo\u017cliwa wysy\u0142ka na ca\u0142y \u015bwiat<\/span><\/p>\n","protected":false},"excerpt":{"rendered":"<h2 data-section-id=\"1fnlkcu\" data-start=\"48\" data-end=\"85\"><span style=\"color: #000000;\">SKG Custom Guitars \u2013 Little Wing<\/span><\/h2>\n<h3 data-section-id=\"u43p42\" data-start=\"86\" data-end=\"133\"><span style=\"color: #000000;\">Miko\u0142aj \u0141ukaszewski Signature \u2013 Prototype<\/span><\/h3>\n<p data-start=\"135\" data-end=\"454\"><span style=\"color: #000000;\"><strong data-start=\"135\" data-end=\"169\">SKG Custom Guitars Little Wing<\/strong> to butikowy instrument stworzony we wsp\u00f3\u0142pracy z <strong data-start=\"219\" data-end=\"245\">Miko\u0142ajem \u0141ukaszewskim<\/strong> z Custom Guitar Tones \u2013 gitarzyst\u0105 znanym z wyj\u0105tkowej wra\u017cliwo\u015bci na brzmienie i feeling. Model ten jest jego osobist\u0105 wizj\u0105 idealnego S-Style \u2013 maksymalnie rezonuj\u0105cego, dynamicznego i \u201e\u017cywego\u201d instrumentu.<\/span><\/p>\n","protected":false},"featured_media":19356,"template":"","meta":{"_monsterinsights_skip_tracking":false,"_monsterinsights_sitenote_active":false,"_monsterinsights_sitenote_note":"","_monsterinsights_sitenote_category":0,"_uf_show_specific_survey":0,"_uf_disable_surveys":false,"_kadence_starter_templates_imported_post":false,"_kad_post_transparent":"default","_kad_post_title":"","_kad_post_layout":"default","_kad_post_sidebar_id":"","_kad_post_content_style":"default","_kad_post_vertical_padding":"default","_kad_post_feature":"","_kad_post_feature_position":"","_kad_post_header":false,"_kad_post_footer":false,"_kad_post_classname":""},"product_brand":[],"product_cat":[3265,3261,4273],"product_tag":[],"class_list":{"0":"post-19355","1":"product","2":"type-product","3":"status-publish","4":"has-post-thumbnail","6":"product_cat-elektryczne-pl","7":"product_cat-gitary","8":"product_cat-skg-pl","10":"first","11":"instock","12":"shipping-taxable","13":"purchasable","14":"product-type-simple","15":"entry","16":"content-bg","17":"loop-entry"},"jetpack_sharing_enabled":true,"_links":{"self":[{"href":"https:\/\/guitar2amp.de\/index.php\/wp-json\/wp\/v2\/product\/19355","targetHints":{"allow":["GET"]}}],"collection":[{"href":"https:\/\/guitar2amp.de\/index.php\/wp-json\/wp\/v2\/product"}],"about":[{"href":"https:\/\/guitar2amp.de\/index.php\/wp-json\/wp\/v2\/types\/product"}],"wp:featuredmedia":[{"embeddable":true,"href":"https:\/\/guitar2amp.de\/index.php\/wp-json\/wp\/v2\/media\/19356"}],"wp:attachment":[{"href":"https:\/\/guitar2amp.de\/index.php\/wp-json\/wp\/v2\/media?parent=19355"}],"wp:term":[{"taxonomy":"product_brand","embeddable":true,"href":"https:\/\/guitar2amp.de\/index.php\/wp-json\/wp\/v2\/product_brand?post=19355"},{"taxonomy":"product_cat","embeddable":true,"href":"https:\/\/guitar2amp.de\/index.php\/wp-json\/wp\/v2\/product_cat?post=19355"},{"taxonomy":"product_tag","embeddable":true,"href":"https:\/\/guitar2amp.de\/index.php\/wp-json\/wp\/v2\/product_tag?post=19355"}],"curies":[{"name":"wp","href":"https:\/\/api.w.org\/{rel}","templated":true}]}}