{"id":19402,"date":"2026-05-05T12:56:23","date_gmt":"2026-05-05T10:56:23","guid":{"rendered":"https:\/\/guitar2amp.de\/?post_type=product&#038;p=19402"},"modified":"2026-05-05T12:56:46","modified_gmt":"2026-05-05T10:56:46","slug":"skg-custom-guitars-piotr-peter-lukaszewski-signature-prototype-0000-2","status":"publish","type":"product","link":"https:\/\/guitar2amp.de\/index.php\/de\/product\/skg-custom-guitars-piotr-peter-lukaszewski-signature-prototype-0000-2\/","title":{"rendered":"SKG Custom Guitars Piotr \u201cPETER\u201d \u0141ukaszewski Signature \u2013 Prototype #0000"},"content":{"rendered":"<h2 data-section-id=\"1xojybb\" data-start=\"71\" data-end=\"114\">SKG Custom Guitars \u2013 PETER \u0141ukaszewski<\/h2>\n<h3 data-section-id=\"1guj2cs\" data-start=\"115\" data-end=\"174\">Piotr \u201ePETER\u201c \u0141ukaszewski Signature \u2013 Prototype #0000<\/h3>\n<p data-start=\"176\" data-end=\"549\">Die <strong data-start=\"180\" data-end=\"220\">SKG Custom Guitars PETER \u0141ukaszewski<\/strong> ist ein einzigartiges Boutique-Instrument, entwickelt in Zusammenarbeit mit <strong data-start=\"297\" data-end=\"326\">Piotr \u201ePETER\u201c \u0141ukaszewski<\/strong> \u2013 Gitarrist, Produzent und eine der bekanntesten Pers\u00f6nlichkeiten der polnischen Musikszene. Dieses Modell ist seine pers\u00f6nliche Vision einer modernen Gitarre mit au\u00dfergew\u00f6hnlicher Dynamik, Pr\u00e4zision und B\u00fchnenperformance.<\/p>\n<p data-start=\"551\" data-end=\"666\">Konzipiert f\u00fcr maximale Ausdruckskraft, Spielkomfort und Zuverl\u00e4ssigkeit \u2013 sowohl im Studio als auch auf der B\u00fchne.<\/p>\n<hr data-start=\"668\" data-end=\"671\" \/>\n<h2 data-section-id=\"17wfncj\" data-start=\"673\" data-end=\"686\">\u00dcber SKG<\/h2>\n<p data-start=\"688\" data-end=\"929\"><strong data-start=\"688\" data-end=\"710\">SKG Custom Guitars<\/strong> ist eine polnische Boutique-Manufaktur, die sich auf vollst\u00e4ndig handgefertigte Instrumente spezialisiert hat. Jede Gitarre entsteht aus hochwertigen Materialien mit gro\u00dfer Liebe zum Detail und individuellem Charakter.<\/p>\n<p data-start=\"931\" data-end=\"1093\">Die Marke verbindet klassische Inspiration mit moderner Konstruktion und Ergonomie und bietet Instrumente, die sich sowohl klanglich als auch spielerisch abheben.<\/p>\n<hr data-start=\"1095\" data-end=\"1098\" \/>\n<h2 data-section-id=\"14dydf6\" data-start=\"1100\" data-end=\"1133\">Das Modell PETER \u0141ukaszewski<\/h2>\n<p data-start=\"1135\" data-end=\"1334\">Das Modell <strong data-start=\"1146\" data-end=\"1167\">PETER \u0141ukaszewski<\/strong> ist eine moderne Interpretation des Superstrat-Konzepts \u2013 leicht, schnell und extrem responsiv, entwickelt f\u00fcr dynamisches Spiel und eine gro\u00dfe klangliche Bandbreite.<\/p>\n<p data-start=\"1336\" data-end=\"1510\">Der <strong data-start=\"1340\" data-end=\"1360\">Paulownia-Korpus<\/strong> sorgt f\u00fcr ein sehr geringes Gewicht und hohe Resonanz, w\u00e4hrend das moderne Halsprofil und der Compound-Radius maximalen Komfort und Pr\u00e4zision bieten.<\/p>\n<p data-start=\"1512\" data-end=\"1689\">Dieses Exemplar ist ein <strong data-start=\"1536\" data-end=\"1556\">Prototyp (#0000)<\/strong> sowie die <strong data-start=\"1567\" data-end=\"1612\">pers\u00f6nliche Gitarre von Piotr \u0141ukaszewski<\/strong>, die w\u00e4hrend der Entwicklung und Feinabstimmung des Modells verwendet wurde.<\/p>\n<hr data-start=\"1691\" data-end=\"1694\" \/>\n<h2 data-section-id=\"2vh6o9\" data-start=\"1696\" data-end=\"1714\">Spezifikation<\/h2>\n<ul data-start=\"1716\" data-end=\"1980\">\n<li data-section-id=\"1hfh9f1\" data-start=\"1716\" data-end=\"1767\">Modell: <strong data-start=\"1726\" data-end=\"1765\">PETER \u0141ukaszewski \u2013 Prototype #0000<\/strong><\/li>\n<li data-section-id=\"4xlwkk\" data-start=\"1768\" data-end=\"1793\">Korpus: <strong data-start=\"1778\" data-end=\"1791\">Paulownia<\/strong><\/li>\n<li data-section-id=\"1tytw6p\" data-start=\"1794\" data-end=\"1813\">Hals: <strong data-start=\"1802\" data-end=\"1811\">Maple<\/strong><\/li>\n<li data-section-id=\"l7p3ge\" data-start=\"1814\" data-end=\"1835\">Mensur: <strong data-start=\"1824\" data-end=\"1833\">25.5&#8243;<\/strong><\/li>\n<li data-section-id=\"vvhi51\" data-start=\"1836\" data-end=\"1862\">Halsprofil: <strong data-start=\"1850\" data-end=\"1860\">Slim D<\/strong><\/li>\n<li data-section-id=\"149w09p\" data-start=\"1863\" data-end=\"1886\">Radius: <strong data-start=\"1873\" data-end=\"1884\">12&#8243;\u201316&#8243;<\/strong><\/li>\n<li data-section-id=\"13wvtd0\" data-start=\"1887\" data-end=\"1906\">B\u00fcnde: <strong data-start=\"1896\" data-end=\"1904\">6100<\/strong><\/li>\n<li data-section-id=\"15jxary\" data-start=\"1907\" data-end=\"1942\">Br\u00fccke: <strong data-start=\"1917\" data-end=\"1940\">Schaller Floyd Rose<\/strong><\/li>\n<li data-section-id=\"1r1llzk\" data-start=\"1943\" data-end=\"1980\">Finish: <strong data-start=\"1953\" data-end=\"1978\">Red Sparkle over Blue<\/strong><\/li>\n<\/ul>\n<hr data-start=\"1982\" data-end=\"1985\" \/>\n<h2 data-section-id=\"11p50s3\" data-start=\"1987\" data-end=\"2011\">Klang &amp; Spielgef\u00fchl<\/h2>\n<ul data-start=\"2013\" data-end=\"2136\">\n<li data-section-id=\"1jfsmze\" data-start=\"2013\" data-end=\"2041\">sehr leicht und resonant<\/li>\n<li data-section-id=\"mmu6se\" data-start=\"2042\" data-end=\"2070\">schneller, moderner Hals<\/li>\n<li data-section-id=\"r4gmqz\" data-start=\"2071\" data-end=\"2105\">gro\u00dfe Dynamik und Artikulation<\/li>\n<li data-section-id=\"1xs3opj\" data-start=\"2106\" data-end=\"2136\">ideal f\u00fcr B\u00fchne und Studio<\/li>\n<\/ul>\n<p data-start=\"2138\" data-end=\"2219\">Ein pr\u00e4zises, schnelles und inspirierendes Instrument f\u00fcr anspruchsvolle Spieler.<\/p>\n<hr data-start=\"2221\" data-end=\"2224\" \/>\n<h2 data-section-id=\"1wzwg7b\" data-start=\"2226\" data-end=\"2253\">Zustand &amp; Lieferumfang<\/h2>\n<p data-start=\"2255\" data-end=\"2316\"><strong data-start=\"2255\" data-end=\"2292\">Neu \/ Prototyp in Sammlerqualit\u00e4t<\/strong><br data-start=\"2292\" data-end=\"2295\" \/>Inklusive: <strong data-start=\"2306\" data-end=\"2316\">Koffer<\/strong><\/p>\n<hr data-start=\"2318\" data-end=\"2321\" \/>\n<h2 data-section-id=\"xufyc4\" data-start=\"2323\" data-end=\"2345\">Warum Guitar2Amp?<\/h2>\n<p data-start=\"2347\" data-end=\"2639\">Als <strong data-start=\"2351\" data-end=\"2410\">offizieller SKG Custom H\u00e4ndler in Polen und Deutschland<\/strong> bietet Guitar2Amp exklusiven Zugang zu diesen au\u00dfergew\u00f6hnlichen Instrumenten. Wir bieten fachkundige Beratung, eine gro\u00dfe Auswahl an Modellen, individuelle Konfigurationsm\u00f6glichkeiten sowie professionellen Service und Support.<\/p>\n<p data-start=\"2641\" data-end=\"2754\">Bestelle jetzt und entdecke eine Gitarre, die perfekt deinen Stil und deine Leidenschaft f\u00fcr Musik widerspiegelt!<\/p>\n<hr data-start=\"2756\" data-end=\"2759\" \/>\n<p data-start=\"2761\" data-end=\"2822\">\ud83d\udccd Verf\u00fcgbar bei Guitar2Amp<br data-start=\"2788\" data-end=\"2791\" \/>\ud83d\udce6 Weltweiter Versand m\u00f6glich<\/p>\n","protected":false},"excerpt":{"rendered":"<h2 data-section-id=\"1xojybb\" data-start=\"71\" data-end=\"114\">SKG Custom Guitars \u2013 PETER \u0141ukaszewski<\/h2>\n<h3 data-section-id=\"1guj2cs\" data-start=\"115\" data-end=\"174\">Piotr \u201ePETER\u201c \u0141ukaszewski Signature \u2013 Prototype #0000<\/h3>\n<p data-start=\"176\" data-end=\"549\">Die <strong data-start=\"180\" data-end=\"220\">SKG Custom Guitars PETER \u0141ukaszewski<\/strong> ist ein einzigartiges Boutique-Instrument, entwickelt in Zusammenarbeit mit <strong data-start=\"297\" data-end=\"326\">Piotr \u201ePETER\u201c \u0141ukaszewski<\/strong> \u2013 Gitarrist, Produzent und eine der bekanntesten Pers\u00f6nlichkeiten der polnischen Musikszene. Dieses Modell ist seine pers\u00f6nliche Vision einer modernen Gitarre mit au\u00dfergew\u00f6hnlicher Dynamik, Pr\u00e4zision und B\u00fchnenperformance.<\/p>\n<p data-start=\"551\" data-end=\"666\">Konzipiert f\u00fcr maximale Ausdruckskraft, Spielkomfort und Zuverl\u00e4ssigkeit \u2013 sowohl im Studio als auch auf der B\u00fchne.<\/p>\n","protected":false},"featured_media":19403,"template":"","meta":{"_monsterinsights_skip_tracking":false,"_monsterinsights_sitenote_active":false,"_monsterinsights_sitenote_note":"","_monsterinsights_sitenote_category":0,"_uf_show_specific_survey":0,"_uf_disable_surveys":false,"_kadence_starter_templates_imported_post":false,"_kad_post_transparent":"default","_kad_post_title":"","_kad_post_layout":"default","_kad_post_sidebar_id":"","_kad_post_content_style":"default","_kad_post_vertical_padding":"default","_kad_post_feature":"","_kad_post_feature_position":"","_kad_post_header":false,"_kad_post_footer":false,"_kad_post_classname":""},"product_brand":[],"product_cat":[207,203,4271],"product_tag":[],"class_list":{"0":"post-19402","1":"product","2":"type-product","3":"status-publish","4":"has-post-thumbnail","6":"product_cat-e-gitarren","7":"product_cat-gitarren","8":"product_cat-skg-de","10":"first","11":"instock","12":"shipping-taxable","13":"purchasable","14":"product-type-simple","15":"entry","16":"content-bg","17":"loop-entry"},"jetpack_sharing_enabled":true,"_links":{"self":[{"href":"https:\/\/guitar2amp.de\/index.php\/wp-json\/wp\/v2\/product\/19402","targetHints":{"allow":["GET"]}}],"collection":[{"href":"https:\/\/guitar2amp.de\/index.php\/wp-json\/wp\/v2\/product"}],"about":[{"href":"https:\/\/guitar2amp.de\/index.php\/wp-json\/wp\/v2\/types\/product"}],"wp:featuredmedia":[{"embeddable":true,"href":"https:\/\/guitar2amp.de\/index.php\/wp-json\/wp\/v2\/media\/19403"}],"wp:attachment":[{"href":"https:\/\/guitar2amp.de\/index.php\/wp-json\/wp\/v2\/media?parent=19402"}],"wp:term":[{"taxonomy":"product_brand","embeddable":true,"href":"https:\/\/guitar2amp.de\/index.php\/wp-json\/wp\/v2\/product_brand?post=19402"},{"taxonomy":"product_cat","embeddable":true,"href":"https:\/\/guitar2amp.de\/index.php\/wp-json\/wp\/v2\/product_cat?post=19402"},{"taxonomy":"product_tag","embeddable":true,"href":"https:\/\/guitar2amp.de\/index.php\/wp-json\/wp\/v2\/product_tag?post=19402"}],"curies":[{"name":"wp","href":"https:\/\/api.w.org\/{rel}","templated":true}]}}