{"id":19428,"date":"2026-05-05T12:59:55","date_gmt":"2026-05-05T10:59:55","guid":{"rendered":"https:\/\/guitar2amp.de\/?post_type=product&#038;p=19428"},"modified":"2026-05-05T13:00:10","modified_gmt":"2026-05-05T11:00:10","slug":"19428","status":"publish","type":"product","link":"https:\/\/guitar2amp.de\/index.php\/pl\/product\/19428\/","title":{"rendered":"SKG Custom Guitars Piotr \u201cPETER\u201d \u0141ukaszewski Signature \u2013 Prototype #0000"},"content":{"rendered":"<h2 data-section-id=\"1xojybb\" data-start=\"68\" data-end=\"111\"><span style=\"color: #000000;\">SKG Custom Guitars \u2013 PETER \u0141ukaszewski<\/span><\/h2>\n<h3 data-section-id=\"1cp6ul\" data-start=\"112\" data-end=\"171\"><span style=\"color: #000000;\">Piotr \u201ePETER\u201d \u0141ukaszewski Signature \u2013 Prototype #0000<\/span><\/h3>\n<p data-start=\"173\" data-end=\"520\"><span style=\"color: #000000;\"><strong data-start=\"173\" data-end=\"213\">SKG Custom Guitars PETER \u0141ukaszewski<\/strong> to wyj\u0105tkowy, butikowy instrument stworzony we wsp\u00f3\u0142pracy z <strong data-start=\"274\" data-end=\"308\">Piotrem \u201ePETEREM\u201d \u0141ukaszewskim<\/strong> \u2013 gitarzyst\u0105, producentem i jedn\u0105 z najbardziej rozpoznawalnych postaci polskiej sceny muzycznej. Model ten jest jego osobist\u0105 wizj\u0105 nowoczesnej gitary o ogromnej dynamice, precyzji i scenicznej funkcjonalno\u015bci.<\/span><\/p>\n<p data-start=\"522\" data-end=\"647\"><span style=\"color: #000000;\">Instrument zaprojektowany z my\u015bl\u0105 o maksymalnej ekspresji, komforcie gry i niezawodno\u015bci \u2013 zar\u00f3wno w studio, jak i na scenie.<\/span><\/p>\n<hr data-start=\"649\" data-end=\"652\" \/>\n<h2 data-section-id=\"1quua5\" data-start=\"654\" data-end=\"670\"><span style=\"color: #000000;\">O marce SKG<\/span><\/h2>\n<p data-start=\"672\" data-end=\"891\"><span style=\"color: #000000;\"><strong data-start=\"672\" data-end=\"694\">SKG Custom Guitars<\/strong> to polska manufaktura specjalizuj\u0105ca si\u0119 w r\u0119cznie budowanych gitarach butikowych. Ka\u017cdy instrument powstaje z najwy\u017cszej jako\u015bci materia\u0142\u00f3w, z ogromn\u0105 dba\u0142o\u015bci\u0105 o detale i indywidualny charakter.<\/span><\/p>\n<p data-start=\"893\" data-end=\"1058\"><span style=\"color: #000000;\">Marka \u0142\u0105czy klasyczne inspiracje z nowoczesnym podej\u015bciem do konstrukcji i ergonomii, tworz\u0105c instrumenty, kt\u00f3re wyr\u00f3\u017cniaj\u0105 si\u0119 zar\u00f3wno brzmieniem, jak i feelingiem.<\/span><\/p>\n<hr data-start=\"1060\" data-end=\"1063\" \/>\n<h2 data-section-id=\"35wkso\" data-start=\"1065\" data-end=\"1093\"><span style=\"color: #000000;\">Model PETER \u0141ukaszewski<\/span><\/h2>\n<p data-start=\"1095\" data-end=\"1289\"><span style=\"color: #000000;\">Model <strong data-start=\"1101\" data-end=\"1122\">PETER \u0141ukaszewski<\/strong> to nowoczesna interpretacja gitar typu superstrat \u2013 lekki, szybki i niezwykle responsywny instrument stworzony z my\u015bl\u0105 o dynamicznej grze i szerokim zakresie brzmie\u0144.<\/span><\/p>\n<p data-start=\"1291\" data-end=\"1462\"><span style=\"color: #000000;\">Zastosowanie korpusu z <strong data-start=\"1314\" data-end=\"1326\">paulowni<\/strong> sprawia, \u017ce gitara jest bardzo lekka i rezonuj\u0105ca, a nowoczesny profil gryfu i zmienny radius zapewniaj\u0105 maksymalny komfort i precyzj\u0119.<\/span><\/p>\n<p data-start=\"1464\" data-end=\"1606\"><span style=\"color: #000000;\">Ten egzemplarz to <strong data-start=\"1482\" data-end=\"1502\">prototyp (#0000)<\/strong> oraz <strong data-start=\"1508\" data-end=\"1551\">personalna gitara Piotra \u0141ukaszewskiego<\/strong>, u\u017cywana w procesie tworzenia i dopracowywania modelu.<\/span><\/p>\n<hr data-start=\"1608\" data-end=\"1611\" \/>\n<h2 data-section-id=\"lodat0\" data-start=\"1613\" data-end=\"1630\"><span style=\"color: #000000;\">Specyfikacja<\/span><\/h2>\n<ul data-start=\"1632\" data-end=\"1901\">\n<li data-section-id=\"3h97s1\" data-start=\"1632\" data-end=\"1682\"><span style=\"color: #000000;\">Model: <strong data-start=\"1641\" data-end=\"1680\">PETER \u0141ukaszewski \u2013 Prototype #0000<\/strong><\/span><\/li>\n<li data-section-id=\"4xlwkk\" data-start=\"1683\" data-end=\"1708\"><span style=\"color: #000000;\">Korpus: <strong data-start=\"1693\" data-end=\"1706\">Paulownia<\/strong><\/span><\/li>\n<li data-section-id=\"ayfd2l\" data-start=\"1709\" data-end=\"1728\"><span style=\"color: #000000;\">Gryf: <strong data-start=\"1717\" data-end=\"1726\">Maple<\/strong><\/span><\/li>\n<li data-section-id=\"1iu0p2w\" data-start=\"1729\" data-end=\"1749\"><span style=\"color: #000000;\">Skala: <strong data-start=\"1738\" data-end=\"1747\">25.5&#8243;<\/strong><\/span><\/li>\n<li data-section-id=\"180izoc\" data-start=\"1750\" data-end=\"1778\"><span style=\"color: #000000;\">Profil gryfu: <strong data-start=\"1766\" data-end=\"1776\">Slim D<\/strong><\/span><\/li>\n<li data-section-id=\"149w09p\" data-start=\"1779\" data-end=\"1802\"><span style=\"color: #000000;\">Radius: <strong data-start=\"1789\" data-end=\"1800\">12&#8243;\u201316&#8243;<\/strong><\/span><\/li>\n<li data-section-id=\"4whcpi\" data-start=\"1803\" data-end=\"1822\"><span style=\"color: #000000;\">Progi: <strong data-start=\"1812\" data-end=\"1820\">6100<\/strong><\/span><\/li>\n<li data-section-id=\"1dtxpj8\" data-start=\"1823\" data-end=\"1858\"><span style=\"color: #000000;\">Mostek: <strong data-start=\"1833\" data-end=\"1856\">Schaller Floyd Rose<\/strong><\/span><\/li>\n<li data-section-id=\"1bbyenn\" data-start=\"1859\" data-end=\"1901\"><span style=\"color: #000000;\">Wyko\u0144czenie: <strong data-start=\"1874\" data-end=\"1899\">Red Sparkle over Blue<\/strong><\/span><\/li>\n<\/ul>\n<hr data-start=\"1903\" data-end=\"1906\" \/>\n<h2 data-section-id=\"1o82jb0\" data-start=\"1908\" data-end=\"1938\"><span style=\"color: #000000;\">Charakter brzmienia i gry<\/span><\/h2>\n<ul data-start=\"1940\" data-end=\"2103\">\n<li data-section-id=\"1likdug\" data-start=\"1940\" data-end=\"1980\"><span style=\"color: #000000;\">bardzo lekki i rezonuj\u0105cy instrument<\/span><\/li>\n<li data-section-id=\"hlzjuo\" data-start=\"1981\" data-end=\"2014\"><span style=\"color: #000000;\">szybki, nowoczesny feel gryfu<\/span><\/li>\n<li data-section-id=\"n8rt3z\" data-start=\"2015\" data-end=\"2056\"><span style=\"color: #000000;\">szeroki zakres dynamiki i artykulacji<\/span><\/li>\n<li data-section-id=\"v1csv8\" data-start=\"2057\" data-end=\"2103\"><span style=\"color: #000000;\">idealny do grania scenicznego i studyjnego<\/span><\/li>\n<\/ul>\n<p data-start=\"2105\" data-end=\"2178\"><span style=\"color: #000000;\">Precyzyjny, szybki i inspiruj\u0105cy instrument dla wymagaj\u0105cych gitarzyst\u00f3w.<\/span><\/p>\n<hr data-start=\"2180\" data-end=\"2183\" \/>\n<h2 data-section-id=\"1gzlxm2\" data-start=\"2185\" data-end=\"2203\"><span style=\"color: #000000;\">Stan i zestaw<\/span><\/h2>\n<p data-start=\"2205\" data-end=\"2305\"><span style=\"color: #000000;\">Instrument <strong data-start=\"2216\" data-end=\"2279\">nowy \/ egzemplarz prototypowy o charakterze kolekcjonerskim<\/strong><\/span><br data-start=\"2279\" data-end=\"2282\" \/><span style=\"color: #000000;\">W zestawie: <strong data-start=\"2294\" data-end=\"2305\">futera\u0142<\/strong><\/span><\/p>\n<hr data-start=\"2307\" data-end=\"2310\" \/>\n<h2 data-section-id=\"tzyumt\" data-start=\"2312\" data-end=\"2337\"><span style=\"color: #000000;\">Dlaczego Guitar2Amp?<\/span><\/h2>\n<p data-start=\"2339\" data-end=\"2582\"><span style=\"color: #000000;\">Jako <strong data-start=\"2344\" data-end=\"2401\">oficjalny dystrybutor SKG Custom w Polsce i Niemczech<\/strong>, Guitar2Amp zapewnia dost\u0119p do wyj\u0105tkowych instrument\u00f3w tej marki. Oferujemy fachowe doradztwo, szeroki wyb\u00f3r modeli, mo\u017cliwo\u015b\u0107 konfiguracji oraz profesjonalny serwis i wsparcie.<\/span><\/p>\n<p data-start=\"2584\" data-end=\"2667\"><span style=\"color: #000000;\">Zam\u00f3w ju\u017c teraz i odkryj gitar\u0119, kt\u00f3ra idealnie oddaje Tw\u00f3j styl i pasj\u0119 do muzyki!<\/span><\/p>\n<hr data-start=\"2669\" data-end=\"2672\" \/>\n<p data-start=\"2674\" data-end=\"2735\"><span style=\"color: #000000;\">\ud83d\udccd Dost\u0119pna w Guitar2Amp<\/span><br data-start=\"2698\" data-end=\"2701\" \/><span style=\"color: #000000;\">\ud83d\udce6 Mo\u017cliwa wysy\u0142ka na ca\u0142y \u015bwiat<\/span><\/p>\n","protected":false},"excerpt":{"rendered":"<h2 data-section-id=\"1xojybb\" data-start=\"68\" data-end=\"111\"><span style=\"color: #000000;\">SKG Custom Guitars \u2013 PETER \u0141ukaszewski<\/span><\/h2>\n<h3 data-section-id=\"1cp6ul\" data-start=\"112\" data-end=\"171\"><span style=\"color: #000000;\">Piotr \u201ePETER\u201d \u0141ukaszewski Signature \u2013 Prototype #0000<\/span><\/h3>\n<p data-start=\"173\" data-end=\"520\"><span style=\"color: #000000;\"><strong data-start=\"173\" data-end=\"213\">SKG Custom Guitars PETER \u0141ukaszewski<\/strong> to wyj\u0105tkowy, butikowy instrument stworzony we wsp\u00f3\u0142pracy z <strong data-start=\"274\" data-end=\"308\">Piotrem \u201ePETEREM\u201d \u0141ukaszewskim<\/strong> \u2013 gitarzyst\u0105, producentem i jedn\u0105 z najbardziej rozpoznawalnych postaci polskiej sceny muzycznej. Model ten jest jego osobist\u0105 wizj\u0105 nowoczesnej gitary o ogromnej dynamice, precyzji i scenicznej funkcjonalno\u015bci.<\/span><\/p>\n<p data-start=\"522\" data-end=\"647\"><span style=\"color: #000000;\">Instrument zaprojektowany z my\u015bl\u0105 o maksymalnej ekspresji, komforcie gry i niezawodno\u015bci \u2013 zar\u00f3wno w studio, jak i na scenie.<\/span><\/p>\n","protected":false},"featured_media":19429,"template":"","meta":{"_monsterinsights_skip_tracking":false,"_monsterinsights_sitenote_active":false,"_monsterinsights_sitenote_note":"","_monsterinsights_sitenote_category":0,"_uf_show_specific_survey":0,"_uf_disable_surveys":false,"_kadence_starter_templates_imported_post":false,"_kad_post_transparent":"default","_kad_post_title":"","_kad_post_layout":"default","_kad_post_sidebar_id":"","_kad_post_content_style":"default","_kad_post_vertical_padding":"default","_kad_post_feature":"","_kad_post_feature_position":"","_kad_post_header":false,"_kad_post_footer":false,"_kad_post_classname":""},"product_brand":[],"product_cat":[3265,3261,4273],"product_tag":[],"class_list":{"0":"post-19428","1":"product","2":"type-product","3":"status-publish","4":"has-post-thumbnail","6":"product_cat-elektryczne-pl","7":"product_cat-gitary","8":"product_cat-skg-pl","10":"first","11":"instock","12":"shipping-taxable","13":"purchasable","14":"product-type-simple","15":"entry","16":"content-bg","17":"loop-entry"},"jetpack_sharing_enabled":true,"_links":{"self":[{"href":"https:\/\/guitar2amp.de\/index.php\/wp-json\/wp\/v2\/product\/19428","targetHints":{"allow":["GET"]}}],"collection":[{"href":"https:\/\/guitar2amp.de\/index.php\/wp-json\/wp\/v2\/product"}],"about":[{"href":"https:\/\/guitar2amp.de\/index.php\/wp-json\/wp\/v2\/types\/product"}],"wp:featuredmedia":[{"embeddable":true,"href":"https:\/\/guitar2amp.de\/index.php\/wp-json\/wp\/v2\/media\/19429"}],"wp:attachment":[{"href":"https:\/\/guitar2amp.de\/index.php\/wp-json\/wp\/v2\/media?parent=19428"}],"wp:term":[{"taxonomy":"product_brand","embeddable":true,"href":"https:\/\/guitar2amp.de\/index.php\/wp-json\/wp\/v2\/product_brand?post=19428"},{"taxonomy":"product_cat","embeddable":true,"href":"https:\/\/guitar2amp.de\/index.php\/wp-json\/wp\/v2\/product_cat?post=19428"},{"taxonomy":"product_tag","embeddable":true,"href":"https:\/\/guitar2amp.de\/index.php\/wp-json\/wp\/v2\/product_tag?post=19428"}],"curies":[{"name":"wp","href":"https:\/\/api.w.org\/{rel}","templated":true}]}}