{"id":19495,"date":"2026-05-06T14:33:22","date_gmt":"2026-05-06T12:33:22","guid":{"rendered":"https:\/\/guitar2amp.de\/?post_type=product&#038;p=19495"},"modified":"2026-05-06T14:33:22","modified_gmt":"2026-05-06T12:33:22","slug":"2015-fender-custom-shop-55-stratocaster-limited-edition-aztec-gold-sparkle-used-3","status":"publish","type":"product","link":"https:\/\/guitar2amp.de\/index.php\/pl\/product\/2015-fender-custom-shop-55-stratocaster-limited-edition-aztec-gold-sparkle-used-3\/","title":{"rendered":"2015 Fender Custom Shop &#8217;55 Stratocaster Limited Edition Aztec Gold Sparkle [USED]"},"content":{"rendered":"<section class=\"text-token-text-primary w-full focus:outline-none [--shadow-height:45px] has-data-writing-block:pointer-events-none has-data-writing-block:-mt-(--shadow-height) has-data-writing-block:pt-(--shadow-height) [&amp;:has([data-writing-block])&gt;*]:pointer-events-auto [content-visibility:auto] supports-[content-visibility:auto]:[contain-intrinsic-size:auto_100lvh] R6Vx5W_threadScrollVars scroll-mb-[calc(var(--scroll-root-safe-area-inset-bottom,0px)+var(--thread-response-height))] scroll-mt-[calc(var(--header-height)+min(200px,max(70px,20svh)))]\" dir=\"auto\" data-turn-id=\"6e407075-37a5-44e9-bf7b-0cd2f195da61\" data-testid=\"conversation-turn-330\" data-scroll-anchor=\"false\" data-turn=\"assistant\">\n<div class=\"text-base my-auto mx-auto pb-10 [--thread-content-margin:var(--thread-content-margin-xs,calc(var(--spacing)*4))] @w-sm\/main:[--thread-content-margin:var(--thread-content-margin-sm,calc(var(--spacing)*6))] @w-lg\/main:[--thread-content-margin:var(--thread-content-margin-lg,calc(var(--spacing)*16))] px-(--thread-content-margin)\">\n<div class=\"[--thread-content-max-width:40rem] @w-lg\/main:[--thread-content-max-width:48rem] mx-auto max-w-(--thread-content-max-width) flex-1 group\/turn-messages focus-visible:outline-hidden relative flex w-full min-w-0 flex-col agent-turn\">\n<div class=\"flex max-w-full flex-col gap-4 grow\">\n<div class=\"min-h-8 text-message relative flex w-full flex-col items-end gap-2 text-start break-words whitespace-normal outline-none keyboard-focused:focus-ring [.text-message+&amp;]:mt-1\" dir=\"auto\" tabindex=\"0\" data-message-author-role=\"assistant\" data-message-id=\"6e407075-37a5-44e9-bf7b-0cd2f195da61\" data-turn-start-message=\"true\" data-message-model-slug=\"gpt-5-5\">\n<div class=\"flex w-full flex-col gap-1 empty:hidden\">\n<div class=\"markdown prose dark:prose-invert w-full wrap-break-word dark markdown-new-styling\">\n<h2 data-section-id=\"1j4ps51\" data-start=\"0\" data-end=\"75\"><span style=\"color: #000000;\">Fender Custom Shop 1955 Stratocaster \u2013 Aztec Gold Sparkle Relic \u2013 2015<\/span><\/h2>\n<h3 data-section-id=\"xs631g\" data-start=\"77\" data-end=\"122\"><span style=\"color: #000000;\">Vintage Soul z charakterem Custom Shopu<\/span><\/h3>\n<p data-start=\"124\" data-end=\"442\"><span style=\"color: #000000;\">Tan <strong data-start=\"127\" data-end=\"178\">Fender Custom Shop \u201955 Stratocaster z 2015 roku<\/strong> to wyj\u0105tkowa interpretacja jednego z najbardziej legendarnych rocznik\u00f3w Stratocastera, wyko\u0144czona efektownym lakierem <strong data-start=\"297\" data-end=\"325\">Aztec Gold Sparkle Relic<\/strong>. Instrument \u0142\u0105czy klasyczny klimat i feeling gitar z lat 50. z precyzj\u0105 wykonania wsp\u00f3\u0142czesnego Fender Custom Shopu.<\/span><\/p>\n<p data-start=\"444\" data-end=\"724\"><span style=\"color: #000000;\">Lekki, rezonuj\u0105cy korpus oraz wyj\u0105tkowo dynamiczna odpowied\u017a sprawiaj\u0105, \u017ce gitara od pierwszego kontaktu wydaje si\u0119 \u201e\u017cywa\u201d. Oferuje wszystko to, za co gitarzy\u015bci kochaj\u0105 wczesne Stratocastery \u2013 selektywno\u015b\u0107, spr\u0119\u017cysty atak, drewniany \u015brodek pasma i ogromn\u0105 czu\u0142o\u015b\u0107 na artykulacj\u0119.<\/span><\/p>\n<hr data-start=\"726\" data-end=\"729\" \/>\n<h2 data-section-id=\"gd4vqk\" data-start=\"731\" data-end=\"754\"><span style=\"color: #000000;\">Fender Custom Shop<\/span><\/h2>\n<p data-start=\"756\" data-end=\"968\"><span style=\"color: #000000;\"><strong data-start=\"756\" data-end=\"778\">Fender Custom Shop<\/strong> to najwy\u017csza p\u00f3\u0142ka instrument\u00f3w Fendera. Gitary budowane s\u0105 w ma\u0142ych seriach przez do\u015bwiadczonych lutnik\u00f3w, z ogromn\u0105 dba\u0142o\u015bci\u0105 o detale, selekcj\u0119 drewna i zgodno\u015b\u0107 ze specyfikacj\u0105 vintage.<\/span><\/p>\n<p data-start=\"970\" data-end=\"1035\"><span style=\"color: #000000;\">To instrumenty tworzone dla wymagaj\u0105cych muzyk\u00f3w i kolekcjoner\u00f3w.<\/span><\/p>\n<hr data-start=\"1037\" data-end=\"1040\" \/>\n<h2 data-section-id=\"1flu3uc\" data-start=\"1042\" data-end=\"1068\"><span style=\"color: #000000;\">Brzmienie i charakter<\/span><\/h2>\n<p data-start=\"1070\" data-end=\"1125\"><span style=\"color: #000000;\">\u201955 Stratocaster oferuje klasyczne vintage strat tones:<\/span><\/p>\n<ul data-start=\"1127\" data-end=\"1289\">\n<li data-section-id=\"57ouza\" data-start=\"1127\" data-end=\"1155\"><span style=\"color: #000000;\">szybki i dynamiczny atak<\/span><\/li>\n<li data-section-id=\"1syugme\" data-start=\"1156\" data-end=\"1198\"><span style=\"color: #000000;\">szklisty clean i otwarte wysokie pasmo<\/span><\/li>\n<li data-section-id=\"1oa2w55\" data-start=\"1199\" data-end=\"1227\"><span style=\"color: #000000;\">ciep\u0142y, drewniany \u015brodek<\/span><\/li>\n<li data-section-id=\"7jju66\" data-start=\"1228\" data-end=\"1289\"><span style=\"color: #000000;\">bardzo bezpo\u015bredni\u0105 reakcj\u0119 na artykulacj\u0119 i dynamik\u0119 gry<\/span><\/li>\n<\/ul>\n<p data-start=\"1291\" data-end=\"1353\"><span style=\"color: #000000;\">Idealna do bluesa, rocka, funku, fusion i klasycznych clean\u00f3w.<\/span><\/p>\n<hr data-start=\"1355\" data-end=\"1358\" \/>\n<h2 data-section-id=\"lodat0\" data-start=\"1360\" data-end=\"1377\"><span style=\"color: #000000;\">Specyfikacja<\/span><\/h2>\n<ul data-start=\"1379\" data-end=\"1789\">\n<li data-section-id=\"io8jg9\" data-start=\"1379\" data-end=\"1417\"><span style=\"color: #000000;\">Model: <strong data-start=\"1388\" data-end=\"1415\">1955 Stratocaster Relic<\/strong><\/span><\/li>\n<li data-section-id=\"8l310i\" data-start=\"1418\" data-end=\"1435\"><span style=\"color: #000000;\">Rok: <strong data-start=\"1425\" data-end=\"1433\">2015<\/strong><\/span><\/li>\n<li data-section-id=\"jalgp4\" data-start=\"1436\" data-end=\"1481\"><span style=\"color: #000000;\">Wyko\u0144czenie: <strong data-start=\"1451\" data-end=\"1479\">Aztec Gold Sparkle Relic<\/strong><\/span><\/li>\n<li data-section-id=\"1ldk11w\" data-start=\"1482\" data-end=\"1525\"><span style=\"color: #000000;\">Korpus: <strong data-start=\"1492\" data-end=\"1523\">selekcjonowany lekki jesion<\/strong><\/span><\/li>\n<li data-section-id=\"1t5p19a\" data-start=\"1526\" data-end=\"1544\"><span style=\"color: #000000;\">Gryf: <strong data-start=\"1534\" data-end=\"1542\">klon<\/strong><\/span><\/li>\n<li data-section-id=\"hl3pms\" data-start=\"1545\" data-end=\"1571\"><span style=\"color: #000000;\">Podstrunnica: <strong data-start=\"1561\" data-end=\"1569\">klon<\/strong><\/span><\/li>\n<li data-section-id=\"1cbjann\" data-start=\"1572\" data-end=\"1605\"><span style=\"color: #000000;\">Profil gryfu: <strong data-start=\"1588\" data-end=\"1603\">1955 Soft V<\/strong><\/span><\/li>\n<li data-section-id=\"1bu510q\" data-start=\"1606\" data-end=\"1626\"><span style=\"color: #000000;\">Radius: <strong data-start=\"1616\" data-end=\"1624\">9.5&#8243;<\/strong><\/span><\/li>\n<li data-section-id=\"4szr83\" data-start=\"1627\" data-end=\"1646\"><span style=\"color: #000000;\">Progi: <strong data-start=\"1636\" data-end=\"1644\">6105<\/strong><\/span><\/li>\n<li data-section-id=\"19mkl7b\" data-start=\"1647\" data-end=\"1712\"><span style=\"color: #000000;\">Pickupy: <strong data-start=\"1658\" data-end=\"1710\">r\u0119cznie nawijane Fender Custom Shop Single Coils<\/strong><\/span><\/li>\n<li data-section-id=\"gca4a2\" data-start=\"1713\" data-end=\"1750\"><span style=\"color: #000000;\">Mostek: <strong data-start=\"1723\" data-end=\"1748\">Vintage Style Tremolo<\/strong><\/span><\/li>\n<li data-section-id=\"11ps68v\" data-start=\"1751\" data-end=\"1789\"><span style=\"color: #000000;\">Lakier: <strong data-start=\"1761\" data-end=\"1787\">nitrocellulose lacquer<\/strong><\/span><\/li>\n<\/ul>\n<hr data-start=\"1791\" data-end=\"1794\" \/>\n<h2 data-section-id=\"1gzlxm2\" data-start=\"1796\" data-end=\"1814\"><span style=\"color: #000000;\">Stan i zestaw<\/span><\/h2>\n<p data-start=\"1816\" data-end=\"1858\"><span style=\"color: #000000;\">Bardzo dobry stan z fabrycznym reliciem.<\/span><\/p>\n<p data-start=\"1860\" data-end=\"1871\"><span style=\"color: #000000;\">W zestawie:<\/span><\/p>\n<ul data-start=\"1872\" data-end=\"1964\">\n<li data-section-id=\"kcv3n0\" data-start=\"1872\" data-end=\"1913\"><span style=\"color: #000000;\">oryginalny futera\u0142 Fender Custom Shop<\/span><\/li>\n<li data-section-id=\"pqkj7n\" data-start=\"1914\" data-end=\"1949\"><span style=\"color: #000000;\">certyfikat autentyczno\u015bci (COA)<\/span><\/li>\n<li data-section-id=\"10qz00d\" data-start=\"1950\" data-end=\"1964\"><span style=\"color: #000000;\">case candy<\/span><\/li>\n<\/ul>\n<hr data-start=\"1966\" data-end=\"1969\" \/>\n<h2 data-section-id=\"tzyumt\" data-start=\"1971\" data-end=\"1996\"><span style=\"color: #000000;\">Dlaczego Guitar2Amp?<\/span><\/h2>\n<p data-start=\"1998\" data-end=\"2210\"><span style=\"color: #000000;\">Guitar2Amp specjalizuje si\u0119 w starannie wyselekcjonowanych gitarach butikowych i instrumentach klasy premium dla muzyk\u00f3w oraz kolekcjoner\u00f3w. Ka\u017cda gitara przechodzi profesjonalny przegl\u0105d i setup przed sprzeda\u017c\u0105.<\/span><\/p>\n<hr data-start=\"2212\" data-end=\"2215\" \/>\n<p data-start=\"2217\" data-end=\"2276\" data-is-last-node=\"\" data-is-only-node=\"\"><span style=\"color: #000000;\">\ud83d\udccd Dost\u0119pna w Guitar2Amp<\/span><br data-start=\"2241\" data-end=\"2244\" \/><span style=\"color: #000000;\">\ud83d\udce6 Mo\u017cliwa wysy\u0142ka na ca\u0142y \u015bwiat<\/span><\/p>\n<\/div>\n<\/div>\n<\/div>\n<\/div>\n<div class=\"z-0 flex min-h-[46px] justify-start\"><\/div>\n<\/div>\n<\/div>\n<\/section>\n<div class=\"pointer-events-none -mt-px h-px translate-y-[calc(var(--scroll-root-safe-area-inset-bottom)-14*var(--spacing))]\" aria-hidden=\"true\"><\/div>\n","protected":false},"excerpt":{"rendered":"<h2 data-section-id=\"1j4ps51\" data-start=\"0\" data-end=\"75\"><span style=\"color: #000000;\">Fender Custom Shop 1955 Stratocaster \u2013 Aztec Gold Sparkle Relic \u2013 2015<\/span><\/h2>\n<h3 data-section-id=\"xs631g\" data-start=\"77\" data-end=\"122\"><span style=\"color: #000000;\">Vintage Soul z charakterem Custom Shopu<\/span><\/h3>\n<p data-start=\"124\" data-end=\"442\"><span style=\"color: #000000;\">Ta <strong data-start=\"127\" data-end=\"178\">Fender Custom Shop \u201955 Stratocaster z 2015 roku<\/strong> to wyj\u0105tkowa interpretacja jednego z najbardziej legendarnych rocznik\u00f3w Stratocastera, wyko\u0144czona efektownym lakierem <strong data-start=\"297\" data-end=\"325\">Aztec Gold Sparkle Relic<\/strong>. Instrument \u0142\u0105czy klasyczny klimat i feeling gitar z lat 50. z precyzj\u0105 wykonania wsp\u00f3\u0142czesnego Fender Custom Shopu.<\/span><\/p>\n<p data-start=\"444\" data-end=\"724\"><span style=\"color: #000000;\">Lekki, rezonuj\u0105cy korpus oraz wyj\u0105tkowo dynamiczna odpowied\u017a sprawiaj\u0105, \u017ce gitara od pierwszego kontaktu wydaje si\u0119 \u201e\u017cywa\u201d. Oferuje wszystko to, za co gitarzy\u015bci kochaj\u0105 wczesne Stratocastery \u2013 selektywno\u015b\u0107, spr\u0119\u017cysty atak, drewniany \u015brodek pasma i ogromn\u0105 czu\u0142o\u015b\u0107 na artykulacj\u0119.<\/span><\/p>\n","protected":false},"featured_media":19496,"template":"","meta":{"_monsterinsights_skip_tracking":false,"_monsterinsights_sitenote_active":false,"_monsterinsights_sitenote_note":"","_monsterinsights_sitenote_category":0,"_uf_show_specific_survey":0,"_uf_disable_surveys":false,"_kadence_starter_templates_imported_post":false,"_kad_post_transparent":"default","_kad_post_title":"","_kad_post_layout":"default","_kad_post_sidebar_id":"","_kad_post_content_style":"default","_kad_post_vertical_padding":"default","_kad_post_feature":"","_kad_post_feature_position":"","_kad_post_header":false,"_kad_post_footer":false,"_kad_post_classname":""},"product_brand":[],"product_cat":[3265,3261],"product_tag":[],"class_list":{"0":"post-19495","1":"product","2":"type-product","3":"status-publish","4":"has-post-thumbnail","6":"product_cat-elektryczne-pl","7":"product_cat-gitary","9":"first","10":"instock","11":"shipping-taxable","12":"purchasable","13":"product-type-simple","14":"entry","15":"content-bg","16":"loop-entry"},"jetpack_sharing_enabled":true,"_links":{"self":[{"href":"https:\/\/guitar2amp.de\/index.php\/wp-json\/wp\/v2\/product\/19495","targetHints":{"allow":["GET"]}}],"collection":[{"href":"https:\/\/guitar2amp.de\/index.php\/wp-json\/wp\/v2\/product"}],"about":[{"href":"https:\/\/guitar2amp.de\/index.php\/wp-json\/wp\/v2\/types\/product"}],"wp:featuredmedia":[{"embeddable":true,"href":"https:\/\/guitar2amp.de\/index.php\/wp-json\/wp\/v2\/media\/19496"}],"wp:attachment":[{"href":"https:\/\/guitar2amp.de\/index.php\/wp-json\/wp\/v2\/media?parent=19495"}],"wp:term":[{"taxonomy":"product_brand","embeddable":true,"href":"https:\/\/guitar2amp.de\/index.php\/wp-json\/wp\/v2\/product_brand?post=19495"},{"taxonomy":"product_cat","embeddable":true,"href":"https:\/\/guitar2amp.de\/index.php\/wp-json\/wp\/v2\/product_cat?post=19495"},{"taxonomy":"product_tag","embeddable":true,"href":"https:\/\/guitar2amp.de\/index.php\/wp-json\/wp\/v2\/product_tag?post=19495"}],"curies":[{"name":"wp","href":"https:\/\/api.w.org\/{rel}","templated":true}]}}