{"id":19537,"date":"2026-05-06T15:07:05","date_gmt":"2026-05-06T13:07:05","guid":{"rendered":"https:\/\/guitar2amp.de\/?post_type=product&#038;p=19537"},"modified":"2026-05-06T15:07:36","modified_gmt":"2026-05-06T13:07:36","slug":"2019-fender-custom-shop-59-stratocaster-limited-edition-sage-green-metallic-used-2","status":"publish","type":"product","link":"https:\/\/guitar2amp.de\/index.php\/de\/product\/2019-fender-custom-shop-59-stratocaster-limited-edition-sage-green-metallic-used-2\/","title":{"rendered":"2019 Fender Custom Shop &#8217;59 Stratocaster  Limited Edition Sage Green Metallic [USED]"},"content":{"rendered":"<div class=\"text-base my-auto mx-auto [--thread-content-margin:var(--thread-content-margin-xs,calc(var(--spacing)*4))] @w-sm\/main:[--thread-content-margin:var(--thread-content-margin-sm,calc(var(--spacing)*6))] @w-lg\/main:[--thread-content-margin:var(--thread-content-margin-lg,calc(var(--spacing)*16))] px-(--thread-content-margin)\">\n<div class=\"[--thread-content-max-width:40rem] @w-lg\/main:[--thread-content-max-width:48rem] mx-auto max-w-(--thread-content-max-width) flex-1 group\/turn-messages focus-visible:outline-hidden relative flex w-full min-w-0 flex-col agent-turn\">\n<div class=\"flex max-w-full flex-col gap-4 grow\">\n<div class=\"min-h-8 text-message relative flex w-full flex-col items-end gap-2 text-start break-words whitespace-normal outline-none keyboard-focused:focus-ring [.text-message+&amp;]:mt-1\" dir=\"auto\" data-message-author-role=\"assistant\" data-message-id=\"bf797cca-3e1c-431c-982b-08f705990605\" data-message-model-slug=\"gpt-5-5\">\n<div class=\"flex w-full flex-col gap-1 empty:hidden\">\n<div class=\"markdown prose dark:prose-invert w-full wrap-break-word dark markdown-new-styling\">\n<h2 data-section-id=\"gxa26n\" data-start=\"0\" data-end=\"89\"><span style=\"color: #000000;\">2019 Fender Custom Shop Ltd. \u201959 Stratocaster Journeyman \u2013 Sage Green Metallic Nitro<\/span><\/h2>\n<p data-start=\"91\" data-end=\"281\"><span style=\"color: #000000;\">Eine geschmackvoll gealterte <strong data-start=\"120\" data-end=\"186\">Limited Edition Fender Custom Shop \u201959 Stratocaster Journeyman<\/strong>, die authentisches 59er-Feeling mit moderner Spielbarkeit und pr\u00e4ziser Verarbeitung verbindet.<\/span><\/p>\n<p data-start=\"283\" data-end=\"443\"><span style=\"color: #000000;\">Das wundersch\u00f6ne <strong data-start=\"300\" data-end=\"336\">Sage Green Metallic Nitro Finish<\/strong> mit dezentem Journeyman Aging verleiht der Gitarre eine nat\u00fcrliche Vintage-Optik ohne \u00fcbertriebenes Relic.<\/span><\/p>\n<p data-start=\"445\" data-end=\"864\"><span style=\"color: #000000;\">Der selektierte <strong data-start=\"461\" data-end=\"475\">Alder Body<\/strong> sorgt f\u00fcr den klassischen Strat-Sound mit viel Resonanz und Ausgewogenheit, w\u00e4hrend der <strong data-start=\"564\" data-end=\"591\">Quarter Sawn Maple Neck<\/strong> hohe Stabilit\u00e4t, Sustain und eine direkte Ansprache bietet. In Kombination mit dem <strong data-start=\"675\" data-end=\"712\">AAA Rosewood Slabboard Griffbrett<\/strong>, dem <strong data-start=\"718\" data-end=\"733\">9,5&#8243; Radius<\/strong> und den <strong data-start=\"742\" data-end=\"763\">6105 Sanko B\u00fcnden<\/strong> ergibt sich ein modernes, komfortables Spielgef\u00fchl mit perfekter Intonation und angenehmen Bendings.<\/span><\/p>\n<p data-start=\"866\" data-end=\"1044\"><span style=\"color: #000000;\">Ausgestattet mit <strong data-start=\"883\" data-end=\"923\">handgewickelten Fat \u201950s Singlecoils<\/strong> liefert diese Strat den typischen offenen, glockigen Vintage-Strat-Ton mit kr\u00e4ftigem Low-End und klar definierten H\u00f6hen.<\/span><\/p>\n<p data-start=\"1046\" data-end=\"1117\"><span style=\"color: #000000;\">Mit nur <strong data-start=\"1054\" data-end=\"1068\">3475 Gramm<\/strong> h\u00e4ngt die Gitarre perfekt ausbalanciert am Gurt.<\/span><\/p>\n<hr data-start=\"1119\" data-end=\"1122\" \/>\n<h2 data-section-id=\"2vh6o9\" data-start=\"1124\" data-end=\"1142\"><span style=\"color: #000000;\">Spezifikation<\/span><\/h2>\n<ul data-start=\"1144\" data-end=\"1611\">\n<li data-section-id=\"8iq4hr\" data-start=\"1144\" data-end=\"1165\"><span style=\"color: #000000;\">Baujahr: <strong data-start=\"1155\" data-end=\"1163\">2019<\/strong><\/span><\/li>\n<li data-section-id=\"qvm94f\" data-start=\"1166\" data-end=\"1244\"><span style=\"color: #000000;\">Modell: <strong data-start=\"1176\" data-end=\"1242\">Custom Shop Ltd. \u201959 Stratocaster Journeyman (Limited Edition)<\/strong><\/span><\/li>\n<li data-section-id=\"1skjyi\" data-start=\"1245\" data-end=\"1299\"><span style=\"color: #000000;\">Finish: <strong data-start=\"1255\" data-end=\"1297\">Sage Green Metallic Nitro \u2013 Faded\/Aged<\/strong><\/span><\/li>\n<li data-section-id=\"15t7osj\" data-start=\"1300\" data-end=\"1332\"><span style=\"color: #000000;\">Korpus: <strong data-start=\"1310\" data-end=\"1330\">selektierte Erle<\/strong><\/span><\/li>\n<li data-section-id=\"1xivq1a\" data-start=\"1333\" data-end=\"1365\"><span style=\"color: #000000;\">Hals: <strong data-start=\"1341\" data-end=\"1363\">Quarter Sawn Maple<\/strong><\/span><\/li>\n<li data-section-id=\"16adz50\" data-start=\"1366\" data-end=\"1408\"><span style=\"color: #000000;\">Griffbrett: <strong data-start=\"1380\" data-end=\"1406\">AAA Rosewood Slabboard<\/strong><\/span><\/li>\n<li data-section-id=\"jg3kh4\" data-start=\"1409\" data-end=\"1429\"><span style=\"color: #000000;\">Radius: <strong data-start=\"1419\" data-end=\"1427\">9,5&#8243;<\/strong><\/span><\/li>\n<li data-section-id=\"gl81k9\" data-start=\"1430\" data-end=\"1460\"><span style=\"color: #000000;\">B\u00fcnde: <strong data-start=\"1439\" data-end=\"1458\">21 \u2013 6105 Sanko<\/strong><\/span><\/li>\n<li data-section-id=\"1ohspfi\" data-start=\"1461\" data-end=\"1500\"><span style=\"color: #000000;\">Pickups: <strong data-start=\"1472\" data-end=\"1498\">Handwound Fat \u201950s SSS<\/strong><\/span><\/li>\n<li data-section-id=\"mug68w\" data-start=\"1501\" data-end=\"1528\"><span style=\"color: #000000;\">Gewicht: <strong data-start=\"1512\" data-end=\"1526\">3475 Gramm<\/strong><\/span><\/li>\n<li data-section-id=\"imv7fo\" data-start=\"1529\" data-end=\"1581\"><span style=\"color: #000000;\">Case: <strong data-start=\"1537\" data-end=\"1579\">Original Brown Fender Custom Shop Case<\/strong><\/span><\/li>\n<li data-section-id=\"1791kki\" data-start=\"1582\" data-end=\"1611\"><span style=\"color: #000000;\">Herkunft: <strong data-start=\"1594\" data-end=\"1609\">Made in USA<\/strong><\/span><\/li>\n<\/ul>\n<hr data-start=\"1613\" data-end=\"1616\" \/>\n<h2 data-section-id=\"k5e4py\" data-start=\"1618\" data-end=\"1630\"><span style=\"color: #000000;\">Zustand<\/span><\/h2>\n<p data-start=\"1632\" data-end=\"1693\"><span style=\"color: #000000;\">Sehr guter Zustand mit werksseitigem Journeyman Relic Finish.<\/span><\/p>\n<p data-start=\"1695\" data-end=\"1750\"><span style=\"color: #000000;\">Inklusive originalem braunen Fender Custom Shop Koffer.<\/span><\/p>\n<hr data-start=\"1752\" data-end=\"1755\" \/>\n<h2 data-section-id=\"xufyc4\" data-start=\"1757\" data-end=\"1779\"><span style=\"color: #000000;\">Warum Guitar2Amp?<\/span><\/h2>\n<p data-start=\"1781\" data-end=\"1966\"><span style=\"color: #000000;\">Guitar2Amp spezialisiert sich auf sorgf\u00e4ltig ausgew\u00e4hlte Boutique- und High-End-Instrumente f\u00fcr Musiker und Sammler. Jede Gitarre wird professionell gepr\u00fcft und spielbereit vorbereitet.<\/span><\/p>\n<hr data-start=\"1968\" data-end=\"1971\" \/>\n<p data-start=\"1973\" data-end=\"2032\" data-is-last-node=\"\" data-is-only-node=\"\"><span style=\"color: #000000;\">\ud83d\udccd Verf\u00fcgbar bei Guitar2Amp<\/span><br data-start=\"2000\" data-end=\"2003\" \/><span style=\"color: #000000;\">\ud83d\udce6 Weltweiter Versand m\u00f6glich<\/span><\/p>\n<\/div>\n<\/div>\n<\/div>\n<\/div>\n<div class=\"z-0 flex min-h-[46px] justify-start\"><\/div>\n<\/div>\n<\/div>\n","protected":false},"excerpt":{"rendered":"<h2 data-section-id=\"gxa26n\" data-start=\"0\" data-end=\"89\"><span style=\"color: #000000;\">2019 Fender Custom Shop Ltd. \u201959 Stratocaster Journeyman \u2013 Sage Green Metallic Nitro<\/span><\/h2>\n<p data-start=\"91\" data-end=\"281\"><span style=\"color: #000000;\">Eine geschmackvoll gealterte <strong data-start=\"120\" data-end=\"186\">Limited Edition Fender Custom Shop \u201959 Stratocaster Journeyman<\/strong>, die authentisches 59er-Feeling mit moderner Spielbarkeit und pr\u00e4ziser Verarbeitung verbindet.<\/span><\/p>\n<p data-start=\"283\" data-end=\"443\"><span style=\"color: #000000;\">Das wundersch\u00f6ne <strong data-start=\"300\" data-end=\"336\">Sage Green Metallic Nitro Finish<\/strong> mit dezentem Journeyman Aging verleiht der Gitarre eine nat\u00fcrliche Vintage-Optik ohne \u00fcbertriebenes Relic.<\/span><\/p>\n","protected":false},"featured_media":19538,"template":"","meta":{"_monsterinsights_skip_tracking":false,"_monsterinsights_sitenote_active":false,"_monsterinsights_sitenote_note":"","_monsterinsights_sitenote_category":0,"_uf_show_specific_survey":0,"_uf_disable_surveys":false,"_kadence_starter_templates_imported_post":false,"_kad_post_transparent":"default","_kad_post_title":"","_kad_post_layout":"default","_kad_post_sidebar_id":"","_kad_post_content_style":"default","_kad_post_vertical_padding":"default","_kad_post_feature":"","_kad_post_feature_position":"","_kad_post_header":false,"_kad_post_footer":false,"_kad_post_classname":""},"product_brand":[],"product_cat":[207,203],"product_tag":[],"class_list":{"0":"post-19537","1":"product","2":"type-product","3":"status-publish","4":"has-post-thumbnail","6":"product_cat-e-gitarren","7":"product_cat-gitarren","9":"first","10":"instock","11":"shipping-taxable","12":"purchasable","13":"product-type-simple","14":"entry","15":"content-bg","16":"loop-entry"},"jetpack_sharing_enabled":true,"_links":{"self":[{"href":"https:\/\/guitar2amp.de\/index.php\/wp-json\/wp\/v2\/product\/19537","targetHints":{"allow":["GET"]}}],"collection":[{"href":"https:\/\/guitar2amp.de\/index.php\/wp-json\/wp\/v2\/product"}],"about":[{"href":"https:\/\/guitar2amp.de\/index.php\/wp-json\/wp\/v2\/types\/product"}],"wp:featuredmedia":[{"embeddable":true,"href":"https:\/\/guitar2amp.de\/index.php\/wp-json\/wp\/v2\/media\/19538"}],"wp:attachment":[{"href":"https:\/\/guitar2amp.de\/index.php\/wp-json\/wp\/v2\/media?parent=19537"}],"wp:term":[{"taxonomy":"product_brand","embeddable":true,"href":"https:\/\/guitar2amp.de\/index.php\/wp-json\/wp\/v2\/product_brand?post=19537"},{"taxonomy":"product_cat","embeddable":true,"href":"https:\/\/guitar2amp.de\/index.php\/wp-json\/wp\/v2\/product_cat?post=19537"},{"taxonomy":"product_tag","embeddable":true,"href":"https:\/\/guitar2amp.de\/index.php\/wp-json\/wp\/v2\/product_tag?post=19537"}],"curies":[{"name":"wp","href":"https:\/\/api.w.org\/{rel}","templated":true}]}}