{"id":19558,"date":"2026-05-06T15:08:38","date_gmt":"2026-05-06T13:08:38","guid":{"rendered":"https:\/\/guitar2amp.de\/?post_type=product&#038;p=19558"},"modified":"2026-05-06T15:09:02","modified_gmt":"2026-05-06T13:09:02","slug":"2019-fender-custom-shop-59-stratocaster-limited-edition-sage-green-metallic-used-3","status":"publish","type":"product","link":"https:\/\/guitar2amp.de\/index.php\/pl\/product\/2019-fender-custom-shop-59-stratocaster-limited-edition-sage-green-metallic-used-3\/","title":{"rendered":"2019 Fender Custom Shop &#8217;59 Stratocaster  Limited Edition Sage Green Metallic [USED]"},"content":{"rendered":"<h2 data-section-id=\"gxa26n\" data-start=\"0\" data-end=\"89\"><span style=\"color: #000000;\">2019 Fender Custom Shop Ltd. \u201959 Stratocaster Journeyman \u2013 Sage Green Metallic Nitro<\/span><\/h2>\n<p data-start=\"91\" data-end=\"268\"><span style=\"color: #000000;\">Stylowo postarzana <strong data-start=\"110\" data-end=\"176\">Fender Custom Shop \u201959 Stratocaster Journeyman Limited Edition<\/strong>, \u0142\u0105cz\u0105ca autentyczny klimat ko\u0144ca lat 50. z nowoczesnym komfortem gry i precyzj\u0105 wykonania.<\/span><\/p>\n<p data-start=\"270\" data-end=\"407\"><span style=\"color: #000000;\">Wyko\u0144czenie <strong data-start=\"282\" data-end=\"311\">Sage Green Metallic Nitro<\/strong> z subtelnym agingiem Journeyman nadaje gitarze naturalny vintage vibe bez przesadzonego relicu.<\/span><\/p>\n<p data-start=\"409\" data-end=\"796\"><span style=\"color: #000000;\">Selekcjonowany korpus z <strong data-start=\"433\" data-end=\"442\">olchy<\/strong> zapewnia klasyczny stratocasterowy rezonans i \u015bwietny balans brzmienia, natomiast gryf z <strong data-start=\"532\" data-end=\"554\">Quarter Sawn Maple<\/strong> oferuje wysok\u0105 stabilno\u015b\u0107, sustain i bardzo bezpo\u015bredni\u0105 odpowied\u017a. W po\u0142\u0105czeniu z podstrunnic\u0105 <strong data-start=\"651\" data-end=\"677\">AAA Rosewood Slabboard<\/strong>, radius 9.5&#8243; oraz progami <strong data-start=\"704\" data-end=\"718\">6105 Sanko<\/strong>, gitara oferuje nowoczesny komfort gry, wygodne bendingi i \u015bwietn\u0105 intonacj\u0119.<\/span><\/p>\n<p data-start=\"798\" data-end=\"1017\"><span style=\"color: #000000;\">Wyposa\u017cona w r\u0119cznie nawijane pickupy <strong data-start=\"836\" data-end=\"871\">Handwound Fat \u201950s Single Coils<\/strong>, dostarcza wszystko to, czego oczekuje si\u0119 od \u015bwietnego strata z ko\u0144ca lat 50. \u2014 otwartego, dzwoni\u0105cego brzmienia, mocnego do\u0142u i klarownej g\u00f3ry.<\/span><\/p>\n<p data-start=\"1019\" data-end=\"1126\"><span style=\"color: #000000;\">Przy wadze zaledwie <strong data-start=\"1039\" data-end=\"1054\">3475 gram\u00f3w<\/strong> gitara jest \u015bwietnie wywa\u017cona i bardzo komfortowa podczas gry na pasku.<\/span><\/p>\n<hr data-start=\"1128\" data-end=\"1131\" \/>\n<h2 data-section-id=\"lodat0\" data-start=\"1133\" data-end=\"1150\"><span style=\"color: #000000;\">Specyfikacja<\/span><\/h2>\n<ul data-start=\"1152\" data-end=\"1633\">\n<li data-section-id=\"8t83ji\" data-start=\"1152\" data-end=\"1169\"><span style=\"color: #000000;\">Rok: <strong data-start=\"1159\" data-end=\"1167\">2019<\/strong><\/span><\/li>\n<li data-section-id=\"1b77lcz\" data-start=\"1170\" data-end=\"1247\"><span style=\"color: #000000;\">Model: <strong data-start=\"1179\" data-end=\"1245\">Custom Shop Ltd. \u201959 Stratocaster Journeyman (Limited Edition)<\/strong><\/span><\/li>\n<li data-section-id=\"1xfemix\" data-start=\"1248\" data-end=\"1307\"><span style=\"color: #000000;\">Wyko\u0144czenie: <strong data-start=\"1263\" data-end=\"1305\">Sage Green Metallic Nitro \u2013 Faded\/Aged<\/strong><\/span><\/li>\n<li data-section-id=\"v9qu41\" data-start=\"1308\" data-end=\"1344\"><span style=\"color: #000000;\">Korpus: <strong data-start=\"1318\" data-end=\"1342\">selekcjonowana olcha<\/strong><\/span><\/li>\n<li data-section-id=\"g5o11u\" data-start=\"1345\" data-end=\"1377\"><span style=\"color: #000000;\">Gryf: <strong data-start=\"1353\" data-end=\"1375\">Quarter Sawn Maple<\/strong><\/span><\/li>\n<li data-section-id=\"13sxszh\" data-start=\"1378\" data-end=\"1422\"><span style=\"color: #000000;\">Podstrunnica: <strong data-start=\"1394\" data-end=\"1420\">AAA Rosewood Slabboard<\/strong><\/span><\/li>\n<li data-section-id=\"1bu510q\" data-start=\"1423\" data-end=\"1443\"><span style=\"color: #000000;\">Radius: <strong data-start=\"1433\" data-end=\"1441\">9.5&#8243;<\/strong><\/span><\/li>\n<li data-section-id=\"j1y9ln\" data-start=\"1444\" data-end=\"1474\"><span style=\"color: #000000;\">Progi: <strong data-start=\"1453\" data-end=\"1472\">21 \u2013 6105 Sanko<\/strong><\/span><\/li>\n<li data-section-id=\"1roz4c4\" data-start=\"1475\" data-end=\"1514\"><span style=\"color: #000000;\">Pickupy: <strong data-start=\"1486\" data-end=\"1512\">Handwound Fat \u201950s SSS<\/strong><\/span><\/li>\n<li data-section-id=\"att0e2\" data-start=\"1515\" data-end=\"1540\"><span style=\"color: #000000;\">Waga: <strong data-start=\"1523\" data-end=\"1538\">3475 gram\u00f3w<\/strong><\/span><\/li>\n<li data-section-id=\"112nsc\" data-start=\"1541\" data-end=\"1600\"><span style=\"color: #000000;\">Futera\u0142: <strong data-start=\"1552\" data-end=\"1598\">oryginalny br\u0105zowy Fender Custom Shop Case<\/strong><\/span><\/li>\n<li data-section-id=\"13jd7y5\" data-start=\"1601\" data-end=\"1633\"><span style=\"color: #000000;\">Pochodzenie: <strong data-start=\"1616\" data-end=\"1631\">Made in USA<\/strong><\/span><\/li>\n<\/ul>\n<hr data-start=\"1635\" data-end=\"1638\" \/>\n<h2 data-section-id=\"18lxij1\" data-start=\"1640\" data-end=\"1649\"><span style=\"color: #000000;\">Stan<\/span><\/h2>\n<p data-start=\"1651\" data-end=\"1712\"><span style=\"color: #000000;\">Bardzo dobry stan z fabrycznym wyko\u0144czeniem Journeyman Relic.<\/span><\/p>\n<p data-start=\"1714\" data-end=\"1771\"><span style=\"color: #000000;\">W zestawie oryginalny br\u0105zowy futera\u0142 Fender Custom Shop.<\/span><\/p>\n<hr data-start=\"1773\" data-end=\"1776\" \/>\n<h2 data-section-id=\"tzyumt\" data-start=\"1778\" data-end=\"1803\"><span style=\"color: #000000;\">Dlaczego Guitar2Amp?<\/span><\/h2>\n<p data-start=\"1805\" data-end=\"2017\"><span style=\"color: #000000;\">Guitar2Amp specjalizuje si\u0119 w starannie wyselekcjonowanych gitarach butikowych i instrumentach klasy premium dla muzyk\u00f3w oraz kolekcjoner\u00f3w. Ka\u017cda gitara przechodzi profesjonalny przegl\u0105d i setup przed sprzeda\u017c\u0105.<\/span><\/p>\n<hr data-start=\"2019\" data-end=\"2022\" \/>\n<p data-start=\"2024\" data-end=\"2083\" data-is-last-node=\"\" data-is-only-node=\"\"><span style=\"color: #000000;\">\ud83d\udccd Dost\u0119pna w Guitar2Amp<\/span><br data-start=\"2048\" data-end=\"2051\" \/><span style=\"color: #000000;\">\ud83d\udce6 Mo\u017cliwa wysy\u0142ka na ca\u0142y \u015bwiat<\/span><\/p>\n","protected":false},"excerpt":{"rendered":"<h2 data-section-id=\"gxa26n\" data-start=\"0\" data-end=\"89\"><span style=\"color: #000000;\">2019 Fender Custom Shop Ltd. \u201959 Stratocaster Journeyman \u2013 Sage Green Metallic Nitro<\/span><\/h2>\n<p data-start=\"91\" data-end=\"268\"><span style=\"color: #000000;\">Stylowo postarzana <strong data-start=\"110\" data-end=\"176\">Fender Custom Shop \u201959 Stratocaster Journeyman Limited Edition<\/strong>, \u0142\u0105cz\u0105ca autentyczny klimat ko\u0144ca lat 50. z nowoczesnym komfortem gry i precyzj\u0105 wykonania.<\/span><\/p>\n<p data-start=\"270\" data-end=\"407\"><span style=\"color: #000000;\">Wyko\u0144czenie <strong data-start=\"282\" data-end=\"311\">Sage Green Metallic Nitro<\/strong> z subtelnym agingiem Journeyman nadaje gitarze naturalny vintage vibe bez przesadzonego relicu.<\/span><\/p>\n","protected":false},"featured_media":19559,"template":"","meta":{"_monsterinsights_skip_tracking":false,"_monsterinsights_sitenote_active":false,"_monsterinsights_sitenote_note":"","_monsterinsights_sitenote_category":0,"_uf_show_specific_survey":0,"_uf_disable_surveys":false,"_kadence_starter_templates_imported_post":false,"_kad_post_transparent":"default","_kad_post_title":"","_kad_post_layout":"default","_kad_post_sidebar_id":"","_kad_post_content_style":"default","_kad_post_vertical_padding":"default","_kad_post_feature":"","_kad_post_feature_position":"","_kad_post_header":false,"_kad_post_footer":false,"_kad_post_classname":""},"product_brand":[],"product_cat":[3265,3261],"product_tag":[],"class_list":{"0":"post-19558","1":"product","2":"type-product","3":"status-publish","4":"has-post-thumbnail","6":"product_cat-elektryczne-pl","7":"product_cat-gitary","9":"first","10":"instock","11":"shipping-taxable","12":"purchasable","13":"product-type-simple","14":"entry","15":"content-bg","16":"loop-entry"},"jetpack_sharing_enabled":true,"_links":{"self":[{"href":"https:\/\/guitar2amp.de\/index.php\/wp-json\/wp\/v2\/product\/19558","targetHints":{"allow":["GET"]}}],"collection":[{"href":"https:\/\/guitar2amp.de\/index.php\/wp-json\/wp\/v2\/product"}],"about":[{"href":"https:\/\/guitar2amp.de\/index.php\/wp-json\/wp\/v2\/types\/product"}],"wp:featuredmedia":[{"embeddable":true,"href":"https:\/\/guitar2amp.de\/index.php\/wp-json\/wp\/v2\/media\/19559"}],"wp:attachment":[{"href":"https:\/\/guitar2amp.de\/index.php\/wp-json\/wp\/v2\/media?parent=19558"}],"wp:term":[{"taxonomy":"product_brand","embeddable":true,"href":"https:\/\/guitar2amp.de\/index.php\/wp-json\/wp\/v2\/product_brand?post=19558"},{"taxonomy":"product_cat","embeddable":true,"href":"https:\/\/guitar2amp.de\/index.php\/wp-json\/wp\/v2\/product_cat?post=19558"},{"taxonomy":"product_tag","embeddable":true,"href":"https:\/\/guitar2amp.de\/index.php\/wp-json\/wp\/v2\/product_tag?post=19558"}],"curies":[{"name":"wp","href":"https:\/\/api.w.org\/{rel}","templated":true}]}}